{"id":469,"date":"2024-10-27T03:44:28","date_gmt":"2024-10-27T02:44:28","guid":{"rendered":"https:\/\/lucassen.de\/consulting\/?page_id=469"},"modified":"2025-04-21T02:12:21","modified_gmt":"2025-04-21T00:12:21","slug":"entreprise","status":"publish","type":"page","link":"https:\/\/lucassen.de\/baustoffe\/fr\/maison\/entreprise","title":{"rendered":"Entreprise"},"content":{"rendered":"\n<div class=\"wp-block-cover\" style=\"min-height:40vh;aspect-ratio:unset;\"><span aria-hidden=\"true\" class=\"wp-block-cover__background has-background-dim-90 has-background-dim wp-block-cover__gradient-background has-background-gradient\" style=\"background:linear-gradient(140deg,rgb(52,72,94) 0%,rgba(52,72,94,0.89) 45%,rgba(52,72,94,0.41) 100%)\"><\/span><img loading=\"lazy\" decoding=\"async\" width=\"1920\" height=\"1280\" class=\"wp-block-cover__image-background wp-image-276\" alt=\"\" src=\"https:\/\/lucassen.de\/consulting\/wp-content\/uploads\/sites\/2\/businessman.jpg\" style=\"object-position:50% 0%\" data-object-fit=\"cover\" data-object-position=\"50% 0%\" \/><div class=\"wp-block-cover__inner-container is-layout-constrained wp-block-cover-is-layout-constrained\">\n<h1 class=\"wp-block-heading\">Enterprise<\/h1>\n\n\n\n<p class=\"has-large-font-size\" style=\"margin-bottom:0\"><strong><em>Experts en gestion de projet professionnelle et d\u00e9veloppement d&#8217;applications orient\u00e9es objet<\/em><\/strong><\/p>\n<\/div><\/div>\n\n\n\n<div class=\"wp-block-group\"><div class=\"wp-block-group__inner-container is-layout-constrained wp-block-group-is-layout-constrained\">\n<p>Lucassen Consulting GmbH, dont le si\u00e8ge est \u00e0 Rheinhausen, a \u00e9t\u00e9 fond\u00e9e en 2001 gr\u00e2ce aux nombreuses ann\u00e9es de travail ind\u00e9pendant de l&#8217;actuel propri\u00e9taire et directeur g\u00e9n\u00e9ral <a href=\"https:\/\/lucassen.de\/consulting\/fr\/enterprise\/markus-lucassen\">Markus Lucassen<\/a>.<\/p>\n\n\n\n<p>Nous sommes experts en gestion de projets professionnels et en d\u00e9veloppement d&#8217;applications orient\u00e9es objet et pouvons nous appuyer sur de nombreuses ann\u00e9es d&#8217;exp\u00e9rience dans le d\u00e9veloppement de solutions logicielles sp\u00e9cifiques \u00e0 l&#8217;entreprise bas\u00e9es sur des m\u00e9thodes et technologies modernes.<\/p>\n\n\n\n<p>Avec plus de 15 ans d&#8217;exp\u00e9rience dans le d\u00e9veloppement d&#8217;applications orient\u00e9es objet, nous sommes parmi les pionniers dans l&#8217;utilisation de Smalltalk et Java ainsi que des m\u00e9thodes bas\u00e9es sur les mod\u00e8les dans le d\u00e9veloppement de logiciels orient\u00e9s objet.<\/p>\n\n\n\n<p>En tant que partenaire des services informatiques et sp\u00e9cialis\u00e9s <a href=\"https:\/\/lucassen.de\/consulting\/fr\/references-2\">d&#8217;entreprises de renom<\/a>, nous menons avec succ\u00e8s des projets complexes ainsi que la r\u00e9solution de t\u00e2ches techniques sp\u00e9ciales &#8211; enti\u00e8rement externalis\u00e9es ou sur site chez nos clients &#8211; avec une haute qualit\u00e9 et dans le cadre d&#8217;un budget d\u00e9fini.<\/p>\n\n\n\n<p>Avec notre gamme compl\u00e8te de services, tels que<\/p>\n\n\n\n<ul class=\"wp-block-list\">\n<li>Gestion de projet<\/li>\n\n\n\n<li>des conseils et<\/li>\n\n\n\n<li>mise en \u0153uvre<\/li>\n<\/ul>\n\n\n\n<p>Nous vous accompagnons dans toutes les phases du d\u00e9veloppement de projets et de logiciels, y compris la mise en service, en bref, depuis la planification compl\u00e8te du projet, depuis l&#8217;analyse des besoins jusqu&#8217;au syst\u00e8me productif et \u00e0 la maintenance continue.<\/p>\n\n\n\n<p>Notre exp\u00e9rience, notre savoir-faire et la bonne s\u00e9lection d&#8217;outils constituent la base d&#8217;une gestion de projet rapide, efficace et rentable avec Lucassen Consulting GmbH.<\/p>\n<\/div><\/div>\n","protected":false},"excerpt":{"rendered":"<p>Lucassen Consulting GmbH, dont le si\u00e8ge est \u00e0 Rheinhausen, a \u00e9t\u00e9 fond\u00e9e en 2001 gr\u00e2ce aux nombreuses ann\u00e9es de travail ind\u00e9pendant de l&#8217;actuel propri\u00e9taire et directeur g\u00e9n\u00e9ral Markus Lucassen. Nous sommes experts en gestion de [&hellip;]<\/p>\n","protected":false},"author":1,"featured_media":0,"parent":466,"menu_order":310,"comment_status":"closed","ping_status":"closed","template":"","meta":{"footnotes":""},"class_list":["post-469","page","type-page","status-publish","hentry"],"yoast_head":"<!-- This site is optimized with the Yoast SEO plugin v27.3 - https:\/\/yoast.com\/product\/yoast-seo-wordpress\/ -->\n<title>Entreprise - Lucassen Baustoffe<\/title>\n<meta name=\"robots\" content=\"index, follow, max-snippet:-1, max-image-preview:large, max-video-preview:-1\" \/>\n<link rel=\"canonical\" href=\"https:\/\/lucassen.de\/baustoffe\/fr\/maison\/entreprise\" \/>\n<meta property=\"og:locale\" content=\"de_DE\" \/>\n<meta property=\"og:type\" content=\"article\" \/>\n<meta property=\"og:title\" content=\"Entreprise - Lucassen Baustoffe\" \/>\n<meta property=\"og:description\" content=\"Lucassen Consulting GmbH, dont le si\u00e8ge est \u00e0 Rheinhausen, a \u00e9t\u00e9 fond\u00e9e en 2001 gr\u00e2ce aux nombreuses ann\u00e9es de travail ind\u00e9pendant de l&#8217;actuel propri\u00e9taire et directeur g\u00e9n\u00e9ral Markus Lucassen. Nous sommes experts en gestion de [&hellip;]\" \/>\n<meta property=\"og:url\" content=\"https:\/\/lucassen.de\/baustoffe\/fr\/maison\/entreprise\" \/>\n<meta property=\"og:site_name\" content=\"Lucassen Baustoffe\" \/>\n<meta property=\"article:modified_time\" content=\"2025-04-21T00:12:21+00:00\" \/>\n<meta property=\"og:image\" content=\"https:\/\/lucassen.de\/baustoffe\/wp-content\/uploads\/sites\/6\/2020\/03\/businessman.jpg\" \/>\n\t<meta property=\"og:image:width\" content=\"1920\" \/>\n\t<meta property=\"og:image:height\" content=\"1280\" \/>\n\t<meta property=\"og:image:type\" content=\"image\/jpeg\" \/>\n<meta name=\"twitter:card\" content=\"summary_large_image\" \/>\n<meta name=\"twitter:label1\" content=\"Gesch\u00e4tzte Lesezeit\" \/>\n\t<meta name=\"twitter:data1\" content=\"2\u00a0Minuten\" \/>\n<script type=\"application\/ld+json\" class=\"yoast-schema-graph\">{\"@context\":\"https:\\\/\\\/schema.org\",\"@graph\":[{\"@type\":\"WebPage\",\"@id\":\"https:\\\/\\\/lucassen.de\\\/baustoffe\\\/fr\\\/maison\\\/entreprise\",\"url\":\"https:\\\/\\\/lucassen.de\\\/baustoffe\\\/fr\\\/maison\\\/entreprise\",\"name\":\"Entreprise - Lucassen Baustoffe\",\"isPartOf\":{\"@id\":\"https:\\\/\\\/lucassen.de\\\/baustoffe\\\/#website\"},\"primaryImageOfPage\":{\"@id\":\"https:\\\/\\\/lucassen.de\\\/baustoffe\\\/fr\\\/maison\\\/entreprise#primaryimage\"},\"image\":{\"@id\":\"https:\\\/\\\/lucassen.de\\\/baustoffe\\\/fr\\\/maison\\\/entreprise#primaryimage\"},\"thumbnailUrl\":\"https:\\\/\\\/lucassen.de\\\/consulting\\\/wp-content\\\/uploads\\\/sites\\\/2\\\/businessman.jpg\",\"datePublished\":\"2024-10-27T02:44:28+00:00\",\"dateModified\":\"2025-04-21T00:12:21+00:00\",\"breadcrumb\":{\"@id\":\"https:\\\/\\\/lucassen.de\\\/baustoffe\\\/fr\\\/maison\\\/entreprise#breadcrumb\"},\"inLanguage\":\"de\",\"potentialAction\":[{\"@type\":\"ReadAction\",\"target\":[\"https:\\\/\\\/lucassen.de\\\/baustoffe\\\/fr\\\/maison\\\/entreprise\"]}]},{\"@type\":\"ImageObject\",\"inLanguage\":\"de\",\"@id\":\"https:\\\/\\\/lucassen.de\\\/baustoffe\\\/fr\\\/maison\\\/entreprise#primaryimage\",\"url\":\"https:\\\/\\\/lucassen.de\\\/consulting\\\/wp-content\\\/uploads\\\/sites\\\/2\\\/businessman.jpg\",\"contentUrl\":\"https:\\\/\\\/lucassen.de\\\/consulting\\\/wp-content\\\/uploads\\\/sites\\\/2\\\/businessman.jpg\"},{\"@type\":\"BreadcrumbList\",\"@id\":\"https:\\\/\\\/lucassen.de\\\/baustoffe\\\/fr\\\/maison\\\/entreprise#breadcrumb\",\"itemListElement\":[{\"@type\":\"ListItem\",\"position\":1,\"name\":\"Startseite\",\"item\":\"https:\\\/\\\/lucassen.de\\\/baustoffe\\\/\"},{\"@type\":\"ListItem\",\"position\":2,\"name\":\"Home (FR)\",\"item\":\"https:\\\/\\\/lucassen.de\\\/baustoffe\\\/fr\\\/maison\"},{\"@type\":\"ListItem\",\"position\":3,\"name\":\"Entreprise\"}]},{\"@type\":\"WebSite\",\"@id\":\"https:\\\/\\\/lucassen.de\\\/baustoffe\\\/#website\",\"url\":\"https:\\\/\\\/lucassen.de\\\/baustoffe\\\/\",\"name\":\"Lucassen Baustoffe\",\"description\":\"\",\"potentialAction\":[{\"@type\":\"SearchAction\",\"target\":{\"@type\":\"EntryPoint\",\"urlTemplate\":\"https:\\\/\\\/lucassen.de\\\/baustoffe\\\/?s={search_term_string}\"},\"query-input\":{\"@type\":\"PropertyValueSpecification\",\"valueRequired\":true,\"valueName\":\"search_term_string\"}}],\"inLanguage\":\"de\"}]}<\/script>\n<!-- \/ Yoast SEO plugin. -->","yoast_head_json":{"title":"Entreprise - Lucassen Baustoffe","robots":{"index":"index","follow":"follow","max-snippet":"max-snippet:-1","max-image-preview":"max-image-preview:large","max-video-preview":"max-video-preview:-1"},"canonical":"https:\/\/lucassen.de\/baustoffe\/fr\/maison\/entreprise","og_locale":"de_DE","og_type":"article","og_title":"Entreprise - Lucassen Baustoffe","og_description":"Lucassen Consulting GmbH, dont le si\u00e8ge est \u00e0 Rheinhausen, a \u00e9t\u00e9 fond\u00e9e en 2001 gr\u00e2ce aux nombreuses ann\u00e9es de travail ind\u00e9pendant de l&#8217;actuel propri\u00e9taire et directeur g\u00e9n\u00e9ral Markus Lucassen. Nous sommes experts en gestion de [&hellip;]","og_url":"https:\/\/lucassen.de\/baustoffe\/fr\/maison\/entreprise","og_site_name":"Lucassen Baustoffe","article_modified_time":"2025-04-21T00:12:21+00:00","og_image":[{"width":1920,"height":1280,"url":"https:\/\/lucassen.de\/baustoffe\/wp-content\/uploads\/sites\/6\/2020\/03\/businessman.jpg","type":"image\/jpeg"}],"twitter_card":"summary_large_image","twitter_misc":{"Gesch\u00e4tzte Lesezeit":"2\u00a0Minuten"},"schema":{"@context":"https:\/\/schema.org","@graph":[{"@type":"WebPage","@id":"https:\/\/lucassen.de\/baustoffe\/fr\/maison\/entreprise","url":"https:\/\/lucassen.de\/baustoffe\/fr\/maison\/entreprise","name":"Entreprise - Lucassen Baustoffe","isPartOf":{"@id":"https:\/\/lucassen.de\/baustoffe\/#website"},"primaryImageOfPage":{"@id":"https:\/\/lucassen.de\/baustoffe\/fr\/maison\/entreprise#primaryimage"},"image":{"@id":"https:\/\/lucassen.de\/baustoffe\/fr\/maison\/entreprise#primaryimage"},"thumbnailUrl":"https:\/\/lucassen.de\/consulting\/wp-content\/uploads\/sites\/2\/businessman.jpg","datePublished":"2024-10-27T02:44:28+00:00","dateModified":"2025-04-21T00:12:21+00:00","breadcrumb":{"@id":"https:\/\/lucassen.de\/baustoffe\/fr\/maison\/entreprise#breadcrumb"},"inLanguage":"de","potentialAction":[{"@type":"ReadAction","target":["https:\/\/lucassen.de\/baustoffe\/fr\/maison\/entreprise"]}]},{"@type":"ImageObject","inLanguage":"de","@id":"https:\/\/lucassen.de\/baustoffe\/fr\/maison\/entreprise#primaryimage","url":"https:\/\/lucassen.de\/consulting\/wp-content\/uploads\/sites\/2\/businessman.jpg","contentUrl":"https:\/\/lucassen.de\/consulting\/wp-content\/uploads\/sites\/2\/businessman.jpg"},{"@type":"BreadcrumbList","@id":"https:\/\/lucassen.de\/baustoffe\/fr\/maison\/entreprise#breadcrumb","itemListElement":[{"@type":"ListItem","position":1,"name":"Startseite","item":"https:\/\/lucassen.de\/baustoffe\/"},{"@type":"ListItem","position":2,"name":"Home (FR)","item":"https:\/\/lucassen.de\/baustoffe\/fr\/maison"},{"@type":"ListItem","position":3,"name":"Entreprise"}]},{"@type":"WebSite","@id":"https:\/\/lucassen.de\/baustoffe\/#website","url":"https:\/\/lucassen.de\/baustoffe\/","name":"Lucassen Baustoffe","description":"","potentialAction":[{"@type":"SearchAction","target":{"@type":"EntryPoint","urlTemplate":"https:\/\/lucassen.de\/baustoffe\/?s={search_term_string}"},"query-input":{"@type":"PropertyValueSpecification","valueRequired":true,"valueName":"search_term_string"}}],"inLanguage":"de"}]}},"_links":{"self":[{"href":"https:\/\/lucassen.de\/baustoffe\/wp-json\/wp\/v2\/pages\/469","targetHints":{"allow":["GET"]}}],"collection":[{"href":"https:\/\/lucassen.de\/baustoffe\/wp-json\/wp\/v2\/pages"}],"about":[{"href":"https:\/\/lucassen.de\/baustoffe\/wp-json\/wp\/v2\/types\/page"}],"author":[{"embeddable":true,"href":"https:\/\/lucassen.de\/baustoffe\/wp-json\/wp\/v2\/users\/1"}],"replies":[{"embeddable":true,"href":"https:\/\/lucassen.de\/baustoffe\/wp-json\/wp\/v2\/comments?post=469"}],"version-history":[{"count":1,"href":"https:\/\/lucassen.de\/baustoffe\/wp-json\/wp\/v2\/pages\/469\/revisions"}],"predecessor-version":[{"id":743,"href":"https:\/\/lucassen.de\/baustoffe\/wp-json\/wp\/v2\/pages\/469\/revisions\/743"}],"up":[{"embeddable":true,"href":"https:\/\/lucassen.de\/baustoffe\/wp-json\/wp\/v2\/pages\/466"}],"wp:attachment":[{"href":"https:\/\/lucassen.de\/baustoffe\/wp-json\/wp\/v2\/media?parent=469"}],"curies":[{"name":"wp","href":"https:\/\/api.w.org\/{rel}","templated":true}]}}