{"id":48,"date":"2019-11-04T20:13:35","date_gmt":"2019-11-04T19:13:35","guid":{"rendered":"http:\/\/lucassen.nightbird-design.de\/?page_id=31"},"modified":"2025-04-21T02:10:49","modified_gmt":"2025-04-21T00:10:49","slug":"expertise","status":"publish","type":"page","link":"https:\/\/lucassen.de\/baustoffe\/startseite\/expertise","title":{"rendered":"Expertise"},"content":{"rendered":"\n<div class=\"wp-block-cover\" style=\"min-height:40vh;aspect-ratio:unset;\"><span aria-hidden=\"true\" class=\"wp-block-cover__background has-background-dim-90 has-background-dim wp-block-cover__gradient-background has-background-gradient\" style=\"background:linear-gradient(140deg,rgb(52,72,94) 0%,rgba(52,72,94,0.89) 45%,rgba(52,72,94,0.41) 100%)\"><\/span><img loading=\"lazy\" decoding=\"async\" width=\"2210\" height=\"1473\" class=\"wp-block-cover__image-background wp-image-274\" alt=\"\" src=\"https:\/\/lucassen.de\/consulting\/wp-content\/uploads\/sites\/2\/skyscrapers.jpg\" style=\"object-position:50% 80%\" data-object-fit=\"cover\" data-object-position=\"50% 80%\" \/><div class=\"wp-block-cover__inner-container is-layout-constrained wp-block-cover-is-layout-constrained\">\n<h1 class=\"wp-block-heading\">Expertise<\/h1>\n\n\n\n<p class=\"has-large-font-size\" style=\"margin-bottom:0\"><strong><em>Modern und fokussiert<\/em><\/strong><\/p>\n<\/div><\/div>\n\n\n\n<div class=\"wp-block-group\"><div class=\"wp-block-group__inner-container is-layout-constrained wp-block-group-is-layout-constrained\">\n<p>Wir stellen unsere Expertise mittelst\u00e4ndischen und Gro\u00dfunternehmen aus den unterschiedlichsten Branchen zur Verf\u00fcgung. Zu unseren Kunden geh\u00f6ren Akteure in den Segmenten<\/p>\n\n\n\n<ul class=\"wp-block-list\">\n<li>Banken<\/li>\n\n\n\n<li>Einzel-\/Gro\u00dfhandel<\/li>\n\n\n\n<li>Industrie<\/li>\n\n\n\n<li>IT-Unternehmen<\/li>\n\n\n\n<li>Logistik<\/li>\n\n\n\n<li>Versicherungen<\/li>\n<\/ul>\n<\/div><\/div>\n","protected":false},"excerpt":{"rendered":"<p>Wir stellen unsere Expertise mittelst\u00e4ndischen und Gro\u00dfunternehmen aus den unterschiedlichsten Branchen zur Verf\u00fcgung. Zu unseren Kunden geh\u00f6ren Akteure in den Segmenten<\/p>\n","protected":false},"author":1,"featured_media":0,"parent":44,"menu_order":120,"comment_status":"closed","ping_status":"closed","template":"","meta":{"footnotes":""},"class_list":["post-48","page","type-page","status-publish","hentry"],"yoast_head":"<!-- This site is optimized with the Yoast SEO plugin v27.5 - https:\/\/yoast.com\/product\/yoast-seo-wordpress\/ -->\n<title>Expertise - Lucassen Baustoffe<\/title>\n<meta name=\"robots\" content=\"index, follow, max-snippet:-1, max-image-preview:large, max-video-preview:-1\" \/>\n<link rel=\"canonical\" href=\"https:\/\/lucassen.de\/baustoffe\/startseite\/expertise\" \/>\n<meta property=\"og:locale\" content=\"de_DE\" \/>\n<meta property=\"og:type\" content=\"article\" \/>\n<meta property=\"og:title\" content=\"Expertise - Lucassen Baustoffe\" \/>\n<meta property=\"og:description\" content=\"Wir stellen unsere Expertise mittelst\u00e4ndischen und Gro\u00dfunternehmen aus den unterschiedlichsten Branchen zur Verf\u00fcgung. Zu unseren Kunden geh\u00f6ren Akteure in den Segmenten\" \/>\n<meta property=\"og:url\" content=\"https:\/\/lucassen.de\/baustoffe\/startseite\/expertise\" \/>\n<meta property=\"og:site_name\" content=\"Lucassen Baustoffe\" \/>\n<meta property=\"article:modified_time\" content=\"2025-04-21T00:10:49+00:00\" \/>\n<meta property=\"og:image\" content=\"https:\/\/lucassen.de\/baustoffe\/wp-content\/uploads\/sites\/6\/2020\/03\/skyscrapers.jpg\" \/>\n\t<meta property=\"og:image:width\" content=\"2210\" \/>\n\t<meta property=\"og:image:height\" content=\"1473\" \/>\n\t<meta property=\"og:image:type\" content=\"image\/jpeg\" \/>\n<meta name=\"twitter:card\" content=\"summary_large_image\" \/>\n<meta name=\"twitter:label1\" content=\"Gesch\u00e4tzte Lesezeit\" \/>\n\t<meta name=\"twitter:data1\" content=\"1\u00a0Minute\" \/>\n<script type=\"application\/ld+json\" class=\"yoast-schema-graph\">{\"@context\":\"https:\\\/\\\/schema.org\",\"@graph\":[{\"@type\":\"WebPage\",\"@id\":\"https:\\\/\\\/lucassen.de\\\/baustoffe\\\/startseite\\\/expertise\",\"url\":\"https:\\\/\\\/lucassen.de\\\/baustoffe\\\/startseite\\\/expertise\",\"name\":\"Expertise - Lucassen Baustoffe\",\"isPartOf\":{\"@id\":\"https:\\\/\\\/lucassen.de\\\/baustoffe\\\/#website\"},\"primaryImageOfPage\":{\"@id\":\"https:\\\/\\\/lucassen.de\\\/baustoffe\\\/startseite\\\/expertise#primaryimage\"},\"image\":{\"@id\":\"https:\\\/\\\/lucassen.de\\\/baustoffe\\\/startseite\\\/expertise#primaryimage\"},\"thumbnailUrl\":\"https:\\\/\\\/lucassen.de\\\/consulting\\\/wp-content\\\/uploads\\\/sites\\\/2\\\/skyscrapers.jpg\",\"datePublished\":\"2019-11-04T19:13:35+00:00\",\"dateModified\":\"2025-04-21T00:10:49+00:00\",\"breadcrumb\":{\"@id\":\"https:\\\/\\\/lucassen.de\\\/baustoffe\\\/startseite\\\/expertise#breadcrumb\"},\"inLanguage\":\"de\",\"potentialAction\":[{\"@type\":\"ReadAction\",\"target\":[\"https:\\\/\\\/lucassen.de\\\/baustoffe\\\/startseite\\\/expertise\"]}]},{\"@type\":\"ImageObject\",\"inLanguage\":\"de\",\"@id\":\"https:\\\/\\\/lucassen.de\\\/baustoffe\\\/startseite\\\/expertise#primaryimage\",\"url\":\"https:\\\/\\\/lucassen.de\\\/consulting\\\/wp-content\\\/uploads\\\/sites\\\/2\\\/skyscrapers.jpg\",\"contentUrl\":\"https:\\\/\\\/lucassen.de\\\/consulting\\\/wp-content\\\/uploads\\\/sites\\\/2\\\/skyscrapers.jpg\"},{\"@type\":\"BreadcrumbList\",\"@id\":\"https:\\\/\\\/lucassen.de\\\/baustoffe\\\/startseite\\\/expertise#breadcrumb\",\"itemListElement\":[{\"@type\":\"ListItem\",\"position\":1,\"name\":\"Startseite\",\"item\":\"https:\\\/\\\/lucassen.de\\\/baustoffe\\\/\"},{\"@type\":\"ListItem\",\"position\":2,\"name\":\"Home (DE)\",\"item\":\"https:\\\/\\\/lucassen.de\\\/baustoffe\\\/\"},{\"@type\":\"ListItem\",\"position\":3,\"name\":\"Expertise\"}]},{\"@type\":\"WebSite\",\"@id\":\"https:\\\/\\\/lucassen.de\\\/baustoffe\\\/#website\",\"url\":\"https:\\\/\\\/lucassen.de\\\/baustoffe\\\/\",\"name\":\"Lucassen Baustoffe\",\"description\":\"\",\"potentialAction\":[{\"@type\":\"SearchAction\",\"target\":{\"@type\":\"EntryPoint\",\"urlTemplate\":\"https:\\\/\\\/lucassen.de\\\/baustoffe\\\/?s={search_term_string}\"},\"query-input\":{\"@type\":\"PropertyValueSpecification\",\"valueRequired\":true,\"valueName\":\"search_term_string\"}}],\"inLanguage\":\"de\"}]}<\/script>\n<!-- \/ Yoast SEO plugin. -->","yoast_head_json":{"title":"Expertise - Lucassen Baustoffe","robots":{"index":"index","follow":"follow","max-snippet":"max-snippet:-1","max-image-preview":"max-image-preview:large","max-video-preview":"max-video-preview:-1"},"canonical":"https:\/\/lucassen.de\/baustoffe\/startseite\/expertise","og_locale":"de_DE","og_type":"article","og_title":"Expertise - Lucassen Baustoffe","og_description":"Wir stellen unsere Expertise mittelst\u00e4ndischen und Gro\u00dfunternehmen aus den unterschiedlichsten Branchen zur Verf\u00fcgung. Zu unseren Kunden geh\u00f6ren Akteure in den Segmenten","og_url":"https:\/\/lucassen.de\/baustoffe\/startseite\/expertise","og_site_name":"Lucassen Baustoffe","article_modified_time":"2025-04-21T00:10:49+00:00","og_image":[{"width":2210,"height":1473,"url":"https:\/\/lucassen.de\/baustoffe\/wp-content\/uploads\/sites\/6\/2020\/03\/skyscrapers.jpg","type":"image\/jpeg"}],"twitter_card":"summary_large_image","twitter_misc":{"Gesch\u00e4tzte Lesezeit":"1\u00a0Minute"},"schema":{"@context":"https:\/\/schema.org","@graph":[{"@type":"WebPage","@id":"https:\/\/lucassen.de\/baustoffe\/startseite\/expertise","url":"https:\/\/lucassen.de\/baustoffe\/startseite\/expertise","name":"Expertise - Lucassen Baustoffe","isPartOf":{"@id":"https:\/\/lucassen.de\/baustoffe\/#website"},"primaryImageOfPage":{"@id":"https:\/\/lucassen.de\/baustoffe\/startseite\/expertise#primaryimage"},"image":{"@id":"https:\/\/lucassen.de\/baustoffe\/startseite\/expertise#primaryimage"},"thumbnailUrl":"https:\/\/lucassen.de\/consulting\/wp-content\/uploads\/sites\/2\/skyscrapers.jpg","datePublished":"2019-11-04T19:13:35+00:00","dateModified":"2025-04-21T00:10:49+00:00","breadcrumb":{"@id":"https:\/\/lucassen.de\/baustoffe\/startseite\/expertise#breadcrumb"},"inLanguage":"de","potentialAction":[{"@type":"ReadAction","target":["https:\/\/lucassen.de\/baustoffe\/startseite\/expertise"]}]},{"@type":"ImageObject","inLanguage":"de","@id":"https:\/\/lucassen.de\/baustoffe\/startseite\/expertise#primaryimage","url":"https:\/\/lucassen.de\/consulting\/wp-content\/uploads\/sites\/2\/skyscrapers.jpg","contentUrl":"https:\/\/lucassen.de\/consulting\/wp-content\/uploads\/sites\/2\/skyscrapers.jpg"},{"@type":"BreadcrumbList","@id":"https:\/\/lucassen.de\/baustoffe\/startseite\/expertise#breadcrumb","itemListElement":[{"@type":"ListItem","position":1,"name":"Startseite","item":"https:\/\/lucassen.de\/baustoffe\/"},{"@type":"ListItem","position":2,"name":"Home (DE)","item":"https:\/\/lucassen.de\/baustoffe\/"},{"@type":"ListItem","position":3,"name":"Expertise"}]},{"@type":"WebSite","@id":"https:\/\/lucassen.de\/baustoffe\/#website","url":"https:\/\/lucassen.de\/baustoffe\/","name":"Lucassen Baustoffe","description":"","potentialAction":[{"@type":"SearchAction","target":{"@type":"EntryPoint","urlTemplate":"https:\/\/lucassen.de\/baustoffe\/?s={search_term_string}"},"query-input":{"@type":"PropertyValueSpecification","valueRequired":true,"valueName":"search_term_string"}}],"inLanguage":"de"}]}},"_links":{"self":[{"href":"https:\/\/lucassen.de\/baustoffe\/wp-json\/wp\/v2\/pages\/48","targetHints":{"allow":["GET"]}}],"collection":[{"href":"https:\/\/lucassen.de\/baustoffe\/wp-json\/wp\/v2\/pages"}],"about":[{"href":"https:\/\/lucassen.de\/baustoffe\/wp-json\/wp\/v2\/types\/page"}],"author":[{"embeddable":true,"href":"https:\/\/lucassen.de\/baustoffe\/wp-json\/wp\/v2\/users\/1"}],"replies":[{"embeddable":true,"href":"https:\/\/lucassen.de\/baustoffe\/wp-json\/wp\/v2\/comments?post=48"}],"version-history":[{"count":1,"href":"https:\/\/lucassen.de\/baustoffe\/wp-json\/wp\/v2\/pages\/48\/revisions"}],"predecessor-version":[{"id":770,"href":"https:\/\/lucassen.de\/baustoffe\/wp-json\/wp\/v2\/pages\/48\/revisions\/770"}],"up":[{"embeddable":true,"href":"https:\/\/lucassen.de\/baustoffe\/wp-json\/wp\/v2\/pages\/44"}],"wp:attachment":[{"href":"https:\/\/lucassen.de\/baustoffe\/wp-json\/wp\/v2\/media?parent=48"}],"curies":[{"name":"wp","href":"https:\/\/api.w.org\/{rel}","templated":true}]}}