{"id":488,"date":"2024-10-27T04:07:39","date_gmt":"2024-10-27T03:07:39","guid":{"rendered":"https:\/\/lucassen.de\/consulting\/?page_id=488"},"modified":"2025-04-21T01:27:18","modified_gmt":"2025-04-20T23:27:18","slug":"markus-lucassen","status":"publish","type":"page","link":"https:\/\/lucassen.de\/baustoffe\/fr\/maison\/entreprise\/markus-lucassen","title":{"rendered":"Markus Lucassen"},"content":{"rendered":"\n<div class=\"wp-block-cover\" style=\"min-height:40vh;aspect-ratio:unset;\"><span aria-hidden=\"true\" class=\"wp-block-cover__background has-background-dim-90 has-background-dim wp-block-cover__gradient-background has-background-gradient\" style=\"background:linear-gradient(140deg,rgb(52,72,94) 0%,rgba(52,72,94,0.89) 45%,rgba(52,72,94,0.41) 100%)\"><\/span><img loading=\"lazy\" decoding=\"async\" width=\"1200\" height=\"400\" class=\"wp-block-cover__image-background wp-image-280\" alt=\"\" src=\"https:\/\/lucassen.de\/consulting\/wp-content\/uploads\/sites\/2\/header-markus.jpg\" style=\"object-position:25% 60%\" data-object-fit=\"cover\" data-object-position=\"25% 60%\" \/><div class=\"wp-block-cover__inner-container is-layout-constrained wp-block-cover-is-layout-constrained\">\n<h1 class=\"wp-block-heading\">Markus Lucassen<\/h1>\n\n\n\n<p class=\"has-large-font-size\" style=\"margin-bottom:0\"><strong><em>Gestion<\/em><\/strong><\/p>\n<\/div><\/div>\n\n\n\n<div class=\"wp-block-group\"><div class=\"wp-block-group__inner-container is-layout-constrained wp-block-group-is-layout-constrained\">\n<div class=\"wp-block-columns are-vertically-aligned-top is-layout-flex wp-container-core-columns-is-layout-9d6595d7 wp-block-columns-is-layout-flex\">\n<div class=\"wp-block-column is-vertically-aligned-top is-layout-flow wp-block-column-is-layout-flow\" style=\"flex-basis:50%\">\n<p class=\"slogan\">Markus Lucassen<\/p>\n\n\n\n<p>\u2026 est propri\u00e9taire et directeur g\u00e9n\u00e9ral de Lucassen Consulting GmbH.<\/p>\n\n\n\n<p>Apr\u00e8s des \u00e9tudes de base en technologie de l&#8217;information et en math\u00e9matiques \u00e0 l&#8217;Universit\u00e9 de Dortmund, Markus a d&#8217;abord travaill\u00e9 comme ing\u00e9nieur logiciel et consultant syst\u00e8me ind\u00e9pendant \u00e0 partir de 1994.<\/p>\n\n\n\n<p>En mai 2001, sur la base de son travail ind\u00e9pendant, il fonde Lucassen Consulting GmbH, initialement ax\u00e9e sur la gestion de projets nationaux. Depuis mai 2005, les projets internationaux font \u00e9galement partie du c\u0153ur de m\u00e9tier. <\/p>\n<\/div>\n\n\n\n<div class=\"wp-block-column is-vertically-aligned-top is-layout-flow wp-block-column-is-layout-flow\" style=\"flex-basis:50%\">\n<div class=\"wp-block-group network\"><div class=\"wp-block-group__inner-container is-layout-flow wp-block-group-is-layout-flow\">\n<p><strong>Suivez Markus Lucassen sur les r\u00e9seaux sociaux<\/strong><\/p>\n\n\n\n<p class=\"linkedin\"><a rel=\"noreferrer noopener\" aria-label=\"Linkedin (\u00f6ffnet in neuem Tab)\" href=\"https:\/\/de.linkedin.com\/in\/lucassen\" target=\"_blank\">lucassen<\/a><\/p>\n\n\n\n<p class=\"xing\"><a rel=\"noreferrer noopener\" aria-label=\"Xing (\u00f6ffnet in neuem Tab)\" href=\"https:\/\/www.xing.com\/profile\/Markus_Lucassen\" target=\"_blank\">Markus_Lucassen<\/a><\/p>\n\n\n\n<p class=\"twitter\"><a href=\"http:\/\/www.x.com\/maclucassen\/\" target=\"_blank\" rel=\"noreferrer noopener\">maclucassen<\/a><\/p>\n<\/div><\/div>\n<\/div>\n<\/div>\n<\/div><\/div>\n","protected":false},"excerpt":{"rendered":"<p>Markus Lucassen \u2026 est propri\u00e9taire et directeur g\u00e9n\u00e9ral de Lucassen Consulting GmbH. Apr\u00e8s des \u00e9tudes de base en technologie de l&#8217;information et en math\u00e9matiques \u00e0 l&#8217;Universit\u00e9 de Dortmund, Markus a d&#8217;abord travaill\u00e9 comme ing\u00e9nieur logiciel [&hellip;]<\/p>\n","protected":false},"author":1,"featured_media":65,"parent":469,"menu_order":311,"comment_status":"closed","ping_status":"closed","template":"","meta":{"footnotes":""},"class_list":["post-488","page","type-page","status-publish","has-post-thumbnail","hentry"],"yoast_head":"<!-- This site is optimized with the Yoast SEO plugin v27.5 - https:\/\/yoast.com\/product\/yoast-seo-wordpress\/ -->\n<title>Markus Lucassen - Lucassen Baustoffe<\/title>\n<meta name=\"robots\" content=\"index, follow, max-snippet:-1, max-image-preview:large, max-video-preview:-1\" \/>\n<link rel=\"canonical\" href=\"https:\/\/lucassen.de\/baustoffe\/fr\/maison\/entreprise\/markus-lucassen\" \/>\n<meta property=\"og:locale\" content=\"de_DE\" \/>\n<meta property=\"og:type\" content=\"article\" \/>\n<meta property=\"og:title\" content=\"Markus Lucassen - Lucassen Baustoffe\" \/>\n<meta property=\"og:description\" content=\"Markus Lucassen \u2026 est propri\u00e9taire et directeur g\u00e9n\u00e9ral de Lucassen Consulting GmbH. Apr\u00e8s des \u00e9tudes de base en technologie de l&#8217;information et en math\u00e9matiques \u00e0 l&#8217;Universit\u00e9 de Dortmund, Markus a d&#8217;abord travaill\u00e9 comme ing\u00e9nieur logiciel [&hellip;]\" \/>\n<meta property=\"og:url\" content=\"https:\/\/lucassen.de\/baustoffe\/fr\/maison\/entreprise\/markus-lucassen\" \/>\n<meta property=\"og:site_name\" content=\"Lucassen Baustoffe\" \/>\n<meta property=\"article:modified_time\" content=\"2025-04-20T23:27:18+00:00\" \/>\n<meta name=\"twitter:card\" content=\"summary_large_image\" \/>\n<meta name=\"twitter:label1\" content=\"Gesch\u00e4tzte Lesezeit\" \/>\n\t<meta name=\"twitter:data1\" content=\"1\u00a0Minute\" \/>\n<script type=\"application\/ld+json\" class=\"yoast-schema-graph\">{\"@context\":\"https:\\\/\\\/schema.org\",\"@graph\":[{\"@type\":\"WebPage\",\"@id\":\"https:\\\/\\\/lucassen.de\\\/baustoffe\\\/fr\\\/maison\\\/entreprise\\\/markus-lucassen\",\"url\":\"https:\\\/\\\/lucassen.de\\\/baustoffe\\\/fr\\\/maison\\\/entreprise\\\/markus-lucassen\",\"name\":\"Markus Lucassen - Lucassen Baustoffe\",\"isPartOf\":{\"@id\":\"https:\\\/\\\/lucassen.de\\\/baustoffe\\\/#website\"},\"primaryImageOfPage\":{\"@id\":\"https:\\\/\\\/lucassen.de\\\/baustoffe\\\/fr\\\/maison\\\/entreprise\\\/markus-lucassen#primaryimage\"},\"image\":{\"@id\":\"https:\\\/\\\/lucassen.de\\\/baustoffe\\\/fr\\\/maison\\\/entreprise\\\/markus-lucassen#primaryimage\"},\"thumbnailUrl\":\"\",\"datePublished\":\"2024-10-27T03:07:39+00:00\",\"dateModified\":\"2025-04-20T23:27:18+00:00\",\"breadcrumb\":{\"@id\":\"https:\\\/\\\/lucassen.de\\\/baustoffe\\\/fr\\\/maison\\\/entreprise\\\/markus-lucassen#breadcrumb\"},\"inLanguage\":\"de\",\"potentialAction\":[{\"@type\":\"ReadAction\",\"target\":[\"https:\\\/\\\/lucassen.de\\\/baustoffe\\\/fr\\\/maison\\\/entreprise\\\/markus-lucassen\"]}]},{\"@type\":\"ImageObject\",\"inLanguage\":\"de\",\"@id\":\"https:\\\/\\\/lucassen.de\\\/baustoffe\\\/fr\\\/maison\\\/entreprise\\\/markus-lucassen#primaryimage\",\"url\":\"\",\"contentUrl\":\"\"},{\"@type\":\"BreadcrumbList\",\"@id\":\"https:\\\/\\\/lucassen.de\\\/baustoffe\\\/fr\\\/maison\\\/entreprise\\\/markus-lucassen#breadcrumb\",\"itemListElement\":[{\"@type\":\"ListItem\",\"position\":1,\"name\":\"Startseite\",\"item\":\"https:\\\/\\\/lucassen.de\\\/baustoffe\\\/\"},{\"@type\":\"ListItem\",\"position\":2,\"name\":\"Home (FR)\",\"item\":\"https:\\\/\\\/lucassen.de\\\/baustoffe\\\/fr\\\/maison\"},{\"@type\":\"ListItem\",\"position\":3,\"name\":\"Entreprise\",\"item\":\"https:\\\/\\\/lucassen.de\\\/baustoffe\\\/fr\\\/maison\\\/entreprise\"},{\"@type\":\"ListItem\",\"position\":4,\"name\":\"Markus Lucassen\"}]},{\"@type\":\"WebSite\",\"@id\":\"https:\\\/\\\/lucassen.de\\\/baustoffe\\\/#website\",\"url\":\"https:\\\/\\\/lucassen.de\\\/baustoffe\\\/\",\"name\":\"Lucassen Baustoffe\",\"description\":\"\",\"potentialAction\":[{\"@type\":\"SearchAction\",\"target\":{\"@type\":\"EntryPoint\",\"urlTemplate\":\"https:\\\/\\\/lucassen.de\\\/baustoffe\\\/?s={search_term_string}\"},\"query-input\":{\"@type\":\"PropertyValueSpecification\",\"valueRequired\":true,\"valueName\":\"search_term_string\"}}],\"inLanguage\":\"de\"}]}<\/script>\n<!-- \/ Yoast SEO plugin. -->","yoast_head_json":{"title":"Markus Lucassen - Lucassen Baustoffe","robots":{"index":"index","follow":"follow","max-snippet":"max-snippet:-1","max-image-preview":"max-image-preview:large","max-video-preview":"max-video-preview:-1"},"canonical":"https:\/\/lucassen.de\/baustoffe\/fr\/maison\/entreprise\/markus-lucassen","og_locale":"de_DE","og_type":"article","og_title":"Markus Lucassen - Lucassen Baustoffe","og_description":"Markus Lucassen \u2026 est propri\u00e9taire et directeur g\u00e9n\u00e9ral de Lucassen Consulting GmbH. Apr\u00e8s des \u00e9tudes de base en technologie de l&#8217;information et en math\u00e9matiques \u00e0 l&#8217;Universit\u00e9 de Dortmund, Markus a d&#8217;abord travaill\u00e9 comme ing\u00e9nieur logiciel [&hellip;]","og_url":"https:\/\/lucassen.de\/baustoffe\/fr\/maison\/entreprise\/markus-lucassen","og_site_name":"Lucassen Baustoffe","article_modified_time":"2025-04-20T23:27:18+00:00","twitter_card":"summary_large_image","twitter_misc":{"Gesch\u00e4tzte Lesezeit":"1\u00a0Minute"},"schema":{"@context":"https:\/\/schema.org","@graph":[{"@type":"WebPage","@id":"https:\/\/lucassen.de\/baustoffe\/fr\/maison\/entreprise\/markus-lucassen","url":"https:\/\/lucassen.de\/baustoffe\/fr\/maison\/entreprise\/markus-lucassen","name":"Markus Lucassen - Lucassen Baustoffe","isPartOf":{"@id":"https:\/\/lucassen.de\/baustoffe\/#website"},"primaryImageOfPage":{"@id":"https:\/\/lucassen.de\/baustoffe\/fr\/maison\/entreprise\/markus-lucassen#primaryimage"},"image":{"@id":"https:\/\/lucassen.de\/baustoffe\/fr\/maison\/entreprise\/markus-lucassen#primaryimage"},"thumbnailUrl":"","datePublished":"2024-10-27T03:07:39+00:00","dateModified":"2025-04-20T23:27:18+00:00","breadcrumb":{"@id":"https:\/\/lucassen.de\/baustoffe\/fr\/maison\/entreprise\/markus-lucassen#breadcrumb"},"inLanguage":"de","potentialAction":[{"@type":"ReadAction","target":["https:\/\/lucassen.de\/baustoffe\/fr\/maison\/entreprise\/markus-lucassen"]}]},{"@type":"ImageObject","inLanguage":"de","@id":"https:\/\/lucassen.de\/baustoffe\/fr\/maison\/entreprise\/markus-lucassen#primaryimage","url":"","contentUrl":""},{"@type":"BreadcrumbList","@id":"https:\/\/lucassen.de\/baustoffe\/fr\/maison\/entreprise\/markus-lucassen#breadcrumb","itemListElement":[{"@type":"ListItem","position":1,"name":"Startseite","item":"https:\/\/lucassen.de\/baustoffe\/"},{"@type":"ListItem","position":2,"name":"Home (FR)","item":"https:\/\/lucassen.de\/baustoffe\/fr\/maison"},{"@type":"ListItem","position":3,"name":"Entreprise","item":"https:\/\/lucassen.de\/baustoffe\/fr\/maison\/entreprise"},{"@type":"ListItem","position":4,"name":"Markus Lucassen"}]},{"@type":"WebSite","@id":"https:\/\/lucassen.de\/baustoffe\/#website","url":"https:\/\/lucassen.de\/baustoffe\/","name":"Lucassen Baustoffe","description":"","potentialAction":[{"@type":"SearchAction","target":{"@type":"EntryPoint","urlTemplate":"https:\/\/lucassen.de\/baustoffe\/?s={search_term_string}"},"query-input":{"@type":"PropertyValueSpecification","valueRequired":true,"valueName":"search_term_string"}}],"inLanguage":"de"}]}},"_links":{"self":[{"href":"https:\/\/lucassen.de\/baustoffe\/wp-json\/wp\/v2\/pages\/488","targetHints":{"allow":["GET"]}}],"collection":[{"href":"https:\/\/lucassen.de\/baustoffe\/wp-json\/wp\/v2\/pages"}],"about":[{"href":"https:\/\/lucassen.de\/baustoffe\/wp-json\/wp\/v2\/types\/page"}],"author":[{"embeddable":true,"href":"https:\/\/lucassen.de\/baustoffe\/wp-json\/wp\/v2\/users\/1"}],"replies":[{"embeddable":true,"href":"https:\/\/lucassen.de\/baustoffe\/wp-json\/wp\/v2\/comments?post=488"}],"version-history":[{"count":1,"href":"https:\/\/lucassen.de\/baustoffe\/wp-json\/wp\/v2\/pages\/488\/revisions"}],"predecessor-version":[{"id":744,"href":"https:\/\/lucassen.de\/baustoffe\/wp-json\/wp\/v2\/pages\/488\/revisions\/744"}],"up":[{"embeddable":true,"href":"https:\/\/lucassen.de\/baustoffe\/wp-json\/wp\/v2\/pages\/469"}],"wp:featuredmedia":[{"embeddable":true,"href":"https:\/\/lucassen.de\/baustoffe\/wp-json\/"}],"wp:attachment":[{"href":"https:\/\/lucassen.de\/baustoffe\/wp-json\/wp\/v2\/media?parent=488"}],"curies":[{"name":"wp","href":"https:\/\/api.w.org\/{rel}","templated":true}]}}