{"id":540,"date":"2024-12-06T00:16:31","date_gmt":"2024-12-05T23:16:31","guid":{"rendered":"https:\/\/lucassen.de\/consulting\/?page_id=540"},"modified":"2025-04-21T01:26:04","modified_gmt":"2025-04-20T23:26:04","slug":"facture-electronique","status":"publish","type":"page","link":"https:\/\/lucassen.de\/baustoffe\/fr\/maison\/information\/facture-electronique","title":{"rendered":"Facture \u00e9lectronique"},"content":{"rendered":"\n<div class=\"wp-block-cover\" style=\"min-height:40vh;aspect-ratio:unset;\"><span aria-hidden=\"true\" class=\"wp-block-cover__background has-background-dim-90 has-background-dim wp-block-cover__gradient-background has-background-gradient\" style=\"background:linear-gradient(140deg,rgb(52,72,94) 0%,rgba(52,72,94,0.89) 51%,rgba(52,72,94,0.41) 100%)\"><\/span><img decoding=\"async\" class=\"wp-block-cover__image-background wp-image-20203204\" alt=\"\" src=\"https:\/\/lucassen.de\/hausverwaltung\/wp-content\/uploads\/sites\/3\/pexels-mikhail-nilov-6963857-scaled.jpg\" style=\"object-position:50% 20%\" data-object-fit=\"cover\" data-object-position=\"50% 20%\" \/><div class=\"wp-block-cover__inner-container is-layout-constrained wp-container-core-cover-is-layout-48c9aa2a wp-block-cover-is-layout-constrained\">\n<div class=\"wp-block-group\"><div class=\"wp-block-group__inner-container is-layout-flow wp-block-group-is-layout-flow\">\n<h1 class=\"wp-block-heading\">Introduction de la facturation \u00e9lectronique et Factures entrantes et sortantes centrales et \u00e9lectroniques<\/h1>\n<\/div><\/div>\n<\/div><\/div>\n\n\n\n<div class=\"wp-block-group\"><div class=\"wp-block-group__inner-container is-layout-constrained wp-block-group-is-layout-constrained\">\n<div class=\"wp-block-columns is-layout-flex wp-container-core-columns-is-layout-9d6595d7 wp-block-columns-is-layout-flex\">\n<div class=\"wp-block-column is-layout-flow wp-block-column-is-layout-flow\" style=\"flex-basis:66%\">\n<p><strong><em>Rheinhausen, le 3 novembre 2024<\/em><\/strong><\/p>\n\n\n\n<p>Mesdames et Messieurs<\/p>\n\n\n\n<p>Nous profitons de cette occasion pour vous informer d&#8217;un changement dans notre facturation. Jusqu&#8217;\u00e0 pr\u00e9sent, vous avez re\u00e7u nos factures par courrier ou sous forme de pi\u00e8ce jointe <a href=\"https:\/\/de.wikipedia.org\/wiki\/Portable_Document_Format\" target=\"_blank\" rel=\"noreferrer noopener\">PDF<\/a> par e-mail.<\/p>\n\n\n\n<p>Depuis le <strong>1er novembre 2024<\/strong>, nous cr\u00e9ons nos factures uniquement au format e-facture et vous les envoyons uniquement par voie num\u00e9rique.<br>\u00c0 l\u2019avenir, vous recevrez facilement notre facture \u00e9lectronique \u00e0 l\u2019adresse e-mail que vous avez enregistr\u00e9e chez nous.<br>Si vous pr\u00e9f\u00e9rez une autre adresse e-mail, veuillez envoyer un court message \u00e0 <a href=\"mailto:comptabilite@lucassen.de\" target=\"_blank\" rel=\"noreferrer noopener\">comptabilit\u00e9@lucassen.de<\/a>.<\/p>\n\n\n\n<p>Ce changement \u00e9tait n\u00e9cessaire car le l\u00e9gislateur a d\u00e9clar\u00e9 obligatoire la facturation \u00e9lectronique dans l\u2019environnement B2B \u00e0 partir du 1er janvier 2025. Nous avons optimis\u00e9 l&#8217;envoi de nos factures le 1er novembre 2024 et cr\u00e9ons depuis lors nos factures \u00e9lectroniques au format de facture standard ZUGFeRD. Nos factures \u00e9lectroniques r\u00e9pondent donc aux exigences l\u00e9gales selon la directive europ\u00e9enne <a href=\"https:\/\/eur-lex.europa.eu\/legal-content\/DE\/TXT\/HTML\/?uri=CELEX:32014L0055\" target=\"_blank\" rel=\"noreferrer noopener\">EU\/2014\/55<\/a> et la norme <a href=\"https:\/\/ec.europa.eu\/digital-building-blocks\/sites\/display\/DIGITAL\/EN+16931+compliance\" target=\"_blank\" rel=\"noreferrer noopener\">EN 16931<\/a>.<\/p>\n\n\n\n<p>Facture \u00e9lectronique entrante et sortante<br>En outre, dans le cadre de la num\u00e9risation, nous souhaitons explorer avec vous de nouvelles voies et utiliser les possibilit\u00e9s du processus de facturation \u00e9lectronique pour la r\u00e9ception et l&#8217;envoi.<\/p>\n\n\n\n<p><strong>Nous sommes pass\u00e9s aux factures entrantes et sortantes centralis\u00e9es.<\/strong><\/p>\n\n\n\n<p>En plus de les recevoir par courrier, nous pouvons recevoir les factures entrantes en permanence par voie <strong>\u00e9lectronique<\/strong> au format <strong><a href=\"https:\/\/de.wikipedia.org\/wiki\/PDF\/A#PDF\/A-3\" target=\"_blank\" rel=\"noreferrer noopener\">PDF\/A-3<\/a><\/strong> depuis le 1er novembre 2024.<\/p>\n\n\n\n<p>Afin de garantir un processus efficace et fluide, nous demandons donc \u00e0 tous les fournisseurs et prestataires de recourir au processus de facturation \u00e9lectronique sous les <strong>formalit\u00e9s obligatoires<\/strong> suivantes:<\/p>\n\n\n\n<ul class=\"wp-block-list\">\n<li>Pour envoyer des factures \u00e9lectroniques par e-mail, veuillez utiliser uniquement l&#8217;adresse e-mail suivante: <strong><a href=\"mailto:facture@lucassen.de\" target=\"_blank\" rel=\"noreferrer noopener\">facture@lucassen.de<\/a><\/strong><br>(<em>Veuillez supprimer les diff\u00e9rentes adresses e-mail pour l&#8217;envoi des factures<\/em>)<\/li>\n\n\n\n<li>Cette bo\u00eete de r\u00e9ception e-mail est exclusivement destin\u00e9e \u00e0 la r\u00e9ception ou \u00e0 l&#8217;envoi de factures et d&#8217;avoirs \u00e9lectroniques (ci-apr\u00e8s, les avoirs sont assimil\u00e9s \u00e0 des factures).<\/li>\n\n\n\n<li>Lors d&#8217;un envoi par voie \u00e9lectronique, les factures suppl\u00e9mentaires ne doivent pas \u00eatre envoy\u00e9es par la poste.<\/li>\n\n\n\n<li>L&#8217;e-mail sert uniquement de \u00ab moyen de transport \u00bb pour la facture \u00e9lectronique ci-jointe et n&#8217;est donc pas archiv\u00e9.<\/li>\n\n\n\n<li>Les emails ne r\u00e9pondant pas aux conditions ci-dessus ne seront pas trait\u00e9s.<\/li>\n<\/ul>\n\n\n\n<p>Veuillez comprendre que le traitement et le paiement corrects et rapides de vos factures ne peuvent avoir lieu que si les formalit\u00e9s mentionn\u00e9es ci-dessus ont \u00e9t\u00e9 respect\u00e9es.<\/p>\n\n\n\n<p>Nous esp\u00e9rons poursuivre une bonne coop\u00e9ration et restons<\/p>\n\n\n\n<p>Cordialement,<br><em>Markus Lucassen<\/em><\/p>\n<\/div>\n\n\n\n<div class=\"wp-block-column is-layout-flow wp-block-column-is-layout-flow\" style=\"flex-basis:50%\"><\/div>\n<\/div>\n<\/div><\/div>\n","protected":false},"excerpt":{"rendered":"<p>Rheinhausen, le 3 novembre 2024 Mesdames et Messieurs Nous profitons de cette occasion pour vous informer d&#8217;un changement dans notre facturation. Jusqu&#8217;\u00e0 pr\u00e9sent, vous avez re\u00e7u nos factures par courrier ou sous forme de pi\u00e8ce [&hellip;]<\/p>\n","protected":false},"author":1,"featured_media":0,"parent":538,"menu_order":341,"comment_status":"closed","ping_status":"closed","template":"","meta":{"footnotes":""},"class_list":["post-540","page","type-page","status-publish","hentry"],"yoast_head":"<!-- This site is optimized with the Yoast SEO plugin v27.3 - https:\/\/yoast.com\/product\/yoast-seo-wordpress\/ -->\n<title>Facture \u00e9lectronique - Lucassen Baustoffe<\/title>\n<meta name=\"robots\" content=\"index, follow, max-snippet:-1, max-image-preview:large, max-video-preview:-1\" \/>\n<link rel=\"canonical\" href=\"https:\/\/lucassen.de\/baustoffe\/fr\/maison\/information\/facture-electronique\" \/>\n<meta property=\"og:locale\" content=\"de_DE\" \/>\n<meta property=\"og:type\" content=\"article\" \/>\n<meta property=\"og:title\" content=\"Facture \u00e9lectronique - Lucassen Baustoffe\" \/>\n<meta property=\"og:description\" content=\"Rheinhausen, le 3 novembre 2024 Mesdames et Messieurs Nous profitons de cette occasion pour vous informer d&#8217;un changement dans notre facturation. Jusqu&#8217;\u00e0 pr\u00e9sent, vous avez re\u00e7u nos factures par courrier ou sous forme de pi\u00e8ce [&hellip;]\" \/>\n<meta property=\"og:url\" content=\"https:\/\/lucassen.de\/baustoffe\/fr\/maison\/information\/facture-electronique\" \/>\n<meta property=\"og:site_name\" content=\"Lucassen Baustoffe\" \/>\n<meta property=\"article:modified_time\" content=\"2025-04-20T23:26:04+00:00\" \/>\n<meta name=\"twitter:card\" content=\"summary_large_image\" \/>\n<meta name=\"twitter:label1\" content=\"Gesch\u00e4tzte Lesezeit\" \/>\n\t<meta name=\"twitter:data1\" content=\"3\u00a0Minuten\" \/>\n<script type=\"application\/ld+json\" class=\"yoast-schema-graph\">{\"@context\":\"https:\\\/\\\/schema.org\",\"@graph\":[{\"@type\":\"WebPage\",\"@id\":\"https:\\\/\\\/lucassen.de\\\/baustoffe\\\/fr\\\/maison\\\/information\\\/facture-electronique\",\"url\":\"https:\\\/\\\/lucassen.de\\\/baustoffe\\\/fr\\\/maison\\\/information\\\/facture-electronique\",\"name\":\"Facture \u00e9lectronique - Lucassen Baustoffe\",\"isPartOf\":{\"@id\":\"https:\\\/\\\/lucassen.de\\\/baustoffe\\\/#website\"},\"primaryImageOfPage\":{\"@id\":\"https:\\\/\\\/lucassen.de\\\/baustoffe\\\/fr\\\/maison\\\/information\\\/facture-electronique#primaryimage\"},\"image\":{\"@id\":\"https:\\\/\\\/lucassen.de\\\/baustoffe\\\/fr\\\/maison\\\/information\\\/facture-electronique#primaryimage\"},\"thumbnailUrl\":\"https:\\\/\\\/lucassen.de\\\/hausverwaltung\\\/wp-content\\\/uploads\\\/sites\\\/3\\\/pexels-mikhail-nilov-6963857-scaled.jpg\",\"datePublished\":\"2024-12-05T23:16:31+00:00\",\"dateModified\":\"2025-04-20T23:26:04+00:00\",\"breadcrumb\":{\"@id\":\"https:\\\/\\\/lucassen.de\\\/baustoffe\\\/fr\\\/maison\\\/information\\\/facture-electronique#breadcrumb\"},\"inLanguage\":\"de\",\"potentialAction\":[{\"@type\":\"ReadAction\",\"target\":[\"https:\\\/\\\/lucassen.de\\\/baustoffe\\\/fr\\\/maison\\\/information\\\/facture-electronique\"]}]},{\"@type\":\"ImageObject\",\"inLanguage\":\"de\",\"@id\":\"https:\\\/\\\/lucassen.de\\\/baustoffe\\\/fr\\\/maison\\\/information\\\/facture-electronique#primaryimage\",\"url\":\"https:\\\/\\\/lucassen.de\\\/hausverwaltung\\\/wp-content\\\/uploads\\\/sites\\\/3\\\/pexels-mikhail-nilov-6963857-scaled.jpg\",\"contentUrl\":\"https:\\\/\\\/lucassen.de\\\/hausverwaltung\\\/wp-content\\\/uploads\\\/sites\\\/3\\\/pexels-mikhail-nilov-6963857-scaled.jpg\"},{\"@type\":\"BreadcrumbList\",\"@id\":\"https:\\\/\\\/lucassen.de\\\/baustoffe\\\/fr\\\/maison\\\/information\\\/facture-electronique#breadcrumb\",\"itemListElement\":[{\"@type\":\"ListItem\",\"position\":1,\"name\":\"Startseite\",\"item\":\"https:\\\/\\\/lucassen.de\\\/baustoffe\\\/\"},{\"@type\":\"ListItem\",\"position\":2,\"name\":\"Home (FR)\",\"item\":\"https:\\\/\\\/lucassen.de\\\/baustoffe\\\/fr\\\/maison\"},{\"@type\":\"ListItem\",\"position\":3,\"name\":\"Information\",\"item\":\"https:\\\/\\\/lucassen.de\\\/baustoffe\\\/fr\\\/maison\\\/information\"},{\"@type\":\"ListItem\",\"position\":4,\"name\":\"Facture \u00e9lectronique\"}]},{\"@type\":\"WebSite\",\"@id\":\"https:\\\/\\\/lucassen.de\\\/baustoffe\\\/#website\",\"url\":\"https:\\\/\\\/lucassen.de\\\/baustoffe\\\/\",\"name\":\"Lucassen Baustoffe\",\"description\":\"\",\"potentialAction\":[{\"@type\":\"SearchAction\",\"target\":{\"@type\":\"EntryPoint\",\"urlTemplate\":\"https:\\\/\\\/lucassen.de\\\/baustoffe\\\/?s={search_term_string}\"},\"query-input\":{\"@type\":\"PropertyValueSpecification\",\"valueRequired\":true,\"valueName\":\"search_term_string\"}}],\"inLanguage\":\"de\"}]}<\/script>\n<!-- \/ Yoast SEO plugin. -->","yoast_head_json":{"title":"Facture \u00e9lectronique - Lucassen Baustoffe","robots":{"index":"index","follow":"follow","max-snippet":"max-snippet:-1","max-image-preview":"max-image-preview:large","max-video-preview":"max-video-preview:-1"},"canonical":"https:\/\/lucassen.de\/baustoffe\/fr\/maison\/information\/facture-electronique","og_locale":"de_DE","og_type":"article","og_title":"Facture \u00e9lectronique - Lucassen Baustoffe","og_description":"Rheinhausen, le 3 novembre 2024 Mesdames et Messieurs Nous profitons de cette occasion pour vous informer d&#8217;un changement dans notre facturation. Jusqu&#8217;\u00e0 pr\u00e9sent, vous avez re\u00e7u nos factures par courrier ou sous forme de pi\u00e8ce [&hellip;]","og_url":"https:\/\/lucassen.de\/baustoffe\/fr\/maison\/information\/facture-electronique","og_site_name":"Lucassen Baustoffe","article_modified_time":"2025-04-20T23:26:04+00:00","twitter_card":"summary_large_image","twitter_misc":{"Gesch\u00e4tzte Lesezeit":"3\u00a0Minuten"},"schema":{"@context":"https:\/\/schema.org","@graph":[{"@type":"WebPage","@id":"https:\/\/lucassen.de\/baustoffe\/fr\/maison\/information\/facture-electronique","url":"https:\/\/lucassen.de\/baustoffe\/fr\/maison\/information\/facture-electronique","name":"Facture \u00e9lectronique - Lucassen Baustoffe","isPartOf":{"@id":"https:\/\/lucassen.de\/baustoffe\/#website"},"primaryImageOfPage":{"@id":"https:\/\/lucassen.de\/baustoffe\/fr\/maison\/information\/facture-electronique#primaryimage"},"image":{"@id":"https:\/\/lucassen.de\/baustoffe\/fr\/maison\/information\/facture-electronique#primaryimage"},"thumbnailUrl":"https:\/\/lucassen.de\/hausverwaltung\/wp-content\/uploads\/sites\/3\/pexels-mikhail-nilov-6963857-scaled.jpg","datePublished":"2024-12-05T23:16:31+00:00","dateModified":"2025-04-20T23:26:04+00:00","breadcrumb":{"@id":"https:\/\/lucassen.de\/baustoffe\/fr\/maison\/information\/facture-electronique#breadcrumb"},"inLanguage":"de","potentialAction":[{"@type":"ReadAction","target":["https:\/\/lucassen.de\/baustoffe\/fr\/maison\/information\/facture-electronique"]}]},{"@type":"ImageObject","inLanguage":"de","@id":"https:\/\/lucassen.de\/baustoffe\/fr\/maison\/information\/facture-electronique#primaryimage","url":"https:\/\/lucassen.de\/hausverwaltung\/wp-content\/uploads\/sites\/3\/pexels-mikhail-nilov-6963857-scaled.jpg","contentUrl":"https:\/\/lucassen.de\/hausverwaltung\/wp-content\/uploads\/sites\/3\/pexels-mikhail-nilov-6963857-scaled.jpg"},{"@type":"BreadcrumbList","@id":"https:\/\/lucassen.de\/baustoffe\/fr\/maison\/information\/facture-electronique#breadcrumb","itemListElement":[{"@type":"ListItem","position":1,"name":"Startseite","item":"https:\/\/lucassen.de\/baustoffe\/"},{"@type":"ListItem","position":2,"name":"Home (FR)","item":"https:\/\/lucassen.de\/baustoffe\/fr\/maison"},{"@type":"ListItem","position":3,"name":"Information","item":"https:\/\/lucassen.de\/baustoffe\/fr\/maison\/information"},{"@type":"ListItem","position":4,"name":"Facture \u00e9lectronique"}]},{"@type":"WebSite","@id":"https:\/\/lucassen.de\/baustoffe\/#website","url":"https:\/\/lucassen.de\/baustoffe\/","name":"Lucassen Baustoffe","description":"","potentialAction":[{"@type":"SearchAction","target":{"@type":"EntryPoint","urlTemplate":"https:\/\/lucassen.de\/baustoffe\/?s={search_term_string}"},"query-input":{"@type":"PropertyValueSpecification","valueRequired":true,"valueName":"search_term_string"}}],"inLanguage":"de"}]}},"_links":{"self":[{"href":"https:\/\/lucassen.de\/baustoffe\/wp-json\/wp\/v2\/pages\/540","targetHints":{"allow":["GET"]}}],"collection":[{"href":"https:\/\/lucassen.de\/baustoffe\/wp-json\/wp\/v2\/pages"}],"about":[{"href":"https:\/\/lucassen.de\/baustoffe\/wp-json\/wp\/v2\/types\/page"}],"author":[{"embeddable":true,"href":"https:\/\/lucassen.de\/baustoffe\/wp-json\/wp\/v2\/users\/1"}],"replies":[{"embeddable":true,"href":"https:\/\/lucassen.de\/baustoffe\/wp-json\/wp\/v2\/comments?post=540"}],"version-history":[{"count":1,"href":"https:\/\/lucassen.de\/baustoffe\/wp-json\/wp\/v2\/pages\/540\/revisions"}],"predecessor-version":[{"id":739,"href":"https:\/\/lucassen.de\/baustoffe\/wp-json\/wp\/v2\/pages\/540\/revisions\/739"}],"up":[{"embeddable":true,"href":"https:\/\/lucassen.de\/baustoffe\/wp-json\/wp\/v2\/pages\/538"}],"wp:attachment":[{"href":"https:\/\/lucassen.de\/baustoffe\/wp-json\/wp\/v2\/media?parent=540"}],"curies":[{"name":"wp","href":"https:\/\/api.w.org\/{rel}","templated":true}]}}