{"id":1250,"date":"2025-11-12T23:27:31","date_gmt":"2025-11-12T22:27:31","guid":{"rendered":"https:\/\/lucassen.de\/consulting\/?page_id=1250"},"modified":"2025-11-12T23:27:31","modified_gmt":"2025-11-12T22:27:31","slug":"raspberry-pi","status":"publish","type":"page","link":"https:\/\/lucassen.de\/consulting\/informationen\/raspberry-pi","title":{"rendered":"Raspberry Pi"},"content":{"rendered":"\n<div class=\"wp-block-cover\" style=\"min-height:40vh;aspect-ratio:unset;\"><img loading=\"lazy\" decoding=\"async\" width=\"1224\" height=\"766\" class=\"wp-block-cover__image-background wp-image-683\" alt=\"\" src=\"https:\/\/lucassen.de\/consulting\/wp-content\/uploads\/sites\/2\/AI-Tools.jpg\" data-object-fit=\"cover\" srcset=\"https:\/\/lucassen.de\/consulting\/wp-content\/uploads\/sites\/2\/AI-Tools.jpg 1224w, https:\/\/lucassen.de\/consulting\/wp-content\/uploads\/sites\/2\/AI-Tools-300x188.jpg 300w, https:\/\/lucassen.de\/consulting\/wp-content\/uploads\/sites\/2\/AI-Tools-1024x641.jpg 1024w, https:\/\/lucassen.de\/consulting\/wp-content\/uploads\/sites\/2\/AI-Tools-768x481.jpg 768w\" sizes=\"auto, (max-width: 1224px) 100vw, 1224px\" \/><span aria-hidden=\"true\" class=\"wp-block-cover__background has-background-dim-90 has-background-dim wp-block-cover__gradient-background has-background-gradient\" style=\"background:linear-gradient(140deg,rgb(52,72,94) 0%,rgba(52,72,94,0.89) 45%,rgba(52,72,94,0.41) 100%)\"><\/span><div class=\"wp-block-cover__inner-container is-layout-constrained wp-block-cover-is-layout-constrained\">\n<h1 class=\"wp-block-heading\">Raspberry Pi<\/h1>\n<\/div><\/div>\n\n\n\n<h1 class=\"wp-block-heading\">Installation Raspberry Pi<\/h1>\n\n\n\n<h2 class=\"wp-block-heading\">Vorbereitung<\/h2>\n\n\n\n<ol class=\"wp-block-list\">\n<li><a href=\"https:\/\/www.raspberrypi.com\/software\/\">Raspberry Pi Imager<\/a>&nbsp;(Imager-Tool) herunterladen und installieren<\/li>\n\n\n\n<li>Die Micro-SD-Karte ggf. mit einem Adapter in den Computer bzw. in das Leseger\u00e4t stecken<\/li>\n\n\n\n<li>Das \u201e<a href=\"https:\/\/www.raspberrypi.com\/software\/operating-systems\/#raspberry-pi-os-64-bit\">Raspberry Pi OS Lite<\/a>\u201c Image auf die micro SD-Karte mittels des Imager-Tools installieren, damit daraus ein bootf\u00e4higer Datentr\u00e4ger wird<\/li>\n\n\n\n<li>Im Imager-Tool kann man zus\u00e4tzlich im &#8222;Advanced Options menu&#8220; Einstellungen durchf\u00fchren, die ansonsten etwas m\u00fchsam durchzuf\u00fchren sind.<br>Beispielsweise kann man hier bereits die SSH aktivieren (sehr sinnvoll!) oder auch den Hostnamen bestimmen.\n<ul class=\"wp-block-list\">\n<li>OS Anpassungen (Allgemein)<img decoding=\"async\" src=\"blob:https:\/\/lucassen.de\/476ccd9b-c558-4317-bff4-c3ca43563169\" alt=\"Pasted Graphic.png\"><\/li>\n\n\n\n<li>OS Anpassungen (Dienste)<img decoding=\"async\" src=\"blob:https:\/\/lucassen.de\/c5421f37-6626-4b0a-b158-9f41a80b10af\" alt=\"Pasted Graphic 1.png\"><\/li>\n<\/ul>\n<\/li>\n\n\n\n<li>Nach Fertigstellung des Schreibvorganges die micro SD-Karte auswerfen und in den Raspberry Pi stecken und den Raspberry Pi an die Stromversorgung anschlie\u00dfen<br>(Hinweis: der erste Bootvorgang des Raspberry Pi kann etwas l\u00e4nger dauern, als alle folgenden)<\/li>\n\n\n\n<li>Den Raspberry Pi als zuk\u00fcnftigen DNS-Server und damit ganz wichtigen Heimnetzwerk-Bestandteil mit einem Netzwerkkabel an den Router anschlie\u00dfen, nicht via WLAN<\/li>\n\n\n\n<li>\u00dcber ein Terminal (z.B.\u00a0<a href=\"https:\/\/www.putty.org\/\">Putty<\/a>) aus den Raspberry Pi \u00fcber SSH einloggen<br>mit vorher definiertem Benutzername (hier \u201elulu\u201c) und dem entsprechenden Password (default ist hier User:pi und Password:raspberry)<br>Achtung: das Tastaturlayout &#8211; wenn man es nicht in den Einstellungen ge\u00e4ndert hat &#8211; kann ggf. noch englisch sein, d.h. y und z sind vertauscht<br><code> ssh &lt;IP-Adresse des Rasberry Pi> -l &lt;Benutzer><\/code><br>z.B.<code>  ssh 192.168.5.1 -l lulu<\/code><\/li>\n\n\n\n<li>Wenn alles funktioniert hat In der Shell<br><em><code>   sudo raspi-config<\/code><\/em><br>aufrufen um die Konfiguration ggf. nachtr\u00e4glich noch anpassen zu k\u00f6nnen<\/li>\n\n\n\n<li>Dort im Konfigurationsmen\u00fc noch entsprechend dem Land lokalisieren, d.h. Sprache einstellen, Tastaturlayout (de_DE.UTF-8) und auch die richtige Zeitzone setzen sowie vorsorglich das &#8222;WLAN Country&#8220; richtig w\u00e4hlen<\/li>\n\n\n\n<li>Unter &#8222;Advanced Options&#8220; das Filesystem expandieren (wird erst nach einem Neustart wirklich durchgef\u00fchrt), d.h. von der Datenmenge des geschriebenen Images (siehe oben) auf die maximal verf\u00fcgbare Gr\u00f6\u00dfe der micro SD-Karte<\/li>\n\n\n\n<li>Unter \u201eUpdate\u201c das Konfigurationsprogramm selbst aktualisieren<\/li>\n\n\n\n<li>Optionales Schritt um Strom zu sparen und W\u00e4rme zu reduzieren:<br>Zum Deaktivieren von WLAN und Bluetooth, au\u00dferdem Untertakten die Datei <code>\/boot\/config.txt<\/code>  in der Boot-Partition mittels eines Editors<em>\u00a0<\/em>\u00e4ndern:<br><code>   <em>sudo nano \/boot\/config.txt<\/em><\/code><br>bzw.<br><code><em>   sudo nano\u00a0<\/em>\/boot\/firmware\/config.txt<\/code><br>und folgenden Text einf\u00fcgen<br><code><em>dtoverlay=pi3-disable-wifi<\/em><br><em>dtoverlay=pi3-disable-bt<\/em><br># Minimum value of\u00a0sdram_freq\u00a0used for dynamic frequency clocking.\u00a0<br>#\u00a0<em>sdram_freq_min=200<\/em><br># reducing CPU\u2019s dynamic frequency clocking to 500 MHz<br>#\u00a0<em>arm_freq_min=500<br><\/em># reducing GPU\u2019s dynamic frequency clocking to 500 MHz<br>#\u00a0<em>gpu_freq_min=100<br>#\u00a0<\/em>Overheat protection.<br># This sets the clocks and voltages to default when the SoC reaches this value in degree Celsius.<br># Values over 85 are clamped to 85.<br><em>temp_limit=75<\/em><br><em>never_over_voltage=1<\/em><\/code><\/li>\n\n\n\n<li>Auch in der Datei \/boot\/cmdline.txt in der Boot-Partition der micro SD-Karte fehlt noch ein Eintrag f\u00fcr AppArmor, damit der Service \u00fcberhaupt vollst\u00e4ndig starten kann und im System bekannt ist (Siehe dazu auch die\u00a0<a href=\"https:\/\/wiki.archlinux.org\/title\/AppArmor\">Anleitung bei ArchLinux \u00fcber AppArmor<\/a>). Diesen Eintrag mit einem Editor<br><code>   sudo nano \/boot\/cmdline.txt<\/code><br>bzw.<code><br>   sudo nano\u00a0\/boot\/firmware\/cmdline.txt<br><\/code>an das Ende der einzigen Zeile in dieser Datei erweitern:<br><code>apparmor=1 lsm=landlock,lockdown,yama,integrity,apparmor,bpf<\/code><\/li>\n\n\n\n<li>Den Raspberry Pi neu starten mittels:<br><code>   sudo shutdown -r now<\/code><\/li>\n\n\n\n<li>Das zuvor installierte Betriebssystem des Raspberry Pi auf den aktuellen Stand aktualisieren:<br><code>sudo apt -y update &amp;&amp; sudo apt -y full-upgrade &amp;&amp; sudo apt -y autoremove &amp;&amp; sudo apt -y autoclean &amp;&amp; sudo apt -y dist-upgrade &amp;&amp; sudo rpi-update<\/code><\/li>\n\n\n\n<li>Zeitserver (falls z.B. die FritzBox als Zeitserver fungiert, kann diese unter NTP direkt eingetragen werden) definieren In der Datei<br><code>   sudo nano \/etc\/systemd\/timesyncd.conf<\/code><br>mit folgenden Eintr\u00e4gen in:<code><br>NTP=192.168.0.1<br>FallbackNTP=0.ptbtime1.ptb.de 1.ptbtime2.ptb.de 2.ptbtime3.ptb.de 3.debian.pool.ntp.org 4.debian.pool.ntp.org 5.debian.pool.ntp.org 6.debian.pool.ntp.org<\/code><\/li>\n\n\n\n<li>Danach die folgenden Befehle ausf\u00fchren, damit der NTP-Service (man kann auch einen anderen, evtl. schon vorhandenen NTP-Service verwenden wie z.B. chrony) aktiviert und aktualisiert wird:<br><code>   sudo systemctl enable systemd-timesyncd<br>   sudo systemctl restart systemd-timesyncd.service<br>   sudo systemctl status systemd-timesyncd.service<br>   sudo timedatectl set-ntp true<br>   timedatectl<\/code><\/li>\n\n\n\n<li>Installation der aktuellen CA-Zertifikate:<br><code>   sudo apt install ca-certificates<\/code><\/li>\n\n\n\n<li>Cleanup des Systems:<br><code>   sudo apt -y autoremove &amp;&amp; sudo apt -y autoclean<\/code><\/li>\n\n\n\n<li>Backup Configuration files (touched\/edited in this section)<br><code>   sudo cp\u00a0<em>\/root\/config.txt<\/em>\u00a0~\/RaspberryPi5\/OS\/root\/<br>   sudo cp\u00a0<em>\/root\/<\/em>cmdline.txt ~\/RaspberryPi5\/OS\/root\/<br>   sudo cp\u00a0<em>\/etc\/systemd\/timesyncd.conf\u00a0<\/em>~\/RaspberryPi5\/OS\/etc\/<em>systemd\/<\/em><\/code><br>if you\u2019ve got an older OS version installed, use:<br><code>   sudo cp \/boot\/firmware\/config.txt ~\/RaspberryPi5\/OS\/root\/<br>   sudo cp\u00a0<em>\/boot\/cmdline.txt\u00a0<\/em>~\/RaspberryPi5\/OS\/root\/<br>   sudo cp\u00a0<em>\/etc\/systemd\/timesyncd.conf\u00a0<\/em>~\/RaspberryPi5\/OS\/etc\/<em>systemd\/<\/em><\/code><\/li>\n\n\n\n<li>Change display orientation:<em><br><\/em><code>   sudo nano \/boot\/firmware\/config.txt<\/code><br>in section [all] add following line:<br><code>display_auto_detect=1<br>and for Portrait (native):<br>dtoverlay=vc4-kms-dsi-ili9881-7inch<br>for Landscape (rotated left):<br>dtoverlay=vc4-kms-dsi-ili9881-7inch,rotation=270<br>for Landscape (rotated right):<br>dtoverlay=vc4-kms-dsi-ili9881-7inch,rotation=90<\/code><\/li>\n\n\n\n<li>Activate PCIe (for M.2\/NVMe) GEN3 (default is GEN2) interface with<br><code>   sudo nano \/boot\/firmware\/config.txt<\/code><br>and\u00a0add\/adjust the [all]-section with following parameters<br><code>[all]<br># Enable the PCIe external connector<br>dtparam=pciex1<br># Force Gen 3.0 speed, BUT the Raspberry Pi 5 is not certified<\/code><br># <code>for Gen 3.0 speeds, and connections to PCIe devices at these<\/code><br># <code>speeds may be unstable.<br>dtparam=pciex1_gen=3<br># enable the one-wire interface<br>dtoverlay=w1-gpio<\/code><\/li>\n\n\n\n<li>Change Boot-Order to support M.2\/NVMe with<br><code>   sudo rpi-eeprom-config --edit<\/code><br>and change the content of the [all] section as follows:<br><code>[all]<br>BOOT_UART=1<br>POWER_OFF_ON_HALT=0<br># Boot Device order (read from right to left to determine the boot order)<br># f = start again<br># 4 = check USB drive<br># 1 = check SD card<br># 6 = check NVMe drive<br>BOOT_ORDER=0xf416<br>PCIE_PROBE=1<br>NET_INSTALL_AT_POWER_ON=1<\/code><\/li>\n\n\n\n<li>Check the partitions with command:<br><code>   lsblk<\/code><\/li>\n\n\n\n<li>Software hdparm installieren:<br><code>   sudo apt -y install\u00a0hdparm<\/code><\/li>\n\n\n\n<li>Check disk speed with command:\n<ul class=\"wp-block-list\">\n<li>SD-Card:<br><code>   sudo hdparm -t --direct \/dev\/mmcblk0<\/code><\/li>\n\n\n\n<li>NVMe:<br><code>   sudo hdparm -t --direct \/dev\/nvme0n1<\/code><\/li>\n<\/ul>\n<\/li>\n\n\n\n<li>Reboot des Systems<br><code>   sudo shutdown -r now<\/code><\/li>\n<\/ol>\n","protected":false},"excerpt":{"rendered":"<p>Installation Raspberry Pi Vorbereitung<\/p>\n","protected":false},"author":1,"featured_media":0,"parent":523,"menu_order":144,"comment_status":"closed","ping_status":"closed","template":"","meta":{"_acf_changed":false,"footnotes":""},"class_list":["post-1250","page","type-page","status-publish","hentry"],"yoast_head":"<!-- This site is optimized with the Yoast SEO plugin v27.5 - https:\/\/yoast.com\/product\/yoast-seo-wordpress\/ -->\n<title>Raspberry Pi - Lucassen Consulting GmbH<\/title>\n<meta name=\"robots\" content=\"index, follow, max-snippet:-1, max-image-preview:large, max-video-preview:-1\" \/>\n<link rel=\"canonical\" href=\"https:\/\/lucassen.de\/consulting\/informationen\/raspberry-pi\" \/>\n<meta property=\"og:locale\" content=\"de_DE\" \/>\n<meta property=\"og:type\" content=\"article\" \/>\n<meta property=\"og:title\" content=\"Raspberry Pi - Lucassen Consulting GmbH\" \/>\n<meta property=\"og:description\" content=\"Installation Raspberry Pi Vorbereitung\" \/>\n<meta property=\"og:url\" content=\"https:\/\/lucassen.de\/consulting\/informationen\/raspberry-pi\" \/>\n<meta property=\"og:site_name\" content=\"Lucassen Consulting GmbH\" \/>\n<meta property=\"og:image\" content=\"https:\/\/lucassen.de\/consulting\/wp-content\/uploads\/sites\/2\/AI-Tools.jpg\" \/>\n\t<meta property=\"og:image:width\" content=\"1224\" \/>\n\t<meta property=\"og:image:height\" content=\"766\" \/>\n\t<meta property=\"og:image:type\" content=\"image\/jpeg\" \/>\n<meta name=\"twitter:card\" content=\"summary_large_image\" \/>\n<meta name=\"twitter:label1\" content=\"Gesch\u00e4tzte Lesezeit\" \/>\n\t<meta name=\"twitter:data1\" content=\"4\u00a0Minuten\" \/>\n<script type=\"application\/ld+json\" class=\"yoast-schema-graph\">{\"@context\":\"https:\\\/\\\/schema.org\",\"@graph\":[{\"@type\":\"WebPage\",\"@id\":\"https:\\\/\\\/lucassen.de\\\/consulting\\\/informationen\\\/raspberry-pi\",\"url\":\"https:\\\/\\\/lucassen.de\\\/consulting\\\/informationen\\\/raspberry-pi\",\"name\":\"Raspberry Pi - Lucassen Consulting GmbH\",\"isPartOf\":{\"@id\":\"https:\\\/\\\/lucassen.de\\\/consulting\\\/#website\"},\"primaryImageOfPage\":{\"@id\":\"https:\\\/\\\/lucassen.de\\\/consulting\\\/informationen\\\/raspberry-pi#primaryimage\"},\"image\":{\"@id\":\"https:\\\/\\\/lucassen.de\\\/consulting\\\/informationen\\\/raspberry-pi#primaryimage\"},\"thumbnailUrl\":\"https:\\\/\\\/lucassen.de\\\/consulting\\\/wp-content\\\/uploads\\\/sites\\\/2\\\/AI-Tools.jpg\",\"datePublished\":\"2025-11-12T22:27:31+00:00\",\"breadcrumb\":{\"@id\":\"https:\\\/\\\/lucassen.de\\\/consulting\\\/informationen\\\/raspberry-pi#breadcrumb\"},\"inLanguage\":\"de\",\"potentialAction\":[{\"@type\":\"ReadAction\",\"target\":[\"https:\\\/\\\/lucassen.de\\\/consulting\\\/informationen\\\/raspberry-pi\"]}]},{\"@type\":\"ImageObject\",\"inLanguage\":\"de\",\"@id\":\"https:\\\/\\\/lucassen.de\\\/consulting\\\/informationen\\\/raspberry-pi#primaryimage\",\"url\":\"https:\\\/\\\/lucassen.de\\\/consulting\\\/wp-content\\\/uploads\\\/sites\\\/2\\\/AI-Tools.jpg\",\"contentUrl\":\"https:\\\/\\\/lucassen.de\\\/consulting\\\/wp-content\\\/uploads\\\/sites\\\/2\\\/AI-Tools.jpg\",\"width\":1224,\"height\":766},{\"@type\":\"BreadcrumbList\",\"@id\":\"https:\\\/\\\/lucassen.de\\\/consulting\\\/informationen\\\/raspberry-pi#breadcrumb\",\"itemListElement\":[{\"@type\":\"ListItem\",\"position\":1,\"name\":\"Startseite\",\"item\":\"https:\\\/\\\/lucassen.de\\\/consulting\\\/\"},{\"@type\":\"ListItem\",\"position\":2,\"name\":\"Informationen\",\"item\":\"https:\\\/\\\/lucassen.de\\\/consulting\\\/informationen\"},{\"@type\":\"ListItem\",\"position\":3,\"name\":\"Raspberry Pi\"}]},{\"@type\":\"WebSite\",\"@id\":\"https:\\\/\\\/lucassen.de\\\/consulting\\\/#website\",\"url\":\"https:\\\/\\\/lucassen.de\\\/consulting\\\/\",\"name\":\"Lucassen Consulting GmbH\",\"description\":\"\",\"publisher\":{\"@id\":\"https:\\\/\\\/lucassen.de\\\/consulting\\\/#organization\"},\"potentialAction\":[{\"@type\":\"SearchAction\",\"target\":{\"@type\":\"EntryPoint\",\"urlTemplate\":\"https:\\\/\\\/lucassen.de\\\/consulting\\\/?s={search_term_string}\"},\"query-input\":{\"@type\":\"PropertyValueSpecification\",\"valueRequired\":true,\"valueName\":\"search_term_string\"}}],\"inLanguage\":\"de\"},{\"@type\":\"Organization\",\"@id\":\"https:\\\/\\\/lucassen.de\\\/consulting\\\/#organization\",\"name\":\"Lucassen Consulting GmbH\",\"url\":\"https:\\\/\\\/lucassen.de\\\/consulting\\\/\",\"logo\":{\"@type\":\"ImageObject\",\"inLanguage\":\"de\",\"@id\":\"https:\\\/\\\/lucassen.de\\\/consulting\\\/#\\\/schema\\\/logo\\\/image\\\/\",\"url\":\"https:\\\/\\\/lucassen.de\\\/consulting\\\/wp-content\\\/uploads\\\/sites\\\/2\\\/consulting_logo_2020.png\",\"contentUrl\":\"https:\\\/\\\/lucassen.de\\\/consulting\\\/wp-content\\\/uploads\\\/sites\\\/2\\\/consulting_logo_2020.png\",\"width\":277,\"height\":249,\"caption\":\"Lucassen Consulting GmbH\"},\"image\":{\"@id\":\"https:\\\/\\\/lucassen.de\\\/consulting\\\/#\\\/schema\\\/logo\\\/image\\\/\"}}]}<\/script>\n<!-- \/ Yoast SEO plugin. -->","yoast_head_json":{"title":"Raspberry Pi - Lucassen Consulting GmbH","robots":{"index":"index","follow":"follow","max-snippet":"max-snippet:-1","max-image-preview":"max-image-preview:large","max-video-preview":"max-video-preview:-1"},"canonical":"https:\/\/lucassen.de\/consulting\/informationen\/raspberry-pi","og_locale":"de_DE","og_type":"article","og_title":"Raspberry Pi - Lucassen Consulting GmbH","og_description":"Installation Raspberry Pi Vorbereitung","og_url":"https:\/\/lucassen.de\/consulting\/informationen\/raspberry-pi","og_site_name":"Lucassen Consulting GmbH","og_image":[{"width":1224,"height":766,"url":"https:\/\/lucassen.de\/consulting\/wp-content\/uploads\/sites\/2\/AI-Tools.jpg","type":"image\/jpeg"}],"twitter_card":"summary_large_image","twitter_misc":{"Gesch\u00e4tzte Lesezeit":"4\u00a0Minuten"},"schema":{"@context":"https:\/\/schema.org","@graph":[{"@type":"WebPage","@id":"https:\/\/lucassen.de\/consulting\/informationen\/raspberry-pi","url":"https:\/\/lucassen.de\/consulting\/informationen\/raspberry-pi","name":"Raspberry Pi - Lucassen Consulting GmbH","isPartOf":{"@id":"https:\/\/lucassen.de\/consulting\/#website"},"primaryImageOfPage":{"@id":"https:\/\/lucassen.de\/consulting\/informationen\/raspberry-pi#primaryimage"},"image":{"@id":"https:\/\/lucassen.de\/consulting\/informationen\/raspberry-pi#primaryimage"},"thumbnailUrl":"https:\/\/lucassen.de\/consulting\/wp-content\/uploads\/sites\/2\/AI-Tools.jpg","datePublished":"2025-11-12T22:27:31+00:00","breadcrumb":{"@id":"https:\/\/lucassen.de\/consulting\/informationen\/raspberry-pi#breadcrumb"},"inLanguage":"de","potentialAction":[{"@type":"ReadAction","target":["https:\/\/lucassen.de\/consulting\/informationen\/raspberry-pi"]}]},{"@type":"ImageObject","inLanguage":"de","@id":"https:\/\/lucassen.de\/consulting\/informationen\/raspberry-pi#primaryimage","url":"https:\/\/lucassen.de\/consulting\/wp-content\/uploads\/sites\/2\/AI-Tools.jpg","contentUrl":"https:\/\/lucassen.de\/consulting\/wp-content\/uploads\/sites\/2\/AI-Tools.jpg","width":1224,"height":766},{"@type":"BreadcrumbList","@id":"https:\/\/lucassen.de\/consulting\/informationen\/raspberry-pi#breadcrumb","itemListElement":[{"@type":"ListItem","position":1,"name":"Startseite","item":"https:\/\/lucassen.de\/consulting\/"},{"@type":"ListItem","position":2,"name":"Informationen","item":"https:\/\/lucassen.de\/consulting\/informationen"},{"@type":"ListItem","position":3,"name":"Raspberry Pi"}]},{"@type":"WebSite","@id":"https:\/\/lucassen.de\/consulting\/#website","url":"https:\/\/lucassen.de\/consulting\/","name":"Lucassen Consulting GmbH","description":"","publisher":{"@id":"https:\/\/lucassen.de\/consulting\/#organization"},"potentialAction":[{"@type":"SearchAction","target":{"@type":"EntryPoint","urlTemplate":"https:\/\/lucassen.de\/consulting\/?s={search_term_string}"},"query-input":{"@type":"PropertyValueSpecification","valueRequired":true,"valueName":"search_term_string"}}],"inLanguage":"de"},{"@type":"Organization","@id":"https:\/\/lucassen.de\/consulting\/#organization","name":"Lucassen Consulting GmbH","url":"https:\/\/lucassen.de\/consulting\/","logo":{"@type":"ImageObject","inLanguage":"de","@id":"https:\/\/lucassen.de\/consulting\/#\/schema\/logo\/image\/","url":"https:\/\/lucassen.de\/consulting\/wp-content\/uploads\/sites\/2\/consulting_logo_2020.png","contentUrl":"https:\/\/lucassen.de\/consulting\/wp-content\/uploads\/sites\/2\/consulting_logo_2020.png","width":277,"height":249,"caption":"Lucassen Consulting GmbH"},"image":{"@id":"https:\/\/lucassen.de\/consulting\/#\/schema\/logo\/image\/"}}]}},"acf":[],"_links":{"self":[{"href":"https:\/\/lucassen.de\/consulting\/wp-json\/wp\/v2\/pages\/1250","targetHints":{"allow":["GET"]}}],"collection":[{"href":"https:\/\/lucassen.de\/consulting\/wp-json\/wp\/v2\/pages"}],"about":[{"href":"https:\/\/lucassen.de\/consulting\/wp-json\/wp\/v2\/types\/page"}],"author":[{"embeddable":true,"href":"https:\/\/lucassen.de\/consulting\/wp-json\/wp\/v2\/users\/1"}],"replies":[{"embeddable":true,"href":"https:\/\/lucassen.de\/consulting\/wp-json\/wp\/v2\/comments?post=1250"}],"version-history":[{"count":1,"href":"https:\/\/lucassen.de\/consulting\/wp-json\/wp\/v2\/pages\/1250\/revisions"}],"predecessor-version":[{"id":1251,"href":"https:\/\/lucassen.de\/consulting\/wp-json\/wp\/v2\/pages\/1250\/revisions\/1251"}],"up":[{"embeddable":true,"href":"https:\/\/lucassen.de\/consulting\/wp-json\/wp\/v2\/pages\/523"}],"wp:attachment":[{"href":"https:\/\/lucassen.de\/consulting\/wp-json\/wp\/v2\/media?parent=1250"}],"curies":[{"name":"wp","href":"https:\/\/api.w.org\/{rel}","templated":true}]}}