{"id":19,"date":"2019-11-04T19:22:56","date_gmt":"2019-11-04T18:22:56","guid":{"rendered":"http:\/\/lucassen.nightbird-design.de\/?page_id=19"},"modified":"2025-03-21T11:23:00","modified_gmt":"2025-03-21T10:23:00","slug":"referenzen","status":"publish","type":"page","link":"https:\/\/lucassen.de\/consulting\/referenzen","title":{"rendered":"Referenzen"},"content":{"rendered":"\n<div class=\"wp-block-cover\" style=\"min-height:40vh;aspect-ratio:unset;\"><span aria-hidden=\"true\" class=\"wp-block-cover__background has-background-dim-90 has-background-dim wp-block-cover__gradient-background has-background-gradient\" style=\"background:linear-gradient(140deg,rgb(52,72,94) 0%,rgba(52,72,94,0.89) 45%,rgba(52,72,94,0.41) 100%)\"><\/span><img loading=\"lazy\" decoding=\"async\" width=\"1920\" height=\"1280\" class=\"wp-block-cover__image-background wp-image-247\" alt=\"\" src=\"https:\/\/lucassen.de\/consulting\/wp-content\/uploads\/sites\/2\/blazer.jpg\" data-object-fit=\"cover\" srcset=\"https:\/\/lucassen.de\/consulting\/wp-content\/uploads\/sites\/2\/blazer.jpg 1920w, https:\/\/lucassen.de\/consulting\/wp-content\/uploads\/sites\/2\/blazer-300x200.jpg 300w, https:\/\/lucassen.de\/consulting\/wp-content\/uploads\/sites\/2\/blazer-1024x683.jpg 1024w, https:\/\/lucassen.de\/consulting\/wp-content\/uploads\/sites\/2\/blazer-768x512.jpg 768w, https:\/\/lucassen.de\/consulting\/wp-content\/uploads\/sites\/2\/blazer-1536x1024.jpg 1536w\" sizes=\"auto, (max-width: 1920px) 100vw, 1920px\" \/><div class=\"wp-block-cover__inner-container is-layout-constrained wp-block-cover-is-layout-constrained\">\n<h1 class=\"wp-block-heading\">Referenzen<\/h1>\n\n\n\n<p class=\"has-large-font-size\" style=\"margin-bottom:0\"><strong><em>Kompetenz, h\u00f6chstes Engagement und Leistungsf\u00e4higkeit<\/em><\/strong><\/p>\n<\/div><\/div>\n\n\n\n<div class=\"wp-block-group\"><div class=\"wp-block-group__inner-container is-layout-constrained wp-block-group-is-layout-constrained\">\n<div class=\"wp-block-columns is-layout-flex wp-container-core-columns-is-layout-9d6595d7 wp-block-columns-is-layout-flex\">\n<div class=\"wp-block-column is-layout-flow wp-block-column-is-layout-flow\" style=\"flex-basis:30%\">\n<p>Auf uns vertrauen namhafte mittelst\u00e4ndische sowie Gro\u00dfunternehmen aus unterschiedlichen Branchen. Vertrauen auch Sie auf unsere Kompetenz, h\u00f6chstes Engagement und Leistungsf\u00e4higkeit.<\/p>\n\n\n\n<p>Auf Anfrage nennen wir Ihnen gerne weitere Referenzen und Ansprechpartner der jeweiligen Unternehmen.<\/p>\n<\/div>\n\n\n\n<div class=\"wp-block-column is-layout-flow wp-block-column-is-layout-flow\" style=\"flex-basis:5%\"><\/div>\n\n\n\n<div class=\"wp-block-column is-layout-flow wp-block-column-is-layout-flow\" style=\"flex-basis:65%\">\n<div class=\"wp-block-group logos-referenzen is-layout-grid wp-container-core-group-is-layout-3844d78f wp-block-group-is-layout-grid\">\n<figure class=\"wp-block-image size-large reference\"><a href=\"https:\/\/www.aldi-sued.de\" target=\"_blank\" rel=\" noreferrer noopener\"><img loading=\"lazy\" decoding=\"async\" width=\"125\" height=\"125\" src=\"https:\/\/lucassen.de\/consulting\/wp-content\/uploads\/sites\/2\/logo-aldi.png\" alt=\"\" class=\"wp-image-249\" style=\"object-fit:cover\"\/><\/a><\/figure>\n\n\n\n<figure class=\"wp-block-image size-large reference\"><a href=\"https:\/\/www.bertelsmann.de\/bereiche\/arvato\/\" target=\"_blank\" rel=\" noreferrer noopener\"><img loading=\"lazy\" decoding=\"async\" width=\"125\" height=\"125\" src=\"https:\/\/lucassen.de\/consulting\/wp-content\/uploads\/sites\/2\/logo-arvato.png\" alt=\"\" class=\"wp-image-251\" style=\"object-fit:cover\"\/><\/a><\/figure>\n\n\n\n<figure class=\"wp-block-image size-large reference\"><a href=\"https:\/\/www.buenting.de\" target=\"_blank\" rel=\" noreferrer noopener\"><img loading=\"lazy\" decoding=\"async\" width=\"125\" height=\"125\" src=\"https:\/\/lucassen.de\/consulting\/wp-content\/uploads\/sites\/2\/logo-buenting.png\" alt=\"\" class=\"wp-image-253\"\/><\/a><\/figure>\n\n\n\n<figure class=\"wp-block-image size-full reference wp-container-content-ec55e6f3\"><a href=\"https:\/\/www.c-and-a.com\" target=\"_blank\" rel=\" noreferrer noopener\"><img loading=\"lazy\" decoding=\"async\" width=\"125\" height=\"125\" src=\"https:\/\/lucassen.de\/consulting\/wp-content\/uploads\/sites\/2\/logo-c-a-1.png\" alt=\"\" class=\"wp-image-335\"\/><\/a><\/figure>\n\n\n\n<figure class=\"wp-block-image size-thumbnail reference\"><a href=\"https:\/\/www.danxcarousel.com\" target=\"_blank\" rel=\" noreferrer noopener\"><img loading=\"lazy\" decoding=\"async\" width=\"150\" height=\"150\" src=\"https:\/\/lucassen.de\/consulting\/wp-content\/uploads\/sites\/2\/DANX-Carousel-150x150.png\" alt=\"\" class=\"wp-image-585\" style=\"object-fit:cover\" srcset=\"https:\/\/lucassen.de\/consulting\/wp-content\/uploads\/sites\/2\/DANX-Carousel-150x150.png 150w, https:\/\/lucassen.de\/consulting\/wp-content\/uploads\/sites\/2\/DANX-Carousel-160x160.png 160w, https:\/\/lucassen.de\/consulting\/wp-content\/uploads\/sites\/2\/DANX-Carousel.png 200w\" sizes=\"auto, (max-width: 150px) 100vw, 150px\" \/><\/a><\/figure>\n\n\n\n<figure class=\"wp-block-image size-large reference\"><a href=\"https:\/\/www.dieboldnixdorf.com\" target=\"_blank\" rel=\" noreferrer noopener\"><img loading=\"lazy\" decoding=\"async\" width=\"125\" height=\"125\" src=\"https:\/\/lucassen.de\/consulting\/wp-content\/uploads\/sites\/2\/logo-diebold-nixdorf.png\" alt=\"\" class=\"wp-image-288\"\/><\/a><\/figure>\n\n\n\n<figure class=\"wp-block-image size-large reference\"><a href=\"https:\/\/www.edeka.de\" target=\"_blank\" rel=\" noreferrer noopener\"><img loading=\"lazy\" decoding=\"async\" width=\"125\" height=\"125\" src=\"https:\/\/lucassen.de\/consulting\/wp-content\/uploads\/sites\/2\/logo-edeka.png\" alt=\"\" class=\"wp-image-257\"\/><\/a><\/figure>\n\n\n\n<figure class=\"wp-block-image size-full is-resized reference\"><a href=\"https:\/\/www.galeria.de\" target=\"_blank\" rel=\" noreferrer noopener\"><img loading=\"lazy\" decoding=\"async\" width=\"1209\" height=\"930\" src=\"https:\/\/lucassen.de\/consulting\/wp-content\/uploads\/sites\/2\/GALERIA.png\" alt=\"\" class=\"wp-image-592\" style=\"width:150px\" srcset=\"https:\/\/lucassen.de\/consulting\/wp-content\/uploads\/sites\/2\/GALERIA.png 1209w, https:\/\/lucassen.de\/consulting\/wp-content\/uploads\/sites\/2\/GALERIA-300x231.png 300w, https:\/\/lucassen.de\/consulting\/wp-content\/uploads\/sites\/2\/GALERIA-1024x788.png 1024w, https:\/\/lucassen.de\/consulting\/wp-content\/uploads\/sites\/2\/GALERIA-768x591.png 768w\" sizes=\"auto, (max-width: 1209px) 100vw, 1209px\" \/><\/a><\/figure>\n\n\n\n<figure class=\"wp-block-image size-large reference\"><a href=\"https:\/\/www.globus.ch\" target=\"_blank\" rel=\" noreferrer noopener\"><img loading=\"lazy\" decoding=\"async\" width=\"125\" height=\"125\" src=\"https:\/\/lucassen.de\/consulting\/wp-content\/uploads\/sites\/2\/logo-globus.png\" alt=\"\" class=\"wp-image-291\" style=\"object-fit:cover\"\/><\/a><\/figure>\n\n\n\n<figure class=\"wp-block-image size-large reference\"><a href=\"https:\/\/www.ibm.com\" target=\"_blank\" rel=\" noreferrer noopener\"><img loading=\"lazy\" decoding=\"async\" width=\"125\" height=\"125\" src=\"https:\/\/lucassen.de\/consulting\/wp-content\/uploads\/sites\/2\/logo-ibm.png\" alt=\"\" class=\"wp-image-259\" style=\"object-fit:cover\"\/><\/a><\/figure>\n\n\n\n<figure class=\"wp-block-image size-large reference\"><a href=\"https:\/\/www.galeria.de\" target=\"_blank\" rel=\" noreferrer noopener\"><img loading=\"lazy\" decoding=\"async\" width=\"125\" height=\"125\" src=\"https:\/\/lucassen.de\/consulting\/wp-content\/uploads\/sites\/2\/logo-karstadt.png\" alt=\"\" class=\"wp-image-261\"\/><\/a><\/figure>\n\n\n\n<figure class=\"wp-block-image size-full reference wp-container-content-ec55e6f3\"><a href=\"https:\/\/www.lpr.de\" target=\"_blank\" rel=\" noreferrer noopener\"><img loading=\"lazy\" decoding=\"async\" width=\"125\" height=\"46\" src=\"https:\/\/lucassen.de\/consulting\/wp-content\/uploads\/sites\/2\/LPR-Logo-e1729983435488.png\" alt=\"\" class=\"wp-image-368\" style=\"object-fit:cover\"\/><\/a><\/figure>\n\n\n\n<figure class=\"wp-block-image size-full is-resized reference\"><a href=\"https:\/\/www.metroag.de\" target=\"_blank\" rel=\" noreferrer noopener\"><img loading=\"lazy\" decoding=\"async\" width=\"1280\" height=\"306\" src=\"https:\/\/lucassen.de\/consulting\/wp-content\/uploads\/sites\/2\/Metro.png\" alt=\"\" class=\"wp-image-589\" style=\"width:150px\" srcset=\"https:\/\/lucassen.de\/consulting\/wp-content\/uploads\/sites\/2\/Metro.png 1280w, https:\/\/lucassen.de\/consulting\/wp-content\/uploads\/sites\/2\/Metro-300x72.png 300w, https:\/\/lucassen.de\/consulting\/wp-content\/uploads\/sites\/2\/Metro-1024x245.png 1024w, https:\/\/lucassen.de\/consulting\/wp-content\/uploads\/sites\/2\/Metro-768x184.png 768w\" sizes=\"auto, (max-width: 1280px) 100vw, 1280px\" \/><\/a><\/figure>\n\n\n\n<figure class=\"wp-block-image size-large reference\"><a href=\"https:\/\/www.ncr.com\" target=\"_blank\" rel=\" noreferrer noopener\"><img loading=\"lazy\" decoding=\"async\" width=\"125\" height=\"125\" src=\"https:\/\/lucassen.de\/consulting\/wp-content\/uploads\/sites\/2\/logo-ncr.png\" alt=\"\" class=\"wp-image-265\"\/><\/a><\/figure>\n\n\n\n<figure class=\"wp-block-image size-large reference\"><a href=\"https:\/\/www.nestle.ch\" target=\"_blank\" rel=\" noreferrer noopener\"><img loading=\"lazy\" decoding=\"async\" width=\"125\" height=\"125\" src=\"https:\/\/lucassen.de\/consulting\/wp-content\/uploads\/sites\/2\/logo_nestle.png\" alt=\"\" class=\"wp-image-289\"\/><\/a><\/figure>\n\n\n\n<figure class=\"wp-block-image size-large reference\"><a href=\"https:\/\/www.nespresso.com\" target=\"_blank\" rel=\" noreferrer noopener\"><img loading=\"lazy\" decoding=\"async\" width=\"125\" height=\"125\" src=\"https:\/\/lucassen.de\/consulting\/wp-content\/uploads\/sites\/2\/logo-nespresso.png\" alt=\"\" class=\"wp-image-290\"\/><\/a><\/figure>\n\n\n\n<figure class=\"wp-block-image size-full reference\"><a href=\"https:\/\/www.postbank.de\" target=\"_blank\" rel=\" noreferrer noopener\"><img loading=\"lazy\" decoding=\"async\" width=\"125\" height=\"125\" src=\"https:\/\/lucassen.de\/consulting\/wp-content\/uploads\/sites\/2\/logo-postbank.png\" alt=\"\" class=\"wp-image-340\"\/><\/a><\/figure>\n\n\n\n<figure class=\"wp-block-image size-full reference wp-container-content-ec55e6f3\"><a href=\"https:\/\/www.shell.de\" target=\"_blank\" rel=\" noreferrer noopener\"><img loading=\"lazy\" decoding=\"async\" width=\"125\" height=\"125\" src=\"https:\/\/lucassen.de\/consulting\/wp-content\/uploads\/sites\/2\/logo-shell.png\" alt=\"\" class=\"wp-image-338\"\/><\/a><\/figure>\n\n\n\n<figure class=\"wp-block-image size-large reference\"><a href=\"https:\/\/www.sparkasse.de\" target=\"_blank\" rel=\" noreferrer noopener\"><img loading=\"lazy\" decoding=\"async\" width=\"125\" height=\"125\" src=\"https:\/\/lucassen.de\/consulting\/wp-content\/uploads\/sites\/2\/logo-sparkasse.png\" alt=\"\" class=\"wp-image-267\"\/><\/a><\/figure>\n\n\n\n<figure class=\"wp-block-image size-large reference\"><a href=\"https:\/\/www.toyota.de\" target=\"_blank\" rel=\" noreferrer noopener\"><img loading=\"lazy\" decoding=\"async\" width=\"125\" height=\"125\" src=\"https:\/\/lucassen.de\/consulting\/wp-content\/uploads\/sites\/2\/logo-toyota.png\" alt=\"\" class=\"wp-image-269\"\/><\/a><\/figure>\n<\/div>\n<\/div>\n<\/div>\n<\/div><\/div>\n\n\n\n<p><\/p>\n","protected":false},"excerpt":{"rendered":"<p>Auf uns vertrauen namhafte mittelst\u00e4ndische sowie Gro\u00dfunternehmen aus unterschiedlichen Branchen. Vertrauen auch Sie auf unsere Kompetenz, h\u00f6chstes Engagement und Leistungsf\u00e4higkeit. Auf Anfrage nennen wir Ihnen gerne weitere Referenzen und Ansprechpartner der jeweiligen Unternehmen.<\/p>\n","protected":false},"author":1,"featured_media":0,"parent":0,"menu_order":130,"comment_status":"closed","ping_status":"closed","template":"","meta":{"_acf_changed":false,"footnotes":""},"class_list":["post-19","page","type-page","status-publish","hentry"],"yoast_head":"<!-- This site is optimized with the Yoast SEO plugin v27.3 - https:\/\/yoast.com\/product\/yoast-seo-wordpress\/ -->\n<title>Referenzen - Lucassen Consulting GmbH<\/title>\n<meta name=\"robots\" content=\"index, follow, max-snippet:-1, max-image-preview:large, max-video-preview:-1\" \/>\n<link rel=\"canonical\" href=\"https:\/\/lucassen.de\/consulting\/referenzen\" \/>\n<meta property=\"og:locale\" content=\"de_DE\" \/>\n<meta property=\"og:type\" content=\"article\" \/>\n<meta property=\"og:title\" content=\"Referenzen - Lucassen Consulting GmbH\" \/>\n<meta property=\"og:description\" content=\"Auf uns vertrauen namhafte mittelst\u00e4ndische sowie Gro\u00dfunternehmen aus unterschiedlichen Branchen. Vertrauen auch Sie auf unsere Kompetenz, h\u00f6chstes Engagement und Leistungsf\u00e4higkeit. Auf Anfrage nennen wir Ihnen gerne weitere Referenzen und Ansprechpartner der jeweiligen Unternehmen.\" \/>\n<meta property=\"og:url\" content=\"https:\/\/lucassen.de\/consulting\/referenzen\" \/>\n<meta property=\"og:site_name\" content=\"Lucassen Consulting GmbH\" \/>\n<meta property=\"article:modified_time\" content=\"2025-03-21T10:23:00+00:00\" \/>\n<meta property=\"og:image\" content=\"https:\/\/lucassen.de\/consulting\/wp-content\/uploads\/sites\/2\/blazer.jpg\" \/>\n\t<meta property=\"og:image:width\" content=\"1920\" \/>\n\t<meta property=\"og:image:height\" content=\"1280\" \/>\n\t<meta property=\"og:image:type\" content=\"image\/jpeg\" \/>\n<meta name=\"twitter:card\" content=\"summary_large_image\" \/>\n<meta name=\"twitter:label1\" content=\"Gesch\u00e4tzte Lesezeit\" \/>\n\t<meta name=\"twitter:data1\" content=\"1\u00a0Minute\" \/>\n<script type=\"application\/ld+json\" class=\"yoast-schema-graph\">{\"@context\":\"https:\\\/\\\/schema.org\",\"@graph\":[{\"@type\":\"WebPage\",\"@id\":\"https:\\\/\\\/lucassen.de\\\/consulting\\\/referenzen\",\"url\":\"https:\\\/\\\/lucassen.de\\\/consulting\\\/referenzen\",\"name\":\"Referenzen - Lucassen Consulting GmbH\",\"isPartOf\":{\"@id\":\"https:\\\/\\\/lucassen.de\\\/consulting\\\/#website\"},\"primaryImageOfPage\":{\"@id\":\"https:\\\/\\\/lucassen.de\\\/consulting\\\/referenzen#primaryimage\"},\"image\":{\"@id\":\"https:\\\/\\\/lucassen.de\\\/consulting\\\/referenzen#primaryimage\"},\"thumbnailUrl\":\"https:\\\/\\\/lucassen.de\\\/consulting\\\/wp-content\\\/uploads\\\/sites\\\/2\\\/blazer.jpg\",\"datePublished\":\"2019-11-04T18:22:56+00:00\",\"dateModified\":\"2025-03-21T10:23:00+00:00\",\"breadcrumb\":{\"@id\":\"https:\\\/\\\/lucassen.de\\\/consulting\\\/referenzen#breadcrumb\"},\"inLanguage\":\"de\",\"potentialAction\":[{\"@type\":\"ReadAction\",\"target\":[\"https:\\\/\\\/lucassen.de\\\/consulting\\\/referenzen\"]}]},{\"@type\":\"ImageObject\",\"inLanguage\":\"de\",\"@id\":\"https:\\\/\\\/lucassen.de\\\/consulting\\\/referenzen#primaryimage\",\"url\":\"https:\\\/\\\/lucassen.de\\\/consulting\\\/wp-content\\\/uploads\\\/sites\\\/2\\\/blazer.jpg\",\"contentUrl\":\"https:\\\/\\\/lucassen.de\\\/consulting\\\/wp-content\\\/uploads\\\/sites\\\/2\\\/blazer.jpg\",\"width\":1920,\"height\":1280},{\"@type\":\"BreadcrumbList\",\"@id\":\"https:\\\/\\\/lucassen.de\\\/consulting\\\/referenzen#breadcrumb\",\"itemListElement\":[{\"@type\":\"ListItem\",\"position\":1,\"name\":\"Startseite\",\"item\":\"https:\\\/\\\/lucassen.de\\\/consulting\\\/\"},{\"@type\":\"ListItem\",\"position\":2,\"name\":\"Referenzen\"}]},{\"@type\":\"WebSite\",\"@id\":\"https:\\\/\\\/lucassen.de\\\/consulting\\\/#website\",\"url\":\"https:\\\/\\\/lucassen.de\\\/consulting\\\/\",\"name\":\"Lucassen Consulting GmbH\",\"description\":\"\",\"publisher\":{\"@id\":\"https:\\\/\\\/lucassen.de\\\/consulting\\\/#organization\"},\"potentialAction\":[{\"@type\":\"SearchAction\",\"target\":{\"@type\":\"EntryPoint\",\"urlTemplate\":\"https:\\\/\\\/lucassen.de\\\/consulting\\\/?s={search_term_string}\"},\"query-input\":{\"@type\":\"PropertyValueSpecification\",\"valueRequired\":true,\"valueName\":\"search_term_string\"}}],\"inLanguage\":\"de\"},{\"@type\":\"Organization\",\"@id\":\"https:\\\/\\\/lucassen.de\\\/consulting\\\/#organization\",\"name\":\"Lucassen Consulting GmbH\",\"url\":\"https:\\\/\\\/lucassen.de\\\/consulting\\\/\",\"logo\":{\"@type\":\"ImageObject\",\"inLanguage\":\"de\",\"@id\":\"https:\\\/\\\/lucassen.de\\\/consulting\\\/#\\\/schema\\\/logo\\\/image\\\/\",\"url\":\"https:\\\/\\\/lucassen.de\\\/consulting\\\/wp-content\\\/uploads\\\/sites\\\/2\\\/consulting_logo_2020.png\",\"contentUrl\":\"https:\\\/\\\/lucassen.de\\\/consulting\\\/wp-content\\\/uploads\\\/sites\\\/2\\\/consulting_logo_2020.png\",\"width\":277,\"height\":249,\"caption\":\"Lucassen Consulting GmbH\"},\"image\":{\"@id\":\"https:\\\/\\\/lucassen.de\\\/consulting\\\/#\\\/schema\\\/logo\\\/image\\\/\"}}]}<\/script>\n<!-- \/ Yoast SEO plugin. -->","yoast_head_json":{"title":"Referenzen - Lucassen Consulting GmbH","robots":{"index":"index","follow":"follow","max-snippet":"max-snippet:-1","max-image-preview":"max-image-preview:large","max-video-preview":"max-video-preview:-1"},"canonical":"https:\/\/lucassen.de\/consulting\/referenzen","og_locale":"de_DE","og_type":"article","og_title":"Referenzen - Lucassen Consulting GmbH","og_description":"Auf uns vertrauen namhafte mittelst\u00e4ndische sowie Gro\u00dfunternehmen aus unterschiedlichen Branchen. Vertrauen auch Sie auf unsere Kompetenz, h\u00f6chstes Engagement und Leistungsf\u00e4higkeit. Auf Anfrage nennen wir Ihnen gerne weitere Referenzen und Ansprechpartner der jeweiligen Unternehmen.","og_url":"https:\/\/lucassen.de\/consulting\/referenzen","og_site_name":"Lucassen Consulting GmbH","article_modified_time":"2025-03-21T10:23:00+00:00","og_image":[{"width":1920,"height":1280,"url":"https:\/\/lucassen.de\/consulting\/wp-content\/uploads\/sites\/2\/blazer.jpg","type":"image\/jpeg"}],"twitter_card":"summary_large_image","twitter_misc":{"Gesch\u00e4tzte Lesezeit":"1\u00a0Minute"},"schema":{"@context":"https:\/\/schema.org","@graph":[{"@type":"WebPage","@id":"https:\/\/lucassen.de\/consulting\/referenzen","url":"https:\/\/lucassen.de\/consulting\/referenzen","name":"Referenzen - Lucassen Consulting GmbH","isPartOf":{"@id":"https:\/\/lucassen.de\/consulting\/#website"},"primaryImageOfPage":{"@id":"https:\/\/lucassen.de\/consulting\/referenzen#primaryimage"},"image":{"@id":"https:\/\/lucassen.de\/consulting\/referenzen#primaryimage"},"thumbnailUrl":"https:\/\/lucassen.de\/consulting\/wp-content\/uploads\/sites\/2\/blazer.jpg","datePublished":"2019-11-04T18:22:56+00:00","dateModified":"2025-03-21T10:23:00+00:00","breadcrumb":{"@id":"https:\/\/lucassen.de\/consulting\/referenzen#breadcrumb"},"inLanguage":"de","potentialAction":[{"@type":"ReadAction","target":["https:\/\/lucassen.de\/consulting\/referenzen"]}]},{"@type":"ImageObject","inLanguage":"de","@id":"https:\/\/lucassen.de\/consulting\/referenzen#primaryimage","url":"https:\/\/lucassen.de\/consulting\/wp-content\/uploads\/sites\/2\/blazer.jpg","contentUrl":"https:\/\/lucassen.de\/consulting\/wp-content\/uploads\/sites\/2\/blazer.jpg","width":1920,"height":1280},{"@type":"BreadcrumbList","@id":"https:\/\/lucassen.de\/consulting\/referenzen#breadcrumb","itemListElement":[{"@type":"ListItem","position":1,"name":"Startseite","item":"https:\/\/lucassen.de\/consulting\/"},{"@type":"ListItem","position":2,"name":"Referenzen"}]},{"@type":"WebSite","@id":"https:\/\/lucassen.de\/consulting\/#website","url":"https:\/\/lucassen.de\/consulting\/","name":"Lucassen Consulting GmbH","description":"","publisher":{"@id":"https:\/\/lucassen.de\/consulting\/#organization"},"potentialAction":[{"@type":"SearchAction","target":{"@type":"EntryPoint","urlTemplate":"https:\/\/lucassen.de\/consulting\/?s={search_term_string}"},"query-input":{"@type":"PropertyValueSpecification","valueRequired":true,"valueName":"search_term_string"}}],"inLanguage":"de"},{"@type":"Organization","@id":"https:\/\/lucassen.de\/consulting\/#organization","name":"Lucassen Consulting GmbH","url":"https:\/\/lucassen.de\/consulting\/","logo":{"@type":"ImageObject","inLanguage":"de","@id":"https:\/\/lucassen.de\/consulting\/#\/schema\/logo\/image\/","url":"https:\/\/lucassen.de\/consulting\/wp-content\/uploads\/sites\/2\/consulting_logo_2020.png","contentUrl":"https:\/\/lucassen.de\/consulting\/wp-content\/uploads\/sites\/2\/consulting_logo_2020.png","width":277,"height":249,"caption":"Lucassen Consulting GmbH"},"image":{"@id":"https:\/\/lucassen.de\/consulting\/#\/schema\/logo\/image\/"}}]}},"acf":[],"_links":{"self":[{"href":"https:\/\/lucassen.de\/consulting\/wp-json\/wp\/v2\/pages\/19","targetHints":{"allow":["GET"]}}],"collection":[{"href":"https:\/\/lucassen.de\/consulting\/wp-json\/wp\/v2\/pages"}],"about":[{"href":"https:\/\/lucassen.de\/consulting\/wp-json\/wp\/v2\/types\/page"}],"author":[{"embeddable":true,"href":"https:\/\/lucassen.de\/consulting\/wp-json\/wp\/v2\/users\/1"}],"replies":[{"embeddable":true,"href":"https:\/\/lucassen.de\/consulting\/wp-json\/wp\/v2\/comments?post=19"}],"version-history":[{"count":25,"href":"https:\/\/lucassen.de\/consulting\/wp-json\/wp\/v2\/pages\/19\/revisions"}],"predecessor-version":[{"id":1046,"href":"https:\/\/lucassen.de\/consulting\/wp-json\/wp\/v2\/pages\/19\/revisions\/1046"}],"wp:attachment":[{"href":"https:\/\/lucassen.de\/consulting\/wp-json\/wp\/v2\/media?parent=19"}],"curies":[{"name":"wp","href":"https:\/\/api.w.org\/{rel}","templated":true}]}}