{"id":375,"date":"2024-10-27T01:32:08","date_gmt":"2024-10-26T23:32:08","guid":{"rendered":"https:\/\/lucassen.de\/consulting\/?page_id=375"},"modified":"2025-04-21T03:00:06","modified_gmt":"2025-04-21T01:00:06","slug":"stellenangebote","status":"publish","type":"page","link":"https:\/\/lucassen.de\/consulting\/informationen\/stellenangebote","title":{"rendered":"Stellenangebote"},"content":{"rendered":"\n<div class=\"wp-block-cover\" style=\"min-height:40vh;aspect-ratio:unset;\"><span aria-hidden=\"true\" class=\"wp-block-cover__background has-background-dim-90 has-background-dim wp-block-cover__gradient-background has-background-gradient\" style=\"background:linear-gradient(140deg,rgb(52,72,94) 0%,rgba(52,72,94,0.89) 45%,rgba(52,72,94,0.41) 100%)\"><\/span><img loading=\"lazy\" decoding=\"async\" width=\"1920\" height=\"1280\" class=\"wp-block-cover__image-background wp-image-276\" alt=\"\" src=\"https:\/\/lucassen.de\/consulting\/wp-content\/uploads\/sites\/2\/businessman.jpg\" style=\"object-position:50% 0%\" data-object-fit=\"cover\" data-object-position=\"50% 0%\" srcset=\"https:\/\/lucassen.de\/consulting\/wp-content\/uploads\/sites\/2\/businessman.jpg 1920w, https:\/\/lucassen.de\/consulting\/wp-content\/uploads\/sites\/2\/businessman-300x200.jpg 300w, https:\/\/lucassen.de\/consulting\/wp-content\/uploads\/sites\/2\/businessman-1024x683.jpg 1024w, https:\/\/lucassen.de\/consulting\/wp-content\/uploads\/sites\/2\/businessman-768x512.jpg 768w, https:\/\/lucassen.de\/consulting\/wp-content\/uploads\/sites\/2\/businessman-1536x1024.jpg 1536w\" sizes=\"auto, (max-width: 1920px) 100vw, 1920px\" \/><div class=\"wp-block-cover__inner-container is-layout-constrained wp-block-cover-is-layout-constrained\">\n<h1 class=\"wp-block-heading\">Stellenangebote<\/h1>\n<\/div><\/div>\n\n\n\n<div class=\"wp-block-group\"><div class=\"wp-block-group__inner-container is-layout-constrained wp-block-group-is-layout-constrained\">\n<div class=\"wp-block-columns is-layout-flex wp-container-core-columns-is-layout-9d6595d7 wp-block-columns-is-layout-flex\">\n<div class=\"wp-block-column is-layout-flow wp-block-column-is-layout-flow\" style=\"flex-basis:40%\">\n<h2 class=\"wp-block-heading slogan\">Aktuell haben wir keine offenen Stellen zu besetzen.<\/h2>\n\n\n\n<p>Unser Online-Bewerbungsportal ist aus diesem Grund auch aktuell nicht verf\u00fcgbar.<\/p>\n<\/div>\n\n\n\n<div class=\"wp-block-column is-layout-flow wp-block-column-is-layout-flow\" style=\"flex-basis:60%\">\n<h2 class=\"wp-block-heading\">FAQ&nbsp;zu unserem Online-Bewerbungsportal<\/h2>\n\n\n\n<h3 class=\"wp-block-heading\">Kann ich mich auch initiativ bewerben?<\/h3>\n\n\n\n<p>Als Kleinstunternehmen k\u00f6nnen wir Initiativbewerbungen leider nicht ber\u00fccksichtigen.<br>Unsere ausgeschriebenen Stellen finden Sie oben.<\/p>\n\n\n\n<h3 class=\"wp-block-heading\">Welche Unterlagen muss ich bei einer Bewerbung alle einreichen?<\/h3>\n\n\n\n<p>Wir k\u00f6nnen grunds\u00e4tzlich nur vollst\u00e4ndige Bewerbungen \u00fcber unser Online-Bewerbungsportal ber\u00fccksichtigen. Die erforderlichen Unterlagen unterscheiden sich zum Teil je nach der Stelle. In unserem Online-Bewerbungsportal werden Sie auf die geforderten Unterlagen f\u00fcr Ihre Bewerbung hingewiesen. In der Regel brauchen wir folgende Unterlagen:<\/p>\n\n\n\n<ul class=\"wp-block-list\">\n<li>ausformuliertes Motivationsschreiben (warum bin genau ich die richtige Person f\u00fcr die ausgeschriebene Stelle)<\/li>\n\n\n\n<li>aussagekr\u00e4ftiger tabellarischer Lebenslauf<\/li>\n\n\n\n<li>Nachweis des erfolgreich abgeschlossenen Studiums\/der Ausbildung<\/li>\n\n\n\n<li>relevante Arbeits- oder Zwischenzeugnisse insbesondere aus den letzten Jahren, um die bisherige berufliche Erfahrung und\/oder spezifische Kenntnisse aus der Ausschreibung zu belegen<\/li>\n<\/ul>\n<\/div>\n<\/div>\n<\/div><\/div>\n\n\n\n<p><\/p>\n","protected":false},"excerpt":{"rendered":"<p>Aktuell haben wir keine offenen Stellen zu besetzen. Unser Online-Bewerbungsportal ist aus diesem Grund auch aktuell nicht verf\u00fcgbar. FAQ&nbsp;zu unserem Online-Bewerbungsportal Kann ich mich auch initiativ bewerben? Als Kleinstunternehmen k\u00f6nnen wir Initiativbewerbungen leider nicht ber\u00fccksichtigen.Unsere [&hellip;]<\/p>\n","protected":false},"author":1,"featured_media":0,"parent":523,"menu_order":143,"comment_status":"closed","ping_status":"closed","template":"","meta":{"_acf_changed":false,"footnotes":""},"class_list":["post-375","page","type-page","status-publish","hentry"],"yoast_head":"<!-- This site is optimized with the Yoast SEO plugin v27.3 - https:\/\/yoast.com\/product\/yoast-seo-wordpress\/ -->\n<title>Stellenangebote - Lucassen Consulting GmbH<\/title>\n<meta name=\"robots\" content=\"index, follow, max-snippet:-1, max-image-preview:large, max-video-preview:-1\" \/>\n<link rel=\"canonical\" href=\"https:\/\/lucassen.de\/consulting\/informationen\/stellenangebote\" \/>\n<meta property=\"og:locale\" content=\"de_DE\" \/>\n<meta property=\"og:type\" content=\"article\" \/>\n<meta property=\"og:title\" content=\"Stellenangebote - Lucassen Consulting GmbH\" \/>\n<meta property=\"og:description\" content=\"Aktuell haben wir keine offenen Stellen zu besetzen. Unser Online-Bewerbungsportal ist aus diesem Grund auch aktuell nicht verf\u00fcgbar. FAQ&nbsp;zu unserem Online-Bewerbungsportal Kann ich mich auch initiativ bewerben? Als Kleinstunternehmen k\u00f6nnen wir Initiativbewerbungen leider nicht ber\u00fccksichtigen.Unsere [&hellip;]\" \/>\n<meta property=\"og:url\" content=\"https:\/\/lucassen.de\/consulting\/informationen\/stellenangebote\" \/>\n<meta property=\"og:site_name\" content=\"Lucassen Consulting GmbH\" \/>\n<meta property=\"article:modified_time\" content=\"2025-04-21T01:00:06+00:00\" \/>\n<meta property=\"og:image\" content=\"https:\/\/lucassen.de\/consulting\/wp-content\/uploads\/sites\/2\/businessman.jpg\" \/>\n\t<meta property=\"og:image:width\" content=\"1920\" \/>\n\t<meta property=\"og:image:height\" content=\"1280\" \/>\n\t<meta property=\"og:image:type\" content=\"image\/jpeg\" \/>\n<meta name=\"twitter:card\" content=\"summary_large_image\" \/>\n<meta name=\"twitter:label1\" content=\"Gesch\u00e4tzte Lesezeit\" \/>\n\t<meta name=\"twitter:data1\" content=\"1\u00a0Minute\" \/>\n<script type=\"application\/ld+json\" class=\"yoast-schema-graph\">{\"@context\":\"https:\\\/\\\/schema.org\",\"@graph\":[{\"@type\":\"WebPage\",\"@id\":\"https:\\\/\\\/lucassen.de\\\/consulting\\\/informationen\\\/stellenangebote\",\"url\":\"https:\\\/\\\/lucassen.de\\\/consulting\\\/informationen\\\/stellenangebote\",\"name\":\"Stellenangebote - Lucassen Consulting GmbH\",\"isPartOf\":{\"@id\":\"https:\\\/\\\/lucassen.de\\\/consulting\\\/#website\"},\"primaryImageOfPage\":{\"@id\":\"https:\\\/\\\/lucassen.de\\\/consulting\\\/informationen\\\/stellenangebote#primaryimage\"},\"image\":{\"@id\":\"https:\\\/\\\/lucassen.de\\\/consulting\\\/informationen\\\/stellenangebote#primaryimage\"},\"thumbnailUrl\":\"https:\\\/\\\/lucassen.de\\\/consulting\\\/wp-content\\\/uploads\\\/sites\\\/2\\\/businessman.jpg\",\"datePublished\":\"2024-10-26T23:32:08+00:00\",\"dateModified\":\"2025-04-21T01:00:06+00:00\",\"breadcrumb\":{\"@id\":\"https:\\\/\\\/lucassen.de\\\/consulting\\\/informationen\\\/stellenangebote#breadcrumb\"},\"inLanguage\":\"de\",\"potentialAction\":[{\"@type\":\"ReadAction\",\"target\":[\"https:\\\/\\\/lucassen.de\\\/consulting\\\/informationen\\\/stellenangebote\"]}]},{\"@type\":\"ImageObject\",\"inLanguage\":\"de\",\"@id\":\"https:\\\/\\\/lucassen.de\\\/consulting\\\/informationen\\\/stellenangebote#primaryimage\",\"url\":\"https:\\\/\\\/lucassen.de\\\/consulting\\\/wp-content\\\/uploads\\\/sites\\\/2\\\/businessman.jpg\",\"contentUrl\":\"https:\\\/\\\/lucassen.de\\\/consulting\\\/wp-content\\\/uploads\\\/sites\\\/2\\\/businessman.jpg\",\"width\":1920,\"height\":1280},{\"@type\":\"BreadcrumbList\",\"@id\":\"https:\\\/\\\/lucassen.de\\\/consulting\\\/informationen\\\/stellenangebote#breadcrumb\",\"itemListElement\":[{\"@type\":\"ListItem\",\"position\":1,\"name\":\"Startseite\",\"item\":\"https:\\\/\\\/lucassen.de\\\/consulting\\\/\"},{\"@type\":\"ListItem\",\"position\":2,\"name\":\"Informationen\",\"item\":\"https:\\\/\\\/lucassen.de\\\/consulting\\\/informationen\"},{\"@type\":\"ListItem\",\"position\":3,\"name\":\"Stellenangebote\"}]},{\"@type\":\"WebSite\",\"@id\":\"https:\\\/\\\/lucassen.de\\\/consulting\\\/#website\",\"url\":\"https:\\\/\\\/lucassen.de\\\/consulting\\\/\",\"name\":\"Lucassen Consulting GmbH\",\"description\":\"\",\"publisher\":{\"@id\":\"https:\\\/\\\/lucassen.de\\\/consulting\\\/#organization\"},\"potentialAction\":[{\"@type\":\"SearchAction\",\"target\":{\"@type\":\"EntryPoint\",\"urlTemplate\":\"https:\\\/\\\/lucassen.de\\\/consulting\\\/?s={search_term_string}\"},\"query-input\":{\"@type\":\"PropertyValueSpecification\",\"valueRequired\":true,\"valueName\":\"search_term_string\"}}],\"inLanguage\":\"de\"},{\"@type\":\"Organization\",\"@id\":\"https:\\\/\\\/lucassen.de\\\/consulting\\\/#organization\",\"name\":\"Lucassen Consulting GmbH\",\"url\":\"https:\\\/\\\/lucassen.de\\\/consulting\\\/\",\"logo\":{\"@type\":\"ImageObject\",\"inLanguage\":\"de\",\"@id\":\"https:\\\/\\\/lucassen.de\\\/consulting\\\/#\\\/schema\\\/logo\\\/image\\\/\",\"url\":\"https:\\\/\\\/lucassen.de\\\/consulting\\\/wp-content\\\/uploads\\\/sites\\\/2\\\/consulting_logo_2020.png\",\"contentUrl\":\"https:\\\/\\\/lucassen.de\\\/consulting\\\/wp-content\\\/uploads\\\/sites\\\/2\\\/consulting_logo_2020.png\",\"width\":277,\"height\":249,\"caption\":\"Lucassen Consulting GmbH\"},\"image\":{\"@id\":\"https:\\\/\\\/lucassen.de\\\/consulting\\\/#\\\/schema\\\/logo\\\/image\\\/\"}}]}<\/script>\n<!-- \/ Yoast SEO plugin. -->","yoast_head_json":{"title":"Stellenangebote - Lucassen Consulting GmbH","robots":{"index":"index","follow":"follow","max-snippet":"max-snippet:-1","max-image-preview":"max-image-preview:large","max-video-preview":"max-video-preview:-1"},"canonical":"https:\/\/lucassen.de\/consulting\/informationen\/stellenangebote","og_locale":"de_DE","og_type":"article","og_title":"Stellenangebote - Lucassen Consulting GmbH","og_description":"Aktuell haben wir keine offenen Stellen zu besetzen. Unser Online-Bewerbungsportal ist aus diesem Grund auch aktuell nicht verf\u00fcgbar. FAQ&nbsp;zu unserem Online-Bewerbungsportal Kann ich mich auch initiativ bewerben? Als Kleinstunternehmen k\u00f6nnen wir Initiativbewerbungen leider nicht ber\u00fccksichtigen.Unsere [&hellip;]","og_url":"https:\/\/lucassen.de\/consulting\/informationen\/stellenangebote","og_site_name":"Lucassen Consulting GmbH","article_modified_time":"2025-04-21T01:00:06+00:00","og_image":[{"width":1920,"height":1280,"url":"https:\/\/lucassen.de\/consulting\/wp-content\/uploads\/sites\/2\/businessman.jpg","type":"image\/jpeg"}],"twitter_card":"summary_large_image","twitter_misc":{"Gesch\u00e4tzte Lesezeit":"1\u00a0Minute"},"schema":{"@context":"https:\/\/schema.org","@graph":[{"@type":"WebPage","@id":"https:\/\/lucassen.de\/consulting\/informationen\/stellenangebote","url":"https:\/\/lucassen.de\/consulting\/informationen\/stellenangebote","name":"Stellenangebote - Lucassen Consulting GmbH","isPartOf":{"@id":"https:\/\/lucassen.de\/consulting\/#website"},"primaryImageOfPage":{"@id":"https:\/\/lucassen.de\/consulting\/informationen\/stellenangebote#primaryimage"},"image":{"@id":"https:\/\/lucassen.de\/consulting\/informationen\/stellenangebote#primaryimage"},"thumbnailUrl":"https:\/\/lucassen.de\/consulting\/wp-content\/uploads\/sites\/2\/businessman.jpg","datePublished":"2024-10-26T23:32:08+00:00","dateModified":"2025-04-21T01:00:06+00:00","breadcrumb":{"@id":"https:\/\/lucassen.de\/consulting\/informationen\/stellenangebote#breadcrumb"},"inLanguage":"de","potentialAction":[{"@type":"ReadAction","target":["https:\/\/lucassen.de\/consulting\/informationen\/stellenangebote"]}]},{"@type":"ImageObject","inLanguage":"de","@id":"https:\/\/lucassen.de\/consulting\/informationen\/stellenangebote#primaryimage","url":"https:\/\/lucassen.de\/consulting\/wp-content\/uploads\/sites\/2\/businessman.jpg","contentUrl":"https:\/\/lucassen.de\/consulting\/wp-content\/uploads\/sites\/2\/businessman.jpg","width":1920,"height":1280},{"@type":"BreadcrumbList","@id":"https:\/\/lucassen.de\/consulting\/informationen\/stellenangebote#breadcrumb","itemListElement":[{"@type":"ListItem","position":1,"name":"Startseite","item":"https:\/\/lucassen.de\/consulting\/"},{"@type":"ListItem","position":2,"name":"Informationen","item":"https:\/\/lucassen.de\/consulting\/informationen"},{"@type":"ListItem","position":3,"name":"Stellenangebote"}]},{"@type":"WebSite","@id":"https:\/\/lucassen.de\/consulting\/#website","url":"https:\/\/lucassen.de\/consulting\/","name":"Lucassen Consulting GmbH","description":"","publisher":{"@id":"https:\/\/lucassen.de\/consulting\/#organization"},"potentialAction":[{"@type":"SearchAction","target":{"@type":"EntryPoint","urlTemplate":"https:\/\/lucassen.de\/consulting\/?s={search_term_string}"},"query-input":{"@type":"PropertyValueSpecification","valueRequired":true,"valueName":"search_term_string"}}],"inLanguage":"de"},{"@type":"Organization","@id":"https:\/\/lucassen.de\/consulting\/#organization","name":"Lucassen Consulting GmbH","url":"https:\/\/lucassen.de\/consulting\/","logo":{"@type":"ImageObject","inLanguage":"de","@id":"https:\/\/lucassen.de\/consulting\/#\/schema\/logo\/image\/","url":"https:\/\/lucassen.de\/consulting\/wp-content\/uploads\/sites\/2\/consulting_logo_2020.png","contentUrl":"https:\/\/lucassen.de\/consulting\/wp-content\/uploads\/sites\/2\/consulting_logo_2020.png","width":277,"height":249,"caption":"Lucassen Consulting GmbH"},"image":{"@id":"https:\/\/lucassen.de\/consulting\/#\/schema\/logo\/image\/"}}]}},"acf":[],"_links":{"self":[{"href":"https:\/\/lucassen.de\/consulting\/wp-json\/wp\/v2\/pages\/375","targetHints":{"allow":["GET"]}}],"collection":[{"href":"https:\/\/lucassen.de\/consulting\/wp-json\/wp\/v2\/pages"}],"about":[{"href":"https:\/\/lucassen.de\/consulting\/wp-json\/wp\/v2\/types\/page"}],"author":[{"embeddable":true,"href":"https:\/\/lucassen.de\/consulting\/wp-json\/wp\/v2\/users\/1"}],"replies":[{"embeddable":true,"href":"https:\/\/lucassen.de\/consulting\/wp-json\/wp\/v2\/comments?post=375"}],"version-history":[{"count":37,"href":"https:\/\/lucassen.de\/consulting\/wp-json\/wp\/v2\/pages\/375\/revisions"}],"predecessor-version":[{"id":1021,"href":"https:\/\/lucassen.de\/consulting\/wp-json\/wp\/v2\/pages\/375\/revisions\/1021"}],"up":[{"embeddable":true,"href":"https:\/\/lucassen.de\/consulting\/wp-json\/wp\/v2\/pages\/523"}],"wp:attachment":[{"href":"https:\/\/lucassen.de\/consulting\/wp-json\/wp\/v2\/media?parent=375"}],"curies":[{"name":"wp","href":"https:\/\/api.w.org\/{rel}","templated":true}]}}