{"id":498,"date":"2024-10-27T04:25:12","date_gmt":"2024-10-27T03:25:12","guid":{"rendered":"https:\/\/lucassen.de\/consulting\/?page_id=498"},"modified":"2025-03-21T11:27:11","modified_gmt":"2025-03-21T10:27:11","slug":"data-protection","status":"publish","type":"page","link":"https:\/\/lucassen.de\/consulting\/en\/data-protection","title":{"rendered":"Data Protection"},"content":{"rendered":"\n<div class=\"wp-block-cover\" style=\"min-height:40vh;aspect-ratio:unset;\"><span aria-hidden=\"true\" class=\"wp-block-cover__background has-background-dim-90 has-background-dim wp-block-cover__gradient-background has-background-gradient\" style=\"background:linear-gradient(140deg,rgb(52,72,94) 0%,rgba(52,72,94,0.89) 45%,rgba(52,72,94,0.41) 100%)\"><\/span><img loading=\"lazy\" decoding=\"async\" width=\"1920\" height=\"1280\" class=\"wp-block-cover__image-background wp-image-245\" alt=\"\" src=\"https:\/\/lucassen.de\/consulting\/wp-content\/uploads\/sites\/2\/entrepreneur-with-laptop-in-office.jpg\" style=\"object-position:50% 60%\" data-object-fit=\"cover\" data-object-position=\"50% 60%\" srcset=\"https:\/\/lucassen.de\/consulting\/wp-content\/uploads\/sites\/2\/entrepreneur-with-laptop-in-office.jpg 1920w, https:\/\/lucassen.de\/consulting\/wp-content\/uploads\/sites\/2\/entrepreneur-with-laptop-in-office-300x200.jpg 300w, https:\/\/lucassen.de\/consulting\/wp-content\/uploads\/sites\/2\/entrepreneur-with-laptop-in-office-1024x683.jpg 1024w, https:\/\/lucassen.de\/consulting\/wp-content\/uploads\/sites\/2\/entrepreneur-with-laptop-in-office-768x512.jpg 768w, https:\/\/lucassen.de\/consulting\/wp-content\/uploads\/sites\/2\/entrepreneur-with-laptop-in-office-1536x1024.jpg 1536w\" sizes=\"auto, (max-width: 1920px) 100vw, 1920px\" \/><div class=\"wp-block-cover__inner-container is-layout-constrained wp-block-cover-is-layout-constrained\">\n<h1 class=\"wp-block-heading\">Data Protection<\/h1>\n<\/div><\/div>\n\n\n\n<div class=\"wp-block-group\"><div class=\"wp-block-group__inner-container is-layout-constrained wp-block-group-is-layout-constrained\">\n<p>Die Betreiber dieser Seiten nehmen den Schutz Ihrer pers\u00f6nlichen  Daten sehr ernst. Wir behandeln Ihre personenbezogenen Daten vertraulich  und entsprechend der gesetzlichen Datenschutzvorschriften sowie dieser  Datenschutzerkl\u00e4rung.Die Nutzung unserer Website ist in der Regel ohne  Angabe personenbezogener Daten m\u00f6glich. Soweit auf unseren Seiten  personenbezogene Daten (beispielsweise Name, Anschrift oder  E-Mail-Adressen) erhoben werden, erfolgt dies, soweit m\u00f6glich, stets auf  freiwilliger Basis. Diese Daten werden ohne Ihre ausdr\u00fcckliche  Zustimmung nicht an Dritte weitergegeben.<\/p>\n\n\n\n<p>Wir weisen darauf hin, dass die Daten\u00fcbertragung im Internet (z.B.   bei der Kommunikation per E-Mail) Sicherheitsl\u00fccken aufweisen kann. Ein   l\u00fcckenloser Schutz der Daten vor dem Zugriff durch Dritte ist nicht   m\u00f6glich.<\/p>\n\n\n\n<h2 class=\"wp-block-heading\">Cookies<\/h2>\n\n\n\n<p>Die Internetseiten verwenden teilweise so genannte Cookies. Cookies \nrichten auf Ihrem Rechner keinen Schaden an und enthalten keine Viren. \nCookies dienen dazu, unser Angebot nutzerfreundlicher, effektiver und \nsicherer zu machen. Cookies sind kleine Textdateien, die auf Ihrem \nRechner abgelegt werden und die Ihr Browser speichert.<\/p>\n\n\n\n<p>Wir nutzen Cookies, um die Sprache der Website-Inhalte festzulegen. Die Cookies sind f\u00fcr ein Jahr g\u00fcltig und bleiben so lange auf Ihrem Endger\u00e4t gespeichert, falls Sie sie nicht manuell l\u00f6schen. Diese Cookies erm\u00f6glichen es uns, die gew\u00e4hlte Spracheinstellung Ihres Browsers beim n\u00e4chsten Besuch wiederzuerkennen.<\/p>\n\n\n\n<p>Sie k\u00f6nnen Ihren Browser so einstellen, dass Sie \u00fcber das Setzen von \nCookies informiert werden und Cookies nur im Einzelfall erlauben, die \nAnnahme von Cookies f\u00fcr bestimmte F\u00e4lle oder generell ausschlie\u00dfen sowie\n das automatische L\u00f6schen der Cookies beim Schlie\u00dfen des Browser \naktivieren. Bei der Deaktivierung von Cookies kann die Funktionalit\u00e4t \ndieser Website eingeschr\u00e4nkt sein.<\/p>\n\n\n\n<h2 class=\"wp-block-heading\">Server-Log-Files<\/h2>\n\n\n\n<p>Der Provider der Seiten erhebt und speichert automatisch \nInformationen in so genannten Server-Log-Files, die Ihr Browser \nautomatisch an uns \u00fcbermittelt. Dies sind:<br>\n\u2013 Browsertyp und Browserversion<br>\n\u2013 verwendetes Betriebssystem<br>\n\u2013 Referrer URL<br>\n\u2013 Hostname des zugreifenden Rechners<br>\n\u2013 Uhrzeit der Serveranfrage<br>\nDiese Daten sind nicht bestimmten Personen zuordenbar. Eine \nZusammenf\u00fchrung dieser Daten mit anderen Datenquellen wird nicht \nvorgenommen. Wir behalten uns vor, diese Daten nachtr\u00e4glich zu pr\u00fcfen, \nwenn uns konkrete Anhaltspunkte f\u00fcr eine rechtswidrige Nutzung bekannt \nwerden.<\/p>\n\n\n\n<h2 class=\"wp-block-heading\">Kontaktformular<\/h2>\n\n\n\n<p>Wenn Sie uns per Kontaktformular Anfragen zukommen lassen, werden  \nIhre Angaben aus dem Anfrageformular inklusive der von Ihnen dort  \nangegebenen Kontaktdaten zwecks Bearbeitung der Anfrage und f\u00fcr den Fall\n  von Anschlussfragen bei uns gespeichert. Diese Daten geben wir nicht  \nohne Ihre Einwilligung weiter.<\/p>\n\n\n\n<h2 class=\"wp-block-heading\">SSL-Verschl\u00fcsselung<\/h2>\n\n\n\n<p>Diese Seite nutzt aus Gr\u00fcnden der Sicherheit und zum Schutz der \n\u00dcbertragung vertraulicher Inhalte, wie zum Beispiel der Anfragen, die \nSie an uns als Seitenbetreiber senden, eine SSL-Verschl\u00fcsselung. Eine \nverschl\u00fcsselte Verbindung erkennen Sie daran, dass die Adresszeile des \nBrowsers von \u201ehttp:\/\/\u201c auf \u201ehttps:\/\/\u201c wechselt und an dem Schloss-Symbol\n in Ihrer Browserzeile. Wenn die SSL-Verschl\u00fcsselung aktiviert ist, \nk\u00f6nnen die Daten, die Sie an uns \u00fcbermitteln, nicht von Dritten \nmitgelesen werden.<\/p>\n\n\n\n<h2 class=\"wp-block-heading\">Recht auf Auskunft, L\u00f6schung, Sperrung<\/h2>\n\n\n\n<p>Sie haben jederzeit das Recht auf unentgeltliche Auskunft \u00fcber Ihre \ngespeicherten personenbezogenen Daten, deren Herkunft und Empf\u00e4nger und \nden Zweck der Datenverarbeitung sowie ein Recht auf Berichtigung, \nSperrung oder L\u00f6schung dieser Daten. Hierzu sowie zu weiteren Fragen zum\n Thema personenbezogene Daten k\u00f6nnen Sie sich jederzeit unter der im \nImpressum angegebenen Adresse an uns wenden.<\/p>\n\n\n\n<h2 class=\"wp-block-heading\">Widerspruch Werbe-Mails<\/h2>\n\n\n\n<p>Der Nutzung von im Rahmen der Impressumspflicht ver\u00f6ffentlichten \nKontaktdaten zur \u00dcbersendung von nicht ausdr\u00fccklich angeforderter \nWerbung und Informationsmaterialien wird hiermit widersprochen. Die \nBetreiber der Seiten behalten sich ausdr\u00fccklich rechtliche Schritte im \nFalle der unverlangten Zusendung von Werbeinformationen, etwa durch \nSpam-E-Mails, vor.<\/p>\n\n\n\n<div style=\"height:3rem\" aria-hidden=\"true\" class=\"wp-block-spacer\"><\/div>\n\n\n\n<p class=\"has-small-font-size\">Quelle: <a href=\"https:\/\/www.e-recht24.de\/muster-datenschutzerklaerung.html\" target=\"_blank\" rel=\"noreferrer noopener\">https:\/\/www.e-recht24.de\/muster-datenschutzerklaerung.html<\/a><\/p>\n<\/div><\/div>\n","protected":false},"excerpt":{"rendered":"<p>Die Betreiber dieser Seiten nehmen den Schutz Ihrer pers\u00f6nlichen Daten sehr ernst. Wir behandeln Ihre personenbezogenen Daten vertraulich und entsprechend der gesetzlichen Datenschutzvorschriften sowie dieser Datenschutzerkl\u00e4rung.Die Nutzung unserer Website ist in der Regel ohne Angabe [&hellip;]<\/p>\n","protected":false},"author":1,"featured_media":0,"parent":0,"menu_order":0,"comment_status":"closed","ping_status":"closed","template":"","meta":{"_acf_changed":false,"footnotes":""},"class_list":["post-498","page","type-page","status-publish","hentry"],"yoast_head":"<!-- This site is optimized with the Yoast SEO plugin v27.4 - https:\/\/yoast.com\/product\/yoast-seo-wordpress\/ -->\n<title>Data Protection - Lucassen Consulting GmbH<\/title>\n<meta name=\"robots\" content=\"index, follow, max-snippet:-1, max-image-preview:large, max-video-preview:-1\" \/>\n<link rel=\"canonical\" href=\"https:\/\/lucassen.de\/consulting\/en\/data-protection\" \/>\n<meta property=\"og:locale\" content=\"de_DE\" \/>\n<meta property=\"og:type\" content=\"article\" \/>\n<meta property=\"og:title\" content=\"Data Protection - Lucassen Consulting GmbH\" \/>\n<meta property=\"og:description\" content=\"Die Betreiber dieser Seiten nehmen den Schutz Ihrer pers\u00f6nlichen Daten sehr ernst. Wir behandeln Ihre personenbezogenen Daten vertraulich und entsprechend der gesetzlichen Datenschutzvorschriften sowie dieser Datenschutzerkl\u00e4rung.Die Nutzung unserer Website ist in der Regel ohne Angabe [&hellip;]\" \/>\n<meta property=\"og:url\" content=\"https:\/\/lucassen.de\/consulting\/en\/data-protection\" \/>\n<meta property=\"og:site_name\" content=\"Lucassen Consulting GmbH\" \/>\n<meta property=\"article:modified_time\" content=\"2025-03-21T10:27:11+00:00\" \/>\n<meta property=\"og:image\" content=\"https:\/\/lucassen.de\/consulting\/wp-content\/uploads\/sites\/2\/entrepreneur-with-laptop-in-office.jpg\" \/>\n\t<meta property=\"og:image:width\" content=\"1920\" \/>\n\t<meta property=\"og:image:height\" content=\"1280\" \/>\n\t<meta property=\"og:image:type\" content=\"image\/jpeg\" \/>\n<meta name=\"twitter:card\" content=\"summary_large_image\" \/>\n<meta name=\"twitter:label1\" content=\"Gesch\u00e4tzte Lesezeit\" \/>\n\t<meta name=\"twitter:data1\" content=\"4\u00a0Minuten\" \/>\n<script type=\"application\/ld+json\" class=\"yoast-schema-graph\">{\"@context\":\"https:\\\/\\\/schema.org\",\"@graph\":[{\"@type\":\"WebPage\",\"@id\":\"https:\\\/\\\/lucassen.de\\\/consulting\\\/en\\\/data-protection\",\"url\":\"https:\\\/\\\/lucassen.de\\\/consulting\\\/en\\\/data-protection\",\"name\":\"Data Protection - Lucassen Consulting GmbH\",\"isPartOf\":{\"@id\":\"https:\\\/\\\/lucassen.de\\\/consulting\\\/#website\"},\"primaryImageOfPage\":{\"@id\":\"https:\\\/\\\/lucassen.de\\\/consulting\\\/en\\\/data-protection#primaryimage\"},\"image\":{\"@id\":\"https:\\\/\\\/lucassen.de\\\/consulting\\\/en\\\/data-protection#primaryimage\"},\"thumbnailUrl\":\"https:\\\/\\\/lucassen.de\\\/consulting\\\/wp-content\\\/uploads\\\/sites\\\/2\\\/entrepreneur-with-laptop-in-office.jpg\",\"datePublished\":\"2024-10-27T03:25:12+00:00\",\"dateModified\":\"2025-03-21T10:27:11+00:00\",\"breadcrumb\":{\"@id\":\"https:\\\/\\\/lucassen.de\\\/consulting\\\/en\\\/data-protection#breadcrumb\"},\"inLanguage\":\"de\",\"potentialAction\":[{\"@type\":\"ReadAction\",\"target\":[\"https:\\\/\\\/lucassen.de\\\/consulting\\\/en\\\/data-protection\"]}]},{\"@type\":\"ImageObject\",\"inLanguage\":\"de\",\"@id\":\"https:\\\/\\\/lucassen.de\\\/consulting\\\/en\\\/data-protection#primaryimage\",\"url\":\"https:\\\/\\\/lucassen.de\\\/consulting\\\/wp-content\\\/uploads\\\/sites\\\/2\\\/entrepreneur-with-laptop-in-office.jpg\",\"contentUrl\":\"https:\\\/\\\/lucassen.de\\\/consulting\\\/wp-content\\\/uploads\\\/sites\\\/2\\\/entrepreneur-with-laptop-in-office.jpg\",\"width\":1920,\"height\":1280},{\"@type\":\"BreadcrumbList\",\"@id\":\"https:\\\/\\\/lucassen.de\\\/consulting\\\/en\\\/data-protection#breadcrumb\",\"itemListElement\":[{\"@type\":\"ListItem\",\"position\":1,\"name\":\"Startseite\",\"item\":\"https:\\\/\\\/lucassen.de\\\/consulting\\\/\"},{\"@type\":\"ListItem\",\"position\":2,\"name\":\"Data Protection\"}]},{\"@type\":\"WebSite\",\"@id\":\"https:\\\/\\\/lucassen.de\\\/consulting\\\/#website\",\"url\":\"https:\\\/\\\/lucassen.de\\\/consulting\\\/\",\"name\":\"Lucassen Consulting GmbH\",\"description\":\"\",\"publisher\":{\"@id\":\"https:\\\/\\\/lucassen.de\\\/consulting\\\/#organization\"},\"potentialAction\":[{\"@type\":\"SearchAction\",\"target\":{\"@type\":\"EntryPoint\",\"urlTemplate\":\"https:\\\/\\\/lucassen.de\\\/consulting\\\/?s={search_term_string}\"},\"query-input\":{\"@type\":\"PropertyValueSpecification\",\"valueRequired\":true,\"valueName\":\"search_term_string\"}}],\"inLanguage\":\"de\"},{\"@type\":\"Organization\",\"@id\":\"https:\\\/\\\/lucassen.de\\\/consulting\\\/#organization\",\"name\":\"Lucassen Consulting GmbH\",\"url\":\"https:\\\/\\\/lucassen.de\\\/consulting\\\/\",\"logo\":{\"@type\":\"ImageObject\",\"inLanguage\":\"de\",\"@id\":\"https:\\\/\\\/lucassen.de\\\/consulting\\\/#\\\/schema\\\/logo\\\/image\\\/\",\"url\":\"https:\\\/\\\/lucassen.de\\\/consulting\\\/wp-content\\\/uploads\\\/sites\\\/2\\\/consulting_logo_2020.png\",\"contentUrl\":\"https:\\\/\\\/lucassen.de\\\/consulting\\\/wp-content\\\/uploads\\\/sites\\\/2\\\/consulting_logo_2020.png\",\"width\":277,\"height\":249,\"caption\":\"Lucassen Consulting GmbH\"},\"image\":{\"@id\":\"https:\\\/\\\/lucassen.de\\\/consulting\\\/#\\\/schema\\\/logo\\\/image\\\/\"}}]}<\/script>\n<!-- \/ Yoast SEO plugin. -->","yoast_head_json":{"title":"Data Protection - Lucassen Consulting GmbH","robots":{"index":"index","follow":"follow","max-snippet":"max-snippet:-1","max-image-preview":"max-image-preview:large","max-video-preview":"max-video-preview:-1"},"canonical":"https:\/\/lucassen.de\/consulting\/en\/data-protection","og_locale":"de_DE","og_type":"article","og_title":"Data Protection - Lucassen Consulting GmbH","og_description":"Die Betreiber dieser Seiten nehmen den Schutz Ihrer pers\u00f6nlichen Daten sehr ernst. Wir behandeln Ihre personenbezogenen Daten vertraulich und entsprechend der gesetzlichen Datenschutzvorschriften sowie dieser Datenschutzerkl\u00e4rung.Die Nutzung unserer Website ist in der Regel ohne Angabe [&hellip;]","og_url":"https:\/\/lucassen.de\/consulting\/en\/data-protection","og_site_name":"Lucassen Consulting GmbH","article_modified_time":"2025-03-21T10:27:11+00:00","og_image":[{"width":1920,"height":1280,"url":"https:\/\/lucassen.de\/consulting\/wp-content\/uploads\/sites\/2\/entrepreneur-with-laptop-in-office.jpg","type":"image\/jpeg"}],"twitter_card":"summary_large_image","twitter_misc":{"Gesch\u00e4tzte Lesezeit":"4\u00a0Minuten"},"schema":{"@context":"https:\/\/schema.org","@graph":[{"@type":"WebPage","@id":"https:\/\/lucassen.de\/consulting\/en\/data-protection","url":"https:\/\/lucassen.de\/consulting\/en\/data-protection","name":"Data Protection - Lucassen Consulting GmbH","isPartOf":{"@id":"https:\/\/lucassen.de\/consulting\/#website"},"primaryImageOfPage":{"@id":"https:\/\/lucassen.de\/consulting\/en\/data-protection#primaryimage"},"image":{"@id":"https:\/\/lucassen.de\/consulting\/en\/data-protection#primaryimage"},"thumbnailUrl":"https:\/\/lucassen.de\/consulting\/wp-content\/uploads\/sites\/2\/entrepreneur-with-laptop-in-office.jpg","datePublished":"2024-10-27T03:25:12+00:00","dateModified":"2025-03-21T10:27:11+00:00","breadcrumb":{"@id":"https:\/\/lucassen.de\/consulting\/en\/data-protection#breadcrumb"},"inLanguage":"de","potentialAction":[{"@type":"ReadAction","target":["https:\/\/lucassen.de\/consulting\/en\/data-protection"]}]},{"@type":"ImageObject","inLanguage":"de","@id":"https:\/\/lucassen.de\/consulting\/en\/data-protection#primaryimage","url":"https:\/\/lucassen.de\/consulting\/wp-content\/uploads\/sites\/2\/entrepreneur-with-laptop-in-office.jpg","contentUrl":"https:\/\/lucassen.de\/consulting\/wp-content\/uploads\/sites\/2\/entrepreneur-with-laptop-in-office.jpg","width":1920,"height":1280},{"@type":"BreadcrumbList","@id":"https:\/\/lucassen.de\/consulting\/en\/data-protection#breadcrumb","itemListElement":[{"@type":"ListItem","position":1,"name":"Startseite","item":"https:\/\/lucassen.de\/consulting\/"},{"@type":"ListItem","position":2,"name":"Data Protection"}]},{"@type":"WebSite","@id":"https:\/\/lucassen.de\/consulting\/#website","url":"https:\/\/lucassen.de\/consulting\/","name":"Lucassen Consulting GmbH","description":"","publisher":{"@id":"https:\/\/lucassen.de\/consulting\/#organization"},"potentialAction":[{"@type":"SearchAction","target":{"@type":"EntryPoint","urlTemplate":"https:\/\/lucassen.de\/consulting\/?s={search_term_string}"},"query-input":{"@type":"PropertyValueSpecification","valueRequired":true,"valueName":"search_term_string"}}],"inLanguage":"de"},{"@type":"Organization","@id":"https:\/\/lucassen.de\/consulting\/#organization","name":"Lucassen Consulting GmbH","url":"https:\/\/lucassen.de\/consulting\/","logo":{"@type":"ImageObject","inLanguage":"de","@id":"https:\/\/lucassen.de\/consulting\/#\/schema\/logo\/image\/","url":"https:\/\/lucassen.de\/consulting\/wp-content\/uploads\/sites\/2\/consulting_logo_2020.png","contentUrl":"https:\/\/lucassen.de\/consulting\/wp-content\/uploads\/sites\/2\/consulting_logo_2020.png","width":277,"height":249,"caption":"Lucassen Consulting GmbH"},"image":{"@id":"https:\/\/lucassen.de\/consulting\/#\/schema\/logo\/image\/"}}]}},"acf":[],"_links":{"self":[{"href":"https:\/\/lucassen.de\/consulting\/wp-json\/wp\/v2\/pages\/498","targetHints":{"allow":["GET"]}}],"collection":[{"href":"https:\/\/lucassen.de\/consulting\/wp-json\/wp\/v2\/pages"}],"about":[{"href":"https:\/\/lucassen.de\/consulting\/wp-json\/wp\/v2\/types\/page"}],"author":[{"embeddable":true,"href":"https:\/\/lucassen.de\/consulting\/wp-json\/wp\/v2\/users\/1"}],"replies":[{"embeddable":true,"href":"https:\/\/lucassen.de\/consulting\/wp-json\/wp\/v2\/comments?post=498"}],"version-history":[{"count":2,"href":"https:\/\/lucassen.de\/consulting\/wp-json\/wp\/v2\/pages\/498\/revisions"}],"predecessor-version":[{"id":1050,"href":"https:\/\/lucassen.de\/consulting\/wp-json\/wp\/v2\/pages\/498\/revisions\/1050"}],"wp:attachment":[{"href":"https:\/\/lucassen.de\/consulting\/wp-json\/wp\/v2\/media?parent=498"}],"curies":[{"name":"wp","href":"https:\/\/api.w.org\/{rel}","templated":true}]}}