{"id":6,"date":"2019-12-10T13:55:30","date_gmt":"2019-12-10T12:55:30","guid":{"rendered":"http:\/\/lucassen.nightbird-design.de\/?page_id=4"},"modified":"2026-02-06T17:23:46","modified_gmt":"2026-02-06T16:23:46","slug":"unternehmen","status":"publish","type":"page","link":"https:\/\/lucassen.de\/consulting\/unternehmen","title":{"rendered":"Unternehmen"},"content":{"rendered":"\n<div class=\"wp-block-cover\" style=\"min-height:40vh;aspect-ratio:unset;\"><img loading=\"lazy\" decoding=\"async\" width=\"1920\" height=\"1280\" class=\"wp-block-cover__image-background wp-image-276\" alt=\"\" src=\"https:\/\/lucassen.de\/consulting\/wp-content\/uploads\/sites\/2\/businessman.jpg\" style=\"object-position:50% 0%\" data-object-fit=\"cover\" data-object-position=\"50% 0%\" srcset=\"https:\/\/lucassen.de\/consulting\/wp-content\/uploads\/sites\/2\/businessman.jpg 1920w, https:\/\/lucassen.de\/consulting\/wp-content\/uploads\/sites\/2\/businessman-300x200.jpg 300w, https:\/\/lucassen.de\/consulting\/wp-content\/uploads\/sites\/2\/businessman-1024x683.jpg 1024w, https:\/\/lucassen.de\/consulting\/wp-content\/uploads\/sites\/2\/businessman-768x512.jpg 768w, https:\/\/lucassen.de\/consulting\/wp-content\/uploads\/sites\/2\/businessman-1536x1024.jpg 1536w\" sizes=\"auto, (max-width: 1920px) 100vw, 1920px\" \/><span aria-hidden=\"true\" class=\"wp-block-cover__background has-background-dim-90 has-background-dim wp-block-cover__gradient-background has-background-gradient\" style=\"background:linear-gradient(140deg,rgb(52,72,94) 0%,rgba(52,72,94,0.89) 45%,rgba(52,72,94,0.41) 100%)\"><\/span><div class=\"wp-block-cover__inner-container is-layout-constrained wp-block-cover-is-layout-constrained\">\n<h1 class=\"wp-block-heading\">Das Unternehmen<\/h1>\n\n\n\n<p class=\"has-large-font-size\" style=\"margin-bottom:0\"><strong><em>Experten f\u00fcr professionelles Projektmanagement und objektorientierte Anwendungsentwicklung<\/em><\/strong><\/p>\n<\/div><\/div>\n\n\n\n<div class=\"wp-block-group\"><div class=\"wp-block-group__inner-container is-layout-constrained wp-block-group-is-layout-constrained\">\n<p>Die Lucassen Consulting GmbH mit Firmensitz in Rheinhausen wurde am 14. Mai 2001 aus der langj\u00e4hrigen freiberuflichen T\u00e4tigkeit des jetzigen Inhabers und Gesch\u00e4ftsf\u00fchrers <a href=\"https:\/\/lucassen.de\/consulting\/unternehmen\/markus-lucassen\">Markus Lucassen<\/a> gegr\u00fcndet.<\/p>\n\n\n\n<p>Wir sind Experten f\u00fcr professionelles Projektmanagement und objektorientierte Anwendungsentwicklung  und k\u00f6nnen auf eine langj\u00e4hrige Erfahrung in der Entwicklung  unternehmensspezifischer Softwarel\u00f6sungen auf Basis moderner Methoden  und Technologien zur\u00fcckgreifen.<\/p>\n\n\n\n<p>Mit \u00fcber 15 Jahren  Erfahrung in der objektorientierten Anwendungsentwicklung z\u00e4hlen wir zu  den Pionieren beim Einsatz von Smalltalk und Java sowie  modellgetriebener Verfahren in der objektorientierten  Softwareentwicklung.<\/p>\n\n\n\n<p>Als Partner der IT- und Fachabteilungen <a href=\"https:\/\/lucassen.de\/consulting\/referenzen\">namhafter Unternehmen<\/a>  f\u00fchren wir komplexe Projekte sowie die L\u00f6sung technischer  Spezialaufgaben &#8211; komplett outgesourced oder vor Ort bei unseren Kunden &#8211;  in hoher Qualit\u00e4t und in definiertem Budget termingerecht zum Erfolg.<\/p>\n\n\n\n<p>Mit unserem umfassenden Dienstleistungsspektrum, wie<\/p>\n\n\n\n<ul class=\"wp-block-list\">\n<li>Projektmanagement<\/li>\n\n\n\n<li>Beratung und<\/li>\n\n\n\n<li>Implementierung<\/li>\n<\/ul>\n\n\n\n<p>unterst\u00fctzen wir Sie in allen Phasen der Projekt- und Softwareentwicklung samt Inbetriebnahme, kurz von der gesamten Projektplanung beginnend mit der Anforderungsanalyse bis hin zum produktiven System und der laufenden Wartung.<\/p>\n\n\n\n<p>Unsere  Erfahrung, unser Know-How und die richtige Werkzeugauswahl bilden die  Grundlage f\u00fcr eine schnelle, effektive und kosteng\u00fcnstige  Projektabwicklung mit der Lucassen Consulting GmbH.<\/p>\n<\/div><\/div>\n","protected":false},"excerpt":{"rendered":"<p>Die Lucassen Consulting GmbH mit Firmensitz in Rheinhausen wurde am 14. Mai 2001 aus der langj\u00e4hrigen freiberuflichen T\u00e4tigkeit des jetzigen Inhabers und Gesch\u00e4ftsf\u00fchrers Markus Lucassen gegr\u00fcndet. Wir sind Experten f\u00fcr professionelles Projektmanagement und objektorientierte Anwendungsentwicklung [&hellip;]<\/p>\n","protected":false},"author":1,"featured_media":0,"parent":0,"menu_order":110,"comment_status":"closed","ping_status":"closed","template":"","meta":{"_acf_changed":false,"footnotes":""},"class_list":["post-6","page","type-page","status-publish","hentry"],"yoast_head":"<!-- This site is optimized with the Yoast SEO plugin v27.5 - https:\/\/yoast.com\/product\/yoast-seo-wordpress\/ -->\n<title>Unternehmen - Lucassen Consulting GmbH<\/title>\n<meta name=\"robots\" content=\"index, follow, max-snippet:-1, max-image-preview:large, max-video-preview:-1\" \/>\n<link rel=\"canonical\" href=\"https:\/\/lucassen.de\/consulting\/unternehmen\" \/>\n<meta property=\"og:locale\" content=\"de_DE\" \/>\n<meta property=\"og:type\" content=\"article\" \/>\n<meta property=\"og:title\" content=\"Unternehmen - Lucassen Consulting GmbH\" \/>\n<meta property=\"og:description\" content=\"Die Lucassen Consulting GmbH mit Firmensitz in Rheinhausen wurde am 14. Mai 2001 aus der langj\u00e4hrigen freiberuflichen T\u00e4tigkeit des jetzigen Inhabers und Gesch\u00e4ftsf\u00fchrers Markus Lucassen gegr\u00fcndet. Wir sind Experten f\u00fcr professionelles Projektmanagement und objektorientierte Anwendungsentwicklung [&hellip;]\" \/>\n<meta property=\"og:url\" content=\"https:\/\/lucassen.de\/consulting\/unternehmen\" \/>\n<meta property=\"og:site_name\" content=\"Lucassen Consulting GmbH\" \/>\n<meta property=\"article:modified_time\" content=\"2026-02-06T16:23:46+00:00\" \/>\n<meta property=\"og:image\" content=\"https:\/\/lucassen.de\/consulting\/wp-content\/uploads\/sites\/2\/businessman.jpg\" \/>\n\t<meta property=\"og:image:width\" content=\"1920\" \/>\n\t<meta property=\"og:image:height\" content=\"1280\" \/>\n\t<meta property=\"og:image:type\" content=\"image\/jpeg\" \/>\n<meta name=\"twitter:card\" content=\"summary_large_image\" \/>\n<meta name=\"twitter:label1\" content=\"Gesch\u00e4tzte Lesezeit\" \/>\n\t<meta name=\"twitter:data1\" content=\"2\u00a0Minuten\" \/>\n<script type=\"application\/ld+json\" class=\"yoast-schema-graph\">{\"@context\":\"https:\\\/\\\/schema.org\",\"@graph\":[{\"@type\":\"WebPage\",\"@id\":\"https:\\\/\\\/lucassen.de\\\/consulting\\\/unternehmen\",\"url\":\"https:\\\/\\\/lucassen.de\\\/consulting\\\/unternehmen\",\"name\":\"Unternehmen - Lucassen Consulting GmbH\",\"isPartOf\":{\"@id\":\"https:\\\/\\\/lucassen.de\\\/consulting\\\/#website\"},\"primaryImageOfPage\":{\"@id\":\"https:\\\/\\\/lucassen.de\\\/consulting\\\/unternehmen#primaryimage\"},\"image\":{\"@id\":\"https:\\\/\\\/lucassen.de\\\/consulting\\\/unternehmen#primaryimage\"},\"thumbnailUrl\":\"https:\\\/\\\/lucassen.de\\\/consulting\\\/wp-content\\\/uploads\\\/sites\\\/2\\\/businessman.jpg\",\"datePublished\":\"2019-12-10T12:55:30+00:00\",\"dateModified\":\"2026-02-06T16:23:46+00:00\",\"breadcrumb\":{\"@id\":\"https:\\\/\\\/lucassen.de\\\/consulting\\\/unternehmen#breadcrumb\"},\"inLanguage\":\"de\",\"potentialAction\":[{\"@type\":\"ReadAction\",\"target\":[\"https:\\\/\\\/lucassen.de\\\/consulting\\\/unternehmen\"]}]},{\"@type\":\"ImageObject\",\"inLanguage\":\"de\",\"@id\":\"https:\\\/\\\/lucassen.de\\\/consulting\\\/unternehmen#primaryimage\",\"url\":\"https:\\\/\\\/lucassen.de\\\/consulting\\\/wp-content\\\/uploads\\\/sites\\\/2\\\/businessman.jpg\",\"contentUrl\":\"https:\\\/\\\/lucassen.de\\\/consulting\\\/wp-content\\\/uploads\\\/sites\\\/2\\\/businessman.jpg\",\"width\":1920,\"height\":1280},{\"@type\":\"BreadcrumbList\",\"@id\":\"https:\\\/\\\/lucassen.de\\\/consulting\\\/unternehmen#breadcrumb\",\"itemListElement\":[{\"@type\":\"ListItem\",\"position\":1,\"name\":\"Startseite\",\"item\":\"https:\\\/\\\/lucassen.de\\\/consulting\\\/\"},{\"@type\":\"ListItem\",\"position\":2,\"name\":\"Unternehmen\"}]},{\"@type\":\"WebSite\",\"@id\":\"https:\\\/\\\/lucassen.de\\\/consulting\\\/#website\",\"url\":\"https:\\\/\\\/lucassen.de\\\/consulting\\\/\",\"name\":\"Lucassen Consulting GmbH\",\"description\":\"\",\"publisher\":{\"@id\":\"https:\\\/\\\/lucassen.de\\\/consulting\\\/#organization\"},\"potentialAction\":[{\"@type\":\"SearchAction\",\"target\":{\"@type\":\"EntryPoint\",\"urlTemplate\":\"https:\\\/\\\/lucassen.de\\\/consulting\\\/?s={search_term_string}\"},\"query-input\":{\"@type\":\"PropertyValueSpecification\",\"valueRequired\":true,\"valueName\":\"search_term_string\"}}],\"inLanguage\":\"de\"},{\"@type\":\"Organization\",\"@id\":\"https:\\\/\\\/lucassen.de\\\/consulting\\\/#organization\",\"name\":\"Lucassen Consulting GmbH\",\"url\":\"https:\\\/\\\/lucassen.de\\\/consulting\\\/\",\"logo\":{\"@type\":\"ImageObject\",\"inLanguage\":\"de\",\"@id\":\"https:\\\/\\\/lucassen.de\\\/consulting\\\/#\\\/schema\\\/logo\\\/image\\\/\",\"url\":\"https:\\\/\\\/lucassen.de\\\/consulting\\\/wp-content\\\/uploads\\\/sites\\\/2\\\/consulting_logo_2020.png\",\"contentUrl\":\"https:\\\/\\\/lucassen.de\\\/consulting\\\/wp-content\\\/uploads\\\/sites\\\/2\\\/consulting_logo_2020.png\",\"width\":277,\"height\":249,\"caption\":\"Lucassen Consulting GmbH\"},\"image\":{\"@id\":\"https:\\\/\\\/lucassen.de\\\/consulting\\\/#\\\/schema\\\/logo\\\/image\\\/\"}}]}<\/script>\n<!-- \/ Yoast SEO plugin. -->","yoast_head_json":{"title":"Unternehmen - Lucassen Consulting GmbH","robots":{"index":"index","follow":"follow","max-snippet":"max-snippet:-1","max-image-preview":"max-image-preview:large","max-video-preview":"max-video-preview:-1"},"canonical":"https:\/\/lucassen.de\/consulting\/unternehmen","og_locale":"de_DE","og_type":"article","og_title":"Unternehmen - Lucassen Consulting GmbH","og_description":"Die Lucassen Consulting GmbH mit Firmensitz in Rheinhausen wurde am 14. Mai 2001 aus der langj\u00e4hrigen freiberuflichen T\u00e4tigkeit des jetzigen Inhabers und Gesch\u00e4ftsf\u00fchrers Markus Lucassen gegr\u00fcndet. Wir sind Experten f\u00fcr professionelles Projektmanagement und objektorientierte Anwendungsentwicklung [&hellip;]","og_url":"https:\/\/lucassen.de\/consulting\/unternehmen","og_site_name":"Lucassen Consulting GmbH","article_modified_time":"2026-02-06T16:23:46+00:00","og_image":[{"width":1920,"height":1280,"url":"https:\/\/lucassen.de\/consulting\/wp-content\/uploads\/sites\/2\/businessman.jpg","type":"image\/jpeg"}],"twitter_card":"summary_large_image","twitter_misc":{"Gesch\u00e4tzte Lesezeit":"2\u00a0Minuten"},"schema":{"@context":"https:\/\/schema.org","@graph":[{"@type":"WebPage","@id":"https:\/\/lucassen.de\/consulting\/unternehmen","url":"https:\/\/lucassen.de\/consulting\/unternehmen","name":"Unternehmen - Lucassen Consulting GmbH","isPartOf":{"@id":"https:\/\/lucassen.de\/consulting\/#website"},"primaryImageOfPage":{"@id":"https:\/\/lucassen.de\/consulting\/unternehmen#primaryimage"},"image":{"@id":"https:\/\/lucassen.de\/consulting\/unternehmen#primaryimage"},"thumbnailUrl":"https:\/\/lucassen.de\/consulting\/wp-content\/uploads\/sites\/2\/businessman.jpg","datePublished":"2019-12-10T12:55:30+00:00","dateModified":"2026-02-06T16:23:46+00:00","breadcrumb":{"@id":"https:\/\/lucassen.de\/consulting\/unternehmen#breadcrumb"},"inLanguage":"de","potentialAction":[{"@type":"ReadAction","target":["https:\/\/lucassen.de\/consulting\/unternehmen"]}]},{"@type":"ImageObject","inLanguage":"de","@id":"https:\/\/lucassen.de\/consulting\/unternehmen#primaryimage","url":"https:\/\/lucassen.de\/consulting\/wp-content\/uploads\/sites\/2\/businessman.jpg","contentUrl":"https:\/\/lucassen.de\/consulting\/wp-content\/uploads\/sites\/2\/businessman.jpg","width":1920,"height":1280},{"@type":"BreadcrumbList","@id":"https:\/\/lucassen.de\/consulting\/unternehmen#breadcrumb","itemListElement":[{"@type":"ListItem","position":1,"name":"Startseite","item":"https:\/\/lucassen.de\/consulting\/"},{"@type":"ListItem","position":2,"name":"Unternehmen"}]},{"@type":"WebSite","@id":"https:\/\/lucassen.de\/consulting\/#website","url":"https:\/\/lucassen.de\/consulting\/","name":"Lucassen Consulting GmbH","description":"","publisher":{"@id":"https:\/\/lucassen.de\/consulting\/#organization"},"potentialAction":[{"@type":"SearchAction","target":{"@type":"EntryPoint","urlTemplate":"https:\/\/lucassen.de\/consulting\/?s={search_term_string}"},"query-input":{"@type":"PropertyValueSpecification","valueRequired":true,"valueName":"search_term_string"}}],"inLanguage":"de"},{"@type":"Organization","@id":"https:\/\/lucassen.de\/consulting\/#organization","name":"Lucassen Consulting GmbH","url":"https:\/\/lucassen.de\/consulting\/","logo":{"@type":"ImageObject","inLanguage":"de","@id":"https:\/\/lucassen.de\/consulting\/#\/schema\/logo\/image\/","url":"https:\/\/lucassen.de\/consulting\/wp-content\/uploads\/sites\/2\/consulting_logo_2020.png","contentUrl":"https:\/\/lucassen.de\/consulting\/wp-content\/uploads\/sites\/2\/consulting_logo_2020.png","width":277,"height":249,"caption":"Lucassen Consulting GmbH"},"image":{"@id":"https:\/\/lucassen.de\/consulting\/#\/schema\/logo\/image\/"}}]}},"acf":[],"_links":{"self":[{"href":"https:\/\/lucassen.de\/consulting\/wp-json\/wp\/v2\/pages\/6","targetHints":{"allow":["GET"]}}],"collection":[{"href":"https:\/\/lucassen.de\/consulting\/wp-json\/wp\/v2\/pages"}],"about":[{"href":"https:\/\/lucassen.de\/consulting\/wp-json\/wp\/v2\/types\/page"}],"author":[{"embeddable":true,"href":"https:\/\/lucassen.de\/consulting\/wp-json\/wp\/v2\/users\/1"}],"replies":[{"embeddable":true,"href":"https:\/\/lucassen.de\/consulting\/wp-json\/wp\/v2\/comments?post=6"}],"version-history":[{"count":5,"href":"https:\/\/lucassen.de\/consulting\/wp-json\/wp\/v2\/pages\/6\/revisions"}],"predecessor-version":[{"id":1255,"href":"https:\/\/lucassen.de\/consulting\/wp-json\/wp\/v2\/pages\/6\/revisions\/1255"}],"wp:attachment":[{"href":"https:\/\/lucassen.de\/consulting\/wp-json\/wp\/v2\/media?parent=6"}],"curies":[{"name":"wp","href":"https:\/\/api.w.org\/{rel}","templated":true}]}}