{"id":7,"date":"2019-11-04T17:55:37","date_gmt":"2019-11-04T16:55:37","guid":{"rendered":"http:\/\/lucassen.nightbird-design.de\/?page_id=6"},"modified":"2025-04-21T10:52:48","modified_gmt":"2025-04-21T08:52:48","slug":"markus-lucassen","status":"publish","type":"page","link":"https:\/\/lucassen.de\/consulting\/unternehmen\/markus-lucassen","title":{"rendered":"Markus Lucassen"},"content":{"rendered":"\n<div class=\"wp-block-cover\" style=\"min-height:40vh;aspect-ratio:unset;\"><img loading=\"lazy\" decoding=\"async\" width=\"1200\" height=\"400\" class=\"wp-block-cover__image-background wp-image-280\" alt=\"\" src=\"https:\/\/lucassen.de\/consulting\/wp-content\/uploads\/sites\/2\/header-markus.jpg\" style=\"object-position:25% 60%\" data-object-fit=\"cover\" data-object-position=\"25% 60%\" srcset=\"https:\/\/lucassen.de\/consulting\/wp-content\/uploads\/sites\/2\/header-markus.jpg 1200w, https:\/\/lucassen.de\/consulting\/wp-content\/uploads\/sites\/2\/header-markus-300x100.jpg 300w, https:\/\/lucassen.de\/consulting\/wp-content\/uploads\/sites\/2\/header-markus-1024x341.jpg 1024w, https:\/\/lucassen.de\/consulting\/wp-content\/uploads\/sites\/2\/header-markus-768x256.jpg 768w\" sizes=\"auto, (max-width: 1200px) 100vw, 1200px\" \/><span aria-hidden=\"true\" class=\"wp-block-cover__background has-background-dim-90 has-background-dim wp-block-cover__gradient-background has-background-gradient\" style=\"background:linear-gradient(140deg,rgb(52,72,94) 0%,rgba(52,72,94,0.89) 45%,rgba(52,72,94,0.41) 100%)\"><\/span><div class=\"wp-block-cover__inner-container is-layout-constrained wp-block-cover-is-layout-constrained\">\n<h1 class=\"wp-block-heading\">Markus Lucassen<\/h1>\n\n\n\n<p class=\"has-large-font-size\" style=\"margin-bottom:0\"><strong><em>Gesch\u00e4ftsf\u00fchrung<\/em><\/strong><\/p>\n<\/div><\/div>\n\n\n\n<div class=\"wp-block-group\"><div class=\"wp-block-group__inner-container is-layout-constrained wp-block-group-is-layout-constrained\">\n<div class=\"wp-block-columns are-vertically-aligned-top is-layout-flex wp-container-core-columns-is-layout-9d6595d7 wp-block-columns-is-layout-flex\">\n<div class=\"wp-block-column is-vertically-aligned-top is-layout-flow wp-block-column-is-layout-flow\" style=\"flex-basis:50%\">\n<p class=\"slogan\">Markus Lucassen<\/p>\n\n\n\n<p>&#8230; ist Inhaber und Gesch\u00e4ftsf\u00fchrer der Lucassen Consulting GmbH.<\/p>\n\n\n\n<p>Nach dem Diplom-Studium der Kern-Informatik und Mathematik an der Universit\u00e4t Dortmund arbeitete Markus ab 1994 zun\u00e4chst freiberuflich als Software Engineer und Systemberater. <\/p>\n\n\n\n<p> Im Mai 2001 gr\u00fcndete er auf Basis seiner Freelance-T\u00e4tigkeit die  Lucassen Consulting GmbH, die sich zun\u00e4chst auf nationales  Projektmanagement konzentrierte. Seit Mai 2005 geh\u00f6ren auch Projekte auf  internationaler Ebene zum Kerngesch\u00e4ft. <\/p>\n<\/div>\n\n\n\n<div class=\"wp-block-column is-vertically-aligned-top is-layout-flow wp-block-column-is-layout-flow\" style=\"flex-basis:50%\">\n<div class=\"wp-block-group network\"><div class=\"wp-block-group__inner-container is-layout-flow wp-block-group-is-layout-flow\">\n<p><strong>Folgen Sie Markus Lucassen in den <a href=\"https:\/\/lucassen.de\/consulting\/unternehmen\/soziale-medien\">Sozialen Medien<\/a><\/strong>.<\/p>\n<\/div><\/div>\n<\/div>\n<\/div>\n<\/div><\/div>\n","protected":false},"excerpt":{"rendered":"<p>Markus Lucassen &#8230; ist Inhaber und Gesch\u00e4ftsf\u00fchrer der Lucassen Consulting GmbH. Nach dem Diplom-Studium der Kern-Informatik und Mathematik an der Universit\u00e4t Dortmund arbeitete Markus ab 1994 zun\u00e4chst freiberuflich als Software Engineer und Systemberater. Im Mai [&hellip;]<\/p>\n","protected":false},"author":1,"featured_media":280,"parent":6,"menu_order":111,"comment_status":"closed","ping_status":"closed","template":"","meta":{"_acf_changed":false,"footnotes":""},"class_list":["post-7","page","type-page","status-publish","has-post-thumbnail","hentry"],"yoast_head":"<!-- This site is optimized with the Yoast SEO plugin v27.5 - https:\/\/yoast.com\/product\/yoast-seo-wordpress\/ -->\n<title>Markus Lucassen - Lucassen Consulting GmbH<\/title>\n<meta name=\"robots\" content=\"index, follow, max-snippet:-1, max-image-preview:large, max-video-preview:-1\" \/>\n<link rel=\"canonical\" href=\"https:\/\/lucassen.de\/consulting\/unternehmen\/markus-lucassen\" \/>\n<meta property=\"og:locale\" content=\"de_DE\" \/>\n<meta property=\"og:type\" content=\"article\" \/>\n<meta property=\"og:title\" content=\"Markus Lucassen - Lucassen Consulting GmbH\" \/>\n<meta property=\"og:description\" content=\"Markus Lucassen &#8230; ist Inhaber und Gesch\u00e4ftsf\u00fchrer der Lucassen Consulting GmbH. Nach dem Diplom-Studium der Kern-Informatik und Mathematik an der Universit\u00e4t Dortmund arbeitete Markus ab 1994 zun\u00e4chst freiberuflich als Software Engineer und Systemberater. Im Mai [&hellip;]\" \/>\n<meta property=\"og:url\" content=\"https:\/\/lucassen.de\/consulting\/unternehmen\/markus-lucassen\" \/>\n<meta property=\"og:site_name\" content=\"Lucassen Consulting GmbH\" \/>\n<meta property=\"article:modified_time\" content=\"2025-04-21T08:52:48+00:00\" \/>\n<meta property=\"og:image\" content=\"https:\/\/lucassen.de\/consulting\/wp-content\/uploads\/sites\/2\/header-markus.jpg\" \/>\n\t<meta property=\"og:image:width\" content=\"1200\" \/>\n\t<meta property=\"og:image:height\" content=\"400\" \/>\n\t<meta property=\"og:image:type\" content=\"image\/jpeg\" \/>\n<meta name=\"twitter:card\" content=\"summary_large_image\" \/>\n<meta name=\"twitter:label1\" content=\"Gesch\u00e4tzte Lesezeit\" \/>\n\t<meta name=\"twitter:data1\" content=\"1\u00a0Minute\" \/>\n<script type=\"application\/ld+json\" class=\"yoast-schema-graph\">{\"@context\":\"https:\\\/\\\/schema.org\",\"@graph\":[{\"@type\":\"WebPage\",\"@id\":\"https:\\\/\\\/lucassen.de\\\/consulting\\\/unternehmen\\\/markus-lucassen\",\"url\":\"https:\\\/\\\/lucassen.de\\\/consulting\\\/unternehmen\\\/markus-lucassen\",\"name\":\"Markus Lucassen - Lucassen Consulting GmbH\",\"isPartOf\":{\"@id\":\"https:\\\/\\\/lucassen.de\\\/consulting\\\/#website\"},\"primaryImageOfPage\":{\"@id\":\"https:\\\/\\\/lucassen.de\\\/consulting\\\/unternehmen\\\/markus-lucassen#primaryimage\"},\"image\":{\"@id\":\"https:\\\/\\\/lucassen.de\\\/consulting\\\/unternehmen\\\/markus-lucassen#primaryimage\"},\"thumbnailUrl\":\"https:\\\/\\\/lucassen.de\\\/consulting\\\/wp-content\\\/uploads\\\/sites\\\/2\\\/header-markus.jpg\",\"datePublished\":\"2019-11-04T16:55:37+00:00\",\"dateModified\":\"2025-04-21T08:52:48+00:00\",\"breadcrumb\":{\"@id\":\"https:\\\/\\\/lucassen.de\\\/consulting\\\/unternehmen\\\/markus-lucassen#breadcrumb\"},\"inLanguage\":\"de\",\"potentialAction\":[{\"@type\":\"ReadAction\",\"target\":[\"https:\\\/\\\/lucassen.de\\\/consulting\\\/unternehmen\\\/markus-lucassen\"]}]},{\"@type\":\"ImageObject\",\"inLanguage\":\"de\",\"@id\":\"https:\\\/\\\/lucassen.de\\\/consulting\\\/unternehmen\\\/markus-lucassen#primaryimage\",\"url\":\"https:\\\/\\\/lucassen.de\\\/consulting\\\/wp-content\\\/uploads\\\/sites\\\/2\\\/header-markus.jpg\",\"contentUrl\":\"https:\\\/\\\/lucassen.de\\\/consulting\\\/wp-content\\\/uploads\\\/sites\\\/2\\\/header-markus.jpg\",\"width\":1200,\"height\":400},{\"@type\":\"BreadcrumbList\",\"@id\":\"https:\\\/\\\/lucassen.de\\\/consulting\\\/unternehmen\\\/markus-lucassen#breadcrumb\",\"itemListElement\":[{\"@type\":\"ListItem\",\"position\":1,\"name\":\"Startseite\",\"item\":\"https:\\\/\\\/lucassen.de\\\/consulting\\\/\"},{\"@type\":\"ListItem\",\"position\":2,\"name\":\"Unternehmen\",\"item\":\"https:\\\/\\\/lucassen.de\\\/consulting\\\/unternehmen\"},{\"@type\":\"ListItem\",\"position\":3,\"name\":\"Markus Lucassen\"}]},{\"@type\":\"WebSite\",\"@id\":\"https:\\\/\\\/lucassen.de\\\/consulting\\\/#website\",\"url\":\"https:\\\/\\\/lucassen.de\\\/consulting\\\/\",\"name\":\"Lucassen Consulting GmbH\",\"description\":\"\",\"publisher\":{\"@id\":\"https:\\\/\\\/lucassen.de\\\/consulting\\\/#organization\"},\"potentialAction\":[{\"@type\":\"SearchAction\",\"target\":{\"@type\":\"EntryPoint\",\"urlTemplate\":\"https:\\\/\\\/lucassen.de\\\/consulting\\\/?s={search_term_string}\"},\"query-input\":{\"@type\":\"PropertyValueSpecification\",\"valueRequired\":true,\"valueName\":\"search_term_string\"}}],\"inLanguage\":\"de\"},{\"@type\":\"Organization\",\"@id\":\"https:\\\/\\\/lucassen.de\\\/consulting\\\/#organization\",\"name\":\"Lucassen Consulting GmbH\",\"url\":\"https:\\\/\\\/lucassen.de\\\/consulting\\\/\",\"logo\":{\"@type\":\"ImageObject\",\"inLanguage\":\"de\",\"@id\":\"https:\\\/\\\/lucassen.de\\\/consulting\\\/#\\\/schema\\\/logo\\\/image\\\/\",\"url\":\"https:\\\/\\\/lucassen.de\\\/consulting\\\/wp-content\\\/uploads\\\/sites\\\/2\\\/consulting_logo_2020.png\",\"contentUrl\":\"https:\\\/\\\/lucassen.de\\\/consulting\\\/wp-content\\\/uploads\\\/sites\\\/2\\\/consulting_logo_2020.png\",\"width\":277,\"height\":249,\"caption\":\"Lucassen Consulting GmbH\"},\"image\":{\"@id\":\"https:\\\/\\\/lucassen.de\\\/consulting\\\/#\\\/schema\\\/logo\\\/image\\\/\"}}]}<\/script>\n<!-- \/ Yoast SEO plugin. -->","yoast_head_json":{"title":"Markus Lucassen - Lucassen Consulting GmbH","robots":{"index":"index","follow":"follow","max-snippet":"max-snippet:-1","max-image-preview":"max-image-preview:large","max-video-preview":"max-video-preview:-1"},"canonical":"https:\/\/lucassen.de\/consulting\/unternehmen\/markus-lucassen","og_locale":"de_DE","og_type":"article","og_title":"Markus Lucassen - Lucassen Consulting GmbH","og_description":"Markus Lucassen &#8230; ist Inhaber und Gesch\u00e4ftsf\u00fchrer der Lucassen Consulting GmbH. Nach dem Diplom-Studium der Kern-Informatik und Mathematik an der Universit\u00e4t Dortmund arbeitete Markus ab 1994 zun\u00e4chst freiberuflich als Software Engineer und Systemberater. Im Mai [&hellip;]","og_url":"https:\/\/lucassen.de\/consulting\/unternehmen\/markus-lucassen","og_site_name":"Lucassen Consulting GmbH","article_modified_time":"2025-04-21T08:52:48+00:00","og_image":[{"width":1200,"height":400,"url":"https:\/\/lucassen.de\/consulting\/wp-content\/uploads\/sites\/2\/header-markus.jpg","type":"image\/jpeg"}],"twitter_card":"summary_large_image","twitter_misc":{"Gesch\u00e4tzte Lesezeit":"1\u00a0Minute"},"schema":{"@context":"https:\/\/schema.org","@graph":[{"@type":"WebPage","@id":"https:\/\/lucassen.de\/consulting\/unternehmen\/markus-lucassen","url":"https:\/\/lucassen.de\/consulting\/unternehmen\/markus-lucassen","name":"Markus Lucassen - Lucassen Consulting GmbH","isPartOf":{"@id":"https:\/\/lucassen.de\/consulting\/#website"},"primaryImageOfPage":{"@id":"https:\/\/lucassen.de\/consulting\/unternehmen\/markus-lucassen#primaryimage"},"image":{"@id":"https:\/\/lucassen.de\/consulting\/unternehmen\/markus-lucassen#primaryimage"},"thumbnailUrl":"https:\/\/lucassen.de\/consulting\/wp-content\/uploads\/sites\/2\/header-markus.jpg","datePublished":"2019-11-04T16:55:37+00:00","dateModified":"2025-04-21T08:52:48+00:00","breadcrumb":{"@id":"https:\/\/lucassen.de\/consulting\/unternehmen\/markus-lucassen#breadcrumb"},"inLanguage":"de","potentialAction":[{"@type":"ReadAction","target":["https:\/\/lucassen.de\/consulting\/unternehmen\/markus-lucassen"]}]},{"@type":"ImageObject","inLanguage":"de","@id":"https:\/\/lucassen.de\/consulting\/unternehmen\/markus-lucassen#primaryimage","url":"https:\/\/lucassen.de\/consulting\/wp-content\/uploads\/sites\/2\/header-markus.jpg","contentUrl":"https:\/\/lucassen.de\/consulting\/wp-content\/uploads\/sites\/2\/header-markus.jpg","width":1200,"height":400},{"@type":"BreadcrumbList","@id":"https:\/\/lucassen.de\/consulting\/unternehmen\/markus-lucassen#breadcrumb","itemListElement":[{"@type":"ListItem","position":1,"name":"Startseite","item":"https:\/\/lucassen.de\/consulting\/"},{"@type":"ListItem","position":2,"name":"Unternehmen","item":"https:\/\/lucassen.de\/consulting\/unternehmen"},{"@type":"ListItem","position":3,"name":"Markus Lucassen"}]},{"@type":"WebSite","@id":"https:\/\/lucassen.de\/consulting\/#website","url":"https:\/\/lucassen.de\/consulting\/","name":"Lucassen Consulting GmbH","description":"","publisher":{"@id":"https:\/\/lucassen.de\/consulting\/#organization"},"potentialAction":[{"@type":"SearchAction","target":{"@type":"EntryPoint","urlTemplate":"https:\/\/lucassen.de\/consulting\/?s={search_term_string}"},"query-input":{"@type":"PropertyValueSpecification","valueRequired":true,"valueName":"search_term_string"}}],"inLanguage":"de"},{"@type":"Organization","@id":"https:\/\/lucassen.de\/consulting\/#organization","name":"Lucassen Consulting GmbH","url":"https:\/\/lucassen.de\/consulting\/","logo":{"@type":"ImageObject","inLanguage":"de","@id":"https:\/\/lucassen.de\/consulting\/#\/schema\/logo\/image\/","url":"https:\/\/lucassen.de\/consulting\/wp-content\/uploads\/sites\/2\/consulting_logo_2020.png","contentUrl":"https:\/\/lucassen.de\/consulting\/wp-content\/uploads\/sites\/2\/consulting_logo_2020.png","width":277,"height":249,"caption":"Lucassen Consulting GmbH"},"image":{"@id":"https:\/\/lucassen.de\/consulting\/#\/schema\/logo\/image\/"}}]}},"acf":[],"_links":{"self":[{"href":"https:\/\/lucassen.de\/consulting\/wp-json\/wp\/v2\/pages\/7","targetHints":{"allow":["GET"]}}],"collection":[{"href":"https:\/\/lucassen.de\/consulting\/wp-json\/wp\/v2\/pages"}],"about":[{"href":"https:\/\/lucassen.de\/consulting\/wp-json\/wp\/v2\/types\/page"}],"author":[{"embeddable":true,"href":"https:\/\/lucassen.de\/consulting\/wp-json\/wp\/v2\/users\/1"}],"replies":[{"embeddable":true,"href":"https:\/\/lucassen.de\/consulting\/wp-json\/wp\/v2\/comments?post=7"}],"version-history":[{"count":22,"href":"https:\/\/lucassen.de\/consulting\/wp-json\/wp\/v2\/pages\/7\/revisions"}],"predecessor-version":[{"id":1144,"href":"https:\/\/lucassen.de\/consulting\/wp-json\/wp\/v2\/pages\/7\/revisions\/1144"}],"up":[{"embeddable":true,"href":"https:\/\/lucassen.de\/consulting\/wp-json\/wp\/v2\/pages\/6"}],"wp:featuredmedia":[{"embeddable":true,"href":"https:\/\/lucassen.de\/consulting\/wp-json\/wp\/v2\/media\/280"}],"wp:attachment":[{"href":"https:\/\/lucassen.de\/consulting\/wp-json\/wp\/v2\/media?parent=7"}],"curies":[{"name":"wp","href":"https:\/\/api.w.org\/{rel}","templated":true}]}}