{"id":12,"date":"2022-08-16T22:36:35","date_gmt":"2022-08-16T20:36:35","guid":{"rendered":"https:\/\/lucassen.de\/fotografie\/?page_id=12"},"modified":"2023-09-06T23:03:29","modified_gmt":"2023-09-06T21:03:29","slug":"kontakt","status":"publish","type":"page","link":"https:\/\/lucassen.de\/fotografie\/kontakt","title":{"rendered":"Kontakt"},"content":{"rendered":"\n<div class=\"wp-block-cover is-light\" style=\"min-height:400px;aspect-ratio:unset;\"><span aria-hidden=\"true\" class=\"wp-block-cover__background has-background-dim-0 has-background-dim\"><\/span><img decoding=\"async\" class=\"wp-block-cover__image-background wp-image-247\" alt=\"\" src=\"https:\/\/lucassen.de\/consulting\/wp-content\/uploads\/sites\/2\/blazer.jpg\" data-object-fit=\"cover\"\/><div class=\"wp-block-cover__inner-container is-layout-flow wp-block-cover-is-layout-flow\">\n<h1 class=\"wp-block-heading\"><\/h1>\n\n\n\n<p><\/p>\n<\/div><\/div>\n\n\n\n<h1 class=\"wp-block-heading slogan-head\">Kontakt<\/h1>\n\n\n\n<p class=\"slogan\">Sprechen Sie mich einfach an!<\/p>\n\n\n\n<p>M\u00f6chten Sie meine Fotografien f\u00fcr Ihre Publikation verwenden? Suchen Sie einen Bildjournalisten f\u00fcr Ihre Berichterstattung? Senden Sie mir gern eine E-Mail an <a href=\"mailto:fotografie@lucassen.de\">fotografie@lucassen.de<\/a>!<\/p>\n","protected":false},"excerpt":{"rendered":"<p>Kontakt Sprechen Sie mich einfach an! M\u00f6chten Sie meine Fotografien f\u00fcr Ihre Publikation verwenden? Suchen Sie einen Bildjournalisten f\u00fcr Ihre Berichterstattung? Senden Sie mir gern eine E-Mail an fotografie@lucassen.de!<\/p>\n","protected":false},"author":2,"featured_media":0,"parent":0,"menu_order":50,"comment_status":"closed","ping_status":"closed","template":"page-boxed.php","meta":{"_acf_changed":false,"footnotes":""},"class_list":["post-12","page","type-page","status-publish","hentry"],"yoast_head":"<!-- This site is optimized with the Yoast SEO plugin v27.3 - https:\/\/yoast.com\/product\/yoast-seo-wordpress\/ -->\n<title>Kontakt - Lucassen Fotografie<\/title>\n<meta name=\"robots\" content=\"index, follow, max-snippet:-1, max-image-preview:large, max-video-preview:-1\" \/>\n<link rel=\"canonical\" href=\"https:\/\/lucassen.de\/fotografie\/kontakt\" \/>\n<meta property=\"og:locale\" content=\"de_DE\" \/>\n<meta property=\"og:type\" content=\"article\" \/>\n<meta property=\"og:title\" content=\"Kontakt - Lucassen Fotografie\" \/>\n<meta property=\"og:description\" content=\"Kontakt Sprechen Sie mich einfach an! M\u00f6chten Sie meine Fotografien f\u00fcr Ihre Publikation verwenden? Suchen Sie einen Bildjournalisten f\u00fcr Ihre Berichterstattung? Senden Sie mir gern eine E-Mail an fotografie@lucassen.de!\" \/>\n<meta property=\"og:url\" content=\"https:\/\/lucassen.de\/fotografie\/kontakt\" \/>\n<meta property=\"og:site_name\" content=\"Lucassen Fotografie\" \/>\n<meta property=\"article:publisher\" content=\"https:\/\/www.instagram.com\/maclucassen\/\" \/>\n<meta property=\"article:modified_time\" content=\"2023-09-06T21:03:29+00:00\" \/>\n<meta property=\"og:image\" content=\"https:\/\/lucassen.de\/consulting\/wp-content\/uploads\/sites\/2\/blazer.jpg\" \/>\n<meta name=\"twitter:card\" content=\"summary_large_image\" \/>\n<meta name=\"twitter:site\" content=\"@maclucassen\" \/>\n<meta name=\"twitter:label1\" content=\"Gesch\u00e4tzte Lesezeit\" \/>\n\t<meta name=\"twitter:data1\" content=\"1\u00a0Minute\" \/>\n<script type=\"application\/ld+json\" class=\"yoast-schema-graph\">{\"@context\":\"https:\\\/\\\/schema.org\",\"@graph\":[{\"@type\":\"WebPage\",\"@id\":\"https:\\\/\\\/lucassen.de\\\/fotografie\\\/kontakt\",\"url\":\"https:\\\/\\\/lucassen.de\\\/fotografie\\\/kontakt\",\"name\":\"Kontakt - Lucassen Fotografie\",\"isPartOf\":{\"@id\":\"https:\\\/\\\/lucassen.de\\\/fotografie\\\/#website\"},\"primaryImageOfPage\":{\"@id\":\"https:\\\/\\\/lucassen.de\\\/fotografie\\\/kontakt#primaryimage\"},\"image\":{\"@id\":\"https:\\\/\\\/lucassen.de\\\/fotografie\\\/kontakt#primaryimage\"},\"thumbnailUrl\":\"https:\\\/\\\/lucassen.de\\\/consulting\\\/wp-content\\\/uploads\\\/sites\\\/2\\\/blazer.jpg\",\"datePublished\":\"2022-08-16T20:36:35+00:00\",\"dateModified\":\"2023-09-06T21:03:29+00:00\",\"breadcrumb\":{\"@id\":\"https:\\\/\\\/lucassen.de\\\/fotografie\\\/kontakt#breadcrumb\"},\"inLanguage\":\"de\",\"potentialAction\":[{\"@type\":\"ReadAction\",\"target\":[\"https:\\\/\\\/lucassen.de\\\/fotografie\\\/kontakt\"]}]},{\"@type\":\"ImageObject\",\"inLanguage\":\"de\",\"@id\":\"https:\\\/\\\/lucassen.de\\\/fotografie\\\/kontakt#primaryimage\",\"url\":\"https:\\\/\\\/lucassen.de\\\/consulting\\\/wp-content\\\/uploads\\\/sites\\\/2\\\/blazer.jpg\",\"contentUrl\":\"https:\\\/\\\/lucassen.de\\\/consulting\\\/wp-content\\\/uploads\\\/sites\\\/2\\\/blazer.jpg\"},{\"@type\":\"BreadcrumbList\",\"@id\":\"https:\\\/\\\/lucassen.de\\\/fotografie\\\/kontakt#breadcrumb\",\"itemListElement\":[{\"@type\":\"ListItem\",\"position\":1,\"name\":\"Startseite\",\"item\":\"https:\\\/\\\/lucassen.de\\\/fotografie\\\/\"},{\"@type\":\"ListItem\",\"position\":2,\"name\":\"Kontakt\"}]},{\"@type\":\"WebSite\",\"@id\":\"https:\\\/\\\/lucassen.de\\\/fotografie\\\/#website\",\"url\":\"https:\\\/\\\/lucassen.de\\\/fotografie\\\/\",\"name\":\"Lucassen Fotografie\",\"description\":\"\",\"publisher\":{\"@id\":\"https:\\\/\\\/lucassen.de\\\/fotografie\\\/#organization\"},\"potentialAction\":[{\"@type\":\"SearchAction\",\"target\":{\"@type\":\"EntryPoint\",\"urlTemplate\":\"https:\\\/\\\/lucassen.de\\\/fotografie\\\/?s={search_term_string}\"},\"query-input\":{\"@type\":\"PropertyValueSpecification\",\"valueRequired\":true,\"valueName\":\"search_term_string\"}}],\"inLanguage\":\"de\"},{\"@type\":\"Organization\",\"@id\":\"https:\\\/\\\/lucassen.de\\\/fotografie\\\/#organization\",\"name\":\"Lucassen Fotografie\",\"url\":\"https:\\\/\\\/lucassen.de\\\/fotografie\\\/\",\"logo\":{\"@type\":\"ImageObject\",\"inLanguage\":\"de\",\"@id\":\"https:\\\/\\\/lucassen.de\\\/fotografie\\\/#\\\/schema\\\/logo\\\/image\\\/\",\"url\":\"https:\\\/\\\/lucassen.de\\\/fotografie\\\/wp-content\\\/uploads\\\/sites\\\/4\\\/consulting_logo_2020.png\",\"contentUrl\":\"https:\\\/\\\/lucassen.de\\\/fotografie\\\/wp-content\\\/uploads\\\/sites\\\/4\\\/consulting_logo_2020.png\",\"width\":277,\"height\":249,\"caption\":\"Lucassen Fotografie\"},\"image\":{\"@id\":\"https:\\\/\\\/lucassen.de\\\/fotografie\\\/#\\\/schema\\\/logo\\\/image\\\/\"},\"sameAs\":[\"https:\\\/\\\/www.instagram.com\\\/maclucassen\\\/\",\"https:\\\/\\\/x.com\\\/maclucassen\",\"https:\\\/\\\/www.facebook.com\\\/maclucassen\"]}]}<\/script>\n<!-- \/ Yoast SEO plugin. -->","yoast_head_json":{"title":"Kontakt - Lucassen Fotografie","robots":{"index":"index","follow":"follow","max-snippet":"max-snippet:-1","max-image-preview":"max-image-preview:large","max-video-preview":"max-video-preview:-1"},"canonical":"https:\/\/lucassen.de\/fotografie\/kontakt","og_locale":"de_DE","og_type":"article","og_title":"Kontakt - Lucassen Fotografie","og_description":"Kontakt Sprechen Sie mich einfach an! M\u00f6chten Sie meine Fotografien f\u00fcr Ihre Publikation verwenden? Suchen Sie einen Bildjournalisten f\u00fcr Ihre Berichterstattung? Senden Sie mir gern eine E-Mail an fotografie@lucassen.de!","og_url":"https:\/\/lucassen.de\/fotografie\/kontakt","og_site_name":"Lucassen Fotografie","article_publisher":"https:\/\/www.instagram.com\/maclucassen\/","article_modified_time":"2023-09-06T21:03:29+00:00","og_image":[{"url":"https:\/\/lucassen.de\/consulting\/wp-content\/uploads\/sites\/2\/blazer.jpg","type":"","width":"","height":""}],"twitter_card":"summary_large_image","twitter_site":"@maclucassen","twitter_misc":{"Gesch\u00e4tzte Lesezeit":"1\u00a0Minute"},"schema":{"@context":"https:\/\/schema.org","@graph":[{"@type":"WebPage","@id":"https:\/\/lucassen.de\/fotografie\/kontakt","url":"https:\/\/lucassen.de\/fotografie\/kontakt","name":"Kontakt - Lucassen Fotografie","isPartOf":{"@id":"https:\/\/lucassen.de\/fotografie\/#website"},"primaryImageOfPage":{"@id":"https:\/\/lucassen.de\/fotografie\/kontakt#primaryimage"},"image":{"@id":"https:\/\/lucassen.de\/fotografie\/kontakt#primaryimage"},"thumbnailUrl":"https:\/\/lucassen.de\/consulting\/wp-content\/uploads\/sites\/2\/blazer.jpg","datePublished":"2022-08-16T20:36:35+00:00","dateModified":"2023-09-06T21:03:29+00:00","breadcrumb":{"@id":"https:\/\/lucassen.de\/fotografie\/kontakt#breadcrumb"},"inLanguage":"de","potentialAction":[{"@type":"ReadAction","target":["https:\/\/lucassen.de\/fotografie\/kontakt"]}]},{"@type":"ImageObject","inLanguage":"de","@id":"https:\/\/lucassen.de\/fotografie\/kontakt#primaryimage","url":"https:\/\/lucassen.de\/consulting\/wp-content\/uploads\/sites\/2\/blazer.jpg","contentUrl":"https:\/\/lucassen.de\/consulting\/wp-content\/uploads\/sites\/2\/blazer.jpg"},{"@type":"BreadcrumbList","@id":"https:\/\/lucassen.de\/fotografie\/kontakt#breadcrumb","itemListElement":[{"@type":"ListItem","position":1,"name":"Startseite","item":"https:\/\/lucassen.de\/fotografie\/"},{"@type":"ListItem","position":2,"name":"Kontakt"}]},{"@type":"WebSite","@id":"https:\/\/lucassen.de\/fotografie\/#website","url":"https:\/\/lucassen.de\/fotografie\/","name":"Lucassen Fotografie","description":"","publisher":{"@id":"https:\/\/lucassen.de\/fotografie\/#organization"},"potentialAction":[{"@type":"SearchAction","target":{"@type":"EntryPoint","urlTemplate":"https:\/\/lucassen.de\/fotografie\/?s={search_term_string}"},"query-input":{"@type":"PropertyValueSpecification","valueRequired":true,"valueName":"search_term_string"}}],"inLanguage":"de"},{"@type":"Organization","@id":"https:\/\/lucassen.de\/fotografie\/#organization","name":"Lucassen Fotografie","url":"https:\/\/lucassen.de\/fotografie\/","logo":{"@type":"ImageObject","inLanguage":"de","@id":"https:\/\/lucassen.de\/fotografie\/#\/schema\/logo\/image\/","url":"https:\/\/lucassen.de\/fotografie\/wp-content\/uploads\/sites\/4\/consulting_logo_2020.png","contentUrl":"https:\/\/lucassen.de\/fotografie\/wp-content\/uploads\/sites\/4\/consulting_logo_2020.png","width":277,"height":249,"caption":"Lucassen Fotografie"},"image":{"@id":"https:\/\/lucassen.de\/fotografie\/#\/schema\/logo\/image\/"},"sameAs":["https:\/\/www.instagram.com\/maclucassen\/","https:\/\/x.com\/maclucassen","https:\/\/www.facebook.com\/maclucassen"]}]}},"acf":[],"_links":{"self":[{"href":"https:\/\/lucassen.de\/fotografie\/wp-json\/wp\/v2\/pages\/12","targetHints":{"allow":["GET"]}}],"collection":[{"href":"https:\/\/lucassen.de\/fotografie\/wp-json\/wp\/v2\/pages"}],"about":[{"href":"https:\/\/lucassen.de\/fotografie\/wp-json\/wp\/v2\/types\/page"}],"author":[{"embeddable":true,"href":"https:\/\/lucassen.de\/fotografie\/wp-json\/wp\/v2\/users\/2"}],"replies":[{"embeddable":true,"href":"https:\/\/lucassen.de\/fotografie\/wp-json\/wp\/v2\/comments?post=12"}],"version-history":[{"count":4,"href":"https:\/\/lucassen.de\/fotografie\/wp-json\/wp\/v2\/pages\/12\/revisions"}],"predecessor-version":[{"id":121,"href":"https:\/\/lucassen.de\/fotografie\/wp-json\/wp\/v2\/pages\/12\/revisions\/121"}],"wp:attachment":[{"href":"https:\/\/lucassen.de\/fotografie\/wp-json\/wp\/v2\/media?parent=12"}],"curies":[{"name":"wp","href":"https:\/\/api.w.org\/{rel}","templated":true}]}}