{"id":20202320,"date":"2024-10-26T00:00:34","date_gmt":"2024-10-25T22:00:34","guid":{"rendered":"https:\/\/lucassen.de\/hausverwaltung\/?page_id=20202320"},"modified":"2025-09-17T19:30:15","modified_gmt":"2025-09-17T17:30:15","slug":"notfall-rufnummern","status":"publish","type":"page","link":"https:\/\/lucassen.de\/hausverwaltung\/notfall-rufnummern","title":{"rendered":"Notfall-Rufnummern"},"content":{"rendered":"\n<div class=\"wp-block-cover\" style=\"min-height:40vh;aspect-ratio:unset;\" id=\"top\"><img loading=\"lazy\" decoding=\"async\" width=\"2210\" height=\"1473\" class=\"wp-block-cover__image-background wp-image-23\" alt=\"\" src=\"https:\/\/lucassen.de\/hausverwaltung\/wp-content\/uploads\/sites\/3\/iphone-6-in-girls-hands-2210x1473-1.jpg\" data-object-fit=\"cover\" srcset=\"https:\/\/lucassen.de\/hausverwaltung\/wp-content\/uploads\/sites\/3\/iphone-6-in-girls-hands-2210x1473-1.jpg 2210w, https:\/\/lucassen.de\/hausverwaltung\/wp-content\/uploads\/sites\/3\/iphone-6-in-girls-hands-2210x1473-1-800x533.jpg 800w, https:\/\/lucassen.de\/hausverwaltung\/wp-content\/uploads\/sites\/3\/iphone-6-in-girls-hands-2210x1473-1-1600x1066.jpg 1600w, https:\/\/lucassen.de\/hausverwaltung\/wp-content\/uploads\/sites\/3\/iphone-6-in-girls-hands-2210x1473-1-768x512.jpg 768w, https:\/\/lucassen.de\/hausverwaltung\/wp-content\/uploads\/sites\/3\/iphone-6-in-girls-hands-2210x1473-1-1536x1024.jpg 1536w, https:\/\/lucassen.de\/hausverwaltung\/wp-content\/uploads\/sites\/3\/iphone-6-in-girls-hands-2210x1473-1-2048x1365.jpg 2048w, https:\/\/lucassen.de\/hausverwaltung\/wp-content\/uploads\/sites\/3\/iphone-6-in-girls-hands-2210x1473-1-300x200.jpg 300w, https:\/\/lucassen.de\/hausverwaltung\/wp-content\/uploads\/sites\/3\/iphone-6-in-girls-hands-2210x1473-1-1024x683.jpg 1024w\" sizes=\"auto, (max-width: 2210px) 100vw, 2210px\" \/><span aria-hidden=\"true\" class=\"wp-block-cover__background has-background-dim-90 has-background-dim wp-block-cover__gradient-background has-background-gradient\" style=\"background:linear-gradient(140deg,rgb(52,72,94) 0%,rgba(52,72,94,0.89) 51%,rgba(52,72,94,0.41) 100%)\"><\/span><div class=\"wp-block-cover__inner-container is-layout-constrained wp-container-core-cover-is-layout-48c9aa2a wp-block-cover-is-layout-constrained\">\n<div class=\"wp-block-group\"><div class=\"wp-block-group__inner-container is-layout-flow wp-block-group-is-layout-flow\">\n<h1 class=\"wp-block-heading\">Notfall-Rufnummern<\/h1>\n<\/div><\/div>\n<\/div><\/div>\n\n\n\n<div class=\"wp-block-group\"><div class=\"wp-block-group__inner-container is-layout-constrained wp-block-group-is-layout-constrained\">\n<div class=\"wp-block-columns are-vertically-aligned-center is-layout-flex wp-container-core-columns-is-layout-9d6595d7 wp-block-columns-is-layout-flex\">\n<div class=\"wp-block-column is-vertically-aligned-center is-layout-flow wp-block-column-is-layout-flow\" style=\"flex-basis:50%\">\n<p>In F\u00e4llen, in denen au\u00dferhalb unserer Gesch\u00e4ftszeiten sofortige Hilfe ben\u00f6tigt wird, z. B. Rohrbruch, Totalausfall der Heizung oder \u00c4hnliches, k\u00f6nnen Sie nat\u00fcrlich selbst direkt den Notdienst der Handwerker anrufen.<\/p>\n\n\n\n<blockquote class=\"wp-block-quote is-layout-flow wp-block-quote-is-layout-flow\">\n<p><em>Die Notdienste d\u00fcrfen und werden nur den Notstand beseitigen.<\/em><br><em>Weitere Arbeiten sind <strong>vorher<\/strong> mit der Hausverwaltung abzusprechen.<\/em><\/p>\n<\/blockquote>\n\n\n\n<p>Generell finden Sie die Telefonnummern immer auf der Notfall-Liste in Ihrem Hausflur oder auch online direkt hier &#8211; bitte w\u00e4hlen Sie hierzu Ihren Wohnort aus:<\/p>\n<\/div>\n\n\n\n<div class=\"wp-block-column is-vertically-aligned-center is-layout-flow wp-block-column-is-layout-flow\">\n<div class=\"wp-block-columns is-layout-flex wp-container-core-columns-is-layout-9d6595d7 wp-block-columns-is-layout-flex\">\n<div class=\"wp-block-column is-layout-flow wp-block-column-is-layout-flow\" style=\"flex-basis:100%\" id=\"moers\">\n<p class=\"has-text-align-center\"><a href=\"https:\/\/lucassen.de\/hausverwaltung\/notfall-rufnummern\/moers\">Moers<\/a><\/p>\n\n\n<div class=\"wp-block-image\">\n<figure class=\"aligncenter size-full is-resized\"><a href=\"https:\/\/lucassen.de\/hausverwaltung\/notfall-rufnummern\/moers\"><img loading=\"lazy\" decoding=\"async\" width=\"775\" height=\"940\" src=\"https:\/\/lucassen.de\/hausverwaltung\/wp-content\/uploads\/sites\/3\/image-9.png\" alt=\"\" class=\"wp-image-20202395\" style=\"width:97px;height:auto\" srcset=\"https:\/\/lucassen.de\/hausverwaltung\/wp-content\/uploads\/sites\/3\/image-9.png 775w, https:\/\/lucassen.de\/hausverwaltung\/wp-content\/uploads\/sites\/3\/image-9-247x300.png 247w, https:\/\/lucassen.de\/hausverwaltung\/wp-content\/uploads\/sites\/3\/image-9-768x932.png 768w\" sizes=\"auto, (max-width: 775px) 100vw, 775px\" \/><\/a><\/figure>\n<\/div><\/div>\n\n\n\n<div class=\"wp-block-column is-layout-flow wp-block-column-is-layout-flow\" style=\"flex-basis:100%\" id=\"rheinhausen\">\n<p class=\"has-text-align-center\"><a href=\"https:\/\/lucassen.de\/hausverwaltung\/notfall-rufnummern\/rheinhausen\">Rheinhausen<\/a><\/p>\n\n\n<div class=\"wp-block-image is-style-default\">\n<figure class=\"aligncenter size-full is-resized\"><a href=\"https:\/\/lucassen.de\/hausverwaltung\/notfall-rufnummern\/rheinhausen\"><img loading=\"lazy\" decoding=\"async\" width=\"1200\" height=\"1391\" src=\"https:\/\/lucassen.de\/hausverwaltung\/wp-content\/uploads\/sites\/3\/Rheinhausen-Wappen.png\" alt=\"\" class=\"wp-image-20204820\" style=\"width:97px\" srcset=\"https:\/\/lucassen.de\/hausverwaltung\/wp-content\/uploads\/sites\/3\/Rheinhausen-Wappen.png 1200w, https:\/\/lucassen.de\/hausverwaltung\/wp-content\/uploads\/sites\/3\/Rheinhausen-Wappen-800x927.png 800w, https:\/\/lucassen.de\/hausverwaltung\/wp-content\/uploads\/sites\/3\/Rheinhausen-Wappen-768x890.png 768w\" sizes=\"auto, (max-width: 1200px) 100vw, 1200px\" \/><\/a><\/figure>\n<\/div><\/div>\n\n\n\n<div class=\"wp-block-column is-layout-flow wp-block-column-is-layout-flow\" style=\"flex-basis:100%\" id=\"krefeld\">\n<p class=\"has-text-align-center\"><a href=\"https:\/\/lucassen.de\/hausverwaltung\/notfall-rufnummern\/krefeld\">Krefeld<\/a><\/p>\n\n\n<div class=\"wp-block-image\">\n<figure class=\"aligncenter size-full is-resized\"><a href=\"https:\/\/lucassen.de\/hausverwaltung\/notfall-rufnummern\/krefeld\"><img loading=\"lazy\" decoding=\"async\" width=\"200\" height=\"242\" src=\"https:\/\/lucassen.de\/hausverwaltung\/wp-content\/uploads\/sites\/3\/Krefeld-Wappen.png\" alt=\"\" class=\"wp-image-20204819\" style=\"width:97px\"\/><\/a><\/figure>\n<\/div><\/div>\n<\/div>\n<\/div>\n<\/div>\n<\/div><\/div>\n","protected":false},"excerpt":{"rendered":"<p>In F\u00e4llen, in denen au\u00dferhalb unserer Gesch\u00e4ftszeiten sofortige Hilfe ben\u00f6tigt wird, z. B. Rohrbruch, Totalausfall der Heizung oder \u00c4hnliches, k\u00f6nnen Sie nat\u00fcrlich selbst direkt den Notdienst der Handwerker anrufen. Die Notdienste d\u00fcrfen und werden nur [&hellip;]<\/p>\n","protected":false},"author":1,"featured_media":0,"parent":0,"menu_order":400,"comment_status":"closed","ping_status":"closed","template":"","meta":{"_acf_changed":false,"footnotes":""},"class_list":["post-20202320","page","type-page","status-publish","hentry"],"yoast_head":"<!-- This site is optimized with the Yoast SEO plugin v27.5 - https:\/\/yoast.com\/product\/yoast-seo-wordpress\/ -->\n<title>Notfall-Rufnummern - Lucassen Hausverwaltung<\/title>\n<meta name=\"robots\" content=\"index, follow, max-snippet:-1, max-image-preview:large, max-video-preview:-1\" \/>\n<link rel=\"canonical\" href=\"https:\/\/lucassen.de\/hausverwaltung\/notfall-rufnummern\" \/>\n<meta property=\"og:locale\" content=\"de_DE\" \/>\n<meta property=\"og:type\" content=\"article\" \/>\n<meta property=\"og:title\" content=\"Notfall-Rufnummern - Lucassen Hausverwaltung\" \/>\n<meta property=\"og:description\" content=\"In F\u00e4llen, in denen au\u00dferhalb unserer Gesch\u00e4ftszeiten sofortige Hilfe ben\u00f6tigt wird, z. B. Rohrbruch, Totalausfall der Heizung oder \u00c4hnliches, k\u00f6nnen Sie nat\u00fcrlich selbst direkt den Notdienst der Handwerker anrufen. Die Notdienste d\u00fcrfen und werden nur [&hellip;]\" \/>\n<meta property=\"og:url\" content=\"https:\/\/lucassen.de\/hausverwaltung\/notfall-rufnummern\" \/>\n<meta property=\"og:site_name\" content=\"Lucassen Hausverwaltung\" \/>\n<meta property=\"article:modified_time\" content=\"2025-09-17T17:30:15+00:00\" \/>\n<meta property=\"og:image\" content=\"https:\/\/lucassen.de\/hausverwaltung\/wp-content\/uploads\/sites\/3\/iphone-6-in-girls-hands-2210x1473-1.jpg\" \/>\n\t<meta property=\"og:image:width\" content=\"2210\" \/>\n\t<meta property=\"og:image:height\" content=\"1473\" \/>\n\t<meta property=\"og:image:type\" content=\"image\/jpeg\" \/>\n<meta name=\"twitter:card\" content=\"summary_large_image\" \/>\n<meta name=\"twitter:label1\" content=\"Gesch\u00e4tzte Lesezeit\" \/>\n\t<meta name=\"twitter:data1\" content=\"2\u00a0Minuten\" \/>\n<script type=\"application\/ld+json\" class=\"yoast-schema-graph\">{\"@context\":\"https:\\\/\\\/schema.org\",\"@graph\":[{\"@type\":\"WebPage\",\"@id\":\"https:\\\/\\\/lucassen.de\\\/hausverwaltung\\\/notfall-rufnummern\",\"url\":\"https:\\\/\\\/lucassen.de\\\/hausverwaltung\\\/notfall-rufnummern\",\"name\":\"Notfall-Rufnummern - Lucassen Hausverwaltung\",\"isPartOf\":{\"@id\":\"https:\\\/\\\/lucassen.de\\\/hausverwaltung\\\/#website\"},\"primaryImageOfPage\":{\"@id\":\"https:\\\/\\\/lucassen.de\\\/hausverwaltung\\\/notfall-rufnummern#primaryimage\"},\"image\":{\"@id\":\"https:\\\/\\\/lucassen.de\\\/hausverwaltung\\\/notfall-rufnummern#primaryimage\"},\"thumbnailUrl\":\"https:\\\/\\\/lucassen.de\\\/hausverwaltung\\\/wp-content\\\/uploads\\\/sites\\\/3\\\/iphone-6-in-girls-hands-2210x1473-1.jpg\",\"datePublished\":\"2024-10-25T22:00:34+00:00\",\"dateModified\":\"2025-09-17T17:30:15+00:00\",\"breadcrumb\":{\"@id\":\"https:\\\/\\\/lucassen.de\\\/hausverwaltung\\\/notfall-rufnummern#breadcrumb\"},\"inLanguage\":\"de\",\"potentialAction\":[{\"@type\":\"ReadAction\",\"target\":[\"https:\\\/\\\/lucassen.de\\\/hausverwaltung\\\/notfall-rufnummern\"]}]},{\"@type\":\"ImageObject\",\"inLanguage\":\"de\",\"@id\":\"https:\\\/\\\/lucassen.de\\\/hausverwaltung\\\/notfall-rufnummern#primaryimage\",\"url\":\"https:\\\/\\\/lucassen.de\\\/hausverwaltung\\\/wp-content\\\/uploads\\\/sites\\\/3\\\/iphone-6-in-girls-hands-2210x1473-1.jpg\",\"contentUrl\":\"https:\\\/\\\/lucassen.de\\\/hausverwaltung\\\/wp-content\\\/uploads\\\/sites\\\/3\\\/iphone-6-in-girls-hands-2210x1473-1.jpg\",\"width\":2210,\"height\":1473},{\"@type\":\"BreadcrumbList\",\"@id\":\"https:\\\/\\\/lucassen.de\\\/hausverwaltung\\\/notfall-rufnummern#breadcrumb\",\"itemListElement\":[{\"@type\":\"ListItem\",\"position\":1,\"name\":\"Startseite\",\"item\":\"https:\\\/\\\/lucassen.de\\\/hausverwaltung\\\/\"},{\"@type\":\"ListItem\",\"position\":2,\"name\":\"Notfall-Rufnummern\"}]},{\"@type\":\"WebSite\",\"@id\":\"https:\\\/\\\/lucassen.de\\\/hausverwaltung\\\/#website\",\"url\":\"https:\\\/\\\/lucassen.de\\\/hausverwaltung\\\/\",\"name\":\"Lucassen Hausverwaltung\",\"description\":\"\",\"publisher\":{\"@id\":\"https:\\\/\\\/lucassen.de\\\/hausverwaltung\\\/#organization\"},\"potentialAction\":[{\"@type\":\"SearchAction\",\"target\":{\"@type\":\"EntryPoint\",\"urlTemplate\":\"https:\\\/\\\/lucassen.de\\\/hausverwaltung\\\/?s={search_term_string}\"},\"query-input\":{\"@type\":\"PropertyValueSpecification\",\"valueRequired\":true,\"valueName\":\"search_term_string\"}}],\"inLanguage\":\"de\"},{\"@type\":\"Organization\",\"@id\":\"https:\\\/\\\/lucassen.de\\\/hausverwaltung\\\/#organization\",\"name\":\"Lucassen Hausverwaltung\",\"url\":\"https:\\\/\\\/lucassen.de\\\/hausverwaltung\\\/\",\"logo\":{\"@type\":\"ImageObject\",\"inLanguage\":\"de\",\"@id\":\"https:\\\/\\\/lucassen.de\\\/hausverwaltung\\\/#\\\/schema\\\/logo\\\/image\\\/\",\"url\":\"https:\\\/\\\/lucassen.de\\\/hausverwaltung\\\/wp-content\\\/uploads\\\/sites\\\/3\\\/hausverwaltung_logo_2020.png\",\"contentUrl\":\"https:\\\/\\\/lucassen.de\\\/hausverwaltung\\\/wp-content\\\/uploads\\\/sites\\\/3\\\/hausverwaltung_logo_2020.png\",\"width\":277,\"height\":249,\"caption\":\"Lucassen Hausverwaltung\"},\"image\":{\"@id\":\"https:\\\/\\\/lucassen.de\\\/hausverwaltung\\\/#\\\/schema\\\/logo\\\/image\\\/\"}}]}<\/script>\n<!-- \/ Yoast SEO plugin. -->","yoast_head_json":{"title":"Notfall-Rufnummern - Lucassen Hausverwaltung","robots":{"index":"index","follow":"follow","max-snippet":"max-snippet:-1","max-image-preview":"max-image-preview:large","max-video-preview":"max-video-preview:-1"},"canonical":"https:\/\/lucassen.de\/hausverwaltung\/notfall-rufnummern","og_locale":"de_DE","og_type":"article","og_title":"Notfall-Rufnummern - Lucassen Hausverwaltung","og_description":"In F\u00e4llen, in denen au\u00dferhalb unserer Gesch\u00e4ftszeiten sofortige Hilfe ben\u00f6tigt wird, z. B. Rohrbruch, Totalausfall der Heizung oder \u00c4hnliches, k\u00f6nnen Sie nat\u00fcrlich selbst direkt den Notdienst der Handwerker anrufen. Die Notdienste d\u00fcrfen und werden nur [&hellip;]","og_url":"https:\/\/lucassen.de\/hausverwaltung\/notfall-rufnummern","og_site_name":"Lucassen Hausverwaltung","article_modified_time":"2025-09-17T17:30:15+00:00","og_image":[{"width":2210,"height":1473,"url":"https:\/\/lucassen.de\/hausverwaltung\/wp-content\/uploads\/sites\/3\/iphone-6-in-girls-hands-2210x1473-1.jpg","type":"image\/jpeg"}],"twitter_card":"summary_large_image","twitter_misc":{"Gesch\u00e4tzte Lesezeit":"2\u00a0Minuten"},"schema":{"@context":"https:\/\/schema.org","@graph":[{"@type":"WebPage","@id":"https:\/\/lucassen.de\/hausverwaltung\/notfall-rufnummern","url":"https:\/\/lucassen.de\/hausverwaltung\/notfall-rufnummern","name":"Notfall-Rufnummern - Lucassen Hausverwaltung","isPartOf":{"@id":"https:\/\/lucassen.de\/hausverwaltung\/#website"},"primaryImageOfPage":{"@id":"https:\/\/lucassen.de\/hausverwaltung\/notfall-rufnummern#primaryimage"},"image":{"@id":"https:\/\/lucassen.de\/hausverwaltung\/notfall-rufnummern#primaryimage"},"thumbnailUrl":"https:\/\/lucassen.de\/hausverwaltung\/wp-content\/uploads\/sites\/3\/iphone-6-in-girls-hands-2210x1473-1.jpg","datePublished":"2024-10-25T22:00:34+00:00","dateModified":"2025-09-17T17:30:15+00:00","breadcrumb":{"@id":"https:\/\/lucassen.de\/hausverwaltung\/notfall-rufnummern#breadcrumb"},"inLanguage":"de","potentialAction":[{"@type":"ReadAction","target":["https:\/\/lucassen.de\/hausverwaltung\/notfall-rufnummern"]}]},{"@type":"ImageObject","inLanguage":"de","@id":"https:\/\/lucassen.de\/hausverwaltung\/notfall-rufnummern#primaryimage","url":"https:\/\/lucassen.de\/hausverwaltung\/wp-content\/uploads\/sites\/3\/iphone-6-in-girls-hands-2210x1473-1.jpg","contentUrl":"https:\/\/lucassen.de\/hausverwaltung\/wp-content\/uploads\/sites\/3\/iphone-6-in-girls-hands-2210x1473-1.jpg","width":2210,"height":1473},{"@type":"BreadcrumbList","@id":"https:\/\/lucassen.de\/hausverwaltung\/notfall-rufnummern#breadcrumb","itemListElement":[{"@type":"ListItem","position":1,"name":"Startseite","item":"https:\/\/lucassen.de\/hausverwaltung\/"},{"@type":"ListItem","position":2,"name":"Notfall-Rufnummern"}]},{"@type":"WebSite","@id":"https:\/\/lucassen.de\/hausverwaltung\/#website","url":"https:\/\/lucassen.de\/hausverwaltung\/","name":"Lucassen Hausverwaltung","description":"","publisher":{"@id":"https:\/\/lucassen.de\/hausverwaltung\/#organization"},"potentialAction":[{"@type":"SearchAction","target":{"@type":"EntryPoint","urlTemplate":"https:\/\/lucassen.de\/hausverwaltung\/?s={search_term_string}"},"query-input":{"@type":"PropertyValueSpecification","valueRequired":true,"valueName":"search_term_string"}}],"inLanguage":"de"},{"@type":"Organization","@id":"https:\/\/lucassen.de\/hausverwaltung\/#organization","name":"Lucassen Hausverwaltung","url":"https:\/\/lucassen.de\/hausverwaltung\/","logo":{"@type":"ImageObject","inLanguage":"de","@id":"https:\/\/lucassen.de\/hausverwaltung\/#\/schema\/logo\/image\/","url":"https:\/\/lucassen.de\/hausverwaltung\/wp-content\/uploads\/sites\/3\/hausverwaltung_logo_2020.png","contentUrl":"https:\/\/lucassen.de\/hausverwaltung\/wp-content\/uploads\/sites\/3\/hausverwaltung_logo_2020.png","width":277,"height":249,"caption":"Lucassen Hausverwaltung"},"image":{"@id":"https:\/\/lucassen.de\/hausverwaltung\/#\/schema\/logo\/image\/"}}]}},"acf":[],"_links":{"self":[{"href":"https:\/\/lucassen.de\/hausverwaltung\/wp-json\/wp\/v2\/pages\/20202320","targetHints":{"allow":["GET"]}}],"collection":[{"href":"https:\/\/lucassen.de\/hausverwaltung\/wp-json\/wp\/v2\/pages"}],"about":[{"href":"https:\/\/lucassen.de\/hausverwaltung\/wp-json\/wp\/v2\/types\/page"}],"author":[{"embeddable":true,"href":"https:\/\/lucassen.de\/hausverwaltung\/wp-json\/wp\/v2\/users\/1"}],"replies":[{"embeddable":true,"href":"https:\/\/lucassen.de\/hausverwaltung\/wp-json\/wp\/v2\/comments?post=20202320"}],"version-history":[{"count":54,"href":"https:\/\/lucassen.de\/hausverwaltung\/wp-json\/wp\/v2\/pages\/20202320\/revisions"}],"predecessor-version":[{"id":20207217,"href":"https:\/\/lucassen.de\/hausverwaltung\/wp-json\/wp\/v2\/pages\/20202320\/revisions\/20207217"}],"wp:attachment":[{"href":"https:\/\/lucassen.de\/hausverwaltung\/wp-json\/wp\/v2\/media?parent=20202320"}],"curies":[{"name":"wp","href":"https:\/\/api.w.org\/{rel}","templated":true}]}}