{"id":20202351,"date":"2024-10-26T02:26:15","date_gmt":"2024-10-26T00:26:15","guid":{"rendered":"https:\/\/lucassen.de\/hausverwaltung\/?page_id=20202351"},"modified":"2025-09-23T11:35:26","modified_gmt":"2025-09-23T09:35:26","slug":"moers","status":"publish","type":"page","link":"https:\/\/lucassen.de\/hausverwaltung\/notfall-rufnummern\/moers","title":{"rendered":"Moers"},"content":{"rendered":"\n<div class=\"wp-block-cover\" style=\"min-height:40vh;aspect-ratio:unset;\"><img loading=\"lazy\" decoding=\"async\" width=\"2210\" height=\"1473\" class=\"wp-block-cover__image-background wp-image-23\" alt=\"\" src=\"https:\/\/lucassen.de\/hausverwaltung\/wp-content\/uploads\/sites\/3\/iphone-6-in-girls-hands-2210x1473-1.jpg\" data-object-fit=\"cover\" srcset=\"https:\/\/lucassen.de\/hausverwaltung\/wp-content\/uploads\/sites\/3\/iphone-6-in-girls-hands-2210x1473-1.jpg 2210w, https:\/\/lucassen.de\/hausverwaltung\/wp-content\/uploads\/sites\/3\/iphone-6-in-girls-hands-2210x1473-1-800x533.jpg 800w, https:\/\/lucassen.de\/hausverwaltung\/wp-content\/uploads\/sites\/3\/iphone-6-in-girls-hands-2210x1473-1-1600x1066.jpg 1600w, https:\/\/lucassen.de\/hausverwaltung\/wp-content\/uploads\/sites\/3\/iphone-6-in-girls-hands-2210x1473-1-768x512.jpg 768w, https:\/\/lucassen.de\/hausverwaltung\/wp-content\/uploads\/sites\/3\/iphone-6-in-girls-hands-2210x1473-1-1536x1024.jpg 1536w, https:\/\/lucassen.de\/hausverwaltung\/wp-content\/uploads\/sites\/3\/iphone-6-in-girls-hands-2210x1473-1-2048x1365.jpg 2048w, https:\/\/lucassen.de\/hausverwaltung\/wp-content\/uploads\/sites\/3\/iphone-6-in-girls-hands-2210x1473-1-300x200.jpg 300w, https:\/\/lucassen.de\/hausverwaltung\/wp-content\/uploads\/sites\/3\/iphone-6-in-girls-hands-2210x1473-1-1024x683.jpg 1024w\" sizes=\"auto, (max-width: 2210px) 100vw, 2210px\" \/><span aria-hidden=\"true\" class=\"wp-block-cover__background has-background-dim-90 has-background-dim wp-block-cover__gradient-background has-background-gradient\" style=\"background:linear-gradient(140deg,rgb(52,72,94) 0%,rgba(52,72,94,0.89) 51%,rgba(52,72,94,0.41) 100%)\"><\/span><div class=\"wp-block-cover__inner-container is-layout-constrained wp-container-core-cover-is-layout-48c9aa2a wp-block-cover-is-layout-constrained\">\n<div class=\"wp-block-group\"><div class=\"wp-block-group__inner-container is-layout-flow wp-block-group-is-layout-flow\">\n<h1 class=\"wp-block-heading\">Notfall-Rufnummern f\u00fcr Moers<\/h1>\n<\/div><\/div>\n<\/div><\/div>\n\n\n\n<div class=\"wp-block-group\"><div class=\"wp-block-group__inner-container is-layout-constrained wp-block-group-is-layout-constrained\">\n<div class=\"wp-block-columns are-vertically-aligned-center is-layout-flex wp-container-core-columns-is-layout-c9b6521d wp-block-columns-is-layout-flex\">\n<div class=\"wp-block-column is-vertically-aligned-center is-layout-flow wp-block-column-is-layout-flow\" style=\"flex-basis:50%\">\n<p>In F\u00e4llen, in denen au\u00dferhalb unserer Gesch\u00e4ftszeiten sofortige Hilfe ben\u00f6tigt wird, z. B. Rohrbruch, Totalausfall der Heizung oder \u00c4hnliches, k\u00f6nnen Sie nat\u00fcrlich selbst direkt den Notdienst der Handwerker anrufen.<\/p>\n\n\n\n<blockquote class=\"wp-block-quote is-layout-flow wp-block-quote-is-layout-flow\">\n<p><em>Die Notdienste d\u00fcrfen nur den Notstand beseitigen.<\/em><br><em>Weitere Arbeiten sind <strong>vorher<\/strong> mit der Hausverwaltung abzusprechen.<\/em><\/p>\n<\/blockquote>\n\n\n\n<p>Die entsprechenden Telefonnummern finden Sie auf der Notfall-Liste in Ihrem Hausflur. Falls es dort keinen Aushang mehr gibt, nutzen Sie bitte folgende Kontakte:<\/p>\n<\/div>\n\n\n\n<div class=\"wp-block-column is-vertically-aligned-center is-layout-flow wp-block-column-is-layout-flow\" style=\"flex-basis:50%\">\n<figure class=\"wp-block-image size-full is-resized\"><img loading=\"lazy\" decoding=\"async\" width=\"1280\" height=\"960\" src=\"https:\/\/lucassen.de\/hausverwaltung\/wp-content\/uploads\/sites\/3\/karte-wappen-moers-edited.png\" alt=\"\" class=\"wp-image-20204391\" style=\"aspect-ratio:4\/3;object-fit:cover;width:auto;height:300px\" srcset=\"https:\/\/lucassen.de\/hausverwaltung\/wp-content\/uploads\/sites\/3\/karte-wappen-moers-edited.png 1280w, https:\/\/lucassen.de\/hausverwaltung\/wp-content\/uploads\/sites\/3\/karte-wappen-moers-edited-800x600.png 800w, https:\/\/lucassen.de\/hausverwaltung\/wp-content\/uploads\/sites\/3\/karte-wappen-moers-edited-768x576.png 768w\" sizes=\"auto, (max-width: 1280px) 100vw, 1280px\" \/><\/figure>\n<\/div>\n<\/div>\n<\/div><\/div>\n\n\n\n<div class=\"wp-block-group\"><div class=\"wp-block-group__inner-container is-layout-constrained wp-block-group-is-layout-constrained\">\n<div class=\"wp-block-columns are-vertically-aligned-bottom is-layout-flex wp-container-core-columns-is-layout-9d6595d7 wp-block-columns-is-layout-flex\">\n<div class=\"wp-block-column is-vertically-aligned-bottom is-layout-flow wp-block-column-is-layout-flow\" style=\"flex-basis:33.34%\">\n<div class=\"wp-block-group\"><div class=\"wp-block-group__inner-container is-layout-constrained wp-block-group-is-layout-constrained\">\n<p class=\"has-large-font-size\"><strong>Polizei<\/strong><\/p>\n\n\n\n<p><mark style=\"background-color:rgba(0, 0, 0, 0)\" class=\"has-inline-color has-vivid-red-color\"><strong><i class=\"fa fa-phone\"><\/i><\/strong><\/mark> <mark style=\"background-color:rgba(0, 0, 0, 0)\" class=\"has-inline-color has-vivid-red-color\"><strong>Notruf: <\/strong><\/mark><strong style=\"font-size: revert; color: rgb(207, 46, 46);\"><a href=\"tel:+49110\">110<\/a><\/strong><\/p>\n\n\n\n<p><strong>Polizeiwache Moers<\/strong><br><a href=\"maps:q=Asberger Str. 5, 47441 Moers\" target=\"_blank\">Asberger Str. 5<br>47441 Moers\u202c (Asberg)<\/a><br><strong><i class=\"fa fa-phone\"><\/i><\/strong> Telefon:&nbsp;<a href=\"tel:+4928411710\">(02841)  171-0<\/a><\/p>\n<\/div><\/div>\n<\/div>\n\n\n\n<div class=\"wp-block-column is-vertically-aligned-bottom is-layout-flow wp-block-column-is-layout-flow\" style=\"flex-basis:33.34%\">\n<div class=\"wp-block-group\"><div class=\"wp-block-group__inner-container is-layout-constrained wp-block-group-is-layout-constrained\">\n<p class=\"has-large-font-size\"><strong>Feuerwehr\/Notarzt<\/strong><\/p>\n\n\n\n<p><mark style=\"background-color:rgba(0, 0, 0, 0)\" class=\"has-inline-color has-vivid-red-color\"><strong><i class=\"fa fa-phone\"><\/i><\/strong><\/mark> <mark style=\"background-color:rgba(0, 0, 0, 0)\" class=\"has-inline-color has-vivid-red-color\"><strong>Notruf: <a href=\"tel:+49112\">112<\/a><\/strong><\/mark><\/p>\n\n\n\n<p><strong>Feuerwehr Moers L\u00f6schzug Stadtmitte<\/strong><br><a href=\"maps:q=Essenberger Str. 5, 47441 Moers\" target=\"_blank\">Essenberger Str. 5<br>47441 Moers (Asberg)<\/a><br><strong><i class=\"fa fa-phone\"><\/i><\/strong> Telefon: \u202d<a href=\"tel:+4928411739244\">(02841)  1739244\u202c<\/a><\/p>\n<\/div><\/div>\n<\/div>\n\n\n\n<div class=\"wp-block-column is-vertically-aligned-bottom is-layout-flow wp-block-column-is-layout-flow\" style=\"flex-basis:33.33%\">\n<div class=\"wp-block-group\"><div class=\"wp-block-group__inner-container is-layout-constrained wp-block-group-is-layout-constrained\">\n<p><strong>Feuer- und Rettungswache Moers<\/strong><br><a href=\"maps:q=Am Jostenhof 39, 47441 Moers\" target=\"_blank\">Am Jostenhof 39<br>47441 Moers\u202c (H\u00fclsdonk)<\/a><br><strong><i class=\"fa fa-phone\"><\/i><\/strong> Telefon:<span style=\"font-size: revert;\"> <\/span><a style=\"font-size: revert;\" href=\"tel:+49284112000\">(02841)  12000<\/a><\/p>\n<\/div><\/div>\n<\/div>\n<\/div>\n<\/div><\/div>\n\n\n\n<div class=\"wp-block-group\"><div class=\"wp-block-group__inner-container is-layout-constrained wp-block-group-is-layout-constrained\">\n<div class=\"wp-block-group is-layout-grid wp-container-core-group-is-layout-6be84c55 wp-block-group-is-layout-grid\">\n<div class=\"wp-block-group\"><div class=\"wp-block-group__inner-container is-layout-constrained wp-block-group-is-layout-constrained\">\n<p class=\"has-large-font-size\"><strong>Gas\/Wasser<\/strong><\/p>\n\n\n\n<p><mark style=\"background-color:rgba(0, 0, 0, 0)\" class=\"has-inline-color has-vivid-red-color\"><strong><i class=\"fa fa-phone\"><\/i><\/strong><\/mark> Notdienst: \u202d<a href=\"tel:+492841104114\">(02841)  104-114<\/a><\/p>\n\n\n\n<p><strong>ENNI Energie &amp; Umwelt Niederrhein GmbH<\/strong><br><a href=\"maps:q=Am Jostenhof 15, 47441 Moers\" target=\"_blank\">Am Jostenhof 15<br>47441 Moers\u202c (H\u00fclsdonk)<\/a><\/p>\n<\/div><\/div>\n\n\n\n<div class=\"wp-block-group\"><div class=\"wp-block-group__inner-container is-layout-constrained wp-block-group-is-layout-constrained\">\n<p class=\"has-large-font-size\"><strong>Elektro<\/strong><\/p>\n\n\n\n<p><mark style=\"background-color:rgba(0, 0, 0, 0)\" class=\"has-inline-color has-vivid-red-color\"><strong><i class=\"fa fa-phone\"><\/i><\/strong><\/mark> Notdienst: \u202d<a href=\"tel:+492151598371\">(02151)  598371<\/a><\/p>\n\n\n\n<p><strong><a href=\"https:\/\/www.elektro-lingen.de\" target=\"_blank\" rel=\"noreferrer noopener\">Elektro Lingen<\/a><\/strong><br><a href=\"maps:q=Kreuzbergstr. 111, 47800 Krefeld\u202c (Bockum)\" target=\"_blank\">Kreuzbergstr. 111<br>47800 Krefeld\u202c (Bockum)<\/a><\/p>\n<\/div><\/div>\n\n\n\n<div class=\"wp-block-group\"><div class=\"wp-block-group__inner-container is-layout-constrained wp-block-group-is-layout-constrained\">\n<p class=\"has-large-font-size\"><strong>Sanit\u00e4r\/Heizung<\/strong><\/p>\n\n\n\n<p><mark style=\"background-color:rgba(0, 0, 0, 0)\" class=\"has-inline-color has-vivid-red-color\"><strong><i class=\"fa fa-phone\"><\/i><\/strong><\/mark> Notdienst: \u202d<a href=\"tel:+491747111815\" target=\"_blank\" rel=\"noreferrer noopener\"><a href=\"tel:+49284131462\" target=\"_blank\" rel=\"noreferrer noopener\">(02841)  31462\u202c<\/a><\/a><\/p>\n\n\n\n<p><strong><a href=\"https:\/\/www.vogt-moers.de\" target=\"_blank\" rel=\"noreferrer noopener\">Firma Vogt<\/a><\/strong><br><a href=\"maps:q=D\u00fcsseldorfer Str. 226, 47447 Moers\" target=\"_blank\" rel=\"noreferrer noopener\">D\u00fcsseldorfer Str. 226<br>47447 Moers<\/a><br><i class=\"fa fa-phone\"><\/i> Telefon (B\u00fcro): \u202d<a href=\"tel:+49284131462\" target=\"_blank\" rel=\"noreferrer noopener\">(02841)  31462\u202c<\/a><\/p>\n<\/div><\/div>\n\n\n\n<div class=\"wp-block-group\"><div class=\"wp-block-group__inner-container is-layout-constrained wp-block-group-is-layout-constrained\">\n<p class=\"has-large-font-size\"><strong>Rohrreinigung<\/strong><\/p>\n\n\n\n<p><mark style=\"background-color:rgba(0, 0, 0, 0)\" class=\"has-inline-color has-vivid-red-color\"><strong><i class=\"fa fa-phone\"><\/i><\/strong><\/mark> Notdienst: <a href=\"tel:+4980042663253\">(0800)  42663253<\/a><\/p>\n\n\n\n<p><strong>Hannecke GmbH<\/strong><br><a href=\"maps:q=Max-Planck-Ring 30, 46049 Oberhausen\" target=\"_blank\">Max-Planck-Ring 30<br>46049 Oberhausen<\/a><\/p>\n<\/div><\/div>\n\n\n\n<div class=\"wp-block-group\"><div class=\"wp-block-group__inner-container is-layout-constrained wp-block-group-is-layout-constrained\">\n<p class=\"has-large-font-size\"><strong>Dachdecker<\/strong><\/p>\n\n\n\n<p><mark style=\"background-color:rgba(0, 0, 0, 0)\" class=\"has-inline-color has-vivid-red-color\"><strong><i class=\"fa fa-phone\"><\/i><\/strong><\/mark> Notdienst: <a href=\"tel:+4928419553530\">(\u202d02841)  9553530\u202c<\/a><\/p>\n\n\n\n<p><strong>Piche Bedachungen und Zimmerei GmbH<\/strong><br><a href=\"maps:q=Max-Elisenstra\u00dfe 63, 47199 Duisburg (Baerl)\" target=\"_blank\">Elisenstra\u00dfe 63<br>47199 Duisburg (Baerl)<\/a><\/p>\n<\/div><\/div>\n\n\n\n<div class=\"wp-block-group\"><div class=\"wp-block-group__inner-container is-layout-constrained wp-block-group-is-layout-constrained\">\n<p class=\"has-large-font-size\"><strong>Schl\u00fcsseldienst<\/strong><\/p>\n\n\n\n<p><mark style=\"background-color:rgba(0, 0, 0, 0)\" class=\"has-inline-color has-vivid-red-color\"><strong><i class=\"fa fa-phone\"><\/i><\/strong><\/mark> Notdienst: <a href=\"tel:+49206547813\">(02065)  47813<\/a><\/p>\n\n\n\n<p><strong>Schl\u00fcsseldienst Aljamal<\/strong><br><a href=\"maps:q=Kaiserstra\u00dfe 67, 47229 Duisburg (Friemersheim)\" target=\"_blank\">Kaiserstra\u00dfe 67<br>47229 Duisburg (Friemersheim)<\/a><\/p>\n<\/div><\/div>\n<\/div>\n<\/div><\/div>\n","protected":false},"excerpt":{"rendered":"<p>In F\u00e4llen, in denen au\u00dferhalb unserer Gesch\u00e4ftszeiten sofortige Hilfe ben\u00f6tigt wird, z. B. Rohrbruch, Totalausfall der Heizung oder \u00c4hnliches, k\u00f6nnen Sie nat\u00fcrlich selbst direkt den Notdienst der Handwerker anrufen. Die Notdienste d\u00fcrfen nur den Notstand [&hellip;]<\/p>\n","protected":false},"author":1,"featured_media":0,"parent":20202320,"menu_order":410,"comment_status":"closed","ping_status":"closed","template":"page-notfallnummern.php","meta":{"_acf_changed":false,"footnotes":""},"class_list":["post-20202351","page","type-page","status-publish","hentry"],"yoast_head":"<!-- This site is optimized with the Yoast SEO plugin v27.5 - https:\/\/yoast.com\/product\/yoast-seo-wordpress\/ -->\n<title>Moers - Lucassen Hausverwaltung<\/title>\n<meta name=\"robots\" content=\"index, follow, max-snippet:-1, max-image-preview:large, max-video-preview:-1\" \/>\n<link rel=\"canonical\" href=\"https:\/\/lucassen.de\/hausverwaltung\/notfall-rufnummern\/moers\" \/>\n<meta property=\"og:locale\" content=\"de_DE\" \/>\n<meta property=\"og:type\" content=\"article\" \/>\n<meta property=\"og:title\" content=\"Moers - Lucassen Hausverwaltung\" \/>\n<meta property=\"og:description\" content=\"In F\u00e4llen, in denen au\u00dferhalb unserer Gesch\u00e4ftszeiten sofortige Hilfe ben\u00f6tigt wird, z. B. Rohrbruch, Totalausfall der Heizung oder \u00c4hnliches, k\u00f6nnen Sie nat\u00fcrlich selbst direkt den Notdienst der Handwerker anrufen. Die Notdienste d\u00fcrfen nur den Notstand [&hellip;]\" \/>\n<meta property=\"og:url\" content=\"https:\/\/lucassen.de\/hausverwaltung\/notfall-rufnummern\/moers\" \/>\n<meta property=\"og:site_name\" content=\"Lucassen Hausverwaltung\" \/>\n<meta property=\"article:modified_time\" content=\"2025-09-23T09:35:26+00:00\" \/>\n<meta property=\"og:image\" content=\"https:\/\/lucassen.de\/hausverwaltung\/wp-content\/uploads\/sites\/3\/iphone-6-in-girls-hands-2210x1473-1.jpg\" \/>\n\t<meta property=\"og:image:width\" content=\"2210\" \/>\n\t<meta property=\"og:image:height\" content=\"1473\" \/>\n\t<meta property=\"og:image:type\" content=\"image\/jpeg\" \/>\n<meta name=\"twitter:card\" content=\"summary_large_image\" \/>\n<meta name=\"twitter:label1\" content=\"Gesch\u00e4tzte Lesezeit\" \/>\n\t<meta name=\"twitter:data1\" content=\"2\u00a0Minuten\" \/>\n<script type=\"application\/ld+json\" class=\"yoast-schema-graph\">{\"@context\":\"https:\\\/\\\/schema.org\",\"@graph\":[{\"@type\":\"WebPage\",\"@id\":\"https:\\\/\\\/lucassen.de\\\/hausverwaltung\\\/notfall-rufnummern\\\/moers\",\"url\":\"https:\\\/\\\/lucassen.de\\\/hausverwaltung\\\/notfall-rufnummern\\\/moers\",\"name\":\"Moers - Lucassen Hausverwaltung\",\"isPartOf\":{\"@id\":\"https:\\\/\\\/lucassen.de\\\/hausverwaltung\\\/#website\"},\"primaryImageOfPage\":{\"@id\":\"https:\\\/\\\/lucassen.de\\\/hausverwaltung\\\/notfall-rufnummern\\\/moers#primaryimage\"},\"image\":{\"@id\":\"https:\\\/\\\/lucassen.de\\\/hausverwaltung\\\/notfall-rufnummern\\\/moers#primaryimage\"},\"thumbnailUrl\":\"https:\\\/\\\/lucassen.de\\\/hausverwaltung\\\/wp-content\\\/uploads\\\/sites\\\/3\\\/iphone-6-in-girls-hands-2210x1473-1.jpg\",\"datePublished\":\"2024-10-26T00:26:15+00:00\",\"dateModified\":\"2025-09-23T09:35:26+00:00\",\"breadcrumb\":{\"@id\":\"https:\\\/\\\/lucassen.de\\\/hausverwaltung\\\/notfall-rufnummern\\\/moers#breadcrumb\"},\"inLanguage\":\"de\",\"potentialAction\":[{\"@type\":\"ReadAction\",\"target\":[\"https:\\\/\\\/lucassen.de\\\/hausverwaltung\\\/notfall-rufnummern\\\/moers\"]}]},{\"@type\":\"ImageObject\",\"inLanguage\":\"de\",\"@id\":\"https:\\\/\\\/lucassen.de\\\/hausverwaltung\\\/notfall-rufnummern\\\/moers#primaryimage\",\"url\":\"https:\\\/\\\/lucassen.de\\\/hausverwaltung\\\/wp-content\\\/uploads\\\/sites\\\/3\\\/iphone-6-in-girls-hands-2210x1473-1.jpg\",\"contentUrl\":\"https:\\\/\\\/lucassen.de\\\/hausverwaltung\\\/wp-content\\\/uploads\\\/sites\\\/3\\\/iphone-6-in-girls-hands-2210x1473-1.jpg\",\"width\":2210,\"height\":1473},{\"@type\":\"BreadcrumbList\",\"@id\":\"https:\\\/\\\/lucassen.de\\\/hausverwaltung\\\/notfall-rufnummern\\\/moers#breadcrumb\",\"itemListElement\":[{\"@type\":\"ListItem\",\"position\":1,\"name\":\"Startseite\",\"item\":\"https:\\\/\\\/lucassen.de\\\/hausverwaltung\\\/\"},{\"@type\":\"ListItem\",\"position\":2,\"name\":\"Notfall-Rufnummern\",\"item\":\"https:\\\/\\\/lucassen.de\\\/hausverwaltung\\\/notfall-rufnummern\"},{\"@type\":\"ListItem\",\"position\":3,\"name\":\"Moers\"}]},{\"@type\":\"WebSite\",\"@id\":\"https:\\\/\\\/lucassen.de\\\/hausverwaltung\\\/#website\",\"url\":\"https:\\\/\\\/lucassen.de\\\/hausverwaltung\\\/\",\"name\":\"Lucassen Hausverwaltung\",\"description\":\"\",\"publisher\":{\"@id\":\"https:\\\/\\\/lucassen.de\\\/hausverwaltung\\\/#organization\"},\"potentialAction\":[{\"@type\":\"SearchAction\",\"target\":{\"@type\":\"EntryPoint\",\"urlTemplate\":\"https:\\\/\\\/lucassen.de\\\/hausverwaltung\\\/?s={search_term_string}\"},\"query-input\":{\"@type\":\"PropertyValueSpecification\",\"valueRequired\":true,\"valueName\":\"search_term_string\"}}],\"inLanguage\":\"de\"},{\"@type\":\"Organization\",\"@id\":\"https:\\\/\\\/lucassen.de\\\/hausverwaltung\\\/#organization\",\"name\":\"Lucassen Hausverwaltung\",\"url\":\"https:\\\/\\\/lucassen.de\\\/hausverwaltung\\\/\",\"logo\":{\"@type\":\"ImageObject\",\"inLanguage\":\"de\",\"@id\":\"https:\\\/\\\/lucassen.de\\\/hausverwaltung\\\/#\\\/schema\\\/logo\\\/image\\\/\",\"url\":\"https:\\\/\\\/lucassen.de\\\/hausverwaltung\\\/wp-content\\\/uploads\\\/sites\\\/3\\\/hausverwaltung_logo_2020.png\",\"contentUrl\":\"https:\\\/\\\/lucassen.de\\\/hausverwaltung\\\/wp-content\\\/uploads\\\/sites\\\/3\\\/hausverwaltung_logo_2020.png\",\"width\":277,\"height\":249,\"caption\":\"Lucassen Hausverwaltung\"},\"image\":{\"@id\":\"https:\\\/\\\/lucassen.de\\\/hausverwaltung\\\/#\\\/schema\\\/logo\\\/image\\\/\"}}]}<\/script>\n<!-- \/ Yoast SEO plugin. -->","yoast_head_json":{"title":"Moers - Lucassen Hausverwaltung","robots":{"index":"index","follow":"follow","max-snippet":"max-snippet:-1","max-image-preview":"max-image-preview:large","max-video-preview":"max-video-preview:-1"},"canonical":"https:\/\/lucassen.de\/hausverwaltung\/notfall-rufnummern\/moers","og_locale":"de_DE","og_type":"article","og_title":"Moers - Lucassen Hausverwaltung","og_description":"In F\u00e4llen, in denen au\u00dferhalb unserer Gesch\u00e4ftszeiten sofortige Hilfe ben\u00f6tigt wird, z. B. Rohrbruch, Totalausfall der Heizung oder \u00c4hnliches, k\u00f6nnen Sie nat\u00fcrlich selbst direkt den Notdienst der Handwerker anrufen. Die Notdienste d\u00fcrfen nur den Notstand [&hellip;]","og_url":"https:\/\/lucassen.de\/hausverwaltung\/notfall-rufnummern\/moers","og_site_name":"Lucassen Hausverwaltung","article_modified_time":"2025-09-23T09:35:26+00:00","og_image":[{"width":2210,"height":1473,"url":"https:\/\/lucassen.de\/hausverwaltung\/wp-content\/uploads\/sites\/3\/iphone-6-in-girls-hands-2210x1473-1.jpg","type":"image\/jpeg"}],"twitter_card":"summary_large_image","twitter_misc":{"Gesch\u00e4tzte Lesezeit":"2\u00a0Minuten"},"schema":{"@context":"https:\/\/schema.org","@graph":[{"@type":"WebPage","@id":"https:\/\/lucassen.de\/hausverwaltung\/notfall-rufnummern\/moers","url":"https:\/\/lucassen.de\/hausverwaltung\/notfall-rufnummern\/moers","name":"Moers - Lucassen Hausverwaltung","isPartOf":{"@id":"https:\/\/lucassen.de\/hausverwaltung\/#website"},"primaryImageOfPage":{"@id":"https:\/\/lucassen.de\/hausverwaltung\/notfall-rufnummern\/moers#primaryimage"},"image":{"@id":"https:\/\/lucassen.de\/hausverwaltung\/notfall-rufnummern\/moers#primaryimage"},"thumbnailUrl":"https:\/\/lucassen.de\/hausverwaltung\/wp-content\/uploads\/sites\/3\/iphone-6-in-girls-hands-2210x1473-1.jpg","datePublished":"2024-10-26T00:26:15+00:00","dateModified":"2025-09-23T09:35:26+00:00","breadcrumb":{"@id":"https:\/\/lucassen.de\/hausverwaltung\/notfall-rufnummern\/moers#breadcrumb"},"inLanguage":"de","potentialAction":[{"@type":"ReadAction","target":["https:\/\/lucassen.de\/hausverwaltung\/notfall-rufnummern\/moers"]}]},{"@type":"ImageObject","inLanguage":"de","@id":"https:\/\/lucassen.de\/hausverwaltung\/notfall-rufnummern\/moers#primaryimage","url":"https:\/\/lucassen.de\/hausverwaltung\/wp-content\/uploads\/sites\/3\/iphone-6-in-girls-hands-2210x1473-1.jpg","contentUrl":"https:\/\/lucassen.de\/hausverwaltung\/wp-content\/uploads\/sites\/3\/iphone-6-in-girls-hands-2210x1473-1.jpg","width":2210,"height":1473},{"@type":"BreadcrumbList","@id":"https:\/\/lucassen.de\/hausverwaltung\/notfall-rufnummern\/moers#breadcrumb","itemListElement":[{"@type":"ListItem","position":1,"name":"Startseite","item":"https:\/\/lucassen.de\/hausverwaltung\/"},{"@type":"ListItem","position":2,"name":"Notfall-Rufnummern","item":"https:\/\/lucassen.de\/hausverwaltung\/notfall-rufnummern"},{"@type":"ListItem","position":3,"name":"Moers"}]},{"@type":"WebSite","@id":"https:\/\/lucassen.de\/hausverwaltung\/#website","url":"https:\/\/lucassen.de\/hausverwaltung\/","name":"Lucassen Hausverwaltung","description":"","publisher":{"@id":"https:\/\/lucassen.de\/hausverwaltung\/#organization"},"potentialAction":[{"@type":"SearchAction","target":{"@type":"EntryPoint","urlTemplate":"https:\/\/lucassen.de\/hausverwaltung\/?s={search_term_string}"},"query-input":{"@type":"PropertyValueSpecification","valueRequired":true,"valueName":"search_term_string"}}],"inLanguage":"de"},{"@type":"Organization","@id":"https:\/\/lucassen.de\/hausverwaltung\/#organization","name":"Lucassen Hausverwaltung","url":"https:\/\/lucassen.de\/hausverwaltung\/","logo":{"@type":"ImageObject","inLanguage":"de","@id":"https:\/\/lucassen.de\/hausverwaltung\/#\/schema\/logo\/image\/","url":"https:\/\/lucassen.de\/hausverwaltung\/wp-content\/uploads\/sites\/3\/hausverwaltung_logo_2020.png","contentUrl":"https:\/\/lucassen.de\/hausverwaltung\/wp-content\/uploads\/sites\/3\/hausverwaltung_logo_2020.png","width":277,"height":249,"caption":"Lucassen Hausverwaltung"},"image":{"@id":"https:\/\/lucassen.de\/hausverwaltung\/#\/schema\/logo\/image\/"}}]}},"acf":[],"_links":{"self":[{"href":"https:\/\/lucassen.de\/hausverwaltung\/wp-json\/wp\/v2\/pages\/20202351","targetHints":{"allow":["GET"]}}],"collection":[{"href":"https:\/\/lucassen.de\/hausverwaltung\/wp-json\/wp\/v2\/pages"}],"about":[{"href":"https:\/\/lucassen.de\/hausverwaltung\/wp-json\/wp\/v2\/types\/page"}],"author":[{"embeddable":true,"href":"https:\/\/lucassen.de\/hausverwaltung\/wp-json\/wp\/v2\/users\/1"}],"replies":[{"embeddable":true,"href":"https:\/\/lucassen.de\/hausverwaltung\/wp-json\/wp\/v2\/comments?post=20202351"}],"version-history":[{"count":73,"href":"https:\/\/lucassen.de\/hausverwaltung\/wp-json\/wp\/v2\/pages\/20202351\/revisions"}],"predecessor-version":[{"id":20207406,"href":"https:\/\/lucassen.de\/hausverwaltung\/wp-json\/wp\/v2\/pages\/20202351\/revisions\/20207406"}],"up":[{"embeddable":true,"href":"https:\/\/lucassen.de\/hausverwaltung\/wp-json\/wp\/v2\/pages\/20202320"}],"wp:attachment":[{"href":"https:\/\/lucassen.de\/hausverwaltung\/wp-json\/wp\/v2\/media?parent=20202351"}],"curies":[{"name":"wp","href":"https:\/\/api.w.org\/{rel}","templated":true}]}}