{"id":20202988,"date":"2024-11-17T14:50:58","date_gmt":"2024-11-17T13:50:58","guid":{"rendered":"https:\/\/lucassen.de\/hausverwaltung\/?page_id=20202988"},"modified":"2025-09-23T10:20:35","modified_gmt":"2025-09-23T08:20:35","slug":"klever-str-57","status":"publish","type":"page","link":"https:\/\/lucassen.de\/hausverwaltung\/mietobjekte\/moers\/klever-str-57","title":{"rendered":"Klever Str. 57"},"content":{"rendered":"\n<div class=\"wp-block-group alignwide\" id=\"top\" style=\"margin-top:0;margin-bottom:0;padding-top:0;padding-right:0;padding-bottom:0;padding-left:0\"><div class=\"wp-block-group__inner-container is-layout-flow wp-block-group-is-layout-flow\">\n<div class=\"wp-block-cover\" style=\"min-height:40vh;aspect-ratio:unset;\"><img loading=\"lazy\" decoding=\"async\" width=\"800\" height=\"500\" class=\"wp-block-cover__image-background wp-image-735\" alt=\"\" src=\"https:\/\/lucassen.de\/hausverwaltung\/wp-content\/uploads\/sites\/3\/klever-strasse.jpg\" data-object-fit=\"cover\" srcset=\"https:\/\/lucassen.de\/hausverwaltung\/wp-content\/uploads\/sites\/3\/klever-strasse.jpg 800w, https:\/\/lucassen.de\/hausverwaltung\/wp-content\/uploads\/sites\/3\/klever-strasse-300x188.jpg 300w, https:\/\/lucassen.de\/hausverwaltung\/wp-content\/uploads\/sites\/3\/klever-strasse-768x480.jpg 768w\" sizes=\"auto, (max-width: 800px) 100vw, 800px\" \/><span aria-hidden=\"true\" class=\"wp-block-cover__background has-background-dim-90 has-background-dim wp-block-cover__gradient-background has-background-gradient\" style=\"background:linear-gradient(140deg,rgb(52,72,94) 0%,rgba(52,72,94,0.89) 51%,rgba(52,72,94,0.41) 100%)\"><\/span><div class=\"wp-block-cover__inner-container is-layout-constrained wp-container-core-cover-is-layout-48c9aa2a wp-block-cover-is-layout-constrained\">\n<div class=\"wp-block-group\"><div class=\"wp-block-group__inner-container is-layout-flow wp-block-group-is-layout-flow\"><h1 class=\"wp-block-post-title\">Klever Str. 57<\/h1>\n\n\n<p class=\"has-large-font-size\" style=\"margin-bottom:0\"><strong><em>Mehrfamilienhaus in zentraler Lage in Moers<\/em><\/strong><\/p>\n\n\n\n<div style=\"height:var(--wp--preset--spacing--30)\" aria-hidden=\"true\" class=\"wp-block-spacer\"><\/div>\n\n\n\n<div class=\"wp-block-buttons is-layout-flex wp-block-buttons-is-layout-flex\">\n<div class=\"wp-block-button is-style-fill\"><a class=\"wp-block-button__link wp-element-button\" href=\"#haus\">mehr erfahren<\/a><\/div>\n<\/div>\n<\/div><\/div>\n<\/div><\/div>\n<\/div><\/div>\n\n\n\n<div id=\"haus\" class=\"wp-block-group\" style=\"padding-top:var(--wp--preset--spacing--60);padding-bottom:var(--wp--preset--spacing--60)\"><div class=\"wp-block-group__inner-container is-layout-constrained wp-container-core-group-is-layout-13b51f4a wp-block-group-is-layout-constrained\">\n<div class=\"wp-block-columns are-vertically-aligned-center is-layout-flex wp-container-core-columns-is-layout-c9b6521d wp-block-columns-is-layout-flex\">\n<div class=\"wp-block-column is-vertically-aligned-center is-layout-flow wp-block-column-is-layout-flow\" style=\"flex-basis:50%\">\n<p class=\"has-x-large-font-size\">Klever Str. 57<br>47441 Moers<\/p>\n\n\n\n<p>Das Mehrfamilienhaus verf\u00fcgt \u00fcber acht Wohnungen auf vier Etagen. Die Wohneinheiten teilen sich auf jeweils 4 Wohnungen mit einer Wohnfl\u00e4che von 56 Quadratmetern und 4 Single-Apartments mit einer Wohnfl\u00e4che von 36 Quadratmetern auf. Alle Einheiten sind jeweils mit einem Balkon ausgestattet.<\/p>\n\n\n\n<div class=\"wp-block-buttons is-layout-flex wp-block-buttons-is-layout-flex\" style=\"margin-top:var(--wp--preset--spacing--60)\">\n<div class=\"wp-block-button\"><a class=\"wp-block-button__link wp-element-button\" href=\"#lage\">Lage<\/a><\/div>\n\n\n\n<div class=\"wp-block-button\"><a class=\"wp-block-button__link wp-element-button\" href=\"#wohnungen\">Wohnungen<\/a><\/div>\n\n\n\n<div class=\"wp-block-button\"><a class=\"wp-block-button__link wp-element-button\" href=\"#interesse\">Wohnungsanfrage<\/a><\/div>\n<\/div>\n<\/div>\n\n\n\n<div class=\"wp-block-column is-vertically-aligned-center is-layout-flow wp-block-column-is-layout-flow\" style=\"flex-basis:50%\">\n<figure class=\"wp-block-image size-large\"><img loading=\"lazy\" decoding=\"async\" width=\"533\" height=\"400\" src=\"https:\/\/lucassen.de\/hausverwaltung\/wp-content\/uploads\/sites\/3\/header-lhv-edited-1.jpg\" alt=\"\" class=\"wp-image-20204530\" style=\"aspect-ratio:16\/9;object-fit:cover\"\/><\/figure>\n<\/div>\n<\/div>\n<\/div><\/div>\n\n\n\n<div id=\"lage\" class=\"wp-block-group has-white-color has-text-color has-background has-link-color wp-elements-29c6b6ddb4f5baaa68e530b4e4faebf5\" style=\"background-color:#34485e;padding-top:var(--wp--preset--spacing--60);padding-bottom:var(--wp--preset--spacing--60)\"><div class=\"wp-block-group__inner-container is-layout-constrained wp-container-core-group-is-layout-13b51f4a wp-block-group-is-layout-constrained\">\n<div class=\"wp-block-columns is-layout-flex wp-container-core-columns-is-layout-bd0aba32 wp-block-columns-is-layout-flex\">\n<div class=\"wp-block-column is-layout-flow wp-block-column-is-layout-flow\" style=\"flex-basis:32%\">\n<h2 class=\"wp-block-heading\">Lage<\/h2>\n\n\n\n<p>Das Wohngeb\u00e4ude liegt in fu\u00dfl\u00e4ufiger N\u00e4he zur Moerser Innenstadt. Superm\u00e4rkte f\u00fcr den allt\u00e4glichen Bedarf und diverse Einzelh\u00e4ndler sind in unmittelbarer Umgebung angesiedelt.<\/p>\n\n\n\n<div class=\"wp-block-buttons is-layout-flex wp-block-buttons-is-layout-flex\" style=\"margin-top:var(--wp--preset--spacing--60)\">\n<div class=\"wp-block-button\"><a class=\"wp-block-button__link wp-element-button\" href=\"https:\/\/www.google.com\/maps\/place\/Klever+Str.+57,+47441+Moers\/@51.4574929,6.6320353,500m\" target=\"_blank\" rel=\"noreferrer noopener\">In Google Maps ansehen<\/a><\/div>\n<\/div>\n<\/div>\n\n\n\n<div class=\"wp-block-column is-vertically-aligned-top is-layout-flow wp-block-column-is-layout-flow\" style=\"flex-basis:38%\">\n<figure class=\"wp-block-table is-style-stripes\"><table><thead><tr><th class=\"has-text-align-left\" data-align=\"left\">In der N\u00e4he<\/th><th><\/th><\/tr><\/thead><tbody><tr><td class=\"has-text-align-left\" data-align=\"left\">Superm\u00e4rkte<\/td><td>Aldi, Lidl, Hall<\/td><\/tr><tr><td class=\"has-text-align-left\" data-align=\"left\">B\u00e4ckereien<\/td><td>Bolten<\/td><\/tr><tr><td class=\"has-text-align-left\" data-align=\"left\">Drogeriem\u00e4rkte<\/td><td>Rossmann<\/td><\/tr><tr><td class=\"has-text-align-left\" data-align=\"left\">Tankstellen<\/td><td>Jet<\/td><\/tr><tr><td class=\"has-text-align-left\" data-align=\"left\">Krankenh\u00e4user<\/td><td>Bethanien-Krankenhaus<\/td><\/tr><tr><td class=\"has-text-align-left\" data-align=\"left\">Schulen<\/td><td>Grimm-Schule (Grundschule)<br>Hermann-Runge-Gesamtschule<br>Gymnasium Adolfinum<\/td><\/tr><\/tbody><\/table><\/figure>\n<\/div>\n\n\n\n<div class=\"wp-block-column is-layout-flow wp-block-column-is-layout-flow\" style=\"flex-basis:30%\">\n<figure class=\"wp-block-table is-style-stripes\"><table><thead><tr><th class=\"has-text-align-left\" data-align=\"left\">Entfernungen<\/th><th><\/th><\/tr><\/thead><tbody><tr><td class=\"has-text-align-left\" data-align=\"left\">Fu\u00dfweg zur Innenstadt<\/td><td><strong>10 Minuten<\/strong> <\/td><\/tr><tr><td class=\"has-text-align-left\" data-align=\"left\">Fu\u00dfweg zum Bahnhof<\/td><td><strong>10 Minuten<\/strong> <\/td><\/tr><tr><td class=\"has-text-align-left\" data-align=\"left\">Fahrzeit zur Autobahn A57<\/td><td><strong>5 Minuten<\/strong> <\/td><\/tr><\/tbody><\/table><\/figure>\n<\/div>\n<\/div>\n<\/div><\/div>\n\n\n\n<div id=\"wohnungen\" class=\"wp-block-group has-accent-6-background-color has-background\" style=\"padding-top:var(--wp--preset--spacing--50);padding-bottom:var(--wp--preset--spacing--50)\"><div class=\"wp-block-group__inner-container is-layout-constrained wp-container-core-group-is-layout-195db4b7 wp-block-group-is-layout-constrained\">\n<h2 class=\"wp-block-heading\">Wohnungen<\/h2>\n\n\n\n<div class=\"wp-block-columns is-layout-flex wp-container-core-columns-is-layout-c643a553 wp-block-columns-is-layout-flex\" style=\"padding-top:0;padding-right:0;padding-bottom:0;padding-left:0\">\n<div class=\"wp-block-column is-vertically-aligned-center is-layout-flow wp-block-column-is-layout-flow\" style=\"flex-basis:50%\">\n<figure class=\"wp-block-table is-style-stripes\"><table><thead><tr><th class=\"has-text-align-left\" data-align=\"left\">Wohnung<\/th><th class=\"has-text-align-right\" data-align=\"right\">Gr\u00f6\u00dfe<\/th><th class=\"has-text-align-center\" data-align=\"center\">Status der Vermietung<\/th><\/tr><\/thead><tbody><tr><td class=\"has-text-align-left\" data-align=\"left\">EG links<\/td><td class=\"has-text-align-right\" data-align=\"right\">56,39 m\u00b2<\/td><td class=\"has-text-align-center\" data-align=\"center\"><i class=\"fa-solid fa-person-shelter\" style=\"color: #c80000;\"><\/i>&nbsp; <font color=\"#c80000\">vermietet<\/font><\/td><\/tr><tr><td class=\"has-text-align-left\" data-align=\"left\">EG rechts<\/td><td class=\"has-text-align-right\" data-align=\"right\">36,26 m\u00b2<\/td><td class=\"has-text-align-center\" data-align=\"center\"><i class=\"fa-solid fa-person-shelter\" style=\"color: #c80000;\"><\/i>&nbsp; <font color=\"#c80000\">vermietet<\/font><\/td><\/tr><tr><td class=\"has-text-align-left\" data-align=\"left\">1. OG links<\/td><td class=\"has-text-align-right\" data-align=\"right\">56,39 m\u00b2<\/td><td class=\"has-text-align-center\" data-align=\"center\"><i class=\"fa-solid fa-person-shelter\" style=\"color: #c80000;\"><\/i>&nbsp; <font color=\"#c80000\">vermietet<\/font><\/td><\/tr><tr><td class=\"has-text-align-left\" data-align=\"left\">1. OG rechts<\/td><td class=\"has-text-align-right\" data-align=\"right\">36,26 m\u00b2<\/td><td class=\"has-text-align-center\" data-align=\"center\"><i class=\"fa-solid fa-person-shelter\" style=\"color: #c80000;\"><\/i>&nbsp; <font color=\"#c80000\">vermietet<\/font><\/td><\/tr><tr><td class=\"has-text-align-left\" data-align=\"left\">2. OG links<\/td><td class=\"has-text-align-right\" data-align=\"right\">56,39 m\u00b2<\/td><td class=\"has-text-align-center\" data-align=\"center\"><i class=\"fa-solid fa-person-shelter\" style=\"color: #c80000;\"><\/i>&nbsp; <font color=\"#c80000\">vermietet<\/font><\/td><\/tr><tr><td class=\"has-text-align-left\" data-align=\"left\">2. OG rechts<\/td><td class=\"has-text-align-right\" data-align=\"right\">36,26 m\u00b2<\/td><td class=\"has-text-align-center\" data-align=\"center\"><i class=\"fa-solid fa-person-shelter\" style=\"color: #c80000;\"><\/i>&nbsp; <font color=\"#c80000\">vermietet<\/font><\/td><\/tr><tr><td class=\"has-text-align-left\" data-align=\"left\">3. OG links<\/td><td class=\"has-text-align-right\" data-align=\"right\">56,39 m\u00b2<\/td><td class=\"has-text-align-center\" data-align=\"center\"><i class=\"fa-solid fa-person-shelter\" style=\"color: #c80000;\"><\/i>&nbsp; <font color=\"#c80000\">vermietet<\/font><\/td><\/tr><tr><td class=\"has-text-align-left\" data-align=\"left\">3. OG rechts<\/td><td class=\"has-text-align-right\" data-align=\"right\">36,26 m\u00b2<\/td><td class=\"has-text-align-center\" data-align=\"center\"><i class=\"fa-solid fa-person-shelter\" style=\"color: #c80000;\"><\/i>&nbsp; <font color=\"#c80000\">vermietet<\/font><\/td><\/tr><\/tbody><\/table><\/figure>\n<\/div>\n\n\n\n<div class=\"wp-block-column is-vertically-aligned-top is-layout-flow wp-block-column-is-layout-flow\" style=\"flex-basis:50%\">\n<div style=\"height:48px\" aria-hidden=\"true\" class=\"wp-block-spacer\"><\/div>\n\n\n<div class=\"wp-block-image is-style-default\">\n<figure class=\"aligncenter size-full\"><img loading=\"lazy\" decoding=\"async\" width=\"2560\" height=\"1467\" src=\"https:\/\/lucassen.de\/hausverwaltung\/wp-content\/uploads\/sites\/3\/Wohnungsgrundriss-scaled.jpg\" alt=\"\" class=\"wp-image-20205868\" style=\"object-fit:cover\" srcset=\"https:\/\/lucassen.de\/hausverwaltung\/wp-content\/uploads\/sites\/3\/Wohnungsgrundriss-scaled.jpg 2560w, https:\/\/lucassen.de\/hausverwaltung\/wp-content\/uploads\/sites\/3\/Wohnungsgrundriss-800x458.jpg 800w, https:\/\/lucassen.de\/hausverwaltung\/wp-content\/uploads\/sites\/3\/Wohnungsgrundriss-1600x917.jpg 1600w, https:\/\/lucassen.de\/hausverwaltung\/wp-content\/uploads\/sites\/3\/Wohnungsgrundriss-768x440.jpg 768w, https:\/\/lucassen.de\/hausverwaltung\/wp-content\/uploads\/sites\/3\/Wohnungsgrundriss-1536x880.jpg 1536w, https:\/\/lucassen.de\/hausverwaltung\/wp-content\/uploads\/sites\/3\/Wohnungsgrundriss-2048x1174.jpg 2048w\" sizes=\"auto, (max-width: 2560px) 100vw, 2560px\" \/><figcaption class=\"wp-element-caption\"><center><em><sup>Beispielgrundriss \u2013 Abweichungen m\u00f6glich<\/sup><\/em><\/center><\/figcaption><\/figure>\n<\/div><\/div>\n<\/div>\n<\/div><\/div>\n\n\n\n<div id=\"interesse\" class=\"wp-block-group has-white-color has-text-color has-background has-link-color wp-elements-02dba75ec61671b5d44208390dace0b9\" style=\"background-color:#34485e;padding-top:var(--wp--preset--spacing--50);padding-bottom:var(--wp--preset--spacing--50)\"><div class=\"wp-block-group__inner-container is-layout-constrained wp-container-core-group-is-layout-195db4b7 wp-block-group-is-layout-constrained\">\n<div class=\"wp-block-columns are-vertically-aligned-center is-layout-flex wp-container-core-columns-is-layout-c643a553 wp-block-columns-is-layout-flex\" id=\"werte\" style=\"padding-top:0;padding-right:0;padding-bottom:0;padding-left:0\">\n<div class=\"wp-block-column is-vertically-aligned-center is-layout-flow wp-block-column-is-layout-flow\" style=\"flex-basis:50%\">\n<h2 class=\"wp-block-heading\">Interessieren Sie sich f\u00fcr eine Wohnung in diesem Mehrfamilienhaus?<\/h2>\n\n\n\n<p>Sprechen Sie uns an!<\/p>\n\n\n\n<div class=\"wp-block-buttons is-layout-flex wp-block-buttons-is-layout-flex\" style=\"margin-top:var(--wp--preset--spacing--60)\">\n<div class=\"wp-block-button\"><a class=\"wp-block-button__link wp-element-button\" href=\"mailto:hausverwaltung@lucassen.de?subject=Anfrage%20Wohnung:%20Moers,%20Klever%20Stra\u00dfe%2057\" target=\"_blank\" rel=\"noreferrer noopener\">E-Mail<\/a><\/div>\n<\/div>\n<\/div>\n\n\n\n<div class=\"wp-block-column is-vertically-aligned-center is-layout-flow wp-block-column-is-layout-flow\" style=\"flex-basis:50%\"><div class=\"wp-block-image\">\n<figure class=\"alignright size-full\"><img loading=\"lazy\" decoding=\"async\" width=\"513\" height=\"385\" src=\"https:\/\/lucassen.de\/hausverwaltung\/wp-content\/uploads\/sites\/3\/klever-strasse-edited.jpg\" alt=\"\" class=\"wp-image-20204532\" style=\"aspect-ratio:16\/9;object-fit:cover\"\/><\/figure>\n<\/div><\/div>\n<\/div>\n<\/div><\/div>\n","protected":false},"excerpt":{"rendered":"<p>Klever Str. 5747441 Moers Das Mehrfamilienhaus verf\u00fcgt \u00fcber acht Wohnungen auf vier Etagen. Die Wohneinheiten teilen sich auf jeweils 4 Wohnungen mit einer Wohnfl\u00e4che von 56 Quadratmetern und 4 Single-Apartments mit einer Wohnfl\u00e4che von 36 [&hellip;]<\/p>\n","protected":false},"author":1,"featured_media":0,"parent":397,"menu_order":114,"comment_status":"closed","ping_status":"closed","template":"","meta":{"_acf_changed":false,"footnotes":""},"class_list":["post-20202988","page","type-page","status-publish","hentry"],"yoast_head":"<!-- This site is optimized with the Yoast SEO plugin v27.3 - https:\/\/yoast.com\/product\/yoast-seo-wordpress\/ -->\n<title>Klever Str. 57 - Lucassen Hausverwaltung<\/title>\n<meta name=\"robots\" content=\"index, follow, max-snippet:-1, max-image-preview:large, max-video-preview:-1\" \/>\n<link rel=\"canonical\" href=\"https:\/\/lucassen.de\/hausverwaltung\/mietobjekte\/moers\/klever-str-57\" \/>\n<meta property=\"og:locale\" content=\"de_DE\" \/>\n<meta property=\"og:type\" content=\"article\" \/>\n<meta property=\"og:title\" content=\"Klever Str. 57 - Lucassen Hausverwaltung\" \/>\n<meta property=\"og:description\" content=\"Klever Str. 5747441 Moers Das Mehrfamilienhaus verf\u00fcgt \u00fcber acht Wohnungen auf vier Etagen. Die Wohneinheiten teilen sich auf jeweils 4 Wohnungen mit einer Wohnfl\u00e4che von 56 Quadratmetern und 4 Single-Apartments mit einer Wohnfl\u00e4che von 36 [&hellip;]\" \/>\n<meta property=\"og:url\" content=\"https:\/\/lucassen.de\/hausverwaltung\/mietobjekte\/moers\/klever-str-57\" \/>\n<meta property=\"og:site_name\" content=\"Lucassen Hausverwaltung\" \/>\n<meta property=\"article:modified_time\" content=\"2025-09-23T08:20:35+00:00\" \/>\n<meta property=\"og:image\" content=\"https:\/\/lucassen.de\/hausverwaltung\/wp-content\/uploads\/sites\/3\/klever-strasse.jpg\" \/>\n\t<meta property=\"og:image:width\" content=\"800\" \/>\n\t<meta property=\"og:image:height\" content=\"500\" \/>\n\t<meta property=\"og:image:type\" content=\"image\/jpeg\" \/>\n<meta name=\"twitter:card\" content=\"summary_large_image\" \/>\n<meta name=\"twitter:label1\" content=\"Gesch\u00e4tzte Lesezeit\" \/>\n\t<meta name=\"twitter:data1\" content=\"2\u00a0Minuten\" \/>\n<script type=\"application\/ld+json\" class=\"yoast-schema-graph\">{\"@context\":\"https:\\\/\\\/schema.org\",\"@graph\":[{\"@type\":\"WebPage\",\"@id\":\"https:\\\/\\\/lucassen.de\\\/hausverwaltung\\\/mietobjekte\\\/moers\\\/klever-str-57\",\"url\":\"https:\\\/\\\/lucassen.de\\\/hausverwaltung\\\/mietobjekte\\\/moers\\\/klever-str-57\",\"name\":\"Klever Str. 57 - Lucassen Hausverwaltung\",\"isPartOf\":{\"@id\":\"https:\\\/\\\/lucassen.de\\\/hausverwaltung\\\/#website\"},\"primaryImageOfPage\":{\"@id\":\"https:\\\/\\\/lucassen.de\\\/hausverwaltung\\\/mietobjekte\\\/moers\\\/klever-str-57#primaryimage\"},\"image\":{\"@id\":\"https:\\\/\\\/lucassen.de\\\/hausverwaltung\\\/mietobjekte\\\/moers\\\/klever-str-57#primaryimage\"},\"thumbnailUrl\":\"https:\\\/\\\/lucassen.de\\\/hausverwaltung\\\/wp-content\\\/uploads\\\/sites\\\/3\\\/klever-strasse.jpg\",\"datePublished\":\"2024-11-17T13:50:58+00:00\",\"dateModified\":\"2025-09-23T08:20:35+00:00\",\"breadcrumb\":{\"@id\":\"https:\\\/\\\/lucassen.de\\\/hausverwaltung\\\/mietobjekte\\\/moers\\\/klever-str-57#breadcrumb\"},\"inLanguage\":\"de\",\"potentialAction\":[{\"@type\":\"ReadAction\",\"target\":[\"https:\\\/\\\/lucassen.de\\\/hausverwaltung\\\/mietobjekte\\\/moers\\\/klever-str-57\"]}]},{\"@type\":\"ImageObject\",\"inLanguage\":\"de\",\"@id\":\"https:\\\/\\\/lucassen.de\\\/hausverwaltung\\\/mietobjekte\\\/moers\\\/klever-str-57#primaryimage\",\"url\":\"https:\\\/\\\/lucassen.de\\\/hausverwaltung\\\/wp-content\\\/uploads\\\/sites\\\/3\\\/klever-strasse.jpg\",\"contentUrl\":\"https:\\\/\\\/lucassen.de\\\/hausverwaltung\\\/wp-content\\\/uploads\\\/sites\\\/3\\\/klever-strasse.jpg\",\"width\":800,\"height\":500},{\"@type\":\"BreadcrumbList\",\"@id\":\"https:\\\/\\\/lucassen.de\\\/hausverwaltung\\\/mietobjekte\\\/moers\\\/klever-str-57#breadcrumb\",\"itemListElement\":[{\"@type\":\"ListItem\",\"position\":1,\"name\":\"Startseite\",\"item\":\"https:\\\/\\\/lucassen.de\\\/hausverwaltung\\\/\"},{\"@type\":\"ListItem\",\"position\":2,\"name\":\"Mietobjekte\",\"item\":\"https:\\\/\\\/lucassen.de\\\/hausverwaltung\\\/mietobjekte\"},{\"@type\":\"ListItem\",\"position\":3,\"name\":\"Moers\",\"item\":\"https:\\\/\\\/lucassen.de\\\/hausverwaltung\\\/mietobjekte\\\/moers\"},{\"@type\":\"ListItem\",\"position\":4,\"name\":\"Klever Str. 57\"}]},{\"@type\":\"WebSite\",\"@id\":\"https:\\\/\\\/lucassen.de\\\/hausverwaltung\\\/#website\",\"url\":\"https:\\\/\\\/lucassen.de\\\/hausverwaltung\\\/\",\"name\":\"Lucassen Hausverwaltung\",\"description\":\"\",\"publisher\":{\"@id\":\"https:\\\/\\\/lucassen.de\\\/hausverwaltung\\\/#organization\"},\"potentialAction\":[{\"@type\":\"SearchAction\",\"target\":{\"@type\":\"EntryPoint\",\"urlTemplate\":\"https:\\\/\\\/lucassen.de\\\/hausverwaltung\\\/?s={search_term_string}\"},\"query-input\":{\"@type\":\"PropertyValueSpecification\",\"valueRequired\":true,\"valueName\":\"search_term_string\"}}],\"inLanguage\":\"de\"},{\"@type\":\"Organization\",\"@id\":\"https:\\\/\\\/lucassen.de\\\/hausverwaltung\\\/#organization\",\"name\":\"Lucassen Hausverwaltung\",\"url\":\"https:\\\/\\\/lucassen.de\\\/hausverwaltung\\\/\",\"logo\":{\"@type\":\"ImageObject\",\"inLanguage\":\"de\",\"@id\":\"https:\\\/\\\/lucassen.de\\\/hausverwaltung\\\/#\\\/schema\\\/logo\\\/image\\\/\",\"url\":\"https:\\\/\\\/lucassen.de\\\/hausverwaltung\\\/wp-content\\\/uploads\\\/sites\\\/3\\\/hausverwaltung_logo_2020.png\",\"contentUrl\":\"https:\\\/\\\/lucassen.de\\\/hausverwaltung\\\/wp-content\\\/uploads\\\/sites\\\/3\\\/hausverwaltung_logo_2020.png\",\"width\":277,\"height\":249,\"caption\":\"Lucassen Hausverwaltung\"},\"image\":{\"@id\":\"https:\\\/\\\/lucassen.de\\\/hausverwaltung\\\/#\\\/schema\\\/logo\\\/image\\\/\"}}]}<\/script>\n<!-- \/ Yoast SEO plugin. -->","yoast_head_json":{"title":"Klever Str. 57 - Lucassen Hausverwaltung","robots":{"index":"index","follow":"follow","max-snippet":"max-snippet:-1","max-image-preview":"max-image-preview:large","max-video-preview":"max-video-preview:-1"},"canonical":"https:\/\/lucassen.de\/hausverwaltung\/mietobjekte\/moers\/klever-str-57","og_locale":"de_DE","og_type":"article","og_title":"Klever Str. 57 - Lucassen Hausverwaltung","og_description":"Klever Str. 5747441 Moers Das Mehrfamilienhaus verf\u00fcgt \u00fcber acht Wohnungen auf vier Etagen. Die Wohneinheiten teilen sich auf jeweils 4 Wohnungen mit einer Wohnfl\u00e4che von 56 Quadratmetern und 4 Single-Apartments mit einer Wohnfl\u00e4che von 36 [&hellip;]","og_url":"https:\/\/lucassen.de\/hausverwaltung\/mietobjekte\/moers\/klever-str-57","og_site_name":"Lucassen Hausverwaltung","article_modified_time":"2025-09-23T08:20:35+00:00","og_image":[{"width":800,"height":500,"url":"https:\/\/lucassen.de\/hausverwaltung\/wp-content\/uploads\/sites\/3\/klever-strasse.jpg","type":"image\/jpeg"}],"twitter_card":"summary_large_image","twitter_misc":{"Gesch\u00e4tzte Lesezeit":"2\u00a0Minuten"},"schema":{"@context":"https:\/\/schema.org","@graph":[{"@type":"WebPage","@id":"https:\/\/lucassen.de\/hausverwaltung\/mietobjekte\/moers\/klever-str-57","url":"https:\/\/lucassen.de\/hausverwaltung\/mietobjekte\/moers\/klever-str-57","name":"Klever Str. 57 - Lucassen Hausverwaltung","isPartOf":{"@id":"https:\/\/lucassen.de\/hausverwaltung\/#website"},"primaryImageOfPage":{"@id":"https:\/\/lucassen.de\/hausverwaltung\/mietobjekte\/moers\/klever-str-57#primaryimage"},"image":{"@id":"https:\/\/lucassen.de\/hausverwaltung\/mietobjekte\/moers\/klever-str-57#primaryimage"},"thumbnailUrl":"https:\/\/lucassen.de\/hausverwaltung\/wp-content\/uploads\/sites\/3\/klever-strasse.jpg","datePublished":"2024-11-17T13:50:58+00:00","dateModified":"2025-09-23T08:20:35+00:00","breadcrumb":{"@id":"https:\/\/lucassen.de\/hausverwaltung\/mietobjekte\/moers\/klever-str-57#breadcrumb"},"inLanguage":"de","potentialAction":[{"@type":"ReadAction","target":["https:\/\/lucassen.de\/hausverwaltung\/mietobjekte\/moers\/klever-str-57"]}]},{"@type":"ImageObject","inLanguage":"de","@id":"https:\/\/lucassen.de\/hausverwaltung\/mietobjekte\/moers\/klever-str-57#primaryimage","url":"https:\/\/lucassen.de\/hausverwaltung\/wp-content\/uploads\/sites\/3\/klever-strasse.jpg","contentUrl":"https:\/\/lucassen.de\/hausverwaltung\/wp-content\/uploads\/sites\/3\/klever-strasse.jpg","width":800,"height":500},{"@type":"BreadcrumbList","@id":"https:\/\/lucassen.de\/hausverwaltung\/mietobjekte\/moers\/klever-str-57#breadcrumb","itemListElement":[{"@type":"ListItem","position":1,"name":"Startseite","item":"https:\/\/lucassen.de\/hausverwaltung\/"},{"@type":"ListItem","position":2,"name":"Mietobjekte","item":"https:\/\/lucassen.de\/hausverwaltung\/mietobjekte"},{"@type":"ListItem","position":3,"name":"Moers","item":"https:\/\/lucassen.de\/hausverwaltung\/mietobjekte\/moers"},{"@type":"ListItem","position":4,"name":"Klever Str. 57"}]},{"@type":"WebSite","@id":"https:\/\/lucassen.de\/hausverwaltung\/#website","url":"https:\/\/lucassen.de\/hausverwaltung\/","name":"Lucassen Hausverwaltung","description":"","publisher":{"@id":"https:\/\/lucassen.de\/hausverwaltung\/#organization"},"potentialAction":[{"@type":"SearchAction","target":{"@type":"EntryPoint","urlTemplate":"https:\/\/lucassen.de\/hausverwaltung\/?s={search_term_string}"},"query-input":{"@type":"PropertyValueSpecification","valueRequired":true,"valueName":"search_term_string"}}],"inLanguage":"de"},{"@type":"Organization","@id":"https:\/\/lucassen.de\/hausverwaltung\/#organization","name":"Lucassen Hausverwaltung","url":"https:\/\/lucassen.de\/hausverwaltung\/","logo":{"@type":"ImageObject","inLanguage":"de","@id":"https:\/\/lucassen.de\/hausverwaltung\/#\/schema\/logo\/image\/","url":"https:\/\/lucassen.de\/hausverwaltung\/wp-content\/uploads\/sites\/3\/hausverwaltung_logo_2020.png","contentUrl":"https:\/\/lucassen.de\/hausverwaltung\/wp-content\/uploads\/sites\/3\/hausverwaltung_logo_2020.png","width":277,"height":249,"caption":"Lucassen Hausverwaltung"},"image":{"@id":"https:\/\/lucassen.de\/hausverwaltung\/#\/schema\/logo\/image\/"}}]}},"acf":[],"_links":{"self":[{"href":"https:\/\/lucassen.de\/hausverwaltung\/wp-json\/wp\/v2\/pages\/20202988","targetHints":{"allow":["GET"]}}],"collection":[{"href":"https:\/\/lucassen.de\/hausverwaltung\/wp-json\/wp\/v2\/pages"}],"about":[{"href":"https:\/\/lucassen.de\/hausverwaltung\/wp-json\/wp\/v2\/types\/page"}],"author":[{"embeddable":true,"href":"https:\/\/lucassen.de\/hausverwaltung\/wp-json\/wp\/v2\/users\/1"}],"replies":[{"embeddable":true,"href":"https:\/\/lucassen.de\/hausverwaltung\/wp-json\/wp\/v2\/comments?post=20202988"}],"version-history":[{"count":24,"href":"https:\/\/lucassen.de\/hausverwaltung\/wp-json\/wp\/v2\/pages\/20202988\/revisions"}],"predecessor-version":[{"id":20207371,"href":"https:\/\/lucassen.de\/hausverwaltung\/wp-json\/wp\/v2\/pages\/20202988\/revisions\/20207371"}],"up":[{"embeddable":true,"href":"https:\/\/lucassen.de\/hausverwaltung\/wp-json\/wp\/v2\/pages\/397"}],"wp:attachment":[{"href":"https:\/\/lucassen.de\/hausverwaltung\/wp-json\/wp\/v2\/media?parent=20202988"}],"curies":[{"name":"wp","href":"https:\/\/api.w.org\/{rel}","templated":true}]}}