{"id":20203200,"date":"2024-11-21T23:15:05","date_gmt":"2024-11-21T22:15:05","guid":{"rendered":"https:\/\/lucassen.de\/hausverwaltung\/?page_id=20203200"},"modified":"2025-09-17T19:33:35","modified_gmt":"2025-09-17T17:33:35","slug":"e-rechnung","status":"publish","type":"page","link":"https:\/\/lucassen.de\/hausverwaltung\/informationen\/e-rechnung","title":{"rendered":"E-Rechnung"},"content":{"rendered":"\n<div class=\"wp-block-cover\" style=\"min-height:40vh;aspect-ratio:unset;\" id=\"top\"><img loading=\"lazy\" decoding=\"async\" width=\"2560\" height=\"1707\" class=\"wp-block-cover__image-background wp-image-20203204\" alt=\"\" src=\"https:\/\/lucassen.de\/hausverwaltung\/wp-content\/uploads\/sites\/3\/pexels-mikhail-nilov-6963857-scaled.jpg\" style=\"object-position:50% 20%\" data-object-fit=\"cover\" data-object-position=\"50% 20%\" srcset=\"https:\/\/lucassen.de\/hausverwaltung\/wp-content\/uploads\/sites\/3\/pexels-mikhail-nilov-6963857-scaled.jpg 2560w, https:\/\/lucassen.de\/hausverwaltung\/wp-content\/uploads\/sites\/3\/pexels-mikhail-nilov-6963857-800x533.jpg 800w, https:\/\/lucassen.de\/hausverwaltung\/wp-content\/uploads\/sites\/3\/pexels-mikhail-nilov-6963857-1600x1067.jpg 1600w, https:\/\/lucassen.de\/hausverwaltung\/wp-content\/uploads\/sites\/3\/pexels-mikhail-nilov-6963857-2048x1365.jpg 2048w, https:\/\/lucassen.de\/hausverwaltung\/wp-content\/uploads\/sites\/3\/pexels-mikhail-nilov-6963857-768x512.jpg 768w, https:\/\/lucassen.de\/hausverwaltung\/wp-content\/uploads\/sites\/3\/pexels-mikhail-nilov-6963857-1536x1024.jpg 1536w, https:\/\/lucassen.de\/hausverwaltung\/wp-content\/uploads\/sites\/3\/pexels-mikhail-nilov-6963857-300x200.jpg 300w, https:\/\/lucassen.de\/hausverwaltung\/wp-content\/uploads\/sites\/3\/pexels-mikhail-nilov-6963857-1024x683.jpg 1024w\" sizes=\"auto, (max-width: 2560px) 100vw, 2560px\" \/><span aria-hidden=\"true\" class=\"wp-block-cover__background has-background-dim-90 has-background-dim wp-block-cover__gradient-background has-background-gradient\" style=\"background:linear-gradient(140deg,rgb(52,72,94) 0%,rgba(52,72,94,0.89) 51%,rgba(52,72,94,0.41) 100%)\"><\/span><div class=\"wp-block-cover__inner-container is-layout-constrained wp-container-core-cover-is-layout-48c9aa2a wp-block-cover-is-layout-constrained\">\n<div class=\"wp-block-group\"><div class=\"wp-block-group__inner-container is-layout-flow wp-block-group-is-layout-flow\">\n<h1 class=\"wp-block-heading\">Einf\u00fchrung der E-Rechnung &amp;<br>Zentraler und elektronischer Rechnungsein- und -ausgang<\/h1>\n<\/div><\/div>\n<\/div><\/div>\n\n\n\n<div id=\"text\" class=\"wp-block-group\"><div class=\"wp-block-group__inner-container is-layout-constrained wp-block-group-is-layout-constrained\">\n<p class=\"has-text-align-right\" style=\"font-style:normal;font-weight:200\"><em>Rheinhausen, den 3. November 2024<\/em><\/p>\n\n\n\n<p>Sehr geehrte Damen und Herren,<\/p>\n\n\n\n<p>wir m\u00f6chten Sie auf diesem Wege \u00fcber eine \u00c4nderung unserer Rechnungsstellung informieren. Bisher haben Sie unsere Rechnungen per Post oder als <a href=\"https:\/\/de.wikipedia.org\/wiki\/Portable_Document_Format\" target=\"_blank\" rel=\"noreferrer noopener\">PDF<\/a>-Anhang per E-Mail erhalten.<\/p>\n\n\n\n<p>Seit dem <strong>1. November 2024<\/strong> erstellen wir unsere Rechnungen nur noch im <a href=\"https:\/\/www.e-rechnung-bund.de\/\" target=\"_blank\" rel=\"noreferrer noopener\">E-Rechnung<\/a> Format und \u00fcbermitteln Ihnen diese auch nur noch digital.<br>Sie erhalten unsere <a href=\"https:\/\/www.e-rechnung-bund.de\/\" target=\"_blank\" rel=\"noreferrer noopener\">E-Rechnung<\/a> k\u00fcnftig bequem an Ihre bei uns hinterlegte E-Mail Adresse. Sollten Sie eine andere E-Mail Adresse bevorzugen, bitten wir um eine kurze Mitteilung an <a href=\"mailto:hausverwaltung@lucassen.de\" target=\"_blank\" rel=\"noreferrer noopener\">hausverwaltung@lucassen.de<\/a>.<\/p>\n\n\n\n<p>Die Umstellung wurde notwendig, da der Gesetzgeber die <a href=\"https:\/\/www.e-rechnung-bund.de\/\" target=\"_blank\" rel=\"noreferrer noopener\">E-Rechnung<\/a> im B2B-Umfeld ab dem <strong>1. Januar 2025<\/strong> f\u00fcr verpflichtend erkl\u00e4rt hat. Wir hatten zum 1. November 2024 unseren Rechnungsversand optimiert und erstellen seitdem unsere <a href=\"https:\/\/www.e-rechnung-bund.de\/\" target=\"_blank\" rel=\"noreferrer noopener\">E-Rechnungen<\/a> im <strong><strong><a href=\"https:\/\/de.wikipedia.org\/wiki\/ZUGFeRD\" target=\"_blank\" rel=\"noreferrer noopener\">ZUGFeRD<\/a><\/strong><\/strong> Rechnungsformatstandard. Unsere <a href=\"https:\/\/www.e-rechnung-bund.de\/\" target=\"_blank\" rel=\"noreferrer noopener\">E-Rechnung<\/a> erf\u00fcllen somit die gesetzlichen Anforderungen gem\u00e4\u00df der EU-Richtlinie <a href=\"https:\/\/eur-lex.europa.eu\/legal-content\/DE\/TXT\/HTML\/?uri=CELEX:32014L0055\" target=\"_blank\" rel=\"noreferrer noopener\">EU\/2014\/55<\/a> und des Standards <a href=\"https:\/\/ec.europa.eu\/digital-building-blocks\/sites\/display\/DIGITAL\/EN+16931+compliance\" target=\"_blank\" rel=\"noreferrer noopener\">EN 16931<\/a>.<\/p>\n\n\n\n<h3 class=\"wp-block-heading\">Elektronischer Rechnungsein- und -ausgang<\/h3>\n\n\n\n<p>Zudem m\u00f6chten wir im Zuge der Digitalisierung gemeinsam mit Ihnen neue Wege gehen und die M\u00f6glichkeiten des elektronischen Rechnungsprozess f\u00fcr den Empfang und Versand nutzen.<\/p>\n\n\n\n<p><strong>Wir haben auf einen zentralen Rechnungsein- und -ausgang umgestellt.<\/strong><\/p>\n\n\n\n<p>Neben dem Eingang per Post k\u00f6nnen wir seit dem <strong>1. November 2024 <\/strong>Eingangsrechnungen dauerhaft auf<strong> elektronischem Weg<\/strong> im <strong><a href=\"https:\/\/de.wikipedia.org\/wiki\/PDF\/A#PDF\/A-3\" target=\"_blank\" rel=\"noreferrer noopener\">PDF\/A-3<\/a><\/strong> Format empfangen.<\/p>\n\n\n\n<p>F\u00fcr einen effizienten und reibungslosen Ablauf bitten wir deshalb alle Lieferanten und Dienstleister den elektronischen Rechnungsprozess unter den folgenden, <strong>zwingenden Formalit\u00e4ten<\/strong> anzuwenden:<\/p>\n\n\n\n<ul class=\"wp-block-list\">\n<li>F\u00fcr den Versand von <a href=\"https:\/\/www.e-rechnung-bund.de\/\" target=\"_blank\" rel=\"noreferrer noopener\">E-Rechnungen<\/a> per E-Mail verwenden Sie bitte ausschlie\u00dflich die folgende E-Mail Adresse: <strong><a href=\"mailto:rechnung@lucassen.de\">rechnung@lucassen.de<\/a><\/strong><br>(<em>Bitte anderslautende E-Mail Adressen f\u00fcr den Rechnungsversand l\u00f6schen<\/em>)<\/li>\n\n\n\n<li>Dieses E-Mail Postfach ist ausnahmslos f\u00fcr den Empfang bzw. Versand von <a href=\"https:\/\/www.e-rechnung-bund.de\/\" target=\"_blank\" rel=\"noreferrer noopener\">E-Rechnungen<\/a> und Gutschriften <em>(im Folgenden werden Gutschriften den Rechnungen gleichgestellt) <\/em>bestimmt.<\/li>\n\n\n\n<li>Beim elektronischem Versand ist auf zus\u00e4tzliche Zusendung von Rechnungen per Post zu verzichten.<\/li>\n\n\n\n<li>Die E-Mail dient lediglich als \u201eTransportmittel\u201c f\u00fcr die angeh\u00e4ngte <a href=\"https:\/\/www.e-rechnung-bund.de\/\" target=\"_blank\" rel=\"noreferrer noopener\">E-Rechnung<\/a> und wird daher nicht archiviert.<\/li>\n\n\n\n<li>E-Mails, welche die o.a. Bedingungen nicht erf\u00fcllen, werden nicht bearbeitet.<\/li>\n<\/ul>\n\n\n\n<p>Bitte haben Sie Verst\u00e4ndnis, dass eine ordnungsgem\u00e4\u00dfe und schnelle Verarbeitung sowie Bezahlung Ihrer Rechnungen nur erfolgen kann, wenn die oben genannten Formalit\u00e4ten zwingend eingehalten wurden.<\/p>\n\n\n\n<p>Wir freuen uns auf eine weiterhin gute Zusammenarbeit und verbleiben<\/p>\n\n\n\n<p>mit freundlichen Gr\u00fc\u00dfen<\/p>\n\n\n\n<p><img loading=\"lazy\" decoding=\"async\" width=\"250\" height=\"64\" class=\"wp-image-20204760\" style=\"width: 250px;\" src=\"https:\/\/lucassen.de\/hausverwaltung\/wp-content\/uploads\/sites\/3\/Unterschrift.png\" alt=\"\"><br>(<em>Markus Lucassen<\/em>)<\/p>\n<\/div><\/div>\n","protected":false},"excerpt":{"rendered":"<p>Rheinhausen, den 3. November 2024 Sehr geehrte Damen und Herren, wir m\u00f6chten Sie auf diesem Wege \u00fcber eine \u00c4nderung unserer Rechnungsstellung informieren. Bisher haben Sie unsere Rechnungen per Post oder als PDF-Anhang per E-Mail erhalten. [&hellip;]<\/p>\n","protected":false},"author":1,"featured_media":0,"parent":20,"menu_order":310,"comment_status":"closed","ping_status":"closed","template":"","meta":{"_acf_changed":false,"footnotes":""},"class_list":["post-20203200","page","type-page","status-publish","hentry"],"yoast_head":"<!-- This site is optimized with the Yoast SEO plugin v27.3 - https:\/\/yoast.com\/product\/yoast-seo-wordpress\/ -->\n<title>E-Rechnung - Lucassen Hausverwaltung<\/title>\n<meta name=\"robots\" content=\"index, follow, max-snippet:-1, max-image-preview:large, max-video-preview:-1\" \/>\n<link rel=\"canonical\" href=\"https:\/\/lucassen.de\/hausverwaltung\/informationen\/e-rechnung\" \/>\n<meta property=\"og:locale\" content=\"de_DE\" \/>\n<meta property=\"og:type\" content=\"article\" \/>\n<meta property=\"og:title\" content=\"E-Rechnung - Lucassen Hausverwaltung\" \/>\n<meta property=\"og:description\" content=\"Rheinhausen, den 3. November 2024 Sehr geehrte Damen und Herren, wir m\u00f6chten Sie auf diesem Wege \u00fcber eine \u00c4nderung unserer Rechnungsstellung informieren. Bisher haben Sie unsere Rechnungen per Post oder als PDF-Anhang per E-Mail erhalten. [&hellip;]\" \/>\n<meta property=\"og:url\" content=\"https:\/\/lucassen.de\/hausverwaltung\/informationen\/e-rechnung\" \/>\n<meta property=\"og:site_name\" content=\"Lucassen Hausverwaltung\" \/>\n<meta property=\"article:modified_time\" content=\"2025-09-17T17:33:35+00:00\" \/>\n<meta property=\"og:image\" content=\"https:\/\/lucassen.de\/hausverwaltung\/wp-content\/uploads\/sites\/3\/pexels-mikhail-nilov-6963857-scaled.jpg\" \/>\n\t<meta property=\"og:image:width\" content=\"2560\" \/>\n\t<meta property=\"og:image:height\" content=\"1707\" \/>\n\t<meta property=\"og:image:type\" content=\"image\/jpeg\" \/>\n<meta name=\"twitter:card\" content=\"summary_large_image\" \/>\n<meta name=\"twitter:label1\" content=\"Gesch\u00e4tzte Lesezeit\" \/>\n\t<meta name=\"twitter:data1\" content=\"3\u00a0Minuten\" \/>\n<script type=\"application\/ld+json\" class=\"yoast-schema-graph\">{\"@context\":\"https:\\\/\\\/schema.org\",\"@graph\":[{\"@type\":\"WebPage\",\"@id\":\"https:\\\/\\\/lucassen.de\\\/hausverwaltung\\\/informationen\\\/e-rechnung\",\"url\":\"https:\\\/\\\/lucassen.de\\\/hausverwaltung\\\/informationen\\\/e-rechnung\",\"name\":\"E-Rechnung - Lucassen Hausverwaltung\",\"isPartOf\":{\"@id\":\"https:\\\/\\\/lucassen.de\\\/hausverwaltung\\\/#website\"},\"primaryImageOfPage\":{\"@id\":\"https:\\\/\\\/lucassen.de\\\/hausverwaltung\\\/informationen\\\/e-rechnung#primaryimage\"},\"image\":{\"@id\":\"https:\\\/\\\/lucassen.de\\\/hausverwaltung\\\/informationen\\\/e-rechnung#primaryimage\"},\"thumbnailUrl\":\"https:\\\/\\\/lucassen.de\\\/hausverwaltung\\\/wp-content\\\/uploads\\\/sites\\\/3\\\/pexels-mikhail-nilov-6963857-scaled.jpg\",\"datePublished\":\"2024-11-21T22:15:05+00:00\",\"dateModified\":\"2025-09-17T17:33:35+00:00\",\"breadcrumb\":{\"@id\":\"https:\\\/\\\/lucassen.de\\\/hausverwaltung\\\/informationen\\\/e-rechnung#breadcrumb\"},\"inLanguage\":\"de\",\"potentialAction\":[{\"@type\":\"ReadAction\",\"target\":[\"https:\\\/\\\/lucassen.de\\\/hausverwaltung\\\/informationen\\\/e-rechnung\"]}]},{\"@type\":\"ImageObject\",\"inLanguage\":\"de\",\"@id\":\"https:\\\/\\\/lucassen.de\\\/hausverwaltung\\\/informationen\\\/e-rechnung#primaryimage\",\"url\":\"https:\\\/\\\/lucassen.de\\\/hausverwaltung\\\/wp-content\\\/uploads\\\/sites\\\/3\\\/pexels-mikhail-nilov-6963857-scaled.jpg\",\"contentUrl\":\"https:\\\/\\\/lucassen.de\\\/hausverwaltung\\\/wp-content\\\/uploads\\\/sites\\\/3\\\/pexels-mikhail-nilov-6963857-scaled.jpg\",\"width\":2560,\"height\":1707},{\"@type\":\"BreadcrumbList\",\"@id\":\"https:\\\/\\\/lucassen.de\\\/hausverwaltung\\\/informationen\\\/e-rechnung#breadcrumb\",\"itemListElement\":[{\"@type\":\"ListItem\",\"position\":1,\"name\":\"Startseite\",\"item\":\"https:\\\/\\\/lucassen.de\\\/hausverwaltung\\\/\"},{\"@type\":\"ListItem\",\"position\":2,\"name\":\"Informationen\",\"item\":\"https:\\\/\\\/lucassen.de\\\/hausverwaltung\\\/informationen\"},{\"@type\":\"ListItem\",\"position\":3,\"name\":\"E-Rechnung\"}]},{\"@type\":\"WebSite\",\"@id\":\"https:\\\/\\\/lucassen.de\\\/hausverwaltung\\\/#website\",\"url\":\"https:\\\/\\\/lucassen.de\\\/hausverwaltung\\\/\",\"name\":\"Lucassen Hausverwaltung\",\"description\":\"\",\"publisher\":{\"@id\":\"https:\\\/\\\/lucassen.de\\\/hausverwaltung\\\/#organization\"},\"potentialAction\":[{\"@type\":\"SearchAction\",\"target\":{\"@type\":\"EntryPoint\",\"urlTemplate\":\"https:\\\/\\\/lucassen.de\\\/hausverwaltung\\\/?s={search_term_string}\"},\"query-input\":{\"@type\":\"PropertyValueSpecification\",\"valueRequired\":true,\"valueName\":\"search_term_string\"}}],\"inLanguage\":\"de\"},{\"@type\":\"Organization\",\"@id\":\"https:\\\/\\\/lucassen.de\\\/hausverwaltung\\\/#organization\",\"name\":\"Lucassen Hausverwaltung\",\"url\":\"https:\\\/\\\/lucassen.de\\\/hausverwaltung\\\/\",\"logo\":{\"@type\":\"ImageObject\",\"inLanguage\":\"de\",\"@id\":\"https:\\\/\\\/lucassen.de\\\/hausverwaltung\\\/#\\\/schema\\\/logo\\\/image\\\/\",\"url\":\"https:\\\/\\\/lucassen.de\\\/hausverwaltung\\\/wp-content\\\/uploads\\\/sites\\\/3\\\/hausverwaltung_logo_2020.png\",\"contentUrl\":\"https:\\\/\\\/lucassen.de\\\/hausverwaltung\\\/wp-content\\\/uploads\\\/sites\\\/3\\\/hausverwaltung_logo_2020.png\",\"width\":277,\"height\":249,\"caption\":\"Lucassen Hausverwaltung\"},\"image\":{\"@id\":\"https:\\\/\\\/lucassen.de\\\/hausverwaltung\\\/#\\\/schema\\\/logo\\\/image\\\/\"}}]}<\/script>\n<!-- \/ Yoast SEO plugin. -->","yoast_head_json":{"title":"E-Rechnung - Lucassen Hausverwaltung","robots":{"index":"index","follow":"follow","max-snippet":"max-snippet:-1","max-image-preview":"max-image-preview:large","max-video-preview":"max-video-preview:-1"},"canonical":"https:\/\/lucassen.de\/hausverwaltung\/informationen\/e-rechnung","og_locale":"de_DE","og_type":"article","og_title":"E-Rechnung - Lucassen Hausverwaltung","og_description":"Rheinhausen, den 3. November 2024 Sehr geehrte Damen und Herren, wir m\u00f6chten Sie auf diesem Wege \u00fcber eine \u00c4nderung unserer Rechnungsstellung informieren. Bisher haben Sie unsere Rechnungen per Post oder als PDF-Anhang per E-Mail erhalten. [&hellip;]","og_url":"https:\/\/lucassen.de\/hausverwaltung\/informationen\/e-rechnung","og_site_name":"Lucassen Hausverwaltung","article_modified_time":"2025-09-17T17:33:35+00:00","og_image":[{"width":2560,"height":1707,"url":"https:\/\/lucassen.de\/hausverwaltung\/wp-content\/uploads\/sites\/3\/pexels-mikhail-nilov-6963857-scaled.jpg","type":"image\/jpeg"}],"twitter_card":"summary_large_image","twitter_misc":{"Gesch\u00e4tzte Lesezeit":"3\u00a0Minuten"},"schema":{"@context":"https:\/\/schema.org","@graph":[{"@type":"WebPage","@id":"https:\/\/lucassen.de\/hausverwaltung\/informationen\/e-rechnung","url":"https:\/\/lucassen.de\/hausverwaltung\/informationen\/e-rechnung","name":"E-Rechnung - Lucassen Hausverwaltung","isPartOf":{"@id":"https:\/\/lucassen.de\/hausverwaltung\/#website"},"primaryImageOfPage":{"@id":"https:\/\/lucassen.de\/hausverwaltung\/informationen\/e-rechnung#primaryimage"},"image":{"@id":"https:\/\/lucassen.de\/hausverwaltung\/informationen\/e-rechnung#primaryimage"},"thumbnailUrl":"https:\/\/lucassen.de\/hausverwaltung\/wp-content\/uploads\/sites\/3\/pexels-mikhail-nilov-6963857-scaled.jpg","datePublished":"2024-11-21T22:15:05+00:00","dateModified":"2025-09-17T17:33:35+00:00","breadcrumb":{"@id":"https:\/\/lucassen.de\/hausverwaltung\/informationen\/e-rechnung#breadcrumb"},"inLanguage":"de","potentialAction":[{"@type":"ReadAction","target":["https:\/\/lucassen.de\/hausverwaltung\/informationen\/e-rechnung"]}]},{"@type":"ImageObject","inLanguage":"de","@id":"https:\/\/lucassen.de\/hausverwaltung\/informationen\/e-rechnung#primaryimage","url":"https:\/\/lucassen.de\/hausverwaltung\/wp-content\/uploads\/sites\/3\/pexels-mikhail-nilov-6963857-scaled.jpg","contentUrl":"https:\/\/lucassen.de\/hausverwaltung\/wp-content\/uploads\/sites\/3\/pexels-mikhail-nilov-6963857-scaled.jpg","width":2560,"height":1707},{"@type":"BreadcrumbList","@id":"https:\/\/lucassen.de\/hausverwaltung\/informationen\/e-rechnung#breadcrumb","itemListElement":[{"@type":"ListItem","position":1,"name":"Startseite","item":"https:\/\/lucassen.de\/hausverwaltung\/"},{"@type":"ListItem","position":2,"name":"Informationen","item":"https:\/\/lucassen.de\/hausverwaltung\/informationen"},{"@type":"ListItem","position":3,"name":"E-Rechnung"}]},{"@type":"WebSite","@id":"https:\/\/lucassen.de\/hausverwaltung\/#website","url":"https:\/\/lucassen.de\/hausverwaltung\/","name":"Lucassen Hausverwaltung","description":"","publisher":{"@id":"https:\/\/lucassen.de\/hausverwaltung\/#organization"},"potentialAction":[{"@type":"SearchAction","target":{"@type":"EntryPoint","urlTemplate":"https:\/\/lucassen.de\/hausverwaltung\/?s={search_term_string}"},"query-input":{"@type":"PropertyValueSpecification","valueRequired":true,"valueName":"search_term_string"}}],"inLanguage":"de"},{"@type":"Organization","@id":"https:\/\/lucassen.de\/hausverwaltung\/#organization","name":"Lucassen Hausverwaltung","url":"https:\/\/lucassen.de\/hausverwaltung\/","logo":{"@type":"ImageObject","inLanguage":"de","@id":"https:\/\/lucassen.de\/hausverwaltung\/#\/schema\/logo\/image\/","url":"https:\/\/lucassen.de\/hausverwaltung\/wp-content\/uploads\/sites\/3\/hausverwaltung_logo_2020.png","contentUrl":"https:\/\/lucassen.de\/hausverwaltung\/wp-content\/uploads\/sites\/3\/hausverwaltung_logo_2020.png","width":277,"height":249,"caption":"Lucassen Hausverwaltung"},"image":{"@id":"https:\/\/lucassen.de\/hausverwaltung\/#\/schema\/logo\/image\/"}}]}},"acf":[],"_links":{"self":[{"href":"https:\/\/lucassen.de\/hausverwaltung\/wp-json\/wp\/v2\/pages\/20203200","targetHints":{"allow":["GET"]}}],"collection":[{"href":"https:\/\/lucassen.de\/hausverwaltung\/wp-json\/wp\/v2\/pages"}],"about":[{"href":"https:\/\/lucassen.de\/hausverwaltung\/wp-json\/wp\/v2\/types\/page"}],"author":[{"embeddable":true,"href":"https:\/\/lucassen.de\/hausverwaltung\/wp-json\/wp\/v2\/users\/1"}],"replies":[{"embeddable":true,"href":"https:\/\/lucassen.de\/hausverwaltung\/wp-json\/wp\/v2\/comments?post=20203200"}],"version-history":[{"count":34,"href":"https:\/\/lucassen.de\/hausverwaltung\/wp-json\/wp\/v2\/pages\/20203200\/revisions"}],"predecessor-version":[{"id":20207225,"href":"https:\/\/lucassen.de\/hausverwaltung\/wp-json\/wp\/v2\/pages\/20203200\/revisions\/20207225"}],"up":[{"embeddable":true,"href":"https:\/\/lucassen.de\/hausverwaltung\/wp-json\/wp\/v2\/pages\/20"}],"wp:attachment":[{"href":"https:\/\/lucassen.de\/hausverwaltung\/wp-json\/wp\/v2\/media?parent=20203200"}],"curies":[{"name":"wp","href":"https:\/\/api.w.org\/{rel}","templated":true}]}}