{"id":20203767,"date":"2024-11-30T14:44:46","date_gmt":"2024-11-30T13:44:46","guid":{"rendered":"https:\/\/lucassen.de\/hausverwaltung\/?page_id=20203767"},"modified":"2025-09-17T19:34:35","modified_gmt":"2025-09-17T17:34:35","slug":"kooperationspartner","status":"publish","type":"page","link":"https:\/\/lucassen.de\/hausverwaltung\/informationen\/kooperationspartner","title":{"rendered":"Kooperationspartner"},"content":{"rendered":"\n<div class=\"wp-block-cover\" style=\"min-height:40vh;aspect-ratio:unset;\" id=\"top\"><img loading=\"lazy\" decoding=\"async\" width=\"2457\" height=\"1566\" class=\"wp-block-cover__image-background wp-image-20203775\" alt=\"\" src=\"https:\/\/lucassen.de\/hausverwaltung\/wp-content\/uploads\/sites\/3\/Kooperationspartner.jpg\" style=\"object-position:50% 60%\" data-object-fit=\"cover\" data-object-position=\"50% 60%\" srcset=\"https:\/\/lucassen.de\/hausverwaltung\/wp-content\/uploads\/sites\/3\/Kooperationspartner.jpg 2457w, https:\/\/lucassen.de\/hausverwaltung\/wp-content\/uploads\/sites\/3\/Kooperationspartner-800x510.jpg 800w, https:\/\/lucassen.de\/hausverwaltung\/wp-content\/uploads\/sites\/3\/Kooperationspartner-1600x1020.jpg 1600w, https:\/\/lucassen.de\/hausverwaltung\/wp-content\/uploads\/sites\/3\/Kooperationspartner-768x489.jpg 768w, https:\/\/lucassen.de\/hausverwaltung\/wp-content\/uploads\/sites\/3\/Kooperationspartner-1536x979.jpg 1536w, https:\/\/lucassen.de\/hausverwaltung\/wp-content\/uploads\/sites\/3\/Kooperationspartner-2048x1305.jpg 2048w, https:\/\/lucassen.de\/hausverwaltung\/wp-content\/uploads\/sites\/3\/Kooperationspartner-300x191.jpg 300w, https:\/\/lucassen.de\/hausverwaltung\/wp-content\/uploads\/sites\/3\/Kooperationspartner-1024x653.jpg 1024w\" sizes=\"auto, (max-width: 2457px) 100vw, 2457px\" \/><span aria-hidden=\"true\" class=\"wp-block-cover__background has-background-dim-90 has-background-dim wp-block-cover__gradient-background has-background-gradient\" style=\"background:linear-gradient(140deg,rgb(52,72,94) 0%,rgba(52,72,94,0.89) 51%,rgba(52,72,94,0.41) 100%)\"><\/span><div class=\"wp-block-cover__inner-container is-layout-constrained wp-container-core-cover-is-layout-48c9aa2a wp-block-cover-is-layout-constrained\">\n<div class=\"wp-block-group\"><div class=\"wp-block-group__inner-container is-layout-flow wp-block-group-is-layout-flow\">\n<h1 class=\"wp-block-heading\">Unsere Kooperationspartner<\/h1>\n<\/div><\/div>\n<\/div><\/div>\n\n\n\n<div id=\"text\" class=\"wp-block-group\"><div class=\"wp-block-group__inner-container is-layout-constrained wp-block-group-is-layout-constrained\">\n<p>Unsere Mission basiert auf Zusammenarbeit.<\/p>\n\n\n\n<p>Gemeinsam mit unseren Kooperationspartnern beheben wir Probleme auf professionelle Art und Weise und schaffen L\u00f6sungen, die st\u00e4rker, innovativer und nachhaltiger sind. Unsere Kooperationspartner sind Experten in ihren Bereichen und teilen unsere Werte \u2013 so k\u00f6nnen wir Ihnen den bestm\u00f6glichen Service rund um unsere Aufgabenbereiche bieten.<\/p>\n\n\n\n<div style=\"height:3rem\" aria-hidden=\"true\" class=\"wp-block-spacer\"><\/div>\n\n\n\n<h2 class=\"wp-block-heading\">Zu unseren langj\u00e4hrigen Kooperationspartnern z\u00e4hlen:<\/h2>\n\n\n\n<div class=\"wp-block-columns is-layout-flex wp-container-core-columns-is-layout-9d6595d7 wp-block-columns-is-layout-flex\">\n<div class=\"wp-block-column is-vertically-aligned-top is-layout-flow wp-block-column-is-layout-flow\" style=\"flex-basis:30%\">\n<div class=\"wp-block-group\"><div class=\"wp-block-group__inner-container is-layout-constrained wp-block-group-is-layout-constrained\"><div class=\"wp-block-image kooperationspartner_logo\">\n<figure class=\"alignright size-full\" id=\"SSK-Krefeld\"><a href=\"https:\/\/www.sparkasse-krefeld.de\" target=\"_blank\" rel=\" noreferrer noopener\"><img decoding=\"async\" src=\"https:\/\/lucassen.de\/hausverwaltung\/wp-content\/uploads\/sites\/3\/Sparkasse-Krefeld.svg\" alt=\"\" class=\"wp-image-20207123\" style=\"object-fit:cover\"\/><\/a><\/figure>\n<\/div><\/div><\/div>\n<\/div>\n\n\n\n<div class=\"wp-block-column is-vertically-aligned-center is-layout-flow wp-block-column-is-layout-flow\">\n<p>Seit 1999 ist die <a href=\"https:\/\/www.sparkasse-krefeld.de\" target=\"_blank\" rel=\"noreferrer noopener\">Sparkasse Krefeld<\/a> unser kompetenter Finanzpartner, der uns betreut und in allen Finanzierungsangelegenheiten ber\u00e4t.<br>Am 1. Juli 1977 wurde die Sparkasse Krefeld durch die Fusion der Stadtsparkasse Krefeld und der Kreissparkasse Kempen-Krefeld gegr\u00fcndet.&nbsp;Historisch reicht ihr Ursprung zur\u00fcck bis zum 9. M\u00e4rz 1840, als die St\u00e4dtische Sparkasse zu Crefeld ihre Gesch\u00e4fte er\u00f6ffnete.&nbsp;Das Gesch\u00e4ftsgebiet der Sparkasse umfasst heute die Stadt Krefeld, den Kreis Viersen und Teile des Kreises Kleve.&nbsp;Sie betreibt etwa 50 bis 55 Standorte (Filialen) in diesem Gebiet.<\/p>\n<\/div>\n<\/div>\n\n\n\n<div style=\"height:2rem\" aria-hidden=\"true\" class=\"wp-block-spacer\"><\/div>\n\n\n\n<div class=\"wp-block-columns is-layout-flex wp-container-core-columns-is-layout-9d6595d7 wp-block-columns-is-layout-flex\">\n<div class=\"wp-block-column is-vertically-aligned-top is-layout-flow wp-block-column-is-layout-flow\" style=\"flex-basis:30%\">\n<div class=\"wp-block-group\"><div class=\"wp-block-group__inner-container is-layout-constrained wp-block-group-is-layout-constrained\"><div class=\"wp-block-image kooperationspartner_logo\">\n<figure class=\"alignright size-full\" id=\"Malerwerkstatt-Gohres\"><a href=\"https:\/\/www.malerwerkstatt-gohres.de\" target=\"_blank\" rel=\" noreferrer noopener\"><img loading=\"lazy\" decoding=\"async\" width=\"900\" height=\"232\" src=\"https:\/\/lucassen.de\/hausverwaltung\/wp-content\/uploads\/sites\/3\/Malerwektstatt-Gohres-Logo.png\" alt=\"\" class=\"wp-image-20203815\" style=\"object-fit:cover\" srcset=\"https:\/\/lucassen.de\/hausverwaltung\/wp-content\/uploads\/sites\/3\/Malerwektstatt-Gohres-Logo.png 900w, https:\/\/lucassen.de\/hausverwaltung\/wp-content\/uploads\/sites\/3\/Malerwektstatt-Gohres-Logo-800x206.png 800w, https:\/\/lucassen.de\/hausverwaltung\/wp-content\/uploads\/sites\/3\/Malerwektstatt-Gohres-Logo-768x198.png 768w, https:\/\/lucassen.de\/hausverwaltung\/wp-content\/uploads\/sites\/3\/Malerwektstatt-Gohres-Logo-300x77.png 300w\" sizes=\"auto, (max-width: 900px) 100vw, 900px\" \/><\/a><\/figure>\n<\/div><\/div><\/div>\n<\/div>\n\n\n\n<div class=\"wp-block-column is-vertically-aligned-center is-layout-flow wp-block-column-is-layout-flow\">\n<p>Die <a href=\"https:\/\/www.malerwerkstatt-gohres.de\" target=\"_blank\" rel=\"noreferrer noopener\">Malerwerkstatt Markus Gohres<\/a> bietet seit 1974 ein breites Spektrum an Dienstleistungen (Maler- und Lackierarbeiten, Tapezierarbeiten, Fassadengestaltung und -sanierung, Untersuchung m\u00f6glicher Ursachen f\u00fcr Schimmelbefall in Innenr\u00e4umen &#8230;) f\u00fcr Privat- und Gesch\u00e4ftskunden an und ist somit genau der richtige Ansprechpartner f\u00fcr uns als Hausverwaltung. Zusammen mit der Malerwerkstatt Markus Gohres und uns als Hausverwaltung sind wir so in der Lage die Renovierung von Wohnr\u00e4umen, Badezimmern und K\u00fcchen bis hin zu Reparaturen nach Wassersch\u00e4den professionell zu planen und durchzuf\u00fchren.<\/p>\n<\/div>\n<\/div>\n\n\n\n<div style=\"height:2rem\" aria-hidden=\"true\" class=\"wp-block-spacer\"><\/div>\n\n\n\n<div class=\"wp-block-columns is-layout-flex wp-container-core-columns-is-layout-9d6595d7 wp-block-columns-is-layout-flex\">\n<div class=\"wp-block-column is-vertically-aligned-top is-layout-flow wp-block-column-is-layout-flow\" style=\"flex-basis:30%\">\n<div class=\"wp-block-group\"><div class=\"wp-block-group__inner-container is-layout-constrained wp-block-group-is-layout-constrained\"><div class=\"wp-block-image kooperationspartner_logo\">\n<figure class=\"alignright size-full\" id=\"BAUEN+LEBEN\"><a href=\"https:\/\/www.bauenundleben.de\" target=\"_blank\" rel=\" noreferrer noopener\"><img loading=\"lazy\" decoding=\"async\" width=\"620\" height=\"437\" src=\"https:\/\/lucassen.de\/hausverwaltung\/wp-content\/uploads\/sites\/3\/BAUENLEBEN-Logo.png\" alt=\"\" class=\"wp-image-20203782\" style=\"object-fit:cover\" srcset=\"https:\/\/lucassen.de\/hausverwaltung\/wp-content\/uploads\/sites\/3\/BAUENLEBEN-Logo.png 620w, https:\/\/lucassen.de\/hausverwaltung\/wp-content\/uploads\/sites\/3\/BAUENLEBEN-Logo-300x211.png 300w\" sizes=\"auto, (max-width: 620px) 100vw, 620px\" \/><\/a><\/figure>\n<\/div><\/div><\/div>\n<\/div>\n\n\n\n<div class=\"wp-block-column is-vertically-aligned-center is-layout-flow wp-block-column-is-layout-flow\">\n<p>Als Baufachhandel steht <a href=\"https:\/\/www.bauenundleben.de\" target=\"_blank\" rel=\"noreferrer noopener\">BAUEN+LEBEN<\/a> zwischen den Herstellern, den Verarbeitern und uns als Endkunden. Aufgrund ihrer langj\u00e4hrigen Erfahrung und erfolgreichen Marktpr\u00e4senz haben die BAUEN+LEBEN Standorte zusammen ein starkes regionales Netzwerk geschaffen.<br>Somit profitieren auch wir als Hausverwaltung von den Vorteilen dieser starken Gemeinschaft und beziehen BAUEN+LEBEN als zentralen Ansprechpartner und Vermittler f\u00fcr alle Arten von Themen und Arbeiten in die Instandhaltung unserer Immobilien und Liegenschaften mit ein.<\/p>\n<\/div>\n<\/div>\n\n\n\n<div style=\"height:2rem\" aria-hidden=\"true\" class=\"wp-block-spacer\"><\/div>\n\n\n\n<div class=\"wp-block-columns is-layout-flex wp-container-core-columns-is-layout-9d6595d7 wp-block-columns-is-layout-flex\">\n<div class=\"wp-block-column is-vertically-aligned-top is-layout-flow wp-block-column-is-layout-flow\" style=\"flex-basis:30%\"><div class=\"wp-block-image kooperationspartner_logo is-style-default\">\n<figure class=\"alignright size-full\" id=\"HandwerX-Team\"><a href=\"http:\/\/www.handwerx.team\" target=\"_blank\" rel=\" noreferrer noopener\"><img loading=\"lazy\" decoding=\"async\" width=\"1032\" height=\"246\" src=\"https:\/\/lucassen.de\/hausverwaltung\/wp-content\/uploads\/sites\/3\/HandwerX-Team-Logo.png\" alt=\"\" class=\"wp-image-20203792\" style=\"object-fit:cover\" srcset=\"https:\/\/lucassen.de\/hausverwaltung\/wp-content\/uploads\/sites\/3\/HandwerX-Team-Logo.png 1032w, https:\/\/lucassen.de\/hausverwaltung\/wp-content\/uploads\/sites\/3\/HandwerX-Team-Logo-800x191.png 800w, https:\/\/lucassen.de\/hausverwaltung\/wp-content\/uploads\/sites\/3\/HandwerX-Team-Logo-768x183.png 768w, https:\/\/lucassen.de\/hausverwaltung\/wp-content\/uploads\/sites\/3\/HandwerX-Team-Logo-1024x244.png 1024w, https:\/\/lucassen.de\/hausverwaltung\/wp-content\/uploads\/sites\/3\/HandwerX-Team-Logo-300x72.png 300w\" sizes=\"auto, (max-width: 1032px) 100vw, 1032px\" \/><\/a><\/figure>\n<\/div><\/div>\n\n\n\n<div class=\"wp-block-column is-vertically-aligned-center is-layout-flow wp-block-column-is-layout-flow\">\n<p>Vor \u00fcber 10 Jahren wurde das <a href=\"http:\/\/www.handwerx.team\" target=\"_blank\" rel=\"noreferrer noopener\">HandwerX Team<\/a> gegr\u00fcndet und seitdem haben sie sich es zur Aufgabe gemacht, uns bei unseren Umbauten und Renovierungen unserer Immobilien zu helfen. Durch die langj\u00e4hrige Erfahrung und fundierte Ausbildung ist das HandwerX Team in der Lage die Umbauten und Renovierungen an unseren Immobilien so reibungslos wie m\u00f6glich zu gestalten. Sie helfen uns bei kosmetischen Umbauarbeiten, wie zum Beispiel das Umgestalten von Wohnr\u00e4umen, Badezimmern und K\u00fcchen bis hin zu Reparaturen nach Wassersch\u00e4den und f\u00fchren diese professionell aus mit uns zusammen durch.<\/p>\n<\/div>\n<\/div>\n\n\n\n<div style=\"height:2rem\" aria-hidden=\"true\" class=\"wp-block-spacer\"><\/div>\n\n\n\n<div class=\"wp-block-columns is-layout-flex wp-container-core-columns-is-layout-9d6595d7 wp-block-columns-is-layout-flex\">\n<div class=\"wp-block-column is-vertically-aligned-top is-layout-flow wp-block-column-is-layout-flow\" style=\"flex-basis:30%\">\n<div class=\"wp-block-group\"><div class=\"wp-block-group__inner-container is-layout-constrained wp-block-group-is-layout-constrained\"><div class=\"wp-block-image kooperationspartner_logo is-style-default\">\n<figure class=\"alignright size-full is-resized\" id=\"A&amp;M\"><a href=\"https:\/\/www.facebook.com\/p\/AM-Autoservice-100067657028617\/\" target=\"_blank\" rel=\" noreferrer noopener\"><img decoding=\"async\" src=\"https:\/\/lucassen.de\/hausverwaltung\/wp-content\/uploads\/sites\/3\/AM-Logo.png\" alt=\"\" class=\"wp-image-20203863\" style=\"width:160px\"\/><\/a><\/figure>\n<\/div><\/div><\/div>\n<\/div>\n\n\n\n<div class=\"wp-block-column is-vertically-aligned-center is-layout-flow wp-block-column-is-layout-flow\">\n<p>Der <a href=\"https:\/\/www.facebook.com\/p\/AM-Autoservice-100067657028617\/\" target=\"_blank\" rel=\"noreferrer noopener\">A&amp;M Reifen-Service + Kfz-Service<\/a> ist ein Kfz-Meisterbetrieb der seit \u00fcber 17 Jahren Dienstleistungen rund ums Auto anbietet. Der Betrieb gliedert sich in zwei Sparten auf: die Dienstleistungen des Reifen-Services umfassen die komplette Montage\/Auswuchten von Neu- oder Gebrauchtreifen, Reifen vulkanisieren, Alufelgen Reparatur. Der Kfz-Service bietet die Autoaufbereitung, Glanzpolitur, Innen- &amp; Aussenreinigung mittels Fahrzeughandw\u00e4sche an. Genau aus diesem Grund vertrauen wir als Hausverwaltung unsere Fahrzeuge seit Beginn unserer gesch\u00e4ftlichen Zusammenarbeit dem A&amp;M Reifen-Service + Kfz-Service an.<\/p>\n<\/div>\n<\/div>\n\n\n\n<div style=\"height:2rem\" aria-hidden=\"true\" class=\"wp-block-spacer\"><\/div>\n\n\n\n<div class=\"wp-block-columns is-layout-flex wp-container-core-columns-is-layout-9d6595d7 wp-block-columns-is-layout-flex\">\n<div class=\"wp-block-column is-vertically-aligned-top is-layout-flow wp-block-column-is-layout-flow\" style=\"flex-basis:30%\">\n<div class=\"wp-block-group\"><div class=\"wp-block-group__inner-container is-layout-constrained wp-block-group-is-layout-constrained\"><div class=\"wp-block-image kooperationspartner_logo is-style-default\">\n<figure class=\"alignright size-full\" id=\"Piche\"><a href=\"https:\/\/www.bedachungen-piche.de\" target=\"_blank\" rel=\" noreferrer noopener\"><img loading=\"lazy\" decoding=\"async\" width=\"603\" height=\"300\" src=\"https:\/\/lucassen.de\/hausverwaltung\/wp-content\/uploads\/sites\/3\/Piche-Logo-red.png\" alt=\"\" class=\"wp-image-20206777\" style=\"object-fit:cover\"\/><\/a><\/figure>\n<\/div><\/div><\/div>\n<\/div>\n\n\n\n<div class=\"wp-block-column is-vertically-aligned-center is-layout-flow wp-block-column-is-layout-flow\">\n<p><a href=\"https:\/\/www.bedachungen-piche.de\" target=\"_blank\" rel=\"noreferrer noopener\">Piche Bedachungen<\/a> aus Duisburg wurde 1986 durch J\u00f6rg und Dirk Piche gegr\u00fcndet und ist ein professioneller Dachdecker- und Holzbaubetrieb mit einem umfassenden Leistungsspektrum f\u00fcr das Ruhrgebiet, das auch uns bei der Instandhaltung unserer Immobilien mit Rat und Tat zur Seite steht. Das Unternehmen deckt alle Arten von D\u00e4chern ab \u2013 von Steil- und Flachd\u00e4chern \u00fcber Bauklempnerei mit Materialien wie Aluminium, Zink, Kupfer und Blei \u2013 bis hin zur kompletten neuen Dacheindeckung. Dar\u00fcber hinaus umfasst das Angebot den Fassadenbau (Holz-, Metall- und Schieferfassaden), den Holzbau (Dachst\u00fchle, Holzrahmenbau, Holzfassaden), sowie Tageslichtl\u00f6sungen durch Fenster, Dachfenster und Lichtkuppeln.<\/p>\n<\/div>\n<\/div>\n<\/div><\/div>\n","protected":false},"excerpt":{"rendered":"<p>Unsere Mission basiert auf Zusammenarbeit. Gemeinsam mit unseren Kooperationspartnern beheben wir Probleme auf professionelle Art und Weise und schaffen L\u00f6sungen, die st\u00e4rker, innovativer und nachhaltiger sind. Unsere Kooperationspartner sind Experten in ihren Bereichen und teilen [&hellip;]<\/p>\n","protected":false},"author":1,"featured_media":0,"parent":20,"menu_order":340,"comment_status":"closed","ping_status":"closed","template":"","meta":{"_acf_changed":false,"footnotes":""},"class_list":["post-20203767","page","type-page","status-publish","hentry"],"yoast_head":"<!-- This site is optimized with the Yoast SEO plugin v27.4 - https:\/\/yoast.com\/product\/yoast-seo-wordpress\/ -->\n<title>Kooperationspartner - Lucassen Hausverwaltung<\/title>\n<meta name=\"robots\" content=\"index, follow, max-snippet:-1, max-image-preview:large, max-video-preview:-1\" \/>\n<link rel=\"canonical\" href=\"https:\/\/lucassen.de\/hausverwaltung\/informationen\/kooperationspartner\" \/>\n<meta property=\"og:locale\" content=\"de_DE\" \/>\n<meta property=\"og:type\" content=\"article\" \/>\n<meta property=\"og:title\" content=\"Kooperationspartner - Lucassen Hausverwaltung\" \/>\n<meta property=\"og:description\" content=\"Unsere Mission basiert auf Zusammenarbeit. Gemeinsam mit unseren Kooperationspartnern beheben wir Probleme auf professionelle Art und Weise und schaffen L\u00f6sungen, die st\u00e4rker, innovativer und nachhaltiger sind. Unsere Kooperationspartner sind Experten in ihren Bereichen und teilen [&hellip;]\" \/>\n<meta property=\"og:url\" content=\"https:\/\/lucassen.de\/hausverwaltung\/informationen\/kooperationspartner\" \/>\n<meta property=\"og:site_name\" content=\"Lucassen Hausverwaltung\" \/>\n<meta property=\"article:modified_time\" content=\"2025-09-17T17:34:35+00:00\" \/>\n<meta property=\"og:image\" content=\"https:\/\/lucassen.de\/hausverwaltung\/wp-content\/uploads\/sites\/3\/Kooperationspartner.jpg\" \/>\n\t<meta property=\"og:image:width\" content=\"2457\" \/>\n\t<meta property=\"og:image:height\" content=\"1566\" \/>\n\t<meta property=\"og:image:type\" content=\"image\/jpeg\" \/>\n<meta name=\"twitter:card\" content=\"summary_large_image\" \/>\n<meta name=\"twitter:label1\" content=\"Gesch\u00e4tzte Lesezeit\" \/>\n\t<meta name=\"twitter:data1\" content=\"5\u00a0Minuten\" \/>\n<script type=\"application\/ld+json\" class=\"yoast-schema-graph\">{\"@context\":\"https:\\\/\\\/schema.org\",\"@graph\":[{\"@type\":\"WebPage\",\"@id\":\"https:\\\/\\\/lucassen.de\\\/hausverwaltung\\\/informationen\\\/kooperationspartner\",\"url\":\"https:\\\/\\\/lucassen.de\\\/hausverwaltung\\\/informationen\\\/kooperationspartner\",\"name\":\"Kooperationspartner - Lucassen Hausverwaltung\",\"isPartOf\":{\"@id\":\"https:\\\/\\\/lucassen.de\\\/hausverwaltung\\\/#website\"},\"primaryImageOfPage\":{\"@id\":\"https:\\\/\\\/lucassen.de\\\/hausverwaltung\\\/informationen\\\/kooperationspartner#primaryimage\"},\"image\":{\"@id\":\"https:\\\/\\\/lucassen.de\\\/hausverwaltung\\\/informationen\\\/kooperationspartner#primaryimage\"},\"thumbnailUrl\":\"https:\\\/\\\/lucassen.de\\\/hausverwaltung\\\/wp-content\\\/uploads\\\/sites\\\/3\\\/Kooperationspartner.jpg\",\"datePublished\":\"2024-11-30T13:44:46+00:00\",\"dateModified\":\"2025-09-17T17:34:35+00:00\",\"breadcrumb\":{\"@id\":\"https:\\\/\\\/lucassen.de\\\/hausverwaltung\\\/informationen\\\/kooperationspartner#breadcrumb\"},\"inLanguage\":\"de\",\"potentialAction\":[{\"@type\":\"ReadAction\",\"target\":[\"https:\\\/\\\/lucassen.de\\\/hausverwaltung\\\/informationen\\\/kooperationspartner\"]}]},{\"@type\":\"ImageObject\",\"inLanguage\":\"de\",\"@id\":\"https:\\\/\\\/lucassen.de\\\/hausverwaltung\\\/informationen\\\/kooperationspartner#primaryimage\",\"url\":\"https:\\\/\\\/lucassen.de\\\/hausverwaltung\\\/wp-content\\\/uploads\\\/sites\\\/3\\\/Kooperationspartner.jpg\",\"contentUrl\":\"https:\\\/\\\/lucassen.de\\\/hausverwaltung\\\/wp-content\\\/uploads\\\/sites\\\/3\\\/Kooperationspartner.jpg\",\"width\":2457,\"height\":1566},{\"@type\":\"BreadcrumbList\",\"@id\":\"https:\\\/\\\/lucassen.de\\\/hausverwaltung\\\/informationen\\\/kooperationspartner#breadcrumb\",\"itemListElement\":[{\"@type\":\"ListItem\",\"position\":1,\"name\":\"Startseite\",\"item\":\"https:\\\/\\\/lucassen.de\\\/hausverwaltung\\\/\"},{\"@type\":\"ListItem\",\"position\":2,\"name\":\"Informationen\",\"item\":\"https:\\\/\\\/lucassen.de\\\/hausverwaltung\\\/informationen\"},{\"@type\":\"ListItem\",\"position\":3,\"name\":\"Kooperationspartner\"}]},{\"@type\":\"WebSite\",\"@id\":\"https:\\\/\\\/lucassen.de\\\/hausverwaltung\\\/#website\",\"url\":\"https:\\\/\\\/lucassen.de\\\/hausverwaltung\\\/\",\"name\":\"Lucassen Hausverwaltung\",\"description\":\"\",\"publisher\":{\"@id\":\"https:\\\/\\\/lucassen.de\\\/hausverwaltung\\\/#organization\"},\"potentialAction\":[{\"@type\":\"SearchAction\",\"target\":{\"@type\":\"EntryPoint\",\"urlTemplate\":\"https:\\\/\\\/lucassen.de\\\/hausverwaltung\\\/?s={search_term_string}\"},\"query-input\":{\"@type\":\"PropertyValueSpecification\",\"valueRequired\":true,\"valueName\":\"search_term_string\"}}],\"inLanguage\":\"de\"},{\"@type\":\"Organization\",\"@id\":\"https:\\\/\\\/lucassen.de\\\/hausverwaltung\\\/#organization\",\"name\":\"Lucassen Hausverwaltung\",\"url\":\"https:\\\/\\\/lucassen.de\\\/hausverwaltung\\\/\",\"logo\":{\"@type\":\"ImageObject\",\"inLanguage\":\"de\",\"@id\":\"https:\\\/\\\/lucassen.de\\\/hausverwaltung\\\/#\\\/schema\\\/logo\\\/image\\\/\",\"url\":\"https:\\\/\\\/lucassen.de\\\/hausverwaltung\\\/wp-content\\\/uploads\\\/sites\\\/3\\\/hausverwaltung_logo_2020.png\",\"contentUrl\":\"https:\\\/\\\/lucassen.de\\\/hausverwaltung\\\/wp-content\\\/uploads\\\/sites\\\/3\\\/hausverwaltung_logo_2020.png\",\"width\":277,\"height\":249,\"caption\":\"Lucassen Hausverwaltung\"},\"image\":{\"@id\":\"https:\\\/\\\/lucassen.de\\\/hausverwaltung\\\/#\\\/schema\\\/logo\\\/image\\\/\"}}]}<\/script>\n<!-- \/ Yoast SEO plugin. -->","yoast_head_json":{"title":"Kooperationspartner - Lucassen Hausverwaltung","robots":{"index":"index","follow":"follow","max-snippet":"max-snippet:-1","max-image-preview":"max-image-preview:large","max-video-preview":"max-video-preview:-1"},"canonical":"https:\/\/lucassen.de\/hausverwaltung\/informationen\/kooperationspartner","og_locale":"de_DE","og_type":"article","og_title":"Kooperationspartner - Lucassen Hausverwaltung","og_description":"Unsere Mission basiert auf Zusammenarbeit. Gemeinsam mit unseren Kooperationspartnern beheben wir Probleme auf professionelle Art und Weise und schaffen L\u00f6sungen, die st\u00e4rker, innovativer und nachhaltiger sind. Unsere Kooperationspartner sind Experten in ihren Bereichen und teilen [&hellip;]","og_url":"https:\/\/lucassen.de\/hausverwaltung\/informationen\/kooperationspartner","og_site_name":"Lucassen Hausverwaltung","article_modified_time":"2025-09-17T17:34:35+00:00","og_image":[{"width":2457,"height":1566,"url":"https:\/\/lucassen.de\/hausverwaltung\/wp-content\/uploads\/sites\/3\/Kooperationspartner.jpg","type":"image\/jpeg"}],"twitter_card":"summary_large_image","twitter_misc":{"Gesch\u00e4tzte Lesezeit":"5\u00a0Minuten"},"schema":{"@context":"https:\/\/schema.org","@graph":[{"@type":"WebPage","@id":"https:\/\/lucassen.de\/hausverwaltung\/informationen\/kooperationspartner","url":"https:\/\/lucassen.de\/hausverwaltung\/informationen\/kooperationspartner","name":"Kooperationspartner - Lucassen Hausverwaltung","isPartOf":{"@id":"https:\/\/lucassen.de\/hausverwaltung\/#website"},"primaryImageOfPage":{"@id":"https:\/\/lucassen.de\/hausverwaltung\/informationen\/kooperationspartner#primaryimage"},"image":{"@id":"https:\/\/lucassen.de\/hausverwaltung\/informationen\/kooperationspartner#primaryimage"},"thumbnailUrl":"https:\/\/lucassen.de\/hausverwaltung\/wp-content\/uploads\/sites\/3\/Kooperationspartner.jpg","datePublished":"2024-11-30T13:44:46+00:00","dateModified":"2025-09-17T17:34:35+00:00","breadcrumb":{"@id":"https:\/\/lucassen.de\/hausverwaltung\/informationen\/kooperationspartner#breadcrumb"},"inLanguage":"de","potentialAction":[{"@type":"ReadAction","target":["https:\/\/lucassen.de\/hausverwaltung\/informationen\/kooperationspartner"]}]},{"@type":"ImageObject","inLanguage":"de","@id":"https:\/\/lucassen.de\/hausverwaltung\/informationen\/kooperationspartner#primaryimage","url":"https:\/\/lucassen.de\/hausverwaltung\/wp-content\/uploads\/sites\/3\/Kooperationspartner.jpg","contentUrl":"https:\/\/lucassen.de\/hausverwaltung\/wp-content\/uploads\/sites\/3\/Kooperationspartner.jpg","width":2457,"height":1566},{"@type":"BreadcrumbList","@id":"https:\/\/lucassen.de\/hausverwaltung\/informationen\/kooperationspartner#breadcrumb","itemListElement":[{"@type":"ListItem","position":1,"name":"Startseite","item":"https:\/\/lucassen.de\/hausverwaltung\/"},{"@type":"ListItem","position":2,"name":"Informationen","item":"https:\/\/lucassen.de\/hausverwaltung\/informationen"},{"@type":"ListItem","position":3,"name":"Kooperationspartner"}]},{"@type":"WebSite","@id":"https:\/\/lucassen.de\/hausverwaltung\/#website","url":"https:\/\/lucassen.de\/hausverwaltung\/","name":"Lucassen Hausverwaltung","description":"","publisher":{"@id":"https:\/\/lucassen.de\/hausverwaltung\/#organization"},"potentialAction":[{"@type":"SearchAction","target":{"@type":"EntryPoint","urlTemplate":"https:\/\/lucassen.de\/hausverwaltung\/?s={search_term_string}"},"query-input":{"@type":"PropertyValueSpecification","valueRequired":true,"valueName":"search_term_string"}}],"inLanguage":"de"},{"@type":"Organization","@id":"https:\/\/lucassen.de\/hausverwaltung\/#organization","name":"Lucassen Hausverwaltung","url":"https:\/\/lucassen.de\/hausverwaltung\/","logo":{"@type":"ImageObject","inLanguage":"de","@id":"https:\/\/lucassen.de\/hausverwaltung\/#\/schema\/logo\/image\/","url":"https:\/\/lucassen.de\/hausverwaltung\/wp-content\/uploads\/sites\/3\/hausverwaltung_logo_2020.png","contentUrl":"https:\/\/lucassen.de\/hausverwaltung\/wp-content\/uploads\/sites\/3\/hausverwaltung_logo_2020.png","width":277,"height":249,"caption":"Lucassen Hausverwaltung"},"image":{"@id":"https:\/\/lucassen.de\/hausverwaltung\/#\/schema\/logo\/image\/"}}]}},"acf":[],"_links":{"self":[{"href":"https:\/\/lucassen.de\/hausverwaltung\/wp-json\/wp\/v2\/pages\/20203767","targetHints":{"allow":["GET"]}}],"collection":[{"href":"https:\/\/lucassen.de\/hausverwaltung\/wp-json\/wp\/v2\/pages"}],"about":[{"href":"https:\/\/lucassen.de\/hausverwaltung\/wp-json\/wp\/v2\/types\/page"}],"author":[{"embeddable":true,"href":"https:\/\/lucassen.de\/hausverwaltung\/wp-json\/wp\/v2\/users\/1"}],"replies":[{"embeddable":true,"href":"https:\/\/lucassen.de\/hausverwaltung\/wp-json\/wp\/v2\/comments?post=20203767"}],"version-history":[{"count":94,"href":"https:\/\/lucassen.de\/hausverwaltung\/wp-json\/wp\/v2\/pages\/20203767\/revisions"}],"predecessor-version":[{"id":20207228,"href":"https:\/\/lucassen.de\/hausverwaltung\/wp-json\/wp\/v2\/pages\/20203767\/revisions\/20207228"}],"up":[{"embeddable":true,"href":"https:\/\/lucassen.de\/hausverwaltung\/wp-json\/wp\/v2\/pages\/20"}],"wp:attachment":[{"href":"https:\/\/lucassen.de\/hausverwaltung\/wp-json\/wp\/v2\/media?parent=20203767"}],"curies":[{"name":"wp","href":"https:\/\/api.w.org\/{rel}","templated":true}]}}