{"id":20204664,"date":"2025-03-24T09:26:03","date_gmt":"2025-03-24T08:26:03","guid":{"rendered":"https:\/\/lucassen.de\/hausverwaltung\/?page_id=20204664"},"modified":"2025-09-17T19:31:44","modified_gmt":"2025-09-17T17:31:44","slug":"allgemeine-datenschutz-information","status":"publish","type":"page","link":"https:\/\/lucassen.de\/hausverwaltung\/informationen\/allgemeine-datenschutz-information","title":{"rendered":"Allgemeine Datenschutz-Information"},"content":{"rendered":"\n<div class=\"wp-block-cover\" style=\"min-height:40vh;aspect-ratio:unset;\" id=\"top\"><img loading=\"lazy\" decoding=\"async\" width=\"2560\" height=\"1440\" class=\"wp-block-cover__image-background wp-image-20204722\" alt=\"\" src=\"https:\/\/lucassen.de\/hausverwaltung\/wp-content\/uploads\/sites\/3\/DSGVO-scaled.jpg\" data-object-fit=\"cover\" srcset=\"https:\/\/lucassen.de\/hausverwaltung\/wp-content\/uploads\/sites\/3\/DSGVO-scaled.jpg 2560w, https:\/\/lucassen.de\/hausverwaltung\/wp-content\/uploads\/sites\/3\/DSGVO-800x450.jpg 800w, https:\/\/lucassen.de\/hausverwaltung\/wp-content\/uploads\/sites\/3\/DSGVO-1600x900.jpg 1600w, https:\/\/lucassen.de\/hausverwaltung\/wp-content\/uploads\/sites\/3\/DSGVO-768x432.jpg 768w, https:\/\/lucassen.de\/hausverwaltung\/wp-content\/uploads\/sites\/3\/DSGVO-1536x864.jpg 1536w, https:\/\/lucassen.de\/hausverwaltung\/wp-content\/uploads\/sites\/3\/DSGVO-2048x1152.jpg 2048w\" sizes=\"auto, (max-width: 2560px) 100vw, 2560px\" \/><span aria-hidden=\"true\" class=\"wp-block-cover__background has-background-dim-90 has-background-dim wp-block-cover__gradient-background has-background-gradient\" style=\"background:linear-gradient(140deg,rgb(52,72,94) 0%,rgba(52,72,94,0.89) 51%,rgba(52,72,94,0.41) 100%)\"><\/span><div class=\"wp-block-cover__inner-container is-layout-constrained wp-container-core-cover-is-layout-48c9aa2a wp-block-cover-is-layout-constrained\">\n<div class=\"wp-block-group\"><div class=\"wp-block-group__inner-container is-layout-flow wp-block-group-is-layout-flow\">\n<h1 class=\"wp-block-heading\">Allgemeine Datenschutz-Information f\u00fcr Mieter &amp; Mitbewohner (Wohnraum) gem\u00e4\u00df Artikel 13 und 14 EU-Datenschutz-Grundverordnung (DSGVO)<\/h1>\n\n\n\n<h6 class=\"wp-block-heading\" style=\"font-style:normal;font-weight:300\">Version 2019.10<\/h6>\n<\/div><\/div>\n<\/div><\/div>\n\n\n\n<div id=\"text\" class=\"wp-block-group\"><div class=\"wp-block-group__inner-container is-layout-constrained wp-block-group-is-layout-constrained\">\n<p>Seit dem 25. Mai 2018 ist die <a href=\"https:\/\/dsgvo-gesetz.de\" target=\"_blank\" rel=\"noreferrer noopener\">EU-Datenschutzgrundverordnung (DSGVO)<\/a> in Kraft getreten. Im Zuge dessen wurde das bisher in Deutschland geltende <a href=\"https:\/\/www.gesetze-im-internet.de\/bdsg_2018\/\" target=\"_blank\" rel=\"noreferrer noopener\">Bundesdatenschutzgesetz<\/a> \u00fcberarbeitet, welches neben den Regelungen der DSGVO auch f\u00fcr alle privaten Vermieter gilt.<\/p>\n\n\n\n<p>Die im Rahmen des Mietverh\u00e4ltnisses erhobenen personenbezogenen Daten werden vom Vermieter ben\u00f6tigt, um sicherzustellen, dass die Verpflichtungen des Vermieters aus dem Mietvertrag und dessen Abwicklung gegen\u00fcber den\/dem Mieter(n) erf\u00fcllt werden k\u00f6nnen und der Vermieter die Erf\u00fcllung der Verpflichtungen des(r) Mieter(s) \u00fcberpr\u00fcfen kann (Vertragserf\u00fcllung). Die Daten werden vom Vermieter auch elektronisch verarbeitet und gespeichert.<\/p>\n\n\n\n<h2 class=\"wp-block-heading\" id=\"VerantwortlicherDatenverarbeitung\">Verantwortlicher f\u00fcr die Datenverarbeitung<\/h2>\n\n\n\n<p>Verantwortlich f\u00fcr die Datenverarbeitung sind der Vermieter bzw. die von ihm bevollm\u00e4chtigten Personen. Insoweit wird auf den Mietvertrag verwiesen.<\/p>\n\n\n\n<h2 class=\"wp-block-heading\" id=\"ArtErhobeneDaten\">Art der erhobenen Daten, Zwecke und Rechtsgrundlagen der Datenverarbeitung<\/h2>\n\n\n\n<p>Der Vermieter bzw. seine Bevollm\u00e4chtigten verarbeiten Daten, um das Mietverh\u00e4ltnis zu begr\u00fcnden und durchzuf\u00fchren, insbesondere<\/p>\n\n\n\n<ol style=\"list-style-type:lower-alpha\" class=\"wp-block-list\">\n<li>Name, Vorname, Geburtsdatum, Telefonnummern, Postanschrift bei Abschluss des Mietvertrages;<\/li>\n\n\n\n<li>besondere mieterseitige Anforderungen an die Wohnung (z. B. Barrierefreiheit, Stellplatz);<\/li>\n\n\n\n<li>Daten \u00fcber Zahlungen und ggf. offene Forderungen;<\/li>\n\n\n\n<li>soweit erforderlich, Informationen \u00fcber den Zustand und die Ausstattung der Wohnung, z.B. bei \u00dcbergabe und R\u00fcckgabe oder wenn Mieter Sch\u00e4den oder M\u00e4ngel melden;<\/li>\n\n\n\n<li>wenn der Mieter eine \u00f6ffentlich gef\u00f6rderte Wohnung bewohnt, die Angaben aus dem Wohnberechtigungsschein (WBS), ob der WBS dem Mieter entzogen wird und ob die Nutzung der Wohnung durch den Mieter dem WBS entspricht;<\/li>\n\n\n\n<li>Feststellung von Anzahl und Identit\u00e4t der im Haushalt lebenden Personen sowie des Inhalts von Untermietvertr\u00e4gen, um \u00dcberbelegung und unerlaubte Untervermietung zu vermeiden;<\/li>\n\n\n\n<li>Kontodaten;<\/li>\n\n\n\n<li>zum Zwecke der Abrechnung der Betriebskosten werden die Verbrauchsdaten f\u00fcr Heizung\/Warmwasser von der beauftragten Messdienstfirma erhoben. Diese (sowie ggf. folgende) werden an das beauftragte Abrechnungsunternehmen \/ den Haus &amp; Grund Verein weitergeleitet;<\/li>\n\n\n\n<li>soweit erforderlich, Informationen zum Mieterverhalten bei der Nutzung der Wohnung, z.B. \u00fcber Vertragsverst\u00f6\u00dfe und Verhalten, das zu Sch\u00e4den f\u00fchren kann;<\/li>\n\n\n\n<li>soweit erforderlich, andere Informationen, die die Mieter dem Vermieter oder seinen Dienstleistern (z.B. Hausverwaltung, Handwerkern, Service-Mitarbeitern) mitteilen oder von diesen wahrgenommen werden.<\/li>\n<\/ol>\n\n\n\n<p>Im Eingangsbereich und\/oder vor dem Mietobjekt k\u00f6nnen \u00dcberwachungskameras installiert sein. N\u00e4here Informationen hierzu sind dem jeweiligen Aushang vor Ort zu entnehmen.<\/p>\n\n\n\n<p>Es kann auch vorkommen, dass der Vermieter Informationen von Dritten \u00fcber Mieter oder im Haushalt lebende Personen erh\u00e4lt, z.B. im Zusammenhang mit Beschwerden. In diesem Fall fordert der Vermieter je nach Sachlage und Beurteilung der Mitteilung m\u00f6glicherweise eine Stellungnahme vom Mieter an und\/oder erhebt weitere Informationen.<\/p>\n\n\n\n<p>Rechtsgrundlage daf\u00fcr ist <a href=\"https:\/\/dsgvo-gesetz.de\/art-6-dsgvo\/\" target=\"_blank\" rel=\"noreferrer noopener\">Artikel 6<\/a> Absatz 1 b) DSGVO (Durchf\u00fchrung eines Vertrages mit der betroffenen Person) sowie \u2013 in Bezug auf Informationen dar\u00fcber, wer die Wohnung bewohnt \u2013 bei \u00f6ffentlich gef\u00f6rdertem Wohnraum <a href=\"https:\/\/dsgvo-gesetz.de\/art-6-dsgvo\/\" target=\"_blank\" rel=\"noreferrer noopener\">Artikel 6<\/a> Absatz 1 f) DSGVO (Erf\u00fcllung rechtlicher Verpflichtungen). Weitere Daten erhebt und verarbeitet der Vermieter, soweit daran ein berechtigtes Interesse besteht und der Mieter kein \u00fcberwiegendes Interesse daran hat, dass der Vermieter diese Informationen nicht erhebt.<\/p>\n\n\n\n<p>Mit dem ausdr\u00fccklichen Einverst\u00e4ndnis des Mieters erhebt der Vermieter Daten zum Energieverbrauch oder zur Innentemperatur zur Bearbeitung von Widerspr\u00fcchen gegen Betriebskostenabrechnungen und zur Optimierung der Wohnsituation.<\/p>\n\n\n\n<h2 class=\"wp-block-heading\" id=\"AutomatisierteEntscheidungsfindung\">Automatisierte Entscheidungsfindung<\/h2>\n\n\n\n<p>Eine automatisierte Entscheidungsfindung (einschlie\u00dflich Profiling) im Sinne von <a href=\"https:\/\/dsgvo-gesetz.de\/art-22-dsgvo\/\" target=\"_blank\" rel=\"noreferrer noopener\">Artikel 22<\/a> DSGVO wird nicht eingesetzt.<\/p>\n\n\n\n<h2 class=\"wp-block-heading\" id=\"KategorienEmpf\u00e4nger\">Kategorien von Empf\u00e4ngern der Daten<\/h2>\n\n\n\n<p>Empf\u00e4nger personenbezogener Daten des Mieters sind:<\/p>\n\n\n\n<ol style=\"list-style-type:lower-alpha\" class=\"wp-block-list\">\n<li>Mitarbeiter des Vermieters bzw. seiner Bevollm\u00e4chtigten;<\/li>\n\n\n\n<li>Mitarbeiter von Unternehmen, die im Auftrag des Vermieters weisungsgebunden Daten verarbeiten,<\/li>\n\n\n\n<li>Dritte, soweit f\u00fcr die Durchf\u00fchrung des Mietverh\u00e4ltnisses erforderlich, z.B. Handwerker, Dienstleister oder Sachverst\u00e4ndige bzw. der jeweiligen Geb\u00e4udeversicherer und Haftpflichtversicherer des Grundst\u00fccks;<\/li>\n\n\n\n<li>\u00f6ffentliche Stellen, z.B. Meldebeh\u00f6rden, bei \u00f6ffentlich gef\u00f6rdertem Wohnraum das Amt f\u00fcr Wohnungswesen;<\/li>\n\n\n\n<li>\u00f6ffentliche Dritte (z.B. Hilfen zur Wohnungssicherung), die die Miete oder Kaution f\u00fcr den Mieter zahlen, gezahlt haben oder zahlen k\u00f6nnten oder die Schuldner beraten, in Bezug auf Informationen zu Mietr\u00fcckst\u00e4nden, Zahlungsf\u00e4higkeit oder zur Kaution, zur Vermeidung von Obdachlosigkeit;<\/li>\n\n\n\n<li>Auskunfteien, zum Zweck der Bonit\u00e4tsauskunft;<\/li>\n\n\n\n<li>nach K\u00fcndigung des Mietvertrages erhalten Mietinteressenten die Telefonnummer des Mieters zwecks Absprache eines Wohnungsbesichtigungstermins; hierauf wird der Mieter in der K\u00fcndigungsbest\u00e4tigung hingewiesen und kann der Weitergabe widersprechen;<\/li>\n\n\n\n<li>Energieversorgungsunternehmen (z.B. Z\u00e4hlerst\u00e4nde nach Auszug);4\/4<\/li>\n\n\n\n<li>Inkassounternehmen, Auskunfteien, Rechtsanw\u00e4lte, Gerichte, Gerichtsvollzieher, falls offene Forderungen trotz mehrfacher Mahnung nicht beglichen werden.<\/li>\n\n\n\n<li>Zum Zwecke der Erf\u00fcllung von Rechtsanspr\u00fcchen wird anderen Mietern auf deren Verlangen Einsicht in s\u00e4mtliche, den jeweiligen Jahresabrechnungen zugrunde liegenden Originalbelege und Verbrauchserfassungen gew\u00e4hrt.<\/li>\n<\/ol>\n\n\n\n<h2 class=\"wp-block-heading\" id=\"\u00dcbermittlungDrittl\u00e4nder\">\u00dcbermittlung in Drittl\u00e4nder<\/h2>\n\n\n\n<p>Eine \u00dcbermittlung der Daten in Drittl\u00e4nder erfolgt nicht.<\/p>\n\n\n\n<h2 class=\"wp-block-heading\" id=\"DauerSpeicherung\">Dauer der Speicherung<\/h2>\n\n\n\n<p>Die personenbezogenen Daten des Mieters werden regelm\u00e4\u00dfig bis zum Ablauf der gesetzlichen dreij\u00e4hrigen Regelverj\u00e4hrungsfrist (<a href=\"https:\/\/www.gesetze-im-internet.de\/bgb\/__195.html\" target=\"_blank\" rel=\"noreferrer noopener\">\u00a7 195 BGB<\/a>) gespeichert und mit Ablauf der Frist gel\u00f6scht. Sofern der Vermieter nach <a href=\"https:\/\/dsgvo-gesetz.de\/art-6-dsgvo\/\" target=\"_blank\" rel=\"noreferrer noopener\">Artikel 6<\/a> Absatz 1 S. 1 lit. c DSGVO aufgrund von steuer- und handelsrechtlichen Aufbewahrungs- und Dokumentationspflichten zu einer l\u00e4ngeren Speicherung verpflichtet ist oder der Mieter in eine dar\u00fcber hinaus gehende Speicherung nach <a href=\"https:\/\/dsgvo-gesetz.de\/art-6-dsgvo\/\" target=\"_blank\" rel=\"noreferrer noopener\">Artikel 6<\/a> Absatz 1 S. 1 lit. a DSGVO eingewilligt hat, sind diese Fristen ma\u00dfgeblich.<\/p>\n\n\n\n<h2 class=\"wp-block-heading\" id=\"Betroffenenrechte\">Betroffenenrechte<\/h2>\n\n\n\n<p>Nach den Regelungen der DSGVO hat jeder Mieter das Recht zu erfahren, welche Daten von ihm zu welchem Zweck gespeichert wurden (<a href=\"https:\/\/dsgvo-gesetz.de\/art-13-dsgvo\/\" target=\"_blank\" rel=\"noreferrer noopener\">Artikel 13<\/a> und <a href=\"https:\/\/dsgvo-gesetz.de\/art-14-dsgvo\/\" target=\"_blank\" rel=\"noreferrer noopener\">Artikel 14<\/a> DSGVO). Sofern die Person, deren Daten verarbeitet werden, die Daten selbst nicht \u00fcbermittelt oder auch von der Verarbeitung, beispielsweise durch Dritte, nichts wei\u00df, muss sie \u00fcber die Verarbeitung informiert werden. Die f\u00fcr den Vertrag wesentlichen Daten erh\u00e4lt der Vermieter regelm\u00e4\u00dfig vor Vertragsschluss im Anschluss an die Wohnungsbesichtigung. Sp\u00e4testens zu diesem Zeitpunkt wird der Vermieter seinen Informationspflichten nachkommen und dem Betroffenen Folgendes mitteilen:<\/p>\n\n\n\n<ul class=\"wp-block-list\">\n<li>Namen und Kontaktdaten des Vermieters<\/li>\n\n\n\n<li>Zweck und Rechtsgrundlage der Datenverarbeitung sowie Dauer der Speicherung<\/li>\n\n\n\n<li>Dritte, welche personenbezogene Daten vom Vermieter erhalten<\/li>\n\n\n\n<li>Hinweis auf die Betroffenenrechte<\/li>\n<\/ul>\n\n\n\n<p>Weiterhin hat der Mieter das Recht<\/p>\n\n\n\n<ul class=\"wp-block-list\">\n<li>eine erteilte Einwilligung zu widerrufen (gem\u00e4\u00df <a href=\"https:\/\/dsgvo-gesetz.de\/art-7-dsgvo\/\" target=\"_blank\" rel=\"noreferrer noopener\">Artikel 7<\/a> Absatz 3 DSGVO)<\/li>\n\n\n\n<li>Auskunft \u00fcber die durch den Vermieter verarbeiteten Daten (gem\u00e4\u00df <a href=\"https:\/\/dsgvo-gesetz.de\/art-15-dsgvo\/\" target=\"_blank\" rel=\"noreferrer noopener\">Artikel 15<\/a> DSGVO)<\/li>\n\n\n\n<li>die Berichtigung gespeicherter Datens\u00e4tze (gem\u00e4\u00df <a href=\"https:\/\/dsgvo-gesetz.de\/art-16-dsgvo\/\" target=\"_blank\" rel=\"noreferrer noopener\">Artikel 16<\/a> DSGVO)<\/li>\n\n\n\n<li>sowie die L\u00f6schung von personenbezogenen Daten (gem\u00e4\u00df <a href=\"https:\/\/dsgvo-gesetz.de\/art-17-dsgvo\/\" target=\"_blank\" rel=\"noreferrer noopener\">Artikel 17<\/a> DSGVO) zu verlangen.<\/li>\n<\/ul>\n\n\n\n<p>Au\u00dferdem steht ihm das Recht auf Einschr\u00e4nkung der Verarbeitung gem\u00e4\u00df <a href=\"https:\/\/dsgvo-gesetz.de\/art-18-dsgvo\/\">Artikel 18<\/a> DSGVO, einer Mitteilung im Zusammenhang mit der Berichtigung oder L\u00f6schung personenbezogener Daten oder der Einschr\u00e4nkung der Verarbeitung gem\u00e4\u00df <a href=\"https:\/\/dsgvo-gesetz.de\/art-18-dsgvo\/\">Artikel 18<\/a> DSGVO sowie das Recht auf Daten\u00fcbertragbarkeit gem. <a href=\"https:\/\/dsgvo-gesetz.de\/art-20-dsgvo\/\" target=\"_blank\" rel=\"noreferrer noopener\">Artikel 20<\/a> DSGVO zu.<\/p>\n\n\n\n<p>Auch kann er sich bei einer Aufsichtsbeh\u00f6rde gem\u00e4\u00df <a href=\"https:\/\/dsgvo-gesetz.de\/art-77-dsgvo\/\" target=\"_blank\" rel=\"noreferrer noopener\">Artikel 77<\/a> DSGVO beschweren.<\/p>\n\n\n\n<h2 class=\"wp-block-heading\" id=\"Widerspruchsrecht\">Widerspruchsrecht<\/h2>\n\n\n\n<p>Sofern die personenbezogenen Daten des Mieters auf Grundlage von berechtigten Interessen gem\u00e4\u00df <a href=\"https:\/\/dsgvo-gesetz.de\/art-6-dsgvo\/\" target=\"_blank\" rel=\"noreferrer noopener\">Artikel 6<\/a> Absatz 1 S. 1 lit. f DSGVO verarbeitet werden, hat er das Recht, gem\u00e4\u00df <a href=\"https:\/\/dsgvo-gesetz.de\/art-21-dsgvo\/\" target=\"_blank\" rel=\"noreferrer noopener\">Artikel 21<\/a> DSGVO Widerspruch gegen die Verarbeitung der personenbezogenen Daten einzulegen, soweit daf\u00fcr Gr\u00fcnde vorliegen, die sich aus seiner besonderen Situation ergeben.<\/p>\n\n\n\n<p>Sofern der Mieter von seinem Widerspruchsrecht Gebrauch machen will, hat er sich dazu an die gem\u00e4\u00df &#8222;<a href=\"#VerantwortlicherDatenverarbeitung\">Verantwortlicher f\u00fcr die Datenverarbeitung<\/a>&#8220; verantwortliche Stelle zu wenden.<\/p>\n\n\n\n<div style=\"height:25px\" aria-hidden=\"true\" class=\"wp-block-spacer\"><\/div>\n\n\n\n<p>_____________<br><em><strong>Anmerkung:<\/strong><br>Aus Gr\u00fcnden der besseren Lesbarkeit wird auf die gleichzeitige Verwendung der Sprachformen m\u00e4nnlich, weiblich und divers (m\/w\/d) verzichtet. S\u00e4mtliche Personenbezeichnungen gelten gleicherma\u00dfen f\u00fcr alle Geschlechter.<\/em><\/p>\n\n\n\n<div style=\"height:50px\" aria-hidden=\"true\" class=\"wp-block-spacer\"><\/div>\n<\/div><\/div>\n","protected":false},"excerpt":{"rendered":"<p>Seit dem 25. Mai 2018 ist die EU-Datenschutzgrundverordnung (DSGVO) in Kraft getreten. Im Zuge dessen wurde das bisher in Deutschland geltende Bundesdatenschutzgesetz \u00fcberarbeitet, welches neben den Regelungen der DSGVO auch f\u00fcr alle privaten Vermieter gilt. [&hellip;]<\/p>\n","protected":false},"author":1,"featured_media":0,"parent":20,"menu_order":302,"comment_status":"closed","ping_status":"closed","template":"","meta":{"_acf_changed":false,"footnotes":"[]"},"class_list":["post-20204664","page","type-page","status-publish","hentry"],"yoast_head":"<!-- This site is optimized with the Yoast SEO plugin v27.3 - https:\/\/yoast.com\/product\/yoast-seo-wordpress\/ -->\n<title>Allgemeine Datenschutz-Information - Lucassen Hausverwaltung<\/title>\n<meta name=\"robots\" content=\"index, follow, max-snippet:-1, max-image-preview:large, max-video-preview:-1\" \/>\n<link rel=\"canonical\" href=\"https:\/\/lucassen.de\/hausverwaltung\/informationen\/allgemeine-datenschutz-information\" \/>\n<meta property=\"og:locale\" content=\"de_DE\" \/>\n<meta property=\"og:type\" content=\"article\" \/>\n<meta property=\"og:title\" content=\"Allgemeine Datenschutz-Information - Lucassen Hausverwaltung\" \/>\n<meta property=\"og:description\" content=\"Seit dem 25. Mai 2018 ist die EU-Datenschutzgrundverordnung (DSGVO) in Kraft getreten. Im Zuge dessen wurde das bisher in Deutschland geltende Bundesdatenschutzgesetz \u00fcberarbeitet, welches neben den Regelungen der DSGVO auch f\u00fcr alle privaten Vermieter gilt. [&hellip;]\" \/>\n<meta property=\"og:url\" content=\"https:\/\/lucassen.de\/hausverwaltung\/informationen\/allgemeine-datenschutz-information\" \/>\n<meta property=\"og:site_name\" content=\"Lucassen Hausverwaltung\" \/>\n<meta property=\"article:modified_time\" content=\"2025-09-17T17:31:44+00:00\" \/>\n<meta property=\"og:image\" content=\"https:\/\/lucassen.de\/hausverwaltung\/wp-content\/uploads\/sites\/3\/DSGVO-scaled.jpg\" \/>\n\t<meta property=\"og:image:width\" content=\"2560\" \/>\n\t<meta property=\"og:image:height\" content=\"1440\" \/>\n\t<meta property=\"og:image:type\" content=\"image\/jpeg\" \/>\n<meta name=\"twitter:card\" content=\"summary_large_image\" \/>\n<meta name=\"twitter:label1\" content=\"Gesch\u00e4tzte Lesezeit\" \/>\n\t<meta name=\"twitter:data1\" content=\"7\u00a0Minuten\" \/>\n<script type=\"application\/ld+json\" class=\"yoast-schema-graph\">{\"@context\":\"https:\\\/\\\/schema.org\",\"@graph\":[{\"@type\":\"WebPage\",\"@id\":\"https:\\\/\\\/lucassen.de\\\/hausverwaltung\\\/informationen\\\/allgemeine-datenschutz-information\",\"url\":\"https:\\\/\\\/lucassen.de\\\/hausverwaltung\\\/informationen\\\/allgemeine-datenschutz-information\",\"name\":\"Allgemeine Datenschutz-Information - Lucassen Hausverwaltung\",\"isPartOf\":{\"@id\":\"https:\\\/\\\/lucassen.de\\\/hausverwaltung\\\/#website\"},\"primaryImageOfPage\":{\"@id\":\"https:\\\/\\\/lucassen.de\\\/hausverwaltung\\\/informationen\\\/allgemeine-datenschutz-information#primaryimage\"},\"image\":{\"@id\":\"https:\\\/\\\/lucassen.de\\\/hausverwaltung\\\/informationen\\\/allgemeine-datenschutz-information#primaryimage\"},\"thumbnailUrl\":\"https:\\\/\\\/lucassen.de\\\/hausverwaltung\\\/wp-content\\\/uploads\\\/sites\\\/3\\\/DSGVO-scaled.jpg\",\"datePublished\":\"2025-03-24T08:26:03+00:00\",\"dateModified\":\"2025-09-17T17:31:44+00:00\",\"breadcrumb\":{\"@id\":\"https:\\\/\\\/lucassen.de\\\/hausverwaltung\\\/informationen\\\/allgemeine-datenschutz-information#breadcrumb\"},\"inLanguage\":\"de\",\"potentialAction\":[{\"@type\":\"ReadAction\",\"target\":[\"https:\\\/\\\/lucassen.de\\\/hausverwaltung\\\/informationen\\\/allgemeine-datenschutz-information\"]}]},{\"@type\":\"ImageObject\",\"inLanguage\":\"de\",\"@id\":\"https:\\\/\\\/lucassen.de\\\/hausverwaltung\\\/informationen\\\/allgemeine-datenschutz-information#primaryimage\",\"url\":\"https:\\\/\\\/lucassen.de\\\/hausverwaltung\\\/wp-content\\\/uploads\\\/sites\\\/3\\\/DSGVO-scaled.jpg\",\"contentUrl\":\"https:\\\/\\\/lucassen.de\\\/hausverwaltung\\\/wp-content\\\/uploads\\\/sites\\\/3\\\/DSGVO-scaled.jpg\",\"width\":2560,\"height\":1440},{\"@type\":\"BreadcrumbList\",\"@id\":\"https:\\\/\\\/lucassen.de\\\/hausverwaltung\\\/informationen\\\/allgemeine-datenschutz-information#breadcrumb\",\"itemListElement\":[{\"@type\":\"ListItem\",\"position\":1,\"name\":\"Startseite\",\"item\":\"https:\\\/\\\/lucassen.de\\\/hausverwaltung\\\/\"},{\"@type\":\"ListItem\",\"position\":2,\"name\":\"Informationen\",\"item\":\"https:\\\/\\\/lucassen.de\\\/hausverwaltung\\\/informationen\"},{\"@type\":\"ListItem\",\"position\":3,\"name\":\"Allgemeine Datenschutz-Information\"}]},{\"@type\":\"WebSite\",\"@id\":\"https:\\\/\\\/lucassen.de\\\/hausverwaltung\\\/#website\",\"url\":\"https:\\\/\\\/lucassen.de\\\/hausverwaltung\\\/\",\"name\":\"Lucassen Hausverwaltung\",\"description\":\"\",\"publisher\":{\"@id\":\"https:\\\/\\\/lucassen.de\\\/hausverwaltung\\\/#organization\"},\"potentialAction\":[{\"@type\":\"SearchAction\",\"target\":{\"@type\":\"EntryPoint\",\"urlTemplate\":\"https:\\\/\\\/lucassen.de\\\/hausverwaltung\\\/?s={search_term_string}\"},\"query-input\":{\"@type\":\"PropertyValueSpecification\",\"valueRequired\":true,\"valueName\":\"search_term_string\"}}],\"inLanguage\":\"de\"},{\"@type\":\"Organization\",\"@id\":\"https:\\\/\\\/lucassen.de\\\/hausverwaltung\\\/#organization\",\"name\":\"Lucassen Hausverwaltung\",\"url\":\"https:\\\/\\\/lucassen.de\\\/hausverwaltung\\\/\",\"logo\":{\"@type\":\"ImageObject\",\"inLanguage\":\"de\",\"@id\":\"https:\\\/\\\/lucassen.de\\\/hausverwaltung\\\/#\\\/schema\\\/logo\\\/image\\\/\",\"url\":\"https:\\\/\\\/lucassen.de\\\/hausverwaltung\\\/wp-content\\\/uploads\\\/sites\\\/3\\\/hausverwaltung_logo_2020.png\",\"contentUrl\":\"https:\\\/\\\/lucassen.de\\\/hausverwaltung\\\/wp-content\\\/uploads\\\/sites\\\/3\\\/hausverwaltung_logo_2020.png\",\"width\":277,\"height\":249,\"caption\":\"Lucassen Hausverwaltung\"},\"image\":{\"@id\":\"https:\\\/\\\/lucassen.de\\\/hausverwaltung\\\/#\\\/schema\\\/logo\\\/image\\\/\"}}]}<\/script>\n<!-- \/ Yoast SEO plugin. -->","yoast_head_json":{"title":"Allgemeine Datenschutz-Information - Lucassen Hausverwaltung","robots":{"index":"index","follow":"follow","max-snippet":"max-snippet:-1","max-image-preview":"max-image-preview:large","max-video-preview":"max-video-preview:-1"},"canonical":"https:\/\/lucassen.de\/hausverwaltung\/informationen\/allgemeine-datenschutz-information","og_locale":"de_DE","og_type":"article","og_title":"Allgemeine Datenschutz-Information - Lucassen Hausverwaltung","og_description":"Seit dem 25. Mai 2018 ist die EU-Datenschutzgrundverordnung (DSGVO) in Kraft getreten. Im Zuge dessen wurde das bisher in Deutschland geltende Bundesdatenschutzgesetz \u00fcberarbeitet, welches neben den Regelungen der DSGVO auch f\u00fcr alle privaten Vermieter gilt. [&hellip;]","og_url":"https:\/\/lucassen.de\/hausverwaltung\/informationen\/allgemeine-datenschutz-information","og_site_name":"Lucassen Hausverwaltung","article_modified_time":"2025-09-17T17:31:44+00:00","og_image":[{"width":2560,"height":1440,"url":"https:\/\/lucassen.de\/hausverwaltung\/wp-content\/uploads\/sites\/3\/DSGVO-scaled.jpg","type":"image\/jpeg"}],"twitter_card":"summary_large_image","twitter_misc":{"Gesch\u00e4tzte Lesezeit":"7\u00a0Minuten"},"schema":{"@context":"https:\/\/schema.org","@graph":[{"@type":"WebPage","@id":"https:\/\/lucassen.de\/hausverwaltung\/informationen\/allgemeine-datenschutz-information","url":"https:\/\/lucassen.de\/hausverwaltung\/informationen\/allgemeine-datenschutz-information","name":"Allgemeine Datenschutz-Information - Lucassen Hausverwaltung","isPartOf":{"@id":"https:\/\/lucassen.de\/hausverwaltung\/#website"},"primaryImageOfPage":{"@id":"https:\/\/lucassen.de\/hausverwaltung\/informationen\/allgemeine-datenschutz-information#primaryimage"},"image":{"@id":"https:\/\/lucassen.de\/hausverwaltung\/informationen\/allgemeine-datenschutz-information#primaryimage"},"thumbnailUrl":"https:\/\/lucassen.de\/hausverwaltung\/wp-content\/uploads\/sites\/3\/DSGVO-scaled.jpg","datePublished":"2025-03-24T08:26:03+00:00","dateModified":"2025-09-17T17:31:44+00:00","breadcrumb":{"@id":"https:\/\/lucassen.de\/hausverwaltung\/informationen\/allgemeine-datenschutz-information#breadcrumb"},"inLanguage":"de","potentialAction":[{"@type":"ReadAction","target":["https:\/\/lucassen.de\/hausverwaltung\/informationen\/allgemeine-datenschutz-information"]}]},{"@type":"ImageObject","inLanguage":"de","@id":"https:\/\/lucassen.de\/hausverwaltung\/informationen\/allgemeine-datenschutz-information#primaryimage","url":"https:\/\/lucassen.de\/hausverwaltung\/wp-content\/uploads\/sites\/3\/DSGVO-scaled.jpg","contentUrl":"https:\/\/lucassen.de\/hausverwaltung\/wp-content\/uploads\/sites\/3\/DSGVO-scaled.jpg","width":2560,"height":1440},{"@type":"BreadcrumbList","@id":"https:\/\/lucassen.de\/hausverwaltung\/informationen\/allgemeine-datenschutz-information#breadcrumb","itemListElement":[{"@type":"ListItem","position":1,"name":"Startseite","item":"https:\/\/lucassen.de\/hausverwaltung\/"},{"@type":"ListItem","position":2,"name":"Informationen","item":"https:\/\/lucassen.de\/hausverwaltung\/informationen"},{"@type":"ListItem","position":3,"name":"Allgemeine Datenschutz-Information"}]},{"@type":"WebSite","@id":"https:\/\/lucassen.de\/hausverwaltung\/#website","url":"https:\/\/lucassen.de\/hausverwaltung\/","name":"Lucassen Hausverwaltung","description":"","publisher":{"@id":"https:\/\/lucassen.de\/hausverwaltung\/#organization"},"potentialAction":[{"@type":"SearchAction","target":{"@type":"EntryPoint","urlTemplate":"https:\/\/lucassen.de\/hausverwaltung\/?s={search_term_string}"},"query-input":{"@type":"PropertyValueSpecification","valueRequired":true,"valueName":"search_term_string"}}],"inLanguage":"de"},{"@type":"Organization","@id":"https:\/\/lucassen.de\/hausverwaltung\/#organization","name":"Lucassen Hausverwaltung","url":"https:\/\/lucassen.de\/hausverwaltung\/","logo":{"@type":"ImageObject","inLanguage":"de","@id":"https:\/\/lucassen.de\/hausverwaltung\/#\/schema\/logo\/image\/","url":"https:\/\/lucassen.de\/hausverwaltung\/wp-content\/uploads\/sites\/3\/hausverwaltung_logo_2020.png","contentUrl":"https:\/\/lucassen.de\/hausverwaltung\/wp-content\/uploads\/sites\/3\/hausverwaltung_logo_2020.png","width":277,"height":249,"caption":"Lucassen Hausverwaltung"},"image":{"@id":"https:\/\/lucassen.de\/hausverwaltung\/#\/schema\/logo\/image\/"}}]}},"acf":[],"_links":{"self":[{"href":"https:\/\/lucassen.de\/hausverwaltung\/wp-json\/wp\/v2\/pages\/20204664","targetHints":{"allow":["GET"]}}],"collection":[{"href":"https:\/\/lucassen.de\/hausverwaltung\/wp-json\/wp\/v2\/pages"}],"about":[{"href":"https:\/\/lucassen.de\/hausverwaltung\/wp-json\/wp\/v2\/types\/page"}],"author":[{"embeddable":true,"href":"https:\/\/lucassen.de\/hausverwaltung\/wp-json\/wp\/v2\/users\/1"}],"replies":[{"embeddable":true,"href":"https:\/\/lucassen.de\/hausverwaltung\/wp-json\/wp\/v2\/comments?post=20204664"}],"version-history":[{"count":29,"href":"https:\/\/lucassen.de\/hausverwaltung\/wp-json\/wp\/v2\/pages\/20204664\/revisions"}],"predecessor-version":[{"id":20207218,"href":"https:\/\/lucassen.de\/hausverwaltung\/wp-json\/wp\/v2\/pages\/20204664\/revisions\/20207218"}],"up":[{"embeddable":true,"href":"https:\/\/lucassen.de\/hausverwaltung\/wp-json\/wp\/v2\/pages\/20"}],"wp:attachment":[{"href":"https:\/\/lucassen.de\/hausverwaltung\/wp-json\/wp\/v2\/media?parent=20204664"}],"curies":[{"name":"wp","href":"https:\/\/api.w.org\/{rel}","templated":true}]}}