{"id":20204710,"date":"2025-03-24T12:07:19","date_gmt":"2025-03-24T11:07:19","guid":{"rendered":"https:\/\/lucassen.de\/hausverwaltung\/?page_id=20204710"},"modified":"2025-09-17T19:33:04","modified_gmt":"2025-09-17T17:33:04","slug":"wohnungseinbruch","status":"publish","type":"page","link":"https:\/\/lucassen.de\/hausverwaltung\/informationen\/wohnungseinbruch","title":{"rendered":"Wohnungseinbruch (Pr\u00e4ventionshinweise)"},"content":{"rendered":"\n<div class=\"wp-block-cover\" style=\"min-height:40vh;aspect-ratio:unset;\" id=\"top\"><img loading=\"lazy\" decoding=\"async\" width=\"1224\" height=\"614\" class=\"wp-block-cover__image-background wp-image-20204719\" alt=\"\" src=\"https:\/\/lucassen.de\/hausverwaltung\/wp-content\/uploads\/sites\/3\/Wohnungseinbruch.jpg\" style=\"object-position:50% 25%\" data-object-fit=\"cover\" data-object-position=\"50% 25%\" srcset=\"https:\/\/lucassen.de\/hausverwaltung\/wp-content\/uploads\/sites\/3\/Wohnungseinbruch.jpg 1224w, https:\/\/lucassen.de\/hausverwaltung\/wp-content\/uploads\/sites\/3\/Wohnungseinbruch-800x401.jpg 800w, https:\/\/lucassen.de\/hausverwaltung\/wp-content\/uploads\/sites\/3\/Wohnungseinbruch-768x385.jpg 768w\" sizes=\"auto, (max-width: 1224px) 100vw, 1224px\" \/><span aria-hidden=\"true\" class=\"wp-block-cover__background has-background-dim-90 has-background-dim wp-block-cover__gradient-background has-background-gradient\" style=\"background:linear-gradient(140deg,rgb(52,72,94) 0%,rgba(52,72,94,0.89) 51%,rgba(52,72,94,0.41) 100%)\"><\/span><div class=\"wp-block-cover__inner-container is-layout-constrained wp-container-core-cover-is-layout-48c9aa2a wp-block-cover-is-layout-constrained\">\n<div class=\"wp-block-group\"><div class=\"wp-block-group__inner-container is-layout-flow wp-block-group-is-layout-flow\">\n<h1 class=\"wp-block-heading\">Wohnungseinbruch (Pr\u00e4ventionshinweise)<\/h1>\n\n\n\n<h6 class=\"wp-block-heading\" style=\"font-style:normal;font-weight:300\">Version 2025.03<\/h6>\n<\/div><\/div>\n<\/div><\/div>\n\n\n\n<div id=\"text\" class=\"wp-block-group\"><div class=\"wp-block-group__inner-container is-layout-constrained wp-block-group-is-layout-constrained\">\n<p>Die polizeiliche Erfahrung zeigt, dass man sich vor einem Einbruch sch\u00fctzen kann. \u00dcber 45 % der Taten bleiben im Versuch stecken &#8211; nicht zuletzt wegen technischer Sicherungen an Fenstern und T\u00fcren. Das richtige Verhalten und aufmerksame Nachbarn k\u00f6nnen dabei helfen, Einbr\u00fcche zu verhindern.<\/p>\n\n\n\n<p>Sicherheitsbewusstes Verhalten und solide, mechanische Sicherungstechnik (z. B. Schutzbeschl\u00e4ge und Zusatzschl\u00f6sser) stehen beim Einbruchschutz an erster Stelle und bieten dem Einbrecher Widerstand. Alarmanlagen (sog. Einbruchmeldeanlagen) erg\u00e4nzen mechanische Sicherungen, erh\u00f6hen das Entdeckungsrisiko f\u00fcr Einbrecher und bieten somit zus\u00e4tzlichen Schutz.<\/p>\n\n\n\n<h2 class=\"wp-block-heading\">So sch\u00fctzen Sie sich vor einem Wohnungseinbruch<\/h2>\n\n\n\n<ul class=\"wp-block-list\">\n<li>Sichern Sie m\u00f6gliche Schwachstellen Ihres Hauses \/ Ihrer Wohnung durch den Einbau von gepr\u00fcfter und zertifizierter Sicherungstechnik<\/li>\n\n\n\n<li>Verschlie\u00dfen Sie immer Ihre Haus- \/ Wohnungst\u00fcre, auch wenn Sie nur kurz weggehen<\/li>\n\n\n\n<li>Verschlie\u00dfen Sie ebenso Fenster, Balkon und Terrassent\u00fcren, auch wenn Sie nur kurz weggehen \u2013 denn gekippte Fenster sind offene Fenster<\/li>\n\n\n\n<li>Vermeiden Sie es, Schl\u00fcssel drau\u00dfen zu verstecken<\/li>\n\n\n\n<li>Halten Sie die Hauseingangst\u00fcr in Mehrfamilienh\u00e4usern tags\u00fcber geschlossen<\/li>\n\n\n\n<li>Pr\u00fcfen Sie vor dem Dr\u00fccken des T\u00fcr\u00f6ffners, wer ins Haus will<\/li>\n\n\n\n<li>Verschlie\u00dfen Sie stets T\u00fcren von Kellern und Dachb\u00f6den.<\/li>\n\n\n\n<li>Sollten Sie Ihren Schl\u00fcssel zusammen mit Hinweisen auf ihren Wohnort verloren haben, wechseln Sie unverz\u00fcglich den Schlie\u00dfzylinder aus<\/li>\n\n\n\n<li>Sichern Sie Balkont\u00fcren auch in den oberen Stockwerken<\/li>\n\n\n\n<li>Sichern Sie Kellerlichtsch\u00e4chte und Kellerfenster<\/li>\n\n\n\n<li>Lassen Sie nur nachts Rolll\u00e4den herunter, da sonst tags\u00fcber ein unbewohnter Eindruck entsteht<\/li>\n\n\n\n<li>Lassen Sie Ihre Wohnung \/ Haus bei l\u00e4ngerer Abwesenheit bewohnt erscheinen<\/li>\n\n\n\n<li>Briefkasten sollten geleert und beispielsweise Rolll\u00e4den und Beleuchtung unregelm\u00e4\u00dfig bet\u00e4tigt werden<\/li>\n\n\n\n<li>Informieren Sie Ihre Nachbarn \u00fcber den Einsatz von Zeitschaltungen beispielsweise f\u00fcr Rolll\u00e4den und Beleuchtung<\/li>\n\n\n\n<li>Markieren Sie Ihre Wertgegenst\u00e4nde eindeutig und notieren Sie die wichtigsten Daten in einer Wertgegenstandsliste<\/li>\n\n\n\n<li>Fotografieren Sie schwer zu beschreibende Gegenst\u00e4nde<\/li>\n\n\n\n<li>Bewahren Sie besonders Wichtiges oder Wertvolles, das Sie nur selten brauchen, bei Ihrem Geldinstitut im Schlie\u00dffach auf<\/li>\n\n\n\n<li>Wenn Sie diese Dinge im Haus behalten, verwahren Sie diese in einem gepr\u00fcften Wertbeh\u00e4ltnis<\/li>\n\n\n\n<li>Mechanisch-bauliche Sicherungseinrichtungen k\u00f6nnen durch Smarthome-Systeme<br>sinnvoll erg\u00e4nzt werden. Diese k\u00f6nnen dabei Video- oder Bildsignale auf Smartphones \u00fcbertragen. Stellen Sie einen Einbruch fest, dann alarmieren Sie die \u00f6rtliche Polizeibeh\u00f6rde (siehe <a href=\"https:\/\/lucassen.de\/hausverwaltung\/notfall-rufnummern\">Notfall-Rufnummern<\/a>)<\/li>\n<\/ul>\n\n\n\n<h2 class=\"wp-block-heading\">Auf gute Nachbarschaft!<\/h2>\n\n\n\n<p>Achten Sie auf unbekannte Personen und\/oder auf verd\u00e4chtige Situationen &#8222;nebenan&#8220;. Alarmieren Sie in Verdachtsf\u00e4llen sofort die Polizei \u00fcber <a href=\"tel:+49110\" target=\"_blank\" rel=\"noreferrer noopener\">110<\/a>, \u00fcber die <a href=\"https:\/\/internetwache.polizei.nrw\" target=\"_blank\" rel=\"noreferrer noopener\">Internetwache<\/a> der Polizei oder per <a href=\"https:\/\/internetwache.polizei.nrw\/Notruf-Fax\" target=\"_blank\" rel=\"noreferrer noopener\">Notfallfax<\/a>. Ein Notfallfax erm\u00f6glicht h\u00f6r- und sprachgesch\u00e4digten Menschen den Zugang zum Notrufsystem. <a href=\"https:\/\/internetwache.polizei.nrw\/sites\/default\/files\/2024-06\/2024_05_23_polnrw_notruf-fax_de_barrierefrei_final-2.pdf\" target=\"_blank\" rel=\"noreferrer noopener\">Fax-Vorlagen<\/a> und <a href=\"https:\/\/internetwache.polizei.nrw\/Notruf-Fax\" target=\"_blank\" rel=\"noreferrer noopener\">Notruf-Faxnummern<\/a> der Polizeibeh\u00f6rden finden Sie ebenfalls auf den Seiten der Internetwache.<\/p>\n\n\n\n<h2 class=\"wp-block-heading\">Lassen Sie sich von Ihrer Polizei beraten.<\/h2>\n\n\n\n<p>Die Technischen Fachberater im Kriminalkommissariat f\u00fcr Kriminalpr\u00e4vention und Opferschutz Ihrer \u00f6rtlichen Polizeibeh\u00f6rde in NRW beraten Sie neutral und kostenlos.<\/p>\n\n\n\n<h2 class=\"wp-block-heading\">Einbau von Sicherheitstechnik<\/h2>\n\n\n\n<p>Lassen Sie einbruchhemmende Produkte fachgerecht von Unternehmen einbauen, die z.B. auf dem <a href=\"https:\/\/polizei.nrw\/sites\/default\/files\/2019-09\/Adressennachweis-Mechanik-Errichter.pdf\">Adressennachweis<\/a> des Landeskriminalamts NRW gelistet sind.<\/p>\n\n\n\n<div style=\"height:25px\" aria-hidden=\"true\" class=\"wp-block-spacer\"><\/div>\n\n\n\n<p>_____________<br><em><strong>Anmerkung:<\/strong><br>Aus Gr\u00fcnden der besseren Lesbarkeit wird auf die gleichzeitige Verwendung der Sprachformen m\u00e4nnlich, weiblich und divers (m\/w\/d) verzichtet. S\u00e4mtliche Personenbezeichnungen gelten gleicherma\u00dfen f\u00fcr alle Geschlechter.<\/em><\/p>\n\n\n\n<div style=\"height:50px\" aria-hidden=\"true\" class=\"wp-block-spacer\"><\/div>\n<\/div><\/div>\n","protected":false},"excerpt":{"rendered":"<p>Die polizeiliche Erfahrung zeigt, dass man sich vor einem Einbruch sch\u00fctzen kann. \u00dcber 45 % der Taten bleiben im Versuch stecken &#8211; nicht zuletzt wegen technischer Sicherungen an Fenstern und T\u00fcren. Das richtige Verhalten und [&hellip;]<\/p>\n","protected":false},"author":1,"featured_media":0,"parent":20,"menu_order":306,"comment_status":"closed","ping_status":"closed","template":"","meta":{"_acf_changed":false,"footnotes":"[]"},"class_list":["post-20204710","page","type-page","status-publish","hentry"],"yoast_head":"<!-- This site is optimized with the Yoast SEO plugin v27.5 - https:\/\/yoast.com\/product\/yoast-seo-wordpress\/ -->\n<title>Wohnungseinbruch (Pr\u00e4ventionshinweise) - Lucassen Hausverwaltung<\/title>\n<meta name=\"robots\" content=\"index, follow, max-snippet:-1, max-image-preview:large, max-video-preview:-1\" \/>\n<link rel=\"canonical\" href=\"https:\/\/lucassen.de\/hausverwaltung\/informationen\/wohnungseinbruch\" \/>\n<meta property=\"og:locale\" content=\"de_DE\" \/>\n<meta property=\"og:type\" content=\"article\" \/>\n<meta property=\"og:title\" content=\"Wohnungseinbruch (Pr\u00e4ventionshinweise) - Lucassen Hausverwaltung\" \/>\n<meta property=\"og:description\" content=\"Die polizeiliche Erfahrung zeigt, dass man sich vor einem Einbruch sch\u00fctzen kann. \u00dcber 45 % der Taten bleiben im Versuch stecken &#8211; nicht zuletzt wegen technischer Sicherungen an Fenstern und T\u00fcren. Das richtige Verhalten und [&hellip;]\" \/>\n<meta property=\"og:url\" content=\"https:\/\/lucassen.de\/hausverwaltung\/informationen\/wohnungseinbruch\" \/>\n<meta property=\"og:site_name\" content=\"Lucassen Hausverwaltung\" \/>\n<meta property=\"article:modified_time\" content=\"2025-09-17T17:33:04+00:00\" \/>\n<meta property=\"og:image\" content=\"https:\/\/lucassen.de\/hausverwaltung\/wp-content\/uploads\/sites\/3\/Wohnungseinbruch.jpg\" \/>\n\t<meta property=\"og:image:width\" content=\"1224\" \/>\n\t<meta property=\"og:image:height\" content=\"614\" \/>\n\t<meta property=\"og:image:type\" content=\"image\/jpeg\" \/>\n<meta name=\"twitter:card\" content=\"summary_large_image\" \/>\n<meta name=\"twitter:label1\" content=\"Gesch\u00e4tzte Lesezeit\" \/>\n\t<meta name=\"twitter:data1\" content=\"3\u00a0Minuten\" \/>\n<script type=\"application\/ld+json\" class=\"yoast-schema-graph\">{\"@context\":\"https:\\\/\\\/schema.org\",\"@graph\":[{\"@type\":\"WebPage\",\"@id\":\"https:\\\/\\\/lucassen.de\\\/hausverwaltung\\\/informationen\\\/wohnungseinbruch\",\"url\":\"https:\\\/\\\/lucassen.de\\\/hausverwaltung\\\/informationen\\\/wohnungseinbruch\",\"name\":\"Wohnungseinbruch (Pr\u00e4ventionshinweise) - Lucassen Hausverwaltung\",\"isPartOf\":{\"@id\":\"https:\\\/\\\/lucassen.de\\\/hausverwaltung\\\/#website\"},\"primaryImageOfPage\":{\"@id\":\"https:\\\/\\\/lucassen.de\\\/hausverwaltung\\\/informationen\\\/wohnungseinbruch#primaryimage\"},\"image\":{\"@id\":\"https:\\\/\\\/lucassen.de\\\/hausverwaltung\\\/informationen\\\/wohnungseinbruch#primaryimage\"},\"thumbnailUrl\":\"https:\\\/\\\/lucassen.de\\\/hausverwaltung\\\/wp-content\\\/uploads\\\/sites\\\/3\\\/Wohnungseinbruch.jpg\",\"datePublished\":\"2025-03-24T11:07:19+00:00\",\"dateModified\":\"2025-09-17T17:33:04+00:00\",\"breadcrumb\":{\"@id\":\"https:\\\/\\\/lucassen.de\\\/hausverwaltung\\\/informationen\\\/wohnungseinbruch#breadcrumb\"},\"inLanguage\":\"de\",\"potentialAction\":[{\"@type\":\"ReadAction\",\"target\":[\"https:\\\/\\\/lucassen.de\\\/hausverwaltung\\\/informationen\\\/wohnungseinbruch\"]}]},{\"@type\":\"ImageObject\",\"inLanguage\":\"de\",\"@id\":\"https:\\\/\\\/lucassen.de\\\/hausverwaltung\\\/informationen\\\/wohnungseinbruch#primaryimage\",\"url\":\"https:\\\/\\\/lucassen.de\\\/hausverwaltung\\\/wp-content\\\/uploads\\\/sites\\\/3\\\/Wohnungseinbruch.jpg\",\"contentUrl\":\"https:\\\/\\\/lucassen.de\\\/hausverwaltung\\\/wp-content\\\/uploads\\\/sites\\\/3\\\/Wohnungseinbruch.jpg\",\"width\":1224,\"height\":614},{\"@type\":\"BreadcrumbList\",\"@id\":\"https:\\\/\\\/lucassen.de\\\/hausverwaltung\\\/informationen\\\/wohnungseinbruch#breadcrumb\",\"itemListElement\":[{\"@type\":\"ListItem\",\"position\":1,\"name\":\"Startseite\",\"item\":\"https:\\\/\\\/lucassen.de\\\/hausverwaltung\\\/\"},{\"@type\":\"ListItem\",\"position\":2,\"name\":\"Informationen\",\"item\":\"https:\\\/\\\/lucassen.de\\\/hausverwaltung\\\/informationen\"},{\"@type\":\"ListItem\",\"position\":3,\"name\":\"Wohnungseinbruch (Pr\u00e4ventionshinweise)\"}]},{\"@type\":\"WebSite\",\"@id\":\"https:\\\/\\\/lucassen.de\\\/hausverwaltung\\\/#website\",\"url\":\"https:\\\/\\\/lucassen.de\\\/hausverwaltung\\\/\",\"name\":\"Lucassen Hausverwaltung\",\"description\":\"\",\"publisher\":{\"@id\":\"https:\\\/\\\/lucassen.de\\\/hausverwaltung\\\/#organization\"},\"potentialAction\":[{\"@type\":\"SearchAction\",\"target\":{\"@type\":\"EntryPoint\",\"urlTemplate\":\"https:\\\/\\\/lucassen.de\\\/hausverwaltung\\\/?s={search_term_string}\"},\"query-input\":{\"@type\":\"PropertyValueSpecification\",\"valueRequired\":true,\"valueName\":\"search_term_string\"}}],\"inLanguage\":\"de\"},{\"@type\":\"Organization\",\"@id\":\"https:\\\/\\\/lucassen.de\\\/hausverwaltung\\\/#organization\",\"name\":\"Lucassen Hausverwaltung\",\"url\":\"https:\\\/\\\/lucassen.de\\\/hausverwaltung\\\/\",\"logo\":{\"@type\":\"ImageObject\",\"inLanguage\":\"de\",\"@id\":\"https:\\\/\\\/lucassen.de\\\/hausverwaltung\\\/#\\\/schema\\\/logo\\\/image\\\/\",\"url\":\"https:\\\/\\\/lucassen.de\\\/hausverwaltung\\\/wp-content\\\/uploads\\\/sites\\\/3\\\/hausverwaltung_logo_2020.png\",\"contentUrl\":\"https:\\\/\\\/lucassen.de\\\/hausverwaltung\\\/wp-content\\\/uploads\\\/sites\\\/3\\\/hausverwaltung_logo_2020.png\",\"width\":277,\"height\":249,\"caption\":\"Lucassen Hausverwaltung\"},\"image\":{\"@id\":\"https:\\\/\\\/lucassen.de\\\/hausverwaltung\\\/#\\\/schema\\\/logo\\\/image\\\/\"}}]}<\/script>\n<!-- \/ Yoast SEO plugin. -->","yoast_head_json":{"title":"Wohnungseinbruch (Pr\u00e4ventionshinweise) - Lucassen Hausverwaltung","robots":{"index":"index","follow":"follow","max-snippet":"max-snippet:-1","max-image-preview":"max-image-preview:large","max-video-preview":"max-video-preview:-1"},"canonical":"https:\/\/lucassen.de\/hausverwaltung\/informationen\/wohnungseinbruch","og_locale":"de_DE","og_type":"article","og_title":"Wohnungseinbruch (Pr\u00e4ventionshinweise) - Lucassen Hausverwaltung","og_description":"Die polizeiliche Erfahrung zeigt, dass man sich vor einem Einbruch sch\u00fctzen kann. \u00dcber 45 % der Taten bleiben im Versuch stecken &#8211; nicht zuletzt wegen technischer Sicherungen an Fenstern und T\u00fcren. Das richtige Verhalten und [&hellip;]","og_url":"https:\/\/lucassen.de\/hausverwaltung\/informationen\/wohnungseinbruch","og_site_name":"Lucassen Hausverwaltung","article_modified_time":"2025-09-17T17:33:04+00:00","og_image":[{"width":1224,"height":614,"url":"https:\/\/lucassen.de\/hausverwaltung\/wp-content\/uploads\/sites\/3\/Wohnungseinbruch.jpg","type":"image\/jpeg"}],"twitter_card":"summary_large_image","twitter_misc":{"Gesch\u00e4tzte Lesezeit":"3\u00a0Minuten"},"schema":{"@context":"https:\/\/schema.org","@graph":[{"@type":"WebPage","@id":"https:\/\/lucassen.de\/hausverwaltung\/informationen\/wohnungseinbruch","url":"https:\/\/lucassen.de\/hausverwaltung\/informationen\/wohnungseinbruch","name":"Wohnungseinbruch (Pr\u00e4ventionshinweise) - Lucassen Hausverwaltung","isPartOf":{"@id":"https:\/\/lucassen.de\/hausverwaltung\/#website"},"primaryImageOfPage":{"@id":"https:\/\/lucassen.de\/hausverwaltung\/informationen\/wohnungseinbruch#primaryimage"},"image":{"@id":"https:\/\/lucassen.de\/hausverwaltung\/informationen\/wohnungseinbruch#primaryimage"},"thumbnailUrl":"https:\/\/lucassen.de\/hausverwaltung\/wp-content\/uploads\/sites\/3\/Wohnungseinbruch.jpg","datePublished":"2025-03-24T11:07:19+00:00","dateModified":"2025-09-17T17:33:04+00:00","breadcrumb":{"@id":"https:\/\/lucassen.de\/hausverwaltung\/informationen\/wohnungseinbruch#breadcrumb"},"inLanguage":"de","potentialAction":[{"@type":"ReadAction","target":["https:\/\/lucassen.de\/hausverwaltung\/informationen\/wohnungseinbruch"]}]},{"@type":"ImageObject","inLanguage":"de","@id":"https:\/\/lucassen.de\/hausverwaltung\/informationen\/wohnungseinbruch#primaryimage","url":"https:\/\/lucassen.de\/hausverwaltung\/wp-content\/uploads\/sites\/3\/Wohnungseinbruch.jpg","contentUrl":"https:\/\/lucassen.de\/hausverwaltung\/wp-content\/uploads\/sites\/3\/Wohnungseinbruch.jpg","width":1224,"height":614},{"@type":"BreadcrumbList","@id":"https:\/\/lucassen.de\/hausverwaltung\/informationen\/wohnungseinbruch#breadcrumb","itemListElement":[{"@type":"ListItem","position":1,"name":"Startseite","item":"https:\/\/lucassen.de\/hausverwaltung\/"},{"@type":"ListItem","position":2,"name":"Informationen","item":"https:\/\/lucassen.de\/hausverwaltung\/informationen"},{"@type":"ListItem","position":3,"name":"Wohnungseinbruch (Pr\u00e4ventionshinweise)"}]},{"@type":"WebSite","@id":"https:\/\/lucassen.de\/hausverwaltung\/#website","url":"https:\/\/lucassen.de\/hausverwaltung\/","name":"Lucassen Hausverwaltung","description":"","publisher":{"@id":"https:\/\/lucassen.de\/hausverwaltung\/#organization"},"potentialAction":[{"@type":"SearchAction","target":{"@type":"EntryPoint","urlTemplate":"https:\/\/lucassen.de\/hausverwaltung\/?s={search_term_string}"},"query-input":{"@type":"PropertyValueSpecification","valueRequired":true,"valueName":"search_term_string"}}],"inLanguage":"de"},{"@type":"Organization","@id":"https:\/\/lucassen.de\/hausverwaltung\/#organization","name":"Lucassen Hausverwaltung","url":"https:\/\/lucassen.de\/hausverwaltung\/","logo":{"@type":"ImageObject","inLanguage":"de","@id":"https:\/\/lucassen.de\/hausverwaltung\/#\/schema\/logo\/image\/","url":"https:\/\/lucassen.de\/hausverwaltung\/wp-content\/uploads\/sites\/3\/hausverwaltung_logo_2020.png","contentUrl":"https:\/\/lucassen.de\/hausverwaltung\/wp-content\/uploads\/sites\/3\/hausverwaltung_logo_2020.png","width":277,"height":249,"caption":"Lucassen Hausverwaltung"},"image":{"@id":"https:\/\/lucassen.de\/hausverwaltung\/#\/schema\/logo\/image\/"}}]}},"acf":[],"_links":{"self":[{"href":"https:\/\/lucassen.de\/hausverwaltung\/wp-json\/wp\/v2\/pages\/20204710","targetHints":{"allow":["GET"]}}],"collection":[{"href":"https:\/\/lucassen.de\/hausverwaltung\/wp-json\/wp\/v2\/pages"}],"about":[{"href":"https:\/\/lucassen.de\/hausverwaltung\/wp-json\/wp\/v2\/types\/page"}],"author":[{"embeddable":true,"href":"https:\/\/lucassen.de\/hausverwaltung\/wp-json\/wp\/v2\/users\/1"}],"replies":[{"embeddable":true,"href":"https:\/\/lucassen.de\/hausverwaltung\/wp-json\/wp\/v2\/comments?post=20204710"}],"version-history":[{"count":15,"href":"https:\/\/lucassen.de\/hausverwaltung\/wp-json\/wp\/v2\/pages\/20204710\/revisions"}],"predecessor-version":[{"id":20207223,"href":"https:\/\/lucassen.de\/hausverwaltung\/wp-json\/wp\/v2\/pages\/20204710\/revisions\/20207223"}],"up":[{"embeddable":true,"href":"https:\/\/lucassen.de\/hausverwaltung\/wp-json\/wp\/v2\/pages\/20"}],"wp:attachment":[{"href":"https:\/\/lucassen.de\/hausverwaltung\/wp-json\/wp\/v2\/media?parent=20204710"}],"curies":[{"name":"wp","href":"https:\/\/api.w.org\/{rel}","templated":true}]}}