{"id":20205694,"date":"2025-04-27T20:28:35","date_gmt":"2025-04-27T18:28:35","guid":{"rendered":"https:\/\/lucassen.de\/hausverwaltung\/?page_id=20205694"},"modified":"2025-08-01T00:48:38","modified_gmt":"2025-07-31T22:48:38","slug":"statistik","status":"publish","type":"page","link":"https:\/\/lucassen.de\/hausverwaltung\/mietobjekte\/statistik","title":{"rendered":"Statistik"},"content":{"rendered":"\n<div class=\"wp-block-cover\" style=\"min-height:40vh;aspect-ratio:unset;\" id=\"top\"><img loading=\"lazy\" decoding=\"async\" width=\"1600\" height=\"1068\" class=\"wp-block-cover__image-background wp-image-20205696 size-large\" alt=\"\" src=\"https:\/\/lucassen.de\/hausverwaltung\/wp-content\/uploads\/sites\/3\/Statistik-1600x1068.jpg\" style=\"object-position:100% 32%\" data-object-fit=\"cover\" data-object-position=\"100% 32%\" srcset=\"https:\/\/lucassen.de\/hausverwaltung\/wp-content\/uploads\/sites\/3\/Statistik-1600x1068.jpg 1600w, https:\/\/lucassen.de\/hausverwaltung\/wp-content\/uploads\/sites\/3\/Statistik-800x534.jpg 800w, https:\/\/lucassen.de\/hausverwaltung\/wp-content\/uploads\/sites\/3\/Statistik-768x513.jpg 768w, https:\/\/lucassen.de\/hausverwaltung\/wp-content\/uploads\/sites\/3\/Statistik-1536x1026.jpg 1536w, https:\/\/lucassen.de\/hausverwaltung\/wp-content\/uploads\/sites\/3\/Statistik.jpg 1920w\" sizes=\"auto, (max-width: 1600px) 100vw, 1600px\" \/><span aria-hidden=\"true\" class=\"wp-block-cover__background has-background-dim-90 has-background-dim wp-block-cover__gradient-background has-background-gradient\" style=\"background:linear-gradient(140deg,rgb(52,72,94) 0%,rgba(52,72,94,0.89) 51%,rgba(52,72,94,0.41) 100%)\"><\/span><div class=\"wp-block-cover__inner-container is-layout-constrained wp-container-core-cover-is-layout-48c9aa2a wp-block-cover-is-layout-constrained\">\n<div class=\"wp-block-group\"><div class=\"wp-block-group__inner-container is-layout-flow wp-block-group-is-layout-flow\">\n<h1 class=\"wp-block-heading\">Statistik<\/h1>\n<\/div><\/div>\n<\/div><\/div>\n\n\n\n<div id=\"wohnflaeche\" class=\"wp-block-group\"><div class=\"wp-block-group__inner-container is-layout-constrained wp-block-group-is-layout-constrained\">\n<h2 class=\"wp-block-heading\">Wohnfl\u00e4che<\/h2>\n\n\n\n<p>Interessante Fakten rund um die Vermietung unserer Mietobjekte nach aktuellem Stand vom 28. April 2025:<\/p>\n\n\n\n<ul class=\"wp-block-list\">\n<li>Anzahl der Mietobjekte: 5<\/li>\n\n\n\n<li>Gesamtzahl der Wohneinheiten in den f\u00fcnf Mietobjekten: 44<\/li>\n\n\n\n<li>gesamte vermietete Wohnfl\u00e4che: 2.762,05 m\u00b2<\/li>\n<\/ul>\n\n\n\n<div class=\"wp-block-columns is-layout-flex wp-container-core-columns-is-layout-9d6595d7 wp-block-columns-is-layout-flex\">\n<div class=\"wp-block-column is-layout-flow wp-block-column-is-layout-flow\">\n<figure class=\"wp-block-table alignleft is-style-stripes\"><table><thead><tr><th class=\"has-text-align-right\" data-align=\"right\">Wohnungsgr\u00f6\u00dfe<\/th><th class=\"has-text-align-center\" data-align=\"center\">Anzahl Wohnungen<\/th><th class=\"has-text-align-right\" data-align=\"right\">Anteil<\/th><\/tr><\/thead><tbody><tr><td class=\"has-text-align-right\" data-align=\"right\">176,48 m\u00b2<\/td><td class=\"has-text-align-center\" data-align=\"center\">1<\/td><td class=\"has-text-align-right\" data-align=\"right\">2,27 %<\/td><\/tr><tr><td class=\"has-text-align-right\" data-align=\"right\">152,37 m\u00b2<\/td><td class=\"has-text-align-center\" data-align=\"center\">1<\/td><td class=\"has-text-align-right\" data-align=\"right\">2,27 %<\/td><\/tr><tr><td class=\"has-text-align-right\" data-align=\"right\">115,00 m\u00b2<\/td><td class=\"has-text-align-center\" data-align=\"center\">1<\/td><td class=\"has-text-align-right\" data-align=\"right\">2,27 %<\/td><\/tr><tr><td class=\"has-text-align-right\" data-align=\"right\">100,00 m\u00b2<\/td><td class=\"has-text-align-center\" data-align=\"center\">1<\/td><td class=\"has-text-align-right\" data-align=\"right\">2,27 %<\/td><\/tr><tr><td class=\"has-text-align-right\" data-align=\"right\">75,00 m\u00b2<\/td><td class=\"has-text-align-center\" data-align=\"center\">1<\/td><td class=\"has-text-align-right\" data-align=\"right\">2,27 %<\/td><\/tr><tr><td class=\"has-text-align-right\" data-align=\"right\">68,76 m\u00b2<\/td><td class=\"has-text-align-center\" data-align=\"center\">15<\/td><td class=\"has-text-align-right\" data-align=\"right\">34,09 %<\/td><\/tr><tr><td class=\"has-text-align-right\" data-align=\"right\">56,39 m\u00b2<\/td><td class=\"has-text-align-center\" data-align=\"center\">12<\/td><td class=\"has-text-align-right\" data-align=\"right\">27,27 %<\/td><\/tr><tr><td class=\"has-text-align-right\" data-align=\"right\">36,26 m\u00b2<\/td><td class=\"has-text-align-center\" data-align=\"center\">12<\/td><td class=\"has-text-align-right\" data-align=\"right\">27,27 %<\/td><\/tr><\/tbody><tfoot><tr><td class=\"has-text-align-right\" data-align=\"right\"><strong>Gesamt<\/strong><\/td><td class=\"has-text-align-center\" data-align=\"center\"><strong>44<\/strong><\/td><td class=\"has-text-align-right\" data-align=\"right\"><strong>100,00 %<\/strong><\/td><\/tr><\/tfoot><\/table><\/figure>\n<\/div>\n\n\n\n<div class=\"wp-block-column is-vertically-aligned-center is-layout-flow wp-block-column-is-layout-flow\"><div class=\"wp-block-image\">\n<figure class=\"aligncenter size-full\"><img loading=\"lazy\" decoding=\"async\" width=\"726\" height=\"608\" src=\"https:\/\/lucassen.de\/hausverwaltung\/wp-content\/uploads\/sites\/3\/image-4.png\" alt=\"\" class=\"wp-image-20205741\"\/><figcaption class=\"wp-element-caption\"><center><em>\u00dcbersicht\/Verteilung Wohnungsgr\u00f6\u00dfen<\/em><\/center><\/figcaption><\/figure>\n<\/div><\/div>\n<\/div>\n<\/div><\/div>\n\n\n\n<hr class=\"wp-block-separator has-alpha-channel-opacity is-style-dots\"\/>\n\n\n\n<div id=\"mietdauer\" class=\"wp-block-group\"><div class=\"wp-block-group__inner-container is-layout-constrained wp-block-group-is-layout-constrained\">\n<h2 class=\"wp-block-heading\">Mietdauer<\/h2>\n\n\n\n<p>Die folgenden Tabellen zeigen die aktuelle Mietdauer aller zum 28. April 2025 aktiven Mietenden in den f\u00fcnf Mietobjekten auf:<\/p>\n\n\n\n<div class=\"wp-block-columns is-layout-flex wp-container-core-columns-is-layout-9d6595d7 wp-block-columns-is-layout-flex\">\n<div class=\"wp-block-column is-layout-flow wp-block-column-is-layout-flow\">\n<ul class=\"wp-block-list\">\n<li>Der \u00e4lteste und immer noch aktive Bezug einer Wohnung war am: 1. Oktober 1966<\/li>\n\n\n\n<li>Der letzte Einzug war am: 1. April 2025<\/li>\n<\/ul>\n<\/div>\n\n\n\n<div class=\"wp-block-column is-layout-flow wp-block-column-is-layout-flow\">\n<figure class=\"wp-block-table\"><table><thead><tr><th>Zeitraum<\/th><th class=\"has-text-align-center\" data-align=\"center\">Mietdauer<\/th><th class=\"has-text-align-center\" data-align=\"center\">Einzug<\/th><\/tr><\/thead><tbody><tr><td>k\u00fcrzeste<\/td><td class=\"has-text-align-center\" data-align=\"center\">1 Jahr und 4 Monate<\/td><td class=\"has-text-align-center\" data-align=\"center\"><\/td><\/tr><tr><td>l\u00e4ngste<\/td><td class=\"has-text-align-center\" data-align=\"center\">58 Jahre und 6 Monate<\/td><td class=\"has-text-align-center\" data-align=\"center\">1. Oktober 1966<\/td><\/tr><\/tbody><tfoot><tr><td>durchschnittlich<\/td><td class=\"has-text-align-center\" data-align=\"center\">17 Jahre und 6 Monate<\/td><td class=\"has-text-align-center\" data-align=\"center\"><\/td><\/tr><\/tfoot><\/table><\/figure>\n<\/div>\n<\/div>\n\n\n\n<div style=\"height:25px\" aria-hidden=\"true\" class=\"wp-block-spacer\"><\/div>\n\n\n\n<div class=\"wp-block-columns is-layout-flex wp-container-core-columns-is-layout-9d6595d7 wp-block-columns-is-layout-flex\">\n<div class=\"wp-block-column is-layout-flow wp-block-column-is-layout-flow\">\n<figure class=\"wp-block-table is-style-stripes\"><table><thead><tr><th class=\"has-text-align-center\" data-align=\"center\">Mietdauer (in Jahren)<\/th><th class=\"has-text-align-center\" data-align=\"center\">Mietdauer (in Monaten)<\/th><th class=\"has-text-align-right\" data-align=\"right\">Anzahl<\/th><th class=\"has-text-align-right\" data-align=\"right\">Anteil<\/th><\/tr><\/thead><tbody><tr><td class=\"has-text-align-center\" data-align=\"center\">0 &#8211; 5<\/td><td class=\"has-text-align-center\" data-align=\"center\">0 &#8211; 60<\/td><td class=\"has-text-align-right\" data-align=\"right\">11<\/td><td class=\"has-text-align-right\" data-align=\"right\">25,00 %<\/td><\/tr><tr><td class=\"has-text-align-center\" data-align=\"center\">6 &#8211; 10<\/td><td class=\"has-text-align-center\" data-align=\"center\">61 &#8211; 120<\/td><td class=\"has-text-align-right\" data-align=\"right\">7<\/td><td class=\"has-text-align-right\" data-align=\"right\">13,64 %<\/td><\/tr><tr><td class=\"has-text-align-center\" data-align=\"center\">11 &#8211; 15<\/td><td class=\"has-text-align-center\" data-align=\"center\">121 &#8211; 180<\/td><td class=\"has-text-align-right\" data-align=\"right\">7<\/td><td class=\"has-text-align-right\" data-align=\"right\">18,18 %<\/td><\/tr><tr><td class=\"has-text-align-center\" data-align=\"center\">16 &#8211; 20<\/td><td class=\"has-text-align-center\" data-align=\"center\">181 &#8211; 240<\/td><td class=\"has-text-align-right\" data-align=\"right\">1<\/td><td class=\"has-text-align-right\" data-align=\"right\">2,27 %<\/td><\/tr><tr><td class=\"has-text-align-center\" data-align=\"center\">21 &#8211; 25<\/td><td class=\"has-text-align-center\" data-align=\"center\">241 &#8211; 300<\/td><td class=\"has-text-align-right\" data-align=\"right\">7<\/td><td class=\"has-text-align-right\" data-align=\"right\">15,91 %<\/td><\/tr><tr><td class=\"has-text-align-center\" data-align=\"center\">26 &#8211; 30<\/td><td class=\"has-text-align-center\" data-align=\"center\">301 &#8211; 360<\/td><td class=\"has-text-align-right\" data-align=\"right\">4<\/td><td class=\"has-text-align-right\" data-align=\"right\">9,09 %<\/td><\/tr><tr><td class=\"has-text-align-center\" data-align=\"center\">31 &#8211; 35<\/td><td class=\"has-text-align-center\" data-align=\"center\">361 &#8211; 420<\/td><td class=\"has-text-align-right\" data-align=\"right\">0<\/td><td class=\"has-text-align-right\" data-align=\"right\"><\/td><\/tr><tr><td class=\"has-text-align-center\" data-align=\"center\">36 &#8211; 40<\/td><td class=\"has-text-align-center\" data-align=\"center\">421 &#8211; 480<\/td><td class=\"has-text-align-right\" data-align=\"right\">2<\/td><td class=\"has-text-align-right\" data-align=\"right\">4,55 %<\/td><\/tr><tr><td class=\"has-text-align-center\" data-align=\"center\">41 &#8211; 45<\/td><td class=\"has-text-align-center\" data-align=\"center\">481 &#8211; 540<\/td><td class=\"has-text-align-right\" data-align=\"right\">1<\/td><td class=\"has-text-align-right\" data-align=\"right\">2,27 %<\/td><\/tr><tr><td class=\"has-text-align-center\" data-align=\"center\">46 &#8211; 50<\/td><td class=\"has-text-align-center\" data-align=\"center\">541 &#8211; 600<\/td><td class=\"has-text-align-right\" data-align=\"right\">0<\/td><td class=\"has-text-align-right\" data-align=\"right\"><\/td><\/tr><tr><td class=\"has-text-align-center\" data-align=\"center\">51 &#8211; 55<\/td><td class=\"has-text-align-center\" data-align=\"center\">601 &#8211; 660<\/td><td class=\"has-text-align-right\" data-align=\"right\">1<\/td><td class=\"has-text-align-right\" data-align=\"right\">2,27 %<\/td><\/tr><tr><td class=\"has-text-align-center\" data-align=\"center\">56 &#8211; 60<\/td><td class=\"has-text-align-center\" data-align=\"center\">661 &#8211; 720<\/td><td class=\"has-text-align-right\" data-align=\"right\">3<\/td><td class=\"has-text-align-right\" data-align=\"right\">6,82 %<\/td><\/tr><tr><td class=\"has-text-align-center\" data-align=\"center\">61 &#8211; 65<\/td><td class=\"has-text-align-center\" data-align=\"center\">721 &#8211; 780<\/td><td class=\"has-text-align-right\" data-align=\"right\">0<\/td><td class=\"has-text-align-right\" data-align=\"right\"><\/td><\/tr><\/tbody><tfoot><tr><td class=\"has-text-align-center\" data-align=\"center\"><\/td><td class=\"has-text-align-center\" data-align=\"center\"><\/td><td class=\"has-text-align-right\" data-align=\"right\">44<\/td><td class=\"has-text-align-right\" data-align=\"right\">100,00 %<\/td><\/tr><\/tfoot><\/table><\/figure>\n<\/div>\n\n\n\n<div class=\"wp-block-column is-layout-flow wp-block-column-is-layout-flow\"><\/div>\n<\/div>\n\n\n\n<div style=\"height:50px\" aria-hidden=\"true\" class=\"wp-block-spacer\"><\/div>\n\n\n\n<div class=\"wp-block-columns is-layout-flex wp-container-core-columns-is-layout-9d6595d7 wp-block-columns-is-layout-flex\">\n<div class=\"wp-block-column is-layout-flow wp-block-column-is-layout-flow\">\n<figure class=\"wp-block-table is-style-stripes\"><table><thead><tr><th class=\"has-text-align-center\" data-align=\"center\">Mietdauer (in Jahren)<\/th><th class=\"has-text-align-center\" data-align=\"center\">Mietdauer (in Monaten)<\/th><th class=\"has-text-align-right\" data-align=\"right\">Anzahl<\/th><th class=\"has-text-align-right\" data-align=\"right\">Anteil<\/th><\/tr><\/thead><tbody><tr><td class=\"has-text-align-center\" data-align=\"center\">0 &#8211; 10<\/td><td class=\"has-text-align-center\" data-align=\"center\">0 &#8211; 120<\/td><td class=\"has-text-align-right\" data-align=\"right\">18<\/td><td class=\"has-text-align-right\" data-align=\"right\">40,91 %<\/td><\/tr><tr><td class=\"has-text-align-center\" data-align=\"center\">11 &#8211; 20<\/td><td class=\"has-text-align-center\" data-align=\"center\">121 &#8211; 240<\/td><td class=\"has-text-align-right\" data-align=\"right\">8<\/td><td class=\"has-text-align-right\" data-align=\"right\">18,18 %<\/td><\/tr><tr><td class=\"has-text-align-center\" data-align=\"center\">21 &#8211; 30<\/td><td class=\"has-text-align-center\" data-align=\"center\">241 &#8211; 360<\/td><td class=\"has-text-align-right\" data-align=\"right\">11<\/td><td class=\"has-text-align-right\" data-align=\"right\">25,00 %<\/td><\/tr><tr><td class=\"has-text-align-center\" data-align=\"center\">31 &#8211; 40<\/td><td class=\"has-text-align-center\" data-align=\"center\">361 &#8211; 480<\/td><td class=\"has-text-align-right\" data-align=\"right\">2<\/td><td class=\"has-text-align-right\" data-align=\"right\">4,55 %<\/td><\/tr><tr><td class=\"has-text-align-center\" data-align=\"center\">41 &#8211; 50<\/td><td class=\"has-text-align-center\" data-align=\"center\">481 &#8211; 600<\/td><td class=\"has-text-align-right\" data-align=\"right\">1<\/td><td class=\"has-text-align-right\" data-align=\"right\">2,27 %<\/td><\/tr><tr><td class=\"has-text-align-center\" data-align=\"center\">51 &#8211; 60<\/td><td class=\"has-text-align-center\" data-align=\"center\">601 &#8211; 720<\/td><td class=\"has-text-align-right\" data-align=\"right\">4<\/td><td class=\"has-text-align-right\" data-align=\"right\">9,09 %<\/td><\/tr><tr><td class=\"has-text-align-center\" data-align=\"center\">61 &#8211; &#8230;<\/td><td class=\"has-text-align-center\" data-align=\"center\">721 &#8211; &#8230;<\/td><td class=\"has-text-align-right\" data-align=\"right\">0<\/td><td class=\"has-text-align-right\" data-align=\"right\"><\/td><\/tr><\/tbody><tfoot><tr><td class=\"has-text-align-center\" data-align=\"center\"><\/td><td class=\"has-text-align-center\" data-align=\"center\"><\/td><td class=\"has-text-align-right\" data-align=\"right\">44<\/td><td class=\"has-text-align-right\" data-align=\"right\">100,00 %<\/td><\/tr><\/tfoot><\/table><\/figure>\n<\/div>\n\n\n\n<div class=\"wp-block-column is-vertically-aligned-center is-layout-flow wp-block-column-is-layout-flow\"><div class=\"wp-block-image\">\n<figure class=\"aligncenter size-full\"><img loading=\"lazy\" decoding=\"async\" width=\"776\" height=\"576\" src=\"https:\/\/lucassen.de\/hausverwaltung\/wp-content\/uploads\/sites\/3\/image-3.png\" alt=\"\" class=\"wp-image-20205743\" srcset=\"https:\/\/lucassen.de\/hausverwaltung\/wp-content\/uploads\/sites\/3\/image-3.png 776w, https:\/\/lucassen.de\/hausverwaltung\/wp-content\/uploads\/sites\/3\/image-3-768x570.png 768w\" sizes=\"auto, (max-width: 776px) 100vw, 776px\" \/><figcaption class=\"wp-element-caption\"><center><em>Mietdauer in Jahren (aktive Mietende)<\/em><\/center><\/figcaption><\/figure>\n<\/div><\/div>\n<\/div>\n<\/div><\/div>\n","protected":false},"excerpt":{"rendered":"<p>Wohnfl\u00e4che Interessante Fakten rund um die Vermietung unserer Mietobjekte nach aktuellem Stand vom 28. April 2025: Wohnungsgr\u00f6\u00dfe Anzahl Wohnungen Anteil 176,48 m\u00b2 1 2,27 % 152,37 m\u00b2 1 2,27 % 115,00 m\u00b2 1 2,27 % [&hellip;]<\/p>\n","protected":false},"author":1,"featured_media":0,"parent":42,"menu_order":60,"comment_status":"closed","ping_status":"closed","template":"","meta":{"_acf_changed":false,"footnotes":"[]"},"class_list":["post-20205694","page","type-page","status-publish","hentry"],"yoast_head":"<!-- This site is optimized with the Yoast SEO plugin v27.5 - https:\/\/yoast.com\/product\/yoast-seo-wordpress\/ -->\n<title>Statistik - Lucassen Hausverwaltung<\/title>\n<meta name=\"robots\" content=\"index, follow, max-snippet:-1, max-image-preview:large, max-video-preview:-1\" \/>\n<link rel=\"canonical\" href=\"https:\/\/lucassen.de\/hausverwaltung\/mietobjekte\/statistik\" \/>\n<meta property=\"og:locale\" content=\"de_DE\" \/>\n<meta property=\"og:type\" content=\"article\" \/>\n<meta property=\"og:title\" content=\"Statistik - Lucassen Hausverwaltung\" \/>\n<meta property=\"og:description\" content=\"Wohnfl\u00e4che Interessante Fakten rund um die Vermietung unserer Mietobjekte nach aktuellem Stand vom 28. April 2025: Wohnungsgr\u00f6\u00dfe Anzahl Wohnungen Anteil 176,48 m\u00b2 1 2,27 % 152,37 m\u00b2 1 2,27 % 115,00 m\u00b2 1 2,27 % [&hellip;]\" \/>\n<meta property=\"og:url\" content=\"https:\/\/lucassen.de\/hausverwaltung\/mietobjekte\/statistik\" \/>\n<meta property=\"og:site_name\" content=\"Lucassen Hausverwaltung\" \/>\n<meta property=\"article:modified_time\" content=\"2025-07-31T22:48:38+00:00\" \/>\n<meta property=\"og:image\" content=\"https:\/\/lucassen.de\/hausverwaltung\/wp-content\/uploads\/sites\/3\/Statistik.jpg\" \/>\n\t<meta property=\"og:image:width\" content=\"1920\" \/>\n\t<meta property=\"og:image:height\" content=\"1282\" \/>\n\t<meta property=\"og:image:type\" content=\"image\/jpeg\" \/>\n<meta name=\"twitter:card\" content=\"summary_large_image\" \/>\n<meta name=\"twitter:label1\" content=\"Gesch\u00e4tzte Lesezeit\" \/>\n\t<meta name=\"twitter:data1\" content=\"3\u00a0Minuten\" \/>\n<script type=\"application\/ld+json\" class=\"yoast-schema-graph\">{\"@context\":\"https:\\\/\\\/schema.org\",\"@graph\":[{\"@type\":\"WebPage\",\"@id\":\"https:\\\/\\\/lucassen.de\\\/hausverwaltung\\\/mietobjekte\\\/statistik\",\"url\":\"https:\\\/\\\/lucassen.de\\\/hausverwaltung\\\/mietobjekte\\\/statistik\",\"name\":\"Statistik - Lucassen Hausverwaltung\",\"isPartOf\":{\"@id\":\"https:\\\/\\\/lucassen.de\\\/hausverwaltung\\\/#website\"},\"primaryImageOfPage\":{\"@id\":\"https:\\\/\\\/lucassen.de\\\/hausverwaltung\\\/mietobjekte\\\/statistik#primaryimage\"},\"image\":{\"@id\":\"https:\\\/\\\/lucassen.de\\\/hausverwaltung\\\/mietobjekte\\\/statistik#primaryimage\"},\"thumbnailUrl\":\"https:\\\/\\\/lucassen.de\\\/hausverwaltung\\\/wp-content\\\/uploads\\\/sites\\\/3\\\/Statistik-1600x1068.jpg\",\"datePublished\":\"2025-04-27T18:28:35+00:00\",\"dateModified\":\"2025-07-31T22:48:38+00:00\",\"breadcrumb\":{\"@id\":\"https:\\\/\\\/lucassen.de\\\/hausverwaltung\\\/mietobjekte\\\/statistik#breadcrumb\"},\"inLanguage\":\"de\",\"potentialAction\":[{\"@type\":\"ReadAction\",\"target\":[\"https:\\\/\\\/lucassen.de\\\/hausverwaltung\\\/mietobjekte\\\/statistik\"]}]},{\"@type\":\"ImageObject\",\"inLanguage\":\"de\",\"@id\":\"https:\\\/\\\/lucassen.de\\\/hausverwaltung\\\/mietobjekte\\\/statistik#primaryimage\",\"url\":\"https:\\\/\\\/lucassen.de\\\/hausverwaltung\\\/wp-content\\\/uploads\\\/sites\\\/3\\\/Statistik.jpg\",\"contentUrl\":\"https:\\\/\\\/lucassen.de\\\/hausverwaltung\\\/wp-content\\\/uploads\\\/sites\\\/3\\\/Statistik.jpg\",\"width\":1920,\"height\":1282},{\"@type\":\"BreadcrumbList\",\"@id\":\"https:\\\/\\\/lucassen.de\\\/hausverwaltung\\\/mietobjekte\\\/statistik#breadcrumb\",\"itemListElement\":[{\"@type\":\"ListItem\",\"position\":1,\"name\":\"Startseite\",\"item\":\"https:\\\/\\\/lucassen.de\\\/hausverwaltung\\\/\"},{\"@type\":\"ListItem\",\"position\":2,\"name\":\"Mietobjekte\",\"item\":\"https:\\\/\\\/lucassen.de\\\/hausverwaltung\\\/mietobjekte\"},{\"@type\":\"ListItem\",\"position\":3,\"name\":\"Statistik\"}]},{\"@type\":\"WebSite\",\"@id\":\"https:\\\/\\\/lucassen.de\\\/hausverwaltung\\\/#website\",\"url\":\"https:\\\/\\\/lucassen.de\\\/hausverwaltung\\\/\",\"name\":\"Lucassen Hausverwaltung\",\"description\":\"\",\"publisher\":{\"@id\":\"https:\\\/\\\/lucassen.de\\\/hausverwaltung\\\/#organization\"},\"potentialAction\":[{\"@type\":\"SearchAction\",\"target\":{\"@type\":\"EntryPoint\",\"urlTemplate\":\"https:\\\/\\\/lucassen.de\\\/hausverwaltung\\\/?s={search_term_string}\"},\"query-input\":{\"@type\":\"PropertyValueSpecification\",\"valueRequired\":true,\"valueName\":\"search_term_string\"}}],\"inLanguage\":\"de\"},{\"@type\":\"Organization\",\"@id\":\"https:\\\/\\\/lucassen.de\\\/hausverwaltung\\\/#organization\",\"name\":\"Lucassen Hausverwaltung\",\"url\":\"https:\\\/\\\/lucassen.de\\\/hausverwaltung\\\/\",\"logo\":{\"@type\":\"ImageObject\",\"inLanguage\":\"de\",\"@id\":\"https:\\\/\\\/lucassen.de\\\/hausverwaltung\\\/#\\\/schema\\\/logo\\\/image\\\/\",\"url\":\"https:\\\/\\\/lucassen.de\\\/hausverwaltung\\\/wp-content\\\/uploads\\\/sites\\\/3\\\/hausverwaltung_logo_2020.png\",\"contentUrl\":\"https:\\\/\\\/lucassen.de\\\/hausverwaltung\\\/wp-content\\\/uploads\\\/sites\\\/3\\\/hausverwaltung_logo_2020.png\",\"width\":277,\"height\":249,\"caption\":\"Lucassen Hausverwaltung\"},\"image\":{\"@id\":\"https:\\\/\\\/lucassen.de\\\/hausverwaltung\\\/#\\\/schema\\\/logo\\\/image\\\/\"}}]}<\/script>\n<!-- \/ Yoast SEO plugin. -->","yoast_head_json":{"title":"Statistik - Lucassen Hausverwaltung","robots":{"index":"index","follow":"follow","max-snippet":"max-snippet:-1","max-image-preview":"max-image-preview:large","max-video-preview":"max-video-preview:-1"},"canonical":"https:\/\/lucassen.de\/hausverwaltung\/mietobjekte\/statistik","og_locale":"de_DE","og_type":"article","og_title":"Statistik - Lucassen Hausverwaltung","og_description":"Wohnfl\u00e4che Interessante Fakten rund um die Vermietung unserer Mietobjekte nach aktuellem Stand vom 28. April 2025: Wohnungsgr\u00f6\u00dfe Anzahl Wohnungen Anteil 176,48 m\u00b2 1 2,27 % 152,37 m\u00b2 1 2,27 % 115,00 m\u00b2 1 2,27 % [&hellip;]","og_url":"https:\/\/lucassen.de\/hausverwaltung\/mietobjekte\/statistik","og_site_name":"Lucassen Hausverwaltung","article_modified_time":"2025-07-31T22:48:38+00:00","og_image":[{"width":1920,"height":1282,"url":"https:\/\/lucassen.de\/hausverwaltung\/wp-content\/uploads\/sites\/3\/Statistik.jpg","type":"image\/jpeg"}],"twitter_card":"summary_large_image","twitter_misc":{"Gesch\u00e4tzte Lesezeit":"3\u00a0Minuten"},"schema":{"@context":"https:\/\/schema.org","@graph":[{"@type":"WebPage","@id":"https:\/\/lucassen.de\/hausverwaltung\/mietobjekte\/statistik","url":"https:\/\/lucassen.de\/hausverwaltung\/mietobjekte\/statistik","name":"Statistik - Lucassen Hausverwaltung","isPartOf":{"@id":"https:\/\/lucassen.de\/hausverwaltung\/#website"},"primaryImageOfPage":{"@id":"https:\/\/lucassen.de\/hausverwaltung\/mietobjekte\/statistik#primaryimage"},"image":{"@id":"https:\/\/lucassen.de\/hausverwaltung\/mietobjekte\/statistik#primaryimage"},"thumbnailUrl":"https:\/\/lucassen.de\/hausverwaltung\/wp-content\/uploads\/sites\/3\/Statistik-1600x1068.jpg","datePublished":"2025-04-27T18:28:35+00:00","dateModified":"2025-07-31T22:48:38+00:00","breadcrumb":{"@id":"https:\/\/lucassen.de\/hausverwaltung\/mietobjekte\/statistik#breadcrumb"},"inLanguage":"de","potentialAction":[{"@type":"ReadAction","target":["https:\/\/lucassen.de\/hausverwaltung\/mietobjekte\/statistik"]}]},{"@type":"ImageObject","inLanguage":"de","@id":"https:\/\/lucassen.de\/hausverwaltung\/mietobjekte\/statistik#primaryimage","url":"https:\/\/lucassen.de\/hausverwaltung\/wp-content\/uploads\/sites\/3\/Statistik.jpg","contentUrl":"https:\/\/lucassen.de\/hausverwaltung\/wp-content\/uploads\/sites\/3\/Statistik.jpg","width":1920,"height":1282},{"@type":"BreadcrumbList","@id":"https:\/\/lucassen.de\/hausverwaltung\/mietobjekte\/statistik#breadcrumb","itemListElement":[{"@type":"ListItem","position":1,"name":"Startseite","item":"https:\/\/lucassen.de\/hausverwaltung\/"},{"@type":"ListItem","position":2,"name":"Mietobjekte","item":"https:\/\/lucassen.de\/hausverwaltung\/mietobjekte"},{"@type":"ListItem","position":3,"name":"Statistik"}]},{"@type":"WebSite","@id":"https:\/\/lucassen.de\/hausverwaltung\/#website","url":"https:\/\/lucassen.de\/hausverwaltung\/","name":"Lucassen Hausverwaltung","description":"","publisher":{"@id":"https:\/\/lucassen.de\/hausverwaltung\/#organization"},"potentialAction":[{"@type":"SearchAction","target":{"@type":"EntryPoint","urlTemplate":"https:\/\/lucassen.de\/hausverwaltung\/?s={search_term_string}"},"query-input":{"@type":"PropertyValueSpecification","valueRequired":true,"valueName":"search_term_string"}}],"inLanguage":"de"},{"@type":"Organization","@id":"https:\/\/lucassen.de\/hausverwaltung\/#organization","name":"Lucassen Hausverwaltung","url":"https:\/\/lucassen.de\/hausverwaltung\/","logo":{"@type":"ImageObject","inLanguage":"de","@id":"https:\/\/lucassen.de\/hausverwaltung\/#\/schema\/logo\/image\/","url":"https:\/\/lucassen.de\/hausverwaltung\/wp-content\/uploads\/sites\/3\/hausverwaltung_logo_2020.png","contentUrl":"https:\/\/lucassen.de\/hausverwaltung\/wp-content\/uploads\/sites\/3\/hausverwaltung_logo_2020.png","width":277,"height":249,"caption":"Lucassen Hausverwaltung"},"image":{"@id":"https:\/\/lucassen.de\/hausverwaltung\/#\/schema\/logo\/image\/"}}]}},"acf":[],"_links":{"self":[{"href":"https:\/\/lucassen.de\/hausverwaltung\/wp-json\/wp\/v2\/pages\/20205694","targetHints":{"allow":["GET"]}}],"collection":[{"href":"https:\/\/lucassen.de\/hausverwaltung\/wp-json\/wp\/v2\/pages"}],"about":[{"href":"https:\/\/lucassen.de\/hausverwaltung\/wp-json\/wp\/v2\/types\/page"}],"author":[{"embeddable":true,"href":"https:\/\/lucassen.de\/hausverwaltung\/wp-json\/wp\/v2\/users\/1"}],"replies":[{"embeddable":true,"href":"https:\/\/lucassen.de\/hausverwaltung\/wp-json\/wp\/v2\/comments?post=20205694"}],"version-history":[{"count":42,"href":"https:\/\/lucassen.de\/hausverwaltung\/wp-json\/wp\/v2\/pages\/20205694\/revisions"}],"predecessor-version":[{"id":20206588,"href":"https:\/\/lucassen.de\/hausverwaltung\/wp-json\/wp\/v2\/pages\/20205694\/revisions\/20206588"}],"up":[{"embeddable":true,"href":"https:\/\/lucassen.de\/hausverwaltung\/wp-json\/wp\/v2\/pages\/42"}],"wp:attachment":[{"href":"https:\/\/lucassen.de\/hausverwaltung\/wp-json\/wp\/v2\/media?parent=20205694"}],"curies":[{"name":"wp","href":"https:\/\/api.w.org\/{rel}","templated":true}]}}