{"id":20206814,"date":"2025-08-29T17:57:28","date_gmt":"2025-08-29T15:57:28","guid":{"rendered":"https:\/\/lucassen.de\/hausverwaltung\/?page_id=20206814"},"modified":"2025-09-17T19:37:27","modified_gmt":"2025-09-17T17:37:27","slug":"datenschutzhinweise-fuer-vermietung","status":"publish","type":"page","link":"https:\/\/lucassen.de\/hausverwaltung\/informationen\/datenschutzhinweise-fuer-vermietung","title":{"rendered":"Datenschutzhinweise f\u00fcr Vermietung"},"content":{"rendered":"\n<div class=\"wp-block-cover\" style=\"min-height:40vh;aspect-ratio:unset;\" id=\"top\"><img loading=\"lazy\" decoding=\"async\" width=\"2560\" height=\"1440\" class=\"wp-block-cover__image-background wp-image-20204722\" alt=\"\" src=\"https:\/\/lucassen.de\/hausverwaltung\/wp-content\/uploads\/sites\/3\/DSGVO-scaled.jpg\" data-object-fit=\"cover\" srcset=\"https:\/\/lucassen.de\/hausverwaltung\/wp-content\/uploads\/sites\/3\/DSGVO-scaled.jpg 2560w, https:\/\/lucassen.de\/hausverwaltung\/wp-content\/uploads\/sites\/3\/DSGVO-800x450.jpg 800w, https:\/\/lucassen.de\/hausverwaltung\/wp-content\/uploads\/sites\/3\/DSGVO-1600x900.jpg 1600w, https:\/\/lucassen.de\/hausverwaltung\/wp-content\/uploads\/sites\/3\/DSGVO-768x432.jpg 768w, https:\/\/lucassen.de\/hausverwaltung\/wp-content\/uploads\/sites\/3\/DSGVO-1536x864.jpg 1536w, https:\/\/lucassen.de\/hausverwaltung\/wp-content\/uploads\/sites\/3\/DSGVO-2048x1152.jpg 2048w\" sizes=\"auto, (max-width: 2560px) 100vw, 2560px\" \/><span aria-hidden=\"true\" class=\"wp-block-cover__background has-background-dim-90 has-background-dim wp-block-cover__gradient-background has-background-gradient\" style=\"background:linear-gradient(140deg,rgb(52,72,94) 0%,rgba(52,72,94,0.89) 51%,rgba(52,72,94,0.41) 100%)\"><\/span><div class=\"wp-block-cover__inner-container is-layout-constrained wp-container-core-cover-is-layout-48c9aa2a wp-block-cover-is-layout-constrained\">\n<div class=\"wp-block-group\"><div class=\"wp-block-group__inner-container is-layout-flow wp-block-group-is-layout-flow\">\n<h1 class=\"wp-block-heading\"><br>Datenschutzhinweise f\u00fcr Vermietung<\/h1>\n\n\n\n<h6 class=\"wp-block-heading\" style=\"font-style:normal;font-weight:300\">Version 2019.10<\/h6>\n<\/div><\/div>\n<\/div><\/div>\n\n\n\n<div id=\"text\" class=\"wp-block-group\"><div class=\"wp-block-group__inner-container is-layout-constrained wp-block-group-is-layout-constrained\">\n<p>Diese Datenschutzhinweise gelten f\u00fcr die Datenverarbeitung durch den Vermieter:<\/p>\n\n\n\n<p>Vermieter: Edeltraud Lucassen, Erich-Klausener-Str. 85, 47802 Krefeld<br>Hausverwalter: Markus Lucassen, Rheinstr. 11, 47226 Duisburg, <a href=\"mailto:hausverwaltung@lucassen.de\" target=\"_blank\" rel=\"noreferrer noopener\">hausverwaltung@lucassen.de<\/a><br>Datenschutzbeauftragter: Markus Lucassen, Rheinstr. 11, 47226 Duisburg, <a href=\"mailto:datenschutz@lucassen.de\" target=\"_blank\" rel=\"noreferrer noopener\">datenschutz@lucassen.de<\/a><\/p>\n\n\n\n<h2 class=\"wp-block-heading\" id=\"Rechtsgrundlage\">Umfang, Zweck und Rechtsgrundlage der Datenverarbeitung<\/h2>\n\n\n\n<p>Zum Zweck der Anbahnung und Durchf\u00fchrung des Mietvertrages erhebt der Vermieter folgende Daten des Mieters:<\/p>\n\n\n\n<ul class=\"wp-block-list\">\n<li>Anrede, Vorname, Nachname, Geburtsdatum und -ort, Anschrift<\/li>\n\n\n\n<li>E-Mail-Adresse und Telefonnummer<\/li>\n\n\n\n<li>Personalausweis- \/Passnummer<\/li>\n\n\n\n<li>Anzahl und Name der im Haushalt lebenden Personen<\/li>\n\n\n\n<li>H\u00f6he der Miete und Betriebskostenvorauszahlungen<\/li>\n\n\n\n<li>Verbrauchsdaten und Betriebskosten gem\u00e4\u00df BetrKV und HeizKV<\/li>\n\n\n\n<li>Daten \u00fcber den Eingang von Zahlungen<\/li>\n\n\n\n<li>Korrespondenz w\u00e4hrend des Mietverh\u00e4ltnisses<\/li>\n<\/ul>\n\n\n\n<p>Die Datenverarbeitung ist nach Art. 6 | 1 Buchstaben b und f DSGVO f\u00fcr die beidseitige Erf\u00fcllung von Verpflichtungen aus dem Mietverh\u00e4ltnis bzw. zur Wahrung der berechtigten Interessen des Vermieters erforderlich.<\/p>\n\n\n\n<p>Die personenbezogenen Daten des Mieters werden regelm\u00e4\u00dfig bis zum Ablauf der gesetzlichen Verj\u00e4hrungsfrist gespeichert und mit Ablauf der Frist gel\u00f6scht. Sofern der Vermieter nach Artikel 6 Absatz 1 S. 1 Buchstabe c DSGVO aufgrund von Steuer- und handelsrechtlichen Aufbewahrungs- und Dokumentationspflichten zu einer l\u00e4ngeren Speicherung verpflichtet ist oder der Mieter in eine dar\u00fcber hinaus gehende Speicherung nach Artikel 6 I 1 Buchstabe a DSGVO eingewilligt hat, sind diese Fristen ma\u00dfgeblich.<\/p>\n\n\n\n<h2 class=\"wp-block-heading\" id=\"WeitergabeDatenDritte\">Weitergabe von Daten an Dritte<\/h2>\n\n\n\n<p>Der Vermieter gibt die personenbezogenen Daten des Mieters grunds\u00e4tzlich nicht an Dritte weiter, es sei denn, dies ist f\u00fcr die Durchf\u00fchrung des Mietverh\u00e4ltnisses erforderlich. Erforderlich ist die Weitergabe an Dritte in folgenden F\u00e4llen:<\/p>\n\n\n\n<ul class=\"wp-block-list\">\n<li>Erstellung der Betriebskostenabrechnung (Haus &amp;Grund \/Abrechnungsunternehmen)<\/li>\n\n\n\n<li>Erstellung der Heizkostenabrechnung (Abrechnungsunternehmen)<\/li>\n\n\n\n<li>Instandsetzung und Instandhaltung der Mietsache (Handwerker \/Versicherer \/ Sachverst\u00e4ndige)<\/li>\n\n\n\n<li>Erstellung eines Energieausweises (Energieberater \/Versorgungsunternehmen)<\/li>\n\n\n\n<li>bei Eigentumswohnungen (WEG-Verwalter)<\/li>\n\n\n\n<li>bei externer Hausverwaltung des Mietobjekts (Mietverwalter)<\/li>\n\n\n\n<li>Erstellung von Mietspiegeln (Haus &amp;Grund)<\/li>\n\n\n\n<li>Einsichtnahme in Betriebskostenabrechnungsunterlagen (andere Mieter \/Eigent\u00fcmer)<\/li>\n<\/ul>\n\n\n\n<p>Es werden nur diejenigen Daten weitergegeben, welche erforderlich sind, um den genannten Zweck zu erreichen. Die weitergegebenen Daten d\u00fcrfen von den o.g. Dritten ausschlie\u00dflich zu den genannten Zwecken verwendet werden.<\/p>\n\n\n\n<h2 class=\"wp-block-heading\" id=\"Betroffenenrechte\">Betroffenenrechte<\/h2>\n\n\n\n<p>Der Mieter hat das Recht, eine erteilte Einwilligung zu widerrufen, Auskunft \u00fcber die vom Vermieter verarbeiteten Daten, die Berichtigung seiner gespeicherten Datens\u00e4tze sowie die L\u00f6schung seiner personenbezogenen Daten zu verlangen. Au\u00dferdem steht dem Mieter das Recht auf Einschr\u00e4nkung der Verarbeitung, einer Mitteilung im Zusammenhang mit der Berichtigung oder L\u00f6schung personenbezogener Daten oder der Einschr\u00e4nkung der Verarbeitung sowie das Recht auf Daten\u00fcbertragbarkeit zu. Auch kann sich der Mieter bei einer Aufsichtsbeh\u00f6rde beschweren.<\/p>\n\n\n\n<p>Sofern personenbezogene Daten auf Grundlage von berechtigten Interessen verarbeitet werden, hat der Mieter das Recht, Widerspruch gegen die Verarbeitung seiner personenbezogenen Daten einzulegen, soweit daf\u00fcr Gr\u00fcnde vorliegen, die sich aus seiner besonderen Situation ergeben. Sofern der Mieter von seinem Widerspruchsrecht Gebrauch macht, kann er sich an die oben angegebene Adresse des Verantwortlichen wenden.<\/p>\n\n\n\n<div style=\"height:25px\" aria-hidden=\"true\" class=\"wp-block-spacer\"><\/div>\n\n\n\n<p>_____________<br><em><strong>Anmerkung:<\/strong><br>Aus Gr\u00fcnden der besseren Lesbarkeit wird auf die gleichzeitige Verwendung der Sprachformen m\u00e4nnlich, weiblich und divers (m\/w\/d) verzichtet. S\u00e4mtliche Personenbezeichnungen gelten gleicherma\u00dfen f\u00fcr alle Geschlechter.<\/em><\/p>\n\n\n\n<div style=\"height:50px\" aria-hidden=\"true\" class=\"wp-block-spacer\"><\/div>\n<\/div><\/div>\n","protected":false},"excerpt":{"rendered":"<p>Diese Datenschutzhinweise gelten f\u00fcr die Datenverarbeitung durch den Vermieter: Vermieter: Edeltraud Lucassen, Erich-Klausener-Str. 85, 47802 KrefeldHausverwalter: Markus Lucassen, Rheinstr. 11, 47226 Duisburg, hausverwaltung@lucassen.deDatenschutzbeauftragter: Markus Lucassen, Rheinstr. 11, 47226 Duisburg, datenschutz@lucassen.de Umfang, Zweck und Rechtsgrundlage der [&hellip;]<\/p>\n","protected":false},"author":1,"featured_media":0,"parent":20,"menu_order":303,"comment_status":"closed","ping_status":"closed","template":"","meta":{"_acf_changed":false,"footnotes":"[]"},"class_list":["post-20206814","page","type-page","status-publish","hentry"],"yoast_head":"<!-- This site is optimized with the Yoast SEO plugin v27.3 - https:\/\/yoast.com\/product\/yoast-seo-wordpress\/ -->\n<title>Datenschutzhinweise f\u00fcr Vermietung - Lucassen Hausverwaltung<\/title>\n<meta name=\"robots\" content=\"index, follow, max-snippet:-1, max-image-preview:large, max-video-preview:-1\" \/>\n<link rel=\"canonical\" href=\"https:\/\/lucassen.de\/hausverwaltung\/informationen\/datenschutzhinweise-fuer-vermietung\" \/>\n<meta property=\"og:locale\" content=\"de_DE\" \/>\n<meta property=\"og:type\" content=\"article\" \/>\n<meta property=\"og:title\" content=\"Datenschutzhinweise f\u00fcr Vermietung - Lucassen Hausverwaltung\" \/>\n<meta property=\"og:description\" content=\"Diese Datenschutzhinweise gelten f\u00fcr die Datenverarbeitung durch den Vermieter: Vermieter: Edeltraud Lucassen, Erich-Klausener-Str. 85, 47802 KrefeldHausverwalter: Markus Lucassen, Rheinstr. 11, 47226 Duisburg, hausverwaltung@lucassen.deDatenschutzbeauftragter: Markus Lucassen, Rheinstr. 11, 47226 Duisburg, datenschutz@lucassen.de Umfang, Zweck und Rechtsgrundlage der [&hellip;]\" \/>\n<meta property=\"og:url\" content=\"https:\/\/lucassen.de\/hausverwaltung\/informationen\/datenschutzhinweise-fuer-vermietung\" \/>\n<meta property=\"og:site_name\" content=\"Lucassen Hausverwaltung\" \/>\n<meta property=\"article:modified_time\" content=\"2025-09-17T17:37:27+00:00\" \/>\n<meta property=\"og:image\" content=\"https:\/\/lucassen.de\/hausverwaltung\/wp-content\/uploads\/sites\/3\/DSGVO-scaled.jpg\" \/>\n\t<meta property=\"og:image:width\" content=\"2560\" \/>\n\t<meta property=\"og:image:height\" content=\"1440\" \/>\n\t<meta property=\"og:image:type\" content=\"image\/jpeg\" \/>\n<meta name=\"twitter:card\" content=\"summary_large_image\" \/>\n<meta name=\"twitter:label1\" content=\"Gesch\u00e4tzte Lesezeit\" \/>\n\t<meta name=\"twitter:data1\" content=\"3\u00a0Minuten\" \/>\n<script type=\"application\/ld+json\" class=\"yoast-schema-graph\">{\"@context\":\"https:\\\/\\\/schema.org\",\"@graph\":[{\"@type\":\"WebPage\",\"@id\":\"https:\\\/\\\/lucassen.de\\\/hausverwaltung\\\/informationen\\\/datenschutzhinweise-fuer-vermietung\",\"url\":\"https:\\\/\\\/lucassen.de\\\/hausverwaltung\\\/informationen\\\/datenschutzhinweise-fuer-vermietung\",\"name\":\"Datenschutzhinweise f\u00fcr Vermietung - Lucassen Hausverwaltung\",\"isPartOf\":{\"@id\":\"https:\\\/\\\/lucassen.de\\\/hausverwaltung\\\/#website\"},\"primaryImageOfPage\":{\"@id\":\"https:\\\/\\\/lucassen.de\\\/hausverwaltung\\\/informationen\\\/datenschutzhinweise-fuer-vermietung#primaryimage\"},\"image\":{\"@id\":\"https:\\\/\\\/lucassen.de\\\/hausverwaltung\\\/informationen\\\/datenschutzhinweise-fuer-vermietung#primaryimage\"},\"thumbnailUrl\":\"https:\\\/\\\/lucassen.de\\\/hausverwaltung\\\/wp-content\\\/uploads\\\/sites\\\/3\\\/DSGVO-scaled.jpg\",\"datePublished\":\"2025-08-29T15:57:28+00:00\",\"dateModified\":\"2025-09-17T17:37:27+00:00\",\"breadcrumb\":{\"@id\":\"https:\\\/\\\/lucassen.de\\\/hausverwaltung\\\/informationen\\\/datenschutzhinweise-fuer-vermietung#breadcrumb\"},\"inLanguage\":\"de\",\"potentialAction\":[{\"@type\":\"ReadAction\",\"target\":[\"https:\\\/\\\/lucassen.de\\\/hausverwaltung\\\/informationen\\\/datenschutzhinweise-fuer-vermietung\"]}]},{\"@type\":\"ImageObject\",\"inLanguage\":\"de\",\"@id\":\"https:\\\/\\\/lucassen.de\\\/hausverwaltung\\\/informationen\\\/datenschutzhinweise-fuer-vermietung#primaryimage\",\"url\":\"https:\\\/\\\/lucassen.de\\\/hausverwaltung\\\/wp-content\\\/uploads\\\/sites\\\/3\\\/DSGVO-scaled.jpg\",\"contentUrl\":\"https:\\\/\\\/lucassen.de\\\/hausverwaltung\\\/wp-content\\\/uploads\\\/sites\\\/3\\\/DSGVO-scaled.jpg\",\"width\":2560,\"height\":1440},{\"@type\":\"BreadcrumbList\",\"@id\":\"https:\\\/\\\/lucassen.de\\\/hausverwaltung\\\/informationen\\\/datenschutzhinweise-fuer-vermietung#breadcrumb\",\"itemListElement\":[{\"@type\":\"ListItem\",\"position\":1,\"name\":\"Startseite\",\"item\":\"https:\\\/\\\/lucassen.de\\\/hausverwaltung\\\/\"},{\"@type\":\"ListItem\",\"position\":2,\"name\":\"Informationen\",\"item\":\"https:\\\/\\\/lucassen.de\\\/hausverwaltung\\\/informationen\"},{\"@type\":\"ListItem\",\"position\":3,\"name\":\"Datenschutzhinweise f\u00fcr Vermietung\"}]},{\"@type\":\"WebSite\",\"@id\":\"https:\\\/\\\/lucassen.de\\\/hausverwaltung\\\/#website\",\"url\":\"https:\\\/\\\/lucassen.de\\\/hausverwaltung\\\/\",\"name\":\"Lucassen Hausverwaltung\",\"description\":\"\",\"publisher\":{\"@id\":\"https:\\\/\\\/lucassen.de\\\/hausverwaltung\\\/#organization\"},\"potentialAction\":[{\"@type\":\"SearchAction\",\"target\":{\"@type\":\"EntryPoint\",\"urlTemplate\":\"https:\\\/\\\/lucassen.de\\\/hausverwaltung\\\/?s={search_term_string}\"},\"query-input\":{\"@type\":\"PropertyValueSpecification\",\"valueRequired\":true,\"valueName\":\"search_term_string\"}}],\"inLanguage\":\"de\"},{\"@type\":\"Organization\",\"@id\":\"https:\\\/\\\/lucassen.de\\\/hausverwaltung\\\/#organization\",\"name\":\"Lucassen Hausverwaltung\",\"url\":\"https:\\\/\\\/lucassen.de\\\/hausverwaltung\\\/\",\"logo\":{\"@type\":\"ImageObject\",\"inLanguage\":\"de\",\"@id\":\"https:\\\/\\\/lucassen.de\\\/hausverwaltung\\\/#\\\/schema\\\/logo\\\/image\\\/\",\"url\":\"https:\\\/\\\/lucassen.de\\\/hausverwaltung\\\/wp-content\\\/uploads\\\/sites\\\/3\\\/hausverwaltung_logo_2020.png\",\"contentUrl\":\"https:\\\/\\\/lucassen.de\\\/hausverwaltung\\\/wp-content\\\/uploads\\\/sites\\\/3\\\/hausverwaltung_logo_2020.png\",\"width\":277,\"height\":249,\"caption\":\"Lucassen Hausverwaltung\"},\"image\":{\"@id\":\"https:\\\/\\\/lucassen.de\\\/hausverwaltung\\\/#\\\/schema\\\/logo\\\/image\\\/\"}}]}<\/script>\n<!-- \/ Yoast SEO plugin. -->","yoast_head_json":{"title":"Datenschutzhinweise f\u00fcr Vermietung - Lucassen Hausverwaltung","robots":{"index":"index","follow":"follow","max-snippet":"max-snippet:-1","max-image-preview":"max-image-preview:large","max-video-preview":"max-video-preview:-1"},"canonical":"https:\/\/lucassen.de\/hausverwaltung\/informationen\/datenschutzhinweise-fuer-vermietung","og_locale":"de_DE","og_type":"article","og_title":"Datenschutzhinweise f\u00fcr Vermietung - Lucassen Hausverwaltung","og_description":"Diese Datenschutzhinweise gelten f\u00fcr die Datenverarbeitung durch den Vermieter: Vermieter: Edeltraud Lucassen, Erich-Klausener-Str. 85, 47802 KrefeldHausverwalter: Markus Lucassen, Rheinstr. 11, 47226 Duisburg, hausverwaltung@lucassen.deDatenschutzbeauftragter: Markus Lucassen, Rheinstr. 11, 47226 Duisburg, datenschutz@lucassen.de Umfang, Zweck und Rechtsgrundlage der [&hellip;]","og_url":"https:\/\/lucassen.de\/hausverwaltung\/informationen\/datenschutzhinweise-fuer-vermietung","og_site_name":"Lucassen Hausverwaltung","article_modified_time":"2025-09-17T17:37:27+00:00","og_image":[{"width":2560,"height":1440,"url":"https:\/\/lucassen.de\/hausverwaltung\/wp-content\/uploads\/sites\/3\/DSGVO-scaled.jpg","type":"image\/jpeg"}],"twitter_card":"summary_large_image","twitter_misc":{"Gesch\u00e4tzte Lesezeit":"3\u00a0Minuten"},"schema":{"@context":"https:\/\/schema.org","@graph":[{"@type":"WebPage","@id":"https:\/\/lucassen.de\/hausverwaltung\/informationen\/datenschutzhinweise-fuer-vermietung","url":"https:\/\/lucassen.de\/hausverwaltung\/informationen\/datenschutzhinweise-fuer-vermietung","name":"Datenschutzhinweise f\u00fcr Vermietung - Lucassen Hausverwaltung","isPartOf":{"@id":"https:\/\/lucassen.de\/hausverwaltung\/#website"},"primaryImageOfPage":{"@id":"https:\/\/lucassen.de\/hausverwaltung\/informationen\/datenschutzhinweise-fuer-vermietung#primaryimage"},"image":{"@id":"https:\/\/lucassen.de\/hausverwaltung\/informationen\/datenschutzhinweise-fuer-vermietung#primaryimage"},"thumbnailUrl":"https:\/\/lucassen.de\/hausverwaltung\/wp-content\/uploads\/sites\/3\/DSGVO-scaled.jpg","datePublished":"2025-08-29T15:57:28+00:00","dateModified":"2025-09-17T17:37:27+00:00","breadcrumb":{"@id":"https:\/\/lucassen.de\/hausverwaltung\/informationen\/datenschutzhinweise-fuer-vermietung#breadcrumb"},"inLanguage":"de","potentialAction":[{"@type":"ReadAction","target":["https:\/\/lucassen.de\/hausverwaltung\/informationen\/datenschutzhinweise-fuer-vermietung"]}]},{"@type":"ImageObject","inLanguage":"de","@id":"https:\/\/lucassen.de\/hausverwaltung\/informationen\/datenschutzhinweise-fuer-vermietung#primaryimage","url":"https:\/\/lucassen.de\/hausverwaltung\/wp-content\/uploads\/sites\/3\/DSGVO-scaled.jpg","contentUrl":"https:\/\/lucassen.de\/hausverwaltung\/wp-content\/uploads\/sites\/3\/DSGVO-scaled.jpg","width":2560,"height":1440},{"@type":"BreadcrumbList","@id":"https:\/\/lucassen.de\/hausverwaltung\/informationen\/datenschutzhinweise-fuer-vermietung#breadcrumb","itemListElement":[{"@type":"ListItem","position":1,"name":"Startseite","item":"https:\/\/lucassen.de\/hausverwaltung\/"},{"@type":"ListItem","position":2,"name":"Informationen","item":"https:\/\/lucassen.de\/hausverwaltung\/informationen"},{"@type":"ListItem","position":3,"name":"Datenschutzhinweise f\u00fcr Vermietung"}]},{"@type":"WebSite","@id":"https:\/\/lucassen.de\/hausverwaltung\/#website","url":"https:\/\/lucassen.de\/hausverwaltung\/","name":"Lucassen Hausverwaltung","description":"","publisher":{"@id":"https:\/\/lucassen.de\/hausverwaltung\/#organization"},"potentialAction":[{"@type":"SearchAction","target":{"@type":"EntryPoint","urlTemplate":"https:\/\/lucassen.de\/hausverwaltung\/?s={search_term_string}"},"query-input":{"@type":"PropertyValueSpecification","valueRequired":true,"valueName":"search_term_string"}}],"inLanguage":"de"},{"@type":"Organization","@id":"https:\/\/lucassen.de\/hausverwaltung\/#organization","name":"Lucassen Hausverwaltung","url":"https:\/\/lucassen.de\/hausverwaltung\/","logo":{"@type":"ImageObject","inLanguage":"de","@id":"https:\/\/lucassen.de\/hausverwaltung\/#\/schema\/logo\/image\/","url":"https:\/\/lucassen.de\/hausverwaltung\/wp-content\/uploads\/sites\/3\/hausverwaltung_logo_2020.png","contentUrl":"https:\/\/lucassen.de\/hausverwaltung\/wp-content\/uploads\/sites\/3\/hausverwaltung_logo_2020.png","width":277,"height":249,"caption":"Lucassen Hausverwaltung"},"image":{"@id":"https:\/\/lucassen.de\/hausverwaltung\/#\/schema\/logo\/image\/"}}]}},"acf":[],"_links":{"self":[{"href":"https:\/\/lucassen.de\/hausverwaltung\/wp-json\/wp\/v2\/pages\/20206814","targetHints":{"allow":["GET"]}}],"collection":[{"href":"https:\/\/lucassen.de\/hausverwaltung\/wp-json\/wp\/v2\/pages"}],"about":[{"href":"https:\/\/lucassen.de\/hausverwaltung\/wp-json\/wp\/v2\/types\/page"}],"author":[{"embeddable":true,"href":"https:\/\/lucassen.de\/hausverwaltung\/wp-json\/wp\/v2\/users\/1"}],"replies":[{"embeddable":true,"href":"https:\/\/lucassen.de\/hausverwaltung\/wp-json\/wp\/v2\/comments?post=20206814"}],"version-history":[{"count":7,"href":"https:\/\/lucassen.de\/hausverwaltung\/wp-json\/wp\/v2\/pages\/20206814\/revisions"}],"predecessor-version":[{"id":20207219,"href":"https:\/\/lucassen.de\/hausverwaltung\/wp-json\/wp\/v2\/pages\/20206814\/revisions\/20207219"}],"up":[{"embeddable":true,"href":"https:\/\/lucassen.de\/hausverwaltung\/wp-json\/wp\/v2\/pages\/20"}],"wp:attachment":[{"href":"https:\/\/lucassen.de\/hausverwaltung\/wp-json\/wp\/v2\/media?parent=20206814"}],"curies":[{"name":"wp","href":"https:\/\/api.w.org\/{rel}","templated":true}]}}