{"id":20206858,"date":"2025-08-31T00:38:09","date_gmt":"2025-08-30T22:38:09","guid":{"rendered":"https:\/\/lucassen.de\/hausverwaltung\/?page_id=20206858"},"modified":"2025-09-01T01:17:24","modified_gmt":"2025-08-31T23:17:24","slug":"casaflow","status":"publish","type":"page","link":"https:\/\/lucassen.de\/hausverwaltung\/casaflow","title":{"rendered":"CasaFlow"},"content":{"rendered":"\n<div class=\"wp-block-cover\" style=\"min-height:40vh;aspect-ratio:unset;\"><img loading=\"lazy\" decoding=\"async\" width=\"1224\" height=\"484\" class=\"wp-block-cover__image-background wp-image-20205476 size-full\" alt=\"\" src=\"https:\/\/lucassen.de\/hausverwaltung\/wp-content\/uploads\/sites\/3\/Doppelgarage.jpg\" data-object-fit=\"cover\" srcset=\"https:\/\/lucassen.de\/hausverwaltung\/wp-content\/uploads\/sites\/3\/Doppelgarage.jpg 1224w, https:\/\/lucassen.de\/hausverwaltung\/wp-content\/uploads\/sites\/3\/Doppelgarage-800x316.jpg 800w, https:\/\/lucassen.de\/hausverwaltung\/wp-content\/uploads\/sites\/3\/Doppelgarage-768x304.jpg 768w\" sizes=\"auto, (max-width: 1224px) 100vw, 1224px\" \/><span aria-hidden=\"true\" class=\"wp-block-cover__background has-background-dim-90 has-background-dim wp-block-cover__gradient-background has-background-gradient\" style=\"background:linear-gradient(140deg,rgb(52,72,94) 0%,rgba(52,72,94,0.89) 51%,rgba(52,72,94,0.41) 100%)\"><\/span><div class=\"wp-block-cover__inner-container is-layout-constrained wp-container-core-cover-is-layout-48c9aa2a wp-block-cover-is-layout-constrained\">\n<div class=\"wp-block-group\"><div class=\"wp-block-group__inner-container is-layout-flow wp-block-group-is-layout-flow\">\n<h1 class=\"wp-block-heading\">CasaFlow &#8211; Immobilienverwaltung as a Service<\/h1>\n\n\n\n<p>Die universelle Software f\u00fcr Ihre professionelle Immobilienverwaltung<\/p>\n<\/div><\/div>\n<\/div><\/div>\n\n\n\n<h2 class=\"wp-block-heading\">Mit CasaFlow digitalisieren Sie alle Prozesse rund um Ihre Immobilienverwaltung<\/h2>\n\n\n\n<figure class=\"wp-block-image size-full\"><img loading=\"lazy\" decoding=\"async\" width=\"1340\" height=\"904\" src=\"https:\/\/lucassen.de\/hausverwaltung\/wp-content\/uploads\/sites\/3\/image-8.png\" alt=\"\" class=\"wp-image-20207002\" srcset=\"https:\/\/lucassen.de\/hausverwaltung\/wp-content\/uploads\/sites\/3\/image-8.png 1340w, https:\/\/lucassen.de\/hausverwaltung\/wp-content\/uploads\/sites\/3\/image-8-800x540.png 800w, https:\/\/lucassen.de\/hausverwaltung\/wp-content\/uploads\/sites\/3\/image-8-768x518.png 768w\" sizes=\"auto, (max-width: 1340px) 100vw, 1340px\" \/><\/figure>\n\n\n\n<p>Eine professionelle Immobilienverwaltung deckt ein sehr breites Spektrum an Prozessen ab \u2013 von der kaufm\u00e4nnischen und technischen Verwaltung bis hin zu rechtlichen und organisatorischen Aufgaben. CasaFlow unterst\u00fctzt Sie dabei bestm\u00f6glich mit einer Vielzahl an implementierten Prozessen, die in der folgenden Tabelle aufgelistet sind:<\/p>\n\n\n\n<figure class=\"wp-block-table is-style-stripes\"><table><thead><tr><th class=\"has-text-align-center\" data-align=\"center\">Nr.<\/th><th class=\"has-text-align-left\" data-align=\"left\">Prozesse<\/th><\/tr><\/thead><tbody><tr><td class=\"has-text-align-center\" data-align=\"center\">1<\/td><td class=\"has-text-align-left\" data-align=\"left\">Immobilienmanagement (privat)<\/td><\/tr><tr><td class=\"has-text-align-center\" data-align=\"center\">2<\/td><td class=\"has-text-align-left\" data-align=\"left\">Immobilienmanagement (gewerblich)<\/td><\/tr><tr><td class=\"has-text-align-center\" data-align=\"center\">3<\/td><td class=\"has-text-align-left\" data-align=\"left\">Betriebs- und Nebenkostenabrechnungen<\/td><\/tr><tr><td class=\"has-text-align-center\" data-align=\"center\">4<\/td><td class=\"has-text-align-left\" data-align=\"left\">Finanzielle Aktivit\u00e4ten Verwalten und \u00dcberwachen<\/td><\/tr><tr><td class=\"has-text-align-center\" data-align=\"center\">5<\/td><td class=\"has-text-align-left\" data-align=\"left\">Digitale prozessgesteuerte Interaktion<\/td><\/tr><tr><td class=\"has-text-align-center\" data-align=\"center\">6<\/td><td class=\"has-text-align-left\" data-align=\"left\">Management und Archivierung von frei erstellbaren und Template-gesteuerten Dokumenten aller Art<\/td><\/tr><\/tbody><\/table><\/figure>\n\n\n\n<p>Eine detaillierte Auflistung alle <a href=\"https:\/\/lucassen.de\/hausverwaltung\/casaflow\/casaflow-funktionen\">Funktionen<\/a>, die sich hinter den Prozessen verbergen, haben wir f\u00fcr Sie auf einer separaten Seite zusammengestellt.<\/p>\n","protected":false},"excerpt":{"rendered":"<p>Mit CasaFlow digitalisieren Sie alle Prozesse rund um Ihre Immobilienverwaltung Eine professionelle Immobilienverwaltung deckt ein sehr breites Spektrum an Prozessen ab \u2013 von der kaufm\u00e4nnischen und technischen Verwaltung bis hin zu rechtlichen und organisatorischen Aufgaben. [&hellip;]<\/p>\n","protected":false},"author":1,"featured_media":0,"parent":0,"menu_order":70,"comment_status":"closed","ping_status":"closed","template":"","meta":{"_acf_changed":false,"footnotes":""},"class_list":["post-20206858","page","type-page","status-publish","hentry"],"yoast_head":"<!-- This site is optimized with the Yoast SEO plugin v27.3 - https:\/\/yoast.com\/product\/yoast-seo-wordpress\/ -->\n<title>CasaFlow - Lucassen Hausverwaltung<\/title>\n<meta name=\"robots\" content=\"index, follow, max-snippet:-1, max-image-preview:large, max-video-preview:-1\" \/>\n<link rel=\"canonical\" href=\"https:\/\/lucassen.de\/hausverwaltung\/casaflow\" \/>\n<meta property=\"og:locale\" content=\"de_DE\" \/>\n<meta property=\"og:type\" content=\"article\" \/>\n<meta property=\"og:title\" content=\"CasaFlow - Lucassen Hausverwaltung\" \/>\n<meta property=\"og:description\" content=\"Mit CasaFlow digitalisieren Sie alle Prozesse rund um Ihre Immobilienverwaltung Eine professionelle Immobilienverwaltung deckt ein sehr breites Spektrum an Prozessen ab \u2013 von der kaufm\u00e4nnischen und technischen Verwaltung bis hin zu rechtlichen und organisatorischen Aufgaben. [&hellip;]\" \/>\n<meta property=\"og:url\" content=\"https:\/\/lucassen.de\/hausverwaltung\/casaflow\" \/>\n<meta property=\"og:site_name\" content=\"Lucassen Hausverwaltung\" \/>\n<meta property=\"article:modified_time\" content=\"2025-08-31T23:17:24+00:00\" \/>\n<meta property=\"og:image\" content=\"https:\/\/lucassen.de\/hausverwaltung\/wp-content\/uploads\/sites\/3\/Doppelgarage.jpg\" \/>\n\t<meta property=\"og:image:width\" content=\"1224\" \/>\n\t<meta property=\"og:image:height\" content=\"484\" \/>\n\t<meta property=\"og:image:type\" content=\"image\/jpeg\" \/>\n<meta name=\"twitter:card\" content=\"summary_large_image\" \/>\n<meta name=\"twitter:label1\" content=\"Gesch\u00e4tzte Lesezeit\" \/>\n\t<meta name=\"twitter:data1\" content=\"2\u00a0Minuten\" \/>\n<script type=\"application\/ld+json\" class=\"yoast-schema-graph\">{\"@context\":\"https:\\\/\\\/schema.org\",\"@graph\":[{\"@type\":\"WebPage\",\"@id\":\"https:\\\/\\\/lucassen.de\\\/hausverwaltung\\\/casaflow\",\"url\":\"https:\\\/\\\/lucassen.de\\\/hausverwaltung\\\/casaflow\",\"name\":\"CasaFlow - Lucassen Hausverwaltung\",\"isPartOf\":{\"@id\":\"https:\\\/\\\/lucassen.de\\\/hausverwaltung\\\/#website\"},\"primaryImageOfPage\":{\"@id\":\"https:\\\/\\\/lucassen.de\\\/hausverwaltung\\\/casaflow#primaryimage\"},\"image\":{\"@id\":\"https:\\\/\\\/lucassen.de\\\/hausverwaltung\\\/casaflow#primaryimage\"},\"thumbnailUrl\":\"https:\\\/\\\/lucassen.de\\\/hausverwaltung\\\/wp-content\\\/uploads\\\/sites\\\/3\\\/Doppelgarage.jpg\",\"datePublished\":\"2025-08-30T22:38:09+00:00\",\"dateModified\":\"2025-08-31T23:17:24+00:00\",\"breadcrumb\":{\"@id\":\"https:\\\/\\\/lucassen.de\\\/hausverwaltung\\\/casaflow#breadcrumb\"},\"inLanguage\":\"de\",\"potentialAction\":[{\"@type\":\"ReadAction\",\"target\":[\"https:\\\/\\\/lucassen.de\\\/hausverwaltung\\\/casaflow\"]}]},{\"@type\":\"ImageObject\",\"inLanguage\":\"de\",\"@id\":\"https:\\\/\\\/lucassen.de\\\/hausverwaltung\\\/casaflow#primaryimage\",\"url\":\"https:\\\/\\\/lucassen.de\\\/hausverwaltung\\\/wp-content\\\/uploads\\\/sites\\\/3\\\/Doppelgarage.jpg\",\"contentUrl\":\"https:\\\/\\\/lucassen.de\\\/hausverwaltung\\\/wp-content\\\/uploads\\\/sites\\\/3\\\/Doppelgarage.jpg\",\"width\":1224,\"height\":484},{\"@type\":\"BreadcrumbList\",\"@id\":\"https:\\\/\\\/lucassen.de\\\/hausverwaltung\\\/casaflow#breadcrumb\",\"itemListElement\":[{\"@type\":\"ListItem\",\"position\":1,\"name\":\"Startseite\",\"item\":\"https:\\\/\\\/lucassen.de\\\/hausverwaltung\\\/\"},{\"@type\":\"ListItem\",\"position\":2,\"name\":\"CasaFlow\"}]},{\"@type\":\"WebSite\",\"@id\":\"https:\\\/\\\/lucassen.de\\\/hausverwaltung\\\/#website\",\"url\":\"https:\\\/\\\/lucassen.de\\\/hausverwaltung\\\/\",\"name\":\"Lucassen Hausverwaltung\",\"description\":\"\",\"publisher\":{\"@id\":\"https:\\\/\\\/lucassen.de\\\/hausverwaltung\\\/#organization\"},\"potentialAction\":[{\"@type\":\"SearchAction\",\"target\":{\"@type\":\"EntryPoint\",\"urlTemplate\":\"https:\\\/\\\/lucassen.de\\\/hausverwaltung\\\/?s={search_term_string}\"},\"query-input\":{\"@type\":\"PropertyValueSpecification\",\"valueRequired\":true,\"valueName\":\"search_term_string\"}}],\"inLanguage\":\"de\"},{\"@type\":\"Organization\",\"@id\":\"https:\\\/\\\/lucassen.de\\\/hausverwaltung\\\/#organization\",\"name\":\"Lucassen Hausverwaltung\",\"url\":\"https:\\\/\\\/lucassen.de\\\/hausverwaltung\\\/\",\"logo\":{\"@type\":\"ImageObject\",\"inLanguage\":\"de\",\"@id\":\"https:\\\/\\\/lucassen.de\\\/hausverwaltung\\\/#\\\/schema\\\/logo\\\/image\\\/\",\"url\":\"https:\\\/\\\/lucassen.de\\\/hausverwaltung\\\/wp-content\\\/uploads\\\/sites\\\/3\\\/hausverwaltung_logo_2020.png\",\"contentUrl\":\"https:\\\/\\\/lucassen.de\\\/hausverwaltung\\\/wp-content\\\/uploads\\\/sites\\\/3\\\/hausverwaltung_logo_2020.png\",\"width\":277,\"height\":249,\"caption\":\"Lucassen Hausverwaltung\"},\"image\":{\"@id\":\"https:\\\/\\\/lucassen.de\\\/hausverwaltung\\\/#\\\/schema\\\/logo\\\/image\\\/\"}}]}<\/script>\n<!-- \/ Yoast SEO plugin. -->","yoast_head_json":{"title":"CasaFlow - Lucassen Hausverwaltung","robots":{"index":"index","follow":"follow","max-snippet":"max-snippet:-1","max-image-preview":"max-image-preview:large","max-video-preview":"max-video-preview:-1"},"canonical":"https:\/\/lucassen.de\/hausverwaltung\/casaflow","og_locale":"de_DE","og_type":"article","og_title":"CasaFlow - Lucassen Hausverwaltung","og_description":"Mit CasaFlow digitalisieren Sie alle Prozesse rund um Ihre Immobilienverwaltung Eine professionelle Immobilienverwaltung deckt ein sehr breites Spektrum an Prozessen ab \u2013 von der kaufm\u00e4nnischen und technischen Verwaltung bis hin zu rechtlichen und organisatorischen Aufgaben. [&hellip;]","og_url":"https:\/\/lucassen.de\/hausverwaltung\/casaflow","og_site_name":"Lucassen Hausverwaltung","article_modified_time":"2025-08-31T23:17:24+00:00","og_image":[{"width":1224,"height":484,"url":"https:\/\/lucassen.de\/hausverwaltung\/wp-content\/uploads\/sites\/3\/Doppelgarage.jpg","type":"image\/jpeg"}],"twitter_card":"summary_large_image","twitter_misc":{"Gesch\u00e4tzte Lesezeit":"2\u00a0Minuten"},"schema":{"@context":"https:\/\/schema.org","@graph":[{"@type":"WebPage","@id":"https:\/\/lucassen.de\/hausverwaltung\/casaflow","url":"https:\/\/lucassen.de\/hausverwaltung\/casaflow","name":"CasaFlow - Lucassen Hausverwaltung","isPartOf":{"@id":"https:\/\/lucassen.de\/hausverwaltung\/#website"},"primaryImageOfPage":{"@id":"https:\/\/lucassen.de\/hausverwaltung\/casaflow#primaryimage"},"image":{"@id":"https:\/\/lucassen.de\/hausverwaltung\/casaflow#primaryimage"},"thumbnailUrl":"https:\/\/lucassen.de\/hausverwaltung\/wp-content\/uploads\/sites\/3\/Doppelgarage.jpg","datePublished":"2025-08-30T22:38:09+00:00","dateModified":"2025-08-31T23:17:24+00:00","breadcrumb":{"@id":"https:\/\/lucassen.de\/hausverwaltung\/casaflow#breadcrumb"},"inLanguage":"de","potentialAction":[{"@type":"ReadAction","target":["https:\/\/lucassen.de\/hausverwaltung\/casaflow"]}]},{"@type":"ImageObject","inLanguage":"de","@id":"https:\/\/lucassen.de\/hausverwaltung\/casaflow#primaryimage","url":"https:\/\/lucassen.de\/hausverwaltung\/wp-content\/uploads\/sites\/3\/Doppelgarage.jpg","contentUrl":"https:\/\/lucassen.de\/hausverwaltung\/wp-content\/uploads\/sites\/3\/Doppelgarage.jpg","width":1224,"height":484},{"@type":"BreadcrumbList","@id":"https:\/\/lucassen.de\/hausverwaltung\/casaflow#breadcrumb","itemListElement":[{"@type":"ListItem","position":1,"name":"Startseite","item":"https:\/\/lucassen.de\/hausverwaltung\/"},{"@type":"ListItem","position":2,"name":"CasaFlow"}]},{"@type":"WebSite","@id":"https:\/\/lucassen.de\/hausverwaltung\/#website","url":"https:\/\/lucassen.de\/hausverwaltung\/","name":"Lucassen Hausverwaltung","description":"","publisher":{"@id":"https:\/\/lucassen.de\/hausverwaltung\/#organization"},"potentialAction":[{"@type":"SearchAction","target":{"@type":"EntryPoint","urlTemplate":"https:\/\/lucassen.de\/hausverwaltung\/?s={search_term_string}"},"query-input":{"@type":"PropertyValueSpecification","valueRequired":true,"valueName":"search_term_string"}}],"inLanguage":"de"},{"@type":"Organization","@id":"https:\/\/lucassen.de\/hausverwaltung\/#organization","name":"Lucassen Hausverwaltung","url":"https:\/\/lucassen.de\/hausverwaltung\/","logo":{"@type":"ImageObject","inLanguage":"de","@id":"https:\/\/lucassen.de\/hausverwaltung\/#\/schema\/logo\/image\/","url":"https:\/\/lucassen.de\/hausverwaltung\/wp-content\/uploads\/sites\/3\/hausverwaltung_logo_2020.png","contentUrl":"https:\/\/lucassen.de\/hausverwaltung\/wp-content\/uploads\/sites\/3\/hausverwaltung_logo_2020.png","width":277,"height":249,"caption":"Lucassen Hausverwaltung"},"image":{"@id":"https:\/\/lucassen.de\/hausverwaltung\/#\/schema\/logo\/image\/"}}]}},"acf":[],"_links":{"self":[{"href":"https:\/\/lucassen.de\/hausverwaltung\/wp-json\/wp\/v2\/pages\/20206858","targetHints":{"allow":["GET"]}}],"collection":[{"href":"https:\/\/lucassen.de\/hausverwaltung\/wp-json\/wp\/v2\/pages"}],"about":[{"href":"https:\/\/lucassen.de\/hausverwaltung\/wp-json\/wp\/v2\/types\/page"}],"author":[{"embeddable":true,"href":"https:\/\/lucassen.de\/hausverwaltung\/wp-json\/wp\/v2\/users\/1"}],"replies":[{"embeddable":true,"href":"https:\/\/lucassen.de\/hausverwaltung\/wp-json\/wp\/v2\/comments?post=20206858"}],"version-history":[{"count":30,"href":"https:\/\/lucassen.de\/hausverwaltung\/wp-json\/wp\/v2\/pages\/20206858\/revisions"}],"predecessor-version":[{"id":20207007,"href":"https:\/\/lucassen.de\/hausverwaltung\/wp-json\/wp\/v2\/pages\/20206858\/revisions\/20207007"}],"wp:attachment":[{"href":"https:\/\/lucassen.de\/hausverwaltung\/wp-json\/wp\/v2\/media?parent=20206858"}],"curies":[{"name":"wp","href":"https:\/\/api.w.org\/{rel}","templated":true}]}}