{"id":20206946,"date":"2025-08-31T22:59:12","date_gmt":"2025-08-31T20:59:12","guid":{"rendered":"https:\/\/lucassen.de\/hausverwaltung\/?page_id=20206946"},"modified":"2025-09-01T16:45:10","modified_gmt":"2025-09-01T14:45:10","slug":"casaflow-software-architektur","status":"publish","type":"page","link":"https:\/\/lucassen.de\/hausverwaltung\/casaflow\/casaflow-software-architektur","title":{"rendered":"CasaFlow Software-Architektur"},"content":{"rendered":"\n<div class=\"wp-block-cover\" style=\"min-height:40vh;aspect-ratio:unset;\"><img loading=\"lazy\" decoding=\"async\" width=\"1224\" height=\"484\" class=\"wp-block-cover__image-background wp-image-20205476 size-full\" alt=\"\" src=\"https:\/\/lucassen.de\/hausverwaltung\/wp-content\/uploads\/sites\/3\/Doppelgarage.jpg\" data-object-fit=\"cover\" srcset=\"https:\/\/lucassen.de\/hausverwaltung\/wp-content\/uploads\/sites\/3\/Doppelgarage.jpg 1224w, https:\/\/lucassen.de\/hausverwaltung\/wp-content\/uploads\/sites\/3\/Doppelgarage-800x316.jpg 800w, https:\/\/lucassen.de\/hausverwaltung\/wp-content\/uploads\/sites\/3\/Doppelgarage-768x304.jpg 768w\" sizes=\"auto, (max-width: 1224px) 100vw, 1224px\" \/><span aria-hidden=\"true\" class=\"wp-block-cover__background has-background-dim-90 has-background-dim wp-block-cover__gradient-background has-background-gradient\" style=\"background:linear-gradient(140deg,rgb(52,72,94) 0%,rgba(52,72,94,0.89) 51%,rgba(52,72,94,0.41) 100%)\"><\/span><div class=\"wp-block-cover__inner-container is-layout-constrained wp-container-core-cover-is-layout-48c9aa2a wp-block-cover-is-layout-constrained\">\n<div class=\"wp-block-group\"><div class=\"wp-block-group__inner-container is-layout-flow wp-block-group-is-layout-flow\">\n<h1 class=\"wp-block-heading\">CasaFlow Software-Architektur<\/h1>\n\n\n\n<p><\/p>\n<\/div><\/div>\n<\/div><\/div>\n\n\n\n<h2 class=\"wp-block-heading\">Software-Architektur im Detail<\/h2>\n\n\n\n<p>Die CasaFlow-Architektur ist modular aufgebaut und basiert auf dem klassischen LAMP-Stack (Linux, Apache\/Nginx, MySQL\/MariaDB, PHP), der mittels WordPress zur Verf\u00fcgung gestellt wurde.<\/p>\n\n\n\n<figure class=\"wp-block-image size-full\"><img loading=\"lazy\" decoding=\"async\" width=\"1330\" height=\"902\" src=\"https:\/\/lucassen.de\/hausverwaltung\/wp-content\/uploads\/sites\/3\/image-1.png\" alt=\"\" class=\"wp-image-20206949\" srcset=\"https:\/\/lucassen.de\/hausverwaltung\/wp-content\/uploads\/sites\/3\/image-1.png 1330w, https:\/\/lucassen.de\/hausverwaltung\/wp-content\/uploads\/sites\/3\/image-1-800x543.png 800w, https:\/\/lucassen.de\/hausverwaltung\/wp-content\/uploads\/sites\/3\/image-1-768x521.png 768w\" sizes=\"auto, (max-width: 1330px) 100vw, 1330px\" \/><\/figure>\n\n\n\n<p>Die Architektur l\u00e4sst sich in mehrere Schichten und Komponenten gliedern:<\/p>\n\n\n\n<h3 class=\"wp-block-heading\">1.\u00a0Server- und Infrastruktur-Ebene<\/h3>\n\n\n\n<ul class=\"wp-block-list\">\n<li><strong>Webserver<\/strong>: Apache, der HTTP-Anfragen verarbeitet<\/li>\n\n\n\n<li><strong>PHP<\/strong>: Die Skriptsprache, in der CasaFlow geschrieben ist<\/li>\n\n\n\n<li><strong>Datenbank<\/strong>: MySQL\/MariaDB f\u00fcr Inhalte, Benutzer, Einstellungen, Metadaten<\/li>\n\n\n\n<li><strong>Dateisystem<\/strong>: Speichert Core-Dateien, Themes, Plugins, Medienuploads<\/li>\n<\/ul>\n\n\n\n<h3 class=\"wp-block-heading\">2.\u00a0CasaFlow Core<\/h3>\n\n\n\n<p>Der Kern von CasaFlow und das drunterliegende WordPress ist in PHP geschrieben und besteht aus mehreren Modulen:<\/p>\n\n\n\n<ul class=\"wp-block-list\">\n<li><strong>Initialisierung (Bootstrap)<\/strong>: L\u00e4dt Konfigurationsdateien, stellt Verbindung zur Datenbank her, l\u00e4dt Plugins und Themes<\/li>\n\n\n\n<li><strong>Query-System<\/strong>: Generiert SQL-Abfragen, um Inhalte aus der Datenbank zu laden (Posts, Seiten, Kategorien, Objekte, Mieter, usw.)<\/li>\n\n\n\n<li><strong>Template-System<\/strong>: K\u00fcmmert sich um die Darstellung von Inhalten anhand des aktiven Themes<\/li>\n\n\n\n<li><strong>Hook-System (Actions &amp; Filters)<\/strong>: Kernmechanismus, \u00fcber den Plugins und Themes Funktionalit\u00e4t einh\u00e4ngen oder ver\u00e4ndern k\u00f6nnen<\/li>\n\n\n\n<li><strong>REST API<\/strong>: Bietet Schnittstellen f\u00fcr externe Anwendungen (z. B. Headless CMS oder mobile Apps)<\/li>\n\n\n\n<li><strong>Benutzer- und Rechtemanagement<\/strong>: Rollen, F\u00e4higkeiten und Authentifizierung<\/li>\n<\/ul>\n\n\n\n<h3 class=\"wp-block-heading\">3.\u00a0CasaFlow Theme<\/h3>\n\n\n\n<ul class=\"wp-block-list\">\n<li>Definieren die Darstellung (Layout, CSS, HTML, Templates)<\/li>\n\n\n\n<li>Enthalten Template-Dateien<\/li>\n\n\n\n<li>K\u00f6nnen Hooks und eigene Funktionen nutzen<\/li>\n<\/ul>\n\n\n\n<h3 class=\"wp-block-heading\">4.\u00a0CasaFlow Plugins<\/h3>\n\n\n\n<ul class=\"wp-block-list\">\n<li>Erweitern die Funktionalit\u00e4t ohne den WordPress Core zu ver\u00e4ndern<\/li>\n\n\n\n<li>Nutzen Hooks (Actions &amp; Filters), um in den Ablauf von WordPress einzugreifen<\/li>\n\n\n\n<li>Enthalten Features (z. B. Kontaktformular, Kalkulationsmodelle) oder komplexe Systeme (Betriebskostenabrechnung, Buchungsimport, Rechnungsverwaltung) bereitstellen<\/li>\n<\/ul>\n\n\n\n<h3 class=\"wp-block-heading\">5.\u00a0Datenbankstruktur<\/h3>\n\n\n\n<p>Die zentralen WordPress Tabellen werden um CasaFlow spezifische Tabellen und Views erweitert:<\/p>\n\n\n\n<ul class=\"wp-block-list\">\n<li>belege<\/li>\n\n\n\n<li>staedte<\/li>\n\n\n\n<li>zaehlerstaende<\/li>\n\n\n\n<li>zahlungen<\/li>\n<\/ul>\n\n\n\n<h3 class=\"wp-block-heading\">6.\u00a0Anfragefluss (Request Lifecycle)<\/h3>\n\n\n\n<ol start=\"1\" class=\"wp-block-list\">\n<li>Nutzer ruft URL im Browser auf<\/li>\n\n\n\n<li>Webserver leitet Anfrage an index.php im CasaFlow-Root.<\/li>\n\n\n\n<li>WordPress l\u00e4dt Core, Plugins und CasaFlow Theme<\/li>\n\n\n\n<li>WP_Query bestimmt anhand der URL, welche Inhalte geladen werden sollen<\/li>\n\n\n\n<li>Das CasaFlow Theme-Template rendert die Inhalte<\/li>\n\n\n\n<li>Ausgabe als HTML an den Browser<\/li>\n<\/ol>\n\n\n\n<h3 class=\"wp-block-heading\"><strong>7.\u00a0Erweiterbarkeit<\/strong><\/h3>\n\n\n\n<ul class=\"wp-block-list\">\n<li><strong>Hooks (Actions &amp; Filters)<\/strong>: Schnittstellen f\u00fcr Entwickler<\/li>\n\n\n\n<li><strong>Shortcodes<\/strong>: Platzhalter in Inhalten (Korrespondenz, E-Mails), die dynamisch ersetzt werden<\/li>\n\n\n\n<li><strong>Custom Post Types &amp; Taxonomies<\/strong>: Eigene Inhaltstypen (Immobilien, Grundst\u00fccke, &#8230;) und Strukturen<\/li>\n\n\n\n<li><strong>REST API \/ XML-RPC<\/strong>: Externe Anbindungen an z.B. Google Kalender<\/li>\n<\/ul>\n\n\n\n<div style=\"height:50px\" aria-hidden=\"true\" class=\"wp-block-spacer\"><\/div>\n\n\n\n<h2 class=\"wp-block-heading\">Software-Architektur als 4-Schichten Modell<\/h2>\n\n\n\n<figure class=\"wp-block-image size-full\"><img loading=\"lazy\" decoding=\"async\" width=\"1330\" height=\"902\" src=\"https:\/\/lucassen.de\/hausverwaltung\/wp-content\/uploads\/sites\/3\/image-5.png\" alt=\"\" class=\"wp-image-20206951\" srcset=\"https:\/\/lucassen.de\/hausverwaltung\/wp-content\/uploads\/sites\/3\/image-5.png 1330w, https:\/\/lucassen.de\/hausverwaltung\/wp-content\/uploads\/sites\/3\/image-5-800x543.png 800w, https:\/\/lucassen.de\/hausverwaltung\/wp-content\/uploads\/sites\/3\/image-5-768x521.png 768w\" sizes=\"auto, (max-width: 1330px) 100vw, 1330px\" \/><\/figure>\n\n\n\n<div style=\"height:50px\" aria-hidden=\"true\" class=\"wp-block-spacer\"><\/div>\n\n\n\n<h2 class=\"wp-block-heading\">\ud83d\udc49 Zusammengefasst<\/h2>\n\n\n\n<p>CasaFlow und WordPress sind <strong>modular<\/strong> (Core, Themes, Plugins), <strong>datenbankgetrieben<\/strong> (MySQL\/MariaDB), basiert auf <strong>PHP<\/strong> und nutzen ein flexibles <strong>Hook-System<\/strong>, das es erm\u00f6glicht, die Kernlogik anzupassen, ohne den WordPress Core-Code zu \u00e4ndern.<\/p>\n","protected":false},"excerpt":{"rendered":"<p>Software-Architektur im Detail Die CasaFlow-Architektur ist modular aufgebaut und basiert auf dem klassischen LAMP-Stack (Linux, Apache\/Nginx, MySQL\/MariaDB, PHP), der mittels WordPress zur Verf\u00fcgung gestellt wurde. Die Architektur l\u00e4sst sich in mehrere Schichten und Komponenten gliedern: [&hellip;]<\/p>\n","protected":false},"author":1,"featured_media":0,"parent":20206858,"menu_order":75,"comment_status":"closed","ping_status":"closed","template":"","meta":{"_acf_changed":false,"footnotes":""},"class_list":["post-20206946","page","type-page","status-publish","hentry"],"yoast_head":"<!-- This site is optimized with the Yoast SEO plugin v27.3 - https:\/\/yoast.com\/product\/yoast-seo-wordpress\/ -->\n<title>CasaFlow Software-Architektur - Lucassen Hausverwaltung<\/title>\n<meta name=\"robots\" content=\"index, follow, max-snippet:-1, max-image-preview:large, max-video-preview:-1\" \/>\n<link rel=\"canonical\" href=\"https:\/\/lucassen.de\/hausverwaltung\/casaflow\/casaflow-software-architektur\" \/>\n<meta property=\"og:locale\" content=\"de_DE\" \/>\n<meta property=\"og:type\" content=\"article\" \/>\n<meta property=\"og:title\" content=\"CasaFlow Software-Architektur - Lucassen Hausverwaltung\" \/>\n<meta property=\"og:description\" content=\"Software-Architektur im Detail Die CasaFlow-Architektur ist modular aufgebaut und basiert auf dem klassischen LAMP-Stack (Linux, Apache\/Nginx, MySQL\/MariaDB, PHP), der mittels WordPress zur Verf\u00fcgung gestellt wurde. Die Architektur l\u00e4sst sich in mehrere Schichten und Komponenten gliedern: [&hellip;]\" \/>\n<meta property=\"og:url\" content=\"https:\/\/lucassen.de\/hausverwaltung\/casaflow\/casaflow-software-architektur\" \/>\n<meta property=\"og:site_name\" content=\"Lucassen Hausverwaltung\" \/>\n<meta property=\"article:modified_time\" content=\"2025-09-01T14:45:10+00:00\" \/>\n<meta property=\"og:image\" content=\"https:\/\/lucassen.de\/hausverwaltung\/wp-content\/uploads\/sites\/3\/Doppelgarage.jpg\" \/>\n\t<meta property=\"og:image:width\" content=\"1224\" \/>\n\t<meta property=\"og:image:height\" content=\"484\" \/>\n\t<meta property=\"og:image:type\" content=\"image\/jpeg\" \/>\n<meta name=\"twitter:card\" content=\"summary_large_image\" \/>\n<meta name=\"twitter:label1\" content=\"Gesch\u00e4tzte Lesezeit\" \/>\n\t<meta name=\"twitter:data1\" content=\"3\u00a0Minuten\" \/>\n<script type=\"application\/ld+json\" class=\"yoast-schema-graph\">{\"@context\":\"https:\\\/\\\/schema.org\",\"@graph\":[{\"@type\":\"WebPage\",\"@id\":\"https:\\\/\\\/lucassen.de\\\/hausverwaltung\\\/casaflow\\\/casaflow-software-architektur\",\"url\":\"https:\\\/\\\/lucassen.de\\\/hausverwaltung\\\/casaflow\\\/casaflow-software-architektur\",\"name\":\"CasaFlow Software-Architektur - Lucassen Hausverwaltung\",\"isPartOf\":{\"@id\":\"https:\\\/\\\/lucassen.de\\\/hausverwaltung\\\/#website\"},\"primaryImageOfPage\":{\"@id\":\"https:\\\/\\\/lucassen.de\\\/hausverwaltung\\\/casaflow\\\/casaflow-software-architektur#primaryimage\"},\"image\":{\"@id\":\"https:\\\/\\\/lucassen.de\\\/hausverwaltung\\\/casaflow\\\/casaflow-software-architektur#primaryimage\"},\"thumbnailUrl\":\"https:\\\/\\\/lucassen.de\\\/hausverwaltung\\\/wp-content\\\/uploads\\\/sites\\\/3\\\/Doppelgarage.jpg\",\"datePublished\":\"2025-08-31T20:59:12+00:00\",\"dateModified\":\"2025-09-01T14:45:10+00:00\",\"breadcrumb\":{\"@id\":\"https:\\\/\\\/lucassen.de\\\/hausverwaltung\\\/casaflow\\\/casaflow-software-architektur#breadcrumb\"},\"inLanguage\":\"de\",\"potentialAction\":[{\"@type\":\"ReadAction\",\"target\":[\"https:\\\/\\\/lucassen.de\\\/hausverwaltung\\\/casaflow\\\/casaflow-software-architektur\"]}]},{\"@type\":\"ImageObject\",\"inLanguage\":\"de\",\"@id\":\"https:\\\/\\\/lucassen.de\\\/hausverwaltung\\\/casaflow\\\/casaflow-software-architektur#primaryimage\",\"url\":\"https:\\\/\\\/lucassen.de\\\/hausverwaltung\\\/wp-content\\\/uploads\\\/sites\\\/3\\\/Doppelgarage.jpg\",\"contentUrl\":\"https:\\\/\\\/lucassen.de\\\/hausverwaltung\\\/wp-content\\\/uploads\\\/sites\\\/3\\\/Doppelgarage.jpg\",\"width\":1224,\"height\":484},{\"@type\":\"BreadcrumbList\",\"@id\":\"https:\\\/\\\/lucassen.de\\\/hausverwaltung\\\/casaflow\\\/casaflow-software-architektur#breadcrumb\",\"itemListElement\":[{\"@type\":\"ListItem\",\"position\":1,\"name\":\"Startseite\",\"item\":\"https:\\\/\\\/lucassen.de\\\/hausverwaltung\\\/\"},{\"@type\":\"ListItem\",\"position\":2,\"name\":\"CasaFlow\",\"item\":\"https:\\\/\\\/lucassen.de\\\/hausverwaltung\\\/casaflow\"},{\"@type\":\"ListItem\",\"position\":3,\"name\":\"CasaFlow Software-Architektur\"}]},{\"@type\":\"WebSite\",\"@id\":\"https:\\\/\\\/lucassen.de\\\/hausverwaltung\\\/#website\",\"url\":\"https:\\\/\\\/lucassen.de\\\/hausverwaltung\\\/\",\"name\":\"Lucassen Hausverwaltung\",\"description\":\"\",\"publisher\":{\"@id\":\"https:\\\/\\\/lucassen.de\\\/hausverwaltung\\\/#organization\"},\"potentialAction\":[{\"@type\":\"SearchAction\",\"target\":{\"@type\":\"EntryPoint\",\"urlTemplate\":\"https:\\\/\\\/lucassen.de\\\/hausverwaltung\\\/?s={search_term_string}\"},\"query-input\":{\"@type\":\"PropertyValueSpecification\",\"valueRequired\":true,\"valueName\":\"search_term_string\"}}],\"inLanguage\":\"de\"},{\"@type\":\"Organization\",\"@id\":\"https:\\\/\\\/lucassen.de\\\/hausverwaltung\\\/#organization\",\"name\":\"Lucassen Hausverwaltung\",\"url\":\"https:\\\/\\\/lucassen.de\\\/hausverwaltung\\\/\",\"logo\":{\"@type\":\"ImageObject\",\"inLanguage\":\"de\",\"@id\":\"https:\\\/\\\/lucassen.de\\\/hausverwaltung\\\/#\\\/schema\\\/logo\\\/image\\\/\",\"url\":\"https:\\\/\\\/lucassen.de\\\/hausverwaltung\\\/wp-content\\\/uploads\\\/sites\\\/3\\\/hausverwaltung_logo_2020.png\",\"contentUrl\":\"https:\\\/\\\/lucassen.de\\\/hausverwaltung\\\/wp-content\\\/uploads\\\/sites\\\/3\\\/hausverwaltung_logo_2020.png\",\"width\":277,\"height\":249,\"caption\":\"Lucassen Hausverwaltung\"},\"image\":{\"@id\":\"https:\\\/\\\/lucassen.de\\\/hausverwaltung\\\/#\\\/schema\\\/logo\\\/image\\\/\"}}]}<\/script>\n<!-- \/ Yoast SEO plugin. -->","yoast_head_json":{"title":"CasaFlow Software-Architektur - Lucassen Hausverwaltung","robots":{"index":"index","follow":"follow","max-snippet":"max-snippet:-1","max-image-preview":"max-image-preview:large","max-video-preview":"max-video-preview:-1"},"canonical":"https:\/\/lucassen.de\/hausverwaltung\/casaflow\/casaflow-software-architektur","og_locale":"de_DE","og_type":"article","og_title":"CasaFlow Software-Architektur - Lucassen Hausverwaltung","og_description":"Software-Architektur im Detail Die CasaFlow-Architektur ist modular aufgebaut und basiert auf dem klassischen LAMP-Stack (Linux, Apache\/Nginx, MySQL\/MariaDB, PHP), der mittels WordPress zur Verf\u00fcgung gestellt wurde. Die Architektur l\u00e4sst sich in mehrere Schichten und Komponenten gliedern: [&hellip;]","og_url":"https:\/\/lucassen.de\/hausverwaltung\/casaflow\/casaflow-software-architektur","og_site_name":"Lucassen Hausverwaltung","article_modified_time":"2025-09-01T14:45:10+00:00","og_image":[{"width":1224,"height":484,"url":"https:\/\/lucassen.de\/hausverwaltung\/wp-content\/uploads\/sites\/3\/Doppelgarage.jpg","type":"image\/jpeg"}],"twitter_card":"summary_large_image","twitter_misc":{"Gesch\u00e4tzte Lesezeit":"3\u00a0Minuten"},"schema":{"@context":"https:\/\/schema.org","@graph":[{"@type":"WebPage","@id":"https:\/\/lucassen.de\/hausverwaltung\/casaflow\/casaflow-software-architektur","url":"https:\/\/lucassen.de\/hausverwaltung\/casaflow\/casaflow-software-architektur","name":"CasaFlow Software-Architektur - Lucassen Hausverwaltung","isPartOf":{"@id":"https:\/\/lucassen.de\/hausverwaltung\/#website"},"primaryImageOfPage":{"@id":"https:\/\/lucassen.de\/hausverwaltung\/casaflow\/casaflow-software-architektur#primaryimage"},"image":{"@id":"https:\/\/lucassen.de\/hausverwaltung\/casaflow\/casaflow-software-architektur#primaryimage"},"thumbnailUrl":"https:\/\/lucassen.de\/hausverwaltung\/wp-content\/uploads\/sites\/3\/Doppelgarage.jpg","datePublished":"2025-08-31T20:59:12+00:00","dateModified":"2025-09-01T14:45:10+00:00","breadcrumb":{"@id":"https:\/\/lucassen.de\/hausverwaltung\/casaflow\/casaflow-software-architektur#breadcrumb"},"inLanguage":"de","potentialAction":[{"@type":"ReadAction","target":["https:\/\/lucassen.de\/hausverwaltung\/casaflow\/casaflow-software-architektur"]}]},{"@type":"ImageObject","inLanguage":"de","@id":"https:\/\/lucassen.de\/hausverwaltung\/casaflow\/casaflow-software-architektur#primaryimage","url":"https:\/\/lucassen.de\/hausverwaltung\/wp-content\/uploads\/sites\/3\/Doppelgarage.jpg","contentUrl":"https:\/\/lucassen.de\/hausverwaltung\/wp-content\/uploads\/sites\/3\/Doppelgarage.jpg","width":1224,"height":484},{"@type":"BreadcrumbList","@id":"https:\/\/lucassen.de\/hausverwaltung\/casaflow\/casaflow-software-architektur#breadcrumb","itemListElement":[{"@type":"ListItem","position":1,"name":"Startseite","item":"https:\/\/lucassen.de\/hausverwaltung\/"},{"@type":"ListItem","position":2,"name":"CasaFlow","item":"https:\/\/lucassen.de\/hausverwaltung\/casaflow"},{"@type":"ListItem","position":3,"name":"CasaFlow Software-Architektur"}]},{"@type":"WebSite","@id":"https:\/\/lucassen.de\/hausverwaltung\/#website","url":"https:\/\/lucassen.de\/hausverwaltung\/","name":"Lucassen Hausverwaltung","description":"","publisher":{"@id":"https:\/\/lucassen.de\/hausverwaltung\/#organization"},"potentialAction":[{"@type":"SearchAction","target":{"@type":"EntryPoint","urlTemplate":"https:\/\/lucassen.de\/hausverwaltung\/?s={search_term_string}"},"query-input":{"@type":"PropertyValueSpecification","valueRequired":true,"valueName":"search_term_string"}}],"inLanguage":"de"},{"@type":"Organization","@id":"https:\/\/lucassen.de\/hausverwaltung\/#organization","name":"Lucassen Hausverwaltung","url":"https:\/\/lucassen.de\/hausverwaltung\/","logo":{"@type":"ImageObject","inLanguage":"de","@id":"https:\/\/lucassen.de\/hausverwaltung\/#\/schema\/logo\/image\/","url":"https:\/\/lucassen.de\/hausverwaltung\/wp-content\/uploads\/sites\/3\/hausverwaltung_logo_2020.png","contentUrl":"https:\/\/lucassen.de\/hausverwaltung\/wp-content\/uploads\/sites\/3\/hausverwaltung_logo_2020.png","width":277,"height":249,"caption":"Lucassen Hausverwaltung"},"image":{"@id":"https:\/\/lucassen.de\/hausverwaltung\/#\/schema\/logo\/image\/"}}]}},"acf":[],"_links":{"self":[{"href":"https:\/\/lucassen.de\/hausverwaltung\/wp-json\/wp\/v2\/pages\/20206946","targetHints":{"allow":["GET"]}}],"collection":[{"href":"https:\/\/lucassen.de\/hausverwaltung\/wp-json\/wp\/v2\/pages"}],"about":[{"href":"https:\/\/lucassen.de\/hausverwaltung\/wp-json\/wp\/v2\/types\/page"}],"author":[{"embeddable":true,"href":"https:\/\/lucassen.de\/hausverwaltung\/wp-json\/wp\/v2\/users\/1"}],"replies":[{"embeddable":true,"href":"https:\/\/lucassen.de\/hausverwaltung\/wp-json\/wp\/v2\/comments?post=20206946"}],"version-history":[{"count":15,"href":"https:\/\/lucassen.de\/hausverwaltung\/wp-json\/wp\/v2\/pages\/20206946\/revisions"}],"predecessor-version":[{"id":20207018,"href":"https:\/\/lucassen.de\/hausverwaltung\/wp-json\/wp\/v2\/pages\/20206946\/revisions\/20207018"}],"up":[{"embeddable":true,"href":"https:\/\/lucassen.de\/hausverwaltung\/wp-json\/wp\/v2\/pages\/20206858"}],"wp:attachment":[{"href":"https:\/\/lucassen.de\/hausverwaltung\/wp-json\/wp\/v2\/media?parent=20206946"}],"curies":[{"name":"wp","href":"https:\/\/api.w.org\/{rel}","templated":true}]}}