{"id":20206996,"date":"2025-09-01T00:53:02","date_gmt":"2025-08-31T22:53:02","guid":{"rendered":"https:\/\/lucassen.de\/hausverwaltung\/?page_id=20206996"},"modified":"2025-09-01T11:07:33","modified_gmt":"2025-09-01T09:07:33","slug":"casaflow-funktionen","status":"publish","type":"page","link":"https:\/\/lucassen.de\/hausverwaltung\/casaflow\/casaflow-funktionen","title":{"rendered":"CasaFlow Funktionen"},"content":{"rendered":"\n<div class=\"wp-block-cover\" style=\"min-height:40vh;aspect-ratio:unset;\"><img loading=\"lazy\" decoding=\"async\" width=\"1224\" height=\"484\" class=\"wp-block-cover__image-background wp-image-20205476 size-full\" alt=\"\" src=\"https:\/\/lucassen.de\/hausverwaltung\/wp-content\/uploads\/sites\/3\/Doppelgarage.jpg\" data-object-fit=\"cover\" srcset=\"https:\/\/lucassen.de\/hausverwaltung\/wp-content\/uploads\/sites\/3\/Doppelgarage.jpg 1224w, https:\/\/lucassen.de\/hausverwaltung\/wp-content\/uploads\/sites\/3\/Doppelgarage-800x316.jpg 800w, https:\/\/lucassen.de\/hausverwaltung\/wp-content\/uploads\/sites\/3\/Doppelgarage-768x304.jpg 768w\" sizes=\"auto, (max-width: 1224px) 100vw, 1224px\" \/><span aria-hidden=\"true\" class=\"wp-block-cover__background has-background-dim-90 has-background-dim wp-block-cover__gradient-background has-background-gradient\" style=\"background:linear-gradient(140deg,rgb(52,72,94) 0%,rgba(52,72,94,0.89) 51%,rgba(52,72,94,0.41) 100%)\"><\/span><div class=\"wp-block-cover__inner-container is-layout-constrained wp-container-core-cover-is-layout-48c9aa2a wp-block-cover-is-layout-constrained\">\n<div class=\"wp-block-group\"><div class=\"wp-block-group__inner-container is-layout-flow wp-block-group-is-layout-flow\">\n<h1 class=\"wp-block-heading\">CasaFlow Funktionen<\/h1>\n<\/div><\/div>\n<\/div><\/div>\n\n\n\n<h2 class=\"wp-block-heading\">Mit CasaFlow digitalisieren Sie alle Prozesse rund um Ihre Immobilienverwaltung durch ma\u00dfgeschneiderte Funktionen<\/h2>\n\n\n\n<figure class=\"wp-block-table is-style-stripes\"><table><thead><tr><th>Prozess<\/th><th>Funktionen<\/th><\/tr><\/thead><tbody><tr><td>privates<br>Immobilienmanagement<\/td><td><ul><li>einzelner Wohnungen<\/li><li>ganzer Immobilien<\/li><li>aller Verkehrs- und Parkfl\u00e4chen (Tiefgaragen\/Garagen\/Stellpl\u00e4tze)<\/li><li>aller Grundst\u00fccke<\/li><li>ganzer H\u00e4userbl\u00f6cke<\/li><\/ul><\/td><\/tr><tr><td>gewerbliches<br>Immobilienmanagement<\/td><td><ul><li>einzelner (verpachteter) Gewerbebetriebe<\/li><li>Verkehrs- und Parkfl\u00e4chen (Tiefgaragen\/Garagen\/Stellpl\u00e4tze)<\/li><li>Werbetafeln<\/li><li>Rechnungsmanagement<\/li><\/ul><\/td><\/tr><tr><td>Betriebs- und Nebenkostenabrechnungen<\/td><td><ul><li>einzelner Wohnungen<\/li><li>ganzer Immobilien<\/li><li>ganzer H\u00e4userbl\u00f6cke<\/li><li>Gewerbebetriebe<\/li><li>Verkehrs- und Parkfl\u00e4chen (Tiefgaragen\/Garagen\/Stellpl\u00e4tze)<\/li><li>Werbetafeln<\/li><\/ul><\/td><\/tr><tr><td>\u00dcbersicht \u00fcber finanzielle Aktivit\u00e4ten<\/td><td><ul><li>Import von Buchungen<\/li><li>Buchungs\u00fcbersicht<\/li><li>automatische Verbuchung (Soll-Ist-Buchungen, Splitbuchungen, duplizieren von Buchungen)<\/li><li>Einnahmen- und Ausgabenerfassung samt \u00dcbersicht je<ul><li>Wohnung<\/li><li>Immobilie<\/li><li>H\u00e4userblock<\/li><li>Gewerbebetrieb<\/li><li>Verkehrs- und Parkfl\u00e4che<\/li><li>Werbetafel<\/li><\/ul><\/li><li>online Listen\/Berichte<\/li><li>PDF Listen\/Bericht Export<\/li><\/ul><\/td><\/tr><tr><td>Digitale prozessgesteuerte Interaktion mit &#8230;<\/td><td><ul><li>Mietern<\/li><li>Betreuern<\/li><li>Mietinteressenten<\/li><li>ehemaligen Mietern<\/li><li>Eigent\u00fcmern<\/li><li>Firmen \/ Beh\u00f6rden \/ Anstalten \u00f6ffentlichen Rechts<\/li><li>Handwerkern<\/li><\/ul><\/td><\/tr><tr><td>Management und Archivierung von frei erstellbaren und Template gesteuerten Dokumenten aller Art, wie &#8230;<\/td><td><ul><li>komplette Belegverwaltung<\/li><li>Beleg-Abgleich-Tool<\/li><li>Korrespondenzverwaltung je<ul><li>Mieter<\/li><li>Eigent\u00fcmer<\/li><li>Kooperationspartner<\/li><li>Wohnung<\/li><li>Immobilie<\/li><li>Grundst\u00fcck<\/li><li>Block<\/li><li>Stadt\/Gemeinde<\/li><\/ul><\/li><li>private und gewerbliche Vetragsverwaltung<\/li><li>E-Mail Vorlagen<\/li><li>Mailversand-Archiv und Log-Files<\/li><li>DATEV Unternehmen Online Anbindung<\/li><li>Google-Kalender-Integration<\/li><\/ul><\/td><\/tr><\/tbody><\/table><\/figure>\n","protected":false},"excerpt":{"rendered":"<p>Mit CasaFlow digitalisieren Sie alle Prozesse rund um Ihre Immobilienverwaltung durch ma\u00dfgeschneiderte Funktionen Prozess Funktionen privatesImmobilienmanagement einzelner Wohnungen ganzer Immobilien aller Verkehrs- und Parkfl\u00e4chen (Tiefgaragen\/Garagen\/Stellpl\u00e4tze) aller Grundst\u00fccke ganzer H\u00e4userbl\u00f6cke gewerblichesImmobilienmanagement einzelner (verpachteter) Gewerbebetriebe Verkehrs- und [&hellip;]<\/p>\n","protected":false},"author":1,"featured_media":0,"parent":20206858,"menu_order":71,"comment_status":"closed","ping_status":"closed","template":"","meta":{"_acf_changed":false,"footnotes":""},"class_list":["post-20206996","page","type-page","status-publish","hentry"],"yoast_head":"<!-- This site is optimized with the Yoast SEO plugin v27.3 - https:\/\/yoast.com\/product\/yoast-seo-wordpress\/ -->\n<title>CasaFlow Funktionen - Lucassen Hausverwaltung<\/title>\n<meta name=\"robots\" content=\"index, follow, max-snippet:-1, max-image-preview:large, max-video-preview:-1\" \/>\n<link rel=\"canonical\" href=\"https:\/\/lucassen.de\/hausverwaltung\/casaflow\/casaflow-funktionen\" \/>\n<meta property=\"og:locale\" content=\"de_DE\" \/>\n<meta property=\"og:type\" content=\"article\" \/>\n<meta property=\"og:title\" content=\"CasaFlow Funktionen - Lucassen Hausverwaltung\" \/>\n<meta property=\"og:description\" content=\"Mit CasaFlow digitalisieren Sie alle Prozesse rund um Ihre Immobilienverwaltung durch ma\u00dfgeschneiderte Funktionen Prozess Funktionen privatesImmobilienmanagement einzelner Wohnungen ganzer Immobilien aller Verkehrs- und Parkfl\u00e4chen (Tiefgaragen\/Garagen\/Stellpl\u00e4tze) aller Grundst\u00fccke ganzer H\u00e4userbl\u00f6cke gewerblichesImmobilienmanagement einzelner (verpachteter) Gewerbebetriebe Verkehrs- und [&hellip;]\" \/>\n<meta property=\"og:url\" content=\"https:\/\/lucassen.de\/hausverwaltung\/casaflow\/casaflow-funktionen\" \/>\n<meta property=\"og:site_name\" content=\"Lucassen Hausverwaltung\" \/>\n<meta property=\"article:modified_time\" content=\"2025-09-01T09:07:33+00:00\" \/>\n<meta property=\"og:image\" content=\"https:\/\/lucassen.de\/hausverwaltung\/wp-content\/uploads\/sites\/3\/Doppelgarage.jpg\" \/>\n\t<meta property=\"og:image:width\" content=\"1224\" \/>\n\t<meta property=\"og:image:height\" content=\"484\" \/>\n\t<meta property=\"og:image:type\" content=\"image\/jpeg\" \/>\n<meta name=\"twitter:card\" content=\"summary_large_image\" \/>\n<meta name=\"twitter:label1\" content=\"Gesch\u00e4tzte Lesezeit\" \/>\n\t<meta name=\"twitter:data1\" content=\"2\u00a0Minuten\" \/>\n<script type=\"application\/ld+json\" class=\"yoast-schema-graph\">{\"@context\":\"https:\\\/\\\/schema.org\",\"@graph\":[{\"@type\":\"WebPage\",\"@id\":\"https:\\\/\\\/lucassen.de\\\/hausverwaltung\\\/casaflow\\\/casaflow-funktionen\",\"url\":\"https:\\\/\\\/lucassen.de\\\/hausverwaltung\\\/casaflow\\\/casaflow-funktionen\",\"name\":\"CasaFlow Funktionen - Lucassen Hausverwaltung\",\"isPartOf\":{\"@id\":\"https:\\\/\\\/lucassen.de\\\/hausverwaltung\\\/#website\"},\"primaryImageOfPage\":{\"@id\":\"https:\\\/\\\/lucassen.de\\\/hausverwaltung\\\/casaflow\\\/casaflow-funktionen#primaryimage\"},\"image\":{\"@id\":\"https:\\\/\\\/lucassen.de\\\/hausverwaltung\\\/casaflow\\\/casaflow-funktionen#primaryimage\"},\"thumbnailUrl\":\"https:\\\/\\\/lucassen.de\\\/hausverwaltung\\\/wp-content\\\/uploads\\\/sites\\\/3\\\/Doppelgarage.jpg\",\"datePublished\":\"2025-08-31T22:53:02+00:00\",\"dateModified\":\"2025-09-01T09:07:33+00:00\",\"breadcrumb\":{\"@id\":\"https:\\\/\\\/lucassen.de\\\/hausverwaltung\\\/casaflow\\\/casaflow-funktionen#breadcrumb\"},\"inLanguage\":\"de\",\"potentialAction\":[{\"@type\":\"ReadAction\",\"target\":[\"https:\\\/\\\/lucassen.de\\\/hausverwaltung\\\/casaflow\\\/casaflow-funktionen\"]}]},{\"@type\":\"ImageObject\",\"inLanguage\":\"de\",\"@id\":\"https:\\\/\\\/lucassen.de\\\/hausverwaltung\\\/casaflow\\\/casaflow-funktionen#primaryimage\",\"url\":\"https:\\\/\\\/lucassen.de\\\/hausverwaltung\\\/wp-content\\\/uploads\\\/sites\\\/3\\\/Doppelgarage.jpg\",\"contentUrl\":\"https:\\\/\\\/lucassen.de\\\/hausverwaltung\\\/wp-content\\\/uploads\\\/sites\\\/3\\\/Doppelgarage.jpg\",\"width\":1224,\"height\":484},{\"@type\":\"BreadcrumbList\",\"@id\":\"https:\\\/\\\/lucassen.de\\\/hausverwaltung\\\/casaflow\\\/casaflow-funktionen#breadcrumb\",\"itemListElement\":[{\"@type\":\"ListItem\",\"position\":1,\"name\":\"Startseite\",\"item\":\"https:\\\/\\\/lucassen.de\\\/hausverwaltung\\\/\"},{\"@type\":\"ListItem\",\"position\":2,\"name\":\"CasaFlow\",\"item\":\"https:\\\/\\\/lucassen.de\\\/hausverwaltung\\\/casaflow\"},{\"@type\":\"ListItem\",\"position\":3,\"name\":\"CasaFlow Funktionen\"}]},{\"@type\":\"WebSite\",\"@id\":\"https:\\\/\\\/lucassen.de\\\/hausverwaltung\\\/#website\",\"url\":\"https:\\\/\\\/lucassen.de\\\/hausverwaltung\\\/\",\"name\":\"Lucassen Hausverwaltung\",\"description\":\"\",\"publisher\":{\"@id\":\"https:\\\/\\\/lucassen.de\\\/hausverwaltung\\\/#organization\"},\"potentialAction\":[{\"@type\":\"SearchAction\",\"target\":{\"@type\":\"EntryPoint\",\"urlTemplate\":\"https:\\\/\\\/lucassen.de\\\/hausverwaltung\\\/?s={search_term_string}\"},\"query-input\":{\"@type\":\"PropertyValueSpecification\",\"valueRequired\":true,\"valueName\":\"search_term_string\"}}],\"inLanguage\":\"de\"},{\"@type\":\"Organization\",\"@id\":\"https:\\\/\\\/lucassen.de\\\/hausverwaltung\\\/#organization\",\"name\":\"Lucassen Hausverwaltung\",\"url\":\"https:\\\/\\\/lucassen.de\\\/hausverwaltung\\\/\",\"logo\":{\"@type\":\"ImageObject\",\"inLanguage\":\"de\",\"@id\":\"https:\\\/\\\/lucassen.de\\\/hausverwaltung\\\/#\\\/schema\\\/logo\\\/image\\\/\",\"url\":\"https:\\\/\\\/lucassen.de\\\/hausverwaltung\\\/wp-content\\\/uploads\\\/sites\\\/3\\\/hausverwaltung_logo_2020.png\",\"contentUrl\":\"https:\\\/\\\/lucassen.de\\\/hausverwaltung\\\/wp-content\\\/uploads\\\/sites\\\/3\\\/hausverwaltung_logo_2020.png\",\"width\":277,\"height\":249,\"caption\":\"Lucassen Hausverwaltung\"},\"image\":{\"@id\":\"https:\\\/\\\/lucassen.de\\\/hausverwaltung\\\/#\\\/schema\\\/logo\\\/image\\\/\"}}]}<\/script>\n<!-- \/ Yoast SEO plugin. -->","yoast_head_json":{"title":"CasaFlow Funktionen - Lucassen Hausverwaltung","robots":{"index":"index","follow":"follow","max-snippet":"max-snippet:-1","max-image-preview":"max-image-preview:large","max-video-preview":"max-video-preview:-1"},"canonical":"https:\/\/lucassen.de\/hausverwaltung\/casaflow\/casaflow-funktionen","og_locale":"de_DE","og_type":"article","og_title":"CasaFlow Funktionen - Lucassen Hausverwaltung","og_description":"Mit CasaFlow digitalisieren Sie alle Prozesse rund um Ihre Immobilienverwaltung durch ma\u00dfgeschneiderte Funktionen Prozess Funktionen privatesImmobilienmanagement einzelner Wohnungen ganzer Immobilien aller Verkehrs- und Parkfl\u00e4chen (Tiefgaragen\/Garagen\/Stellpl\u00e4tze) aller Grundst\u00fccke ganzer H\u00e4userbl\u00f6cke gewerblichesImmobilienmanagement einzelner (verpachteter) Gewerbebetriebe Verkehrs- und [&hellip;]","og_url":"https:\/\/lucassen.de\/hausverwaltung\/casaflow\/casaflow-funktionen","og_site_name":"Lucassen Hausverwaltung","article_modified_time":"2025-09-01T09:07:33+00:00","og_image":[{"width":1224,"height":484,"url":"https:\/\/lucassen.de\/hausverwaltung\/wp-content\/uploads\/sites\/3\/Doppelgarage.jpg","type":"image\/jpeg"}],"twitter_card":"summary_large_image","twitter_misc":{"Gesch\u00e4tzte Lesezeit":"2\u00a0Minuten"},"schema":{"@context":"https:\/\/schema.org","@graph":[{"@type":"WebPage","@id":"https:\/\/lucassen.de\/hausverwaltung\/casaflow\/casaflow-funktionen","url":"https:\/\/lucassen.de\/hausverwaltung\/casaflow\/casaflow-funktionen","name":"CasaFlow Funktionen - Lucassen Hausverwaltung","isPartOf":{"@id":"https:\/\/lucassen.de\/hausverwaltung\/#website"},"primaryImageOfPage":{"@id":"https:\/\/lucassen.de\/hausverwaltung\/casaflow\/casaflow-funktionen#primaryimage"},"image":{"@id":"https:\/\/lucassen.de\/hausverwaltung\/casaflow\/casaflow-funktionen#primaryimage"},"thumbnailUrl":"https:\/\/lucassen.de\/hausverwaltung\/wp-content\/uploads\/sites\/3\/Doppelgarage.jpg","datePublished":"2025-08-31T22:53:02+00:00","dateModified":"2025-09-01T09:07:33+00:00","breadcrumb":{"@id":"https:\/\/lucassen.de\/hausverwaltung\/casaflow\/casaflow-funktionen#breadcrumb"},"inLanguage":"de","potentialAction":[{"@type":"ReadAction","target":["https:\/\/lucassen.de\/hausverwaltung\/casaflow\/casaflow-funktionen"]}]},{"@type":"ImageObject","inLanguage":"de","@id":"https:\/\/lucassen.de\/hausverwaltung\/casaflow\/casaflow-funktionen#primaryimage","url":"https:\/\/lucassen.de\/hausverwaltung\/wp-content\/uploads\/sites\/3\/Doppelgarage.jpg","contentUrl":"https:\/\/lucassen.de\/hausverwaltung\/wp-content\/uploads\/sites\/3\/Doppelgarage.jpg","width":1224,"height":484},{"@type":"BreadcrumbList","@id":"https:\/\/lucassen.de\/hausverwaltung\/casaflow\/casaflow-funktionen#breadcrumb","itemListElement":[{"@type":"ListItem","position":1,"name":"Startseite","item":"https:\/\/lucassen.de\/hausverwaltung\/"},{"@type":"ListItem","position":2,"name":"CasaFlow","item":"https:\/\/lucassen.de\/hausverwaltung\/casaflow"},{"@type":"ListItem","position":3,"name":"CasaFlow Funktionen"}]},{"@type":"WebSite","@id":"https:\/\/lucassen.de\/hausverwaltung\/#website","url":"https:\/\/lucassen.de\/hausverwaltung\/","name":"Lucassen Hausverwaltung","description":"","publisher":{"@id":"https:\/\/lucassen.de\/hausverwaltung\/#organization"},"potentialAction":[{"@type":"SearchAction","target":{"@type":"EntryPoint","urlTemplate":"https:\/\/lucassen.de\/hausverwaltung\/?s={search_term_string}"},"query-input":{"@type":"PropertyValueSpecification","valueRequired":true,"valueName":"search_term_string"}}],"inLanguage":"de"},{"@type":"Organization","@id":"https:\/\/lucassen.de\/hausverwaltung\/#organization","name":"Lucassen Hausverwaltung","url":"https:\/\/lucassen.de\/hausverwaltung\/","logo":{"@type":"ImageObject","inLanguage":"de","@id":"https:\/\/lucassen.de\/hausverwaltung\/#\/schema\/logo\/image\/","url":"https:\/\/lucassen.de\/hausverwaltung\/wp-content\/uploads\/sites\/3\/hausverwaltung_logo_2020.png","contentUrl":"https:\/\/lucassen.de\/hausverwaltung\/wp-content\/uploads\/sites\/3\/hausverwaltung_logo_2020.png","width":277,"height":249,"caption":"Lucassen Hausverwaltung"},"image":{"@id":"https:\/\/lucassen.de\/hausverwaltung\/#\/schema\/logo\/image\/"}}]}},"acf":[],"_links":{"self":[{"href":"https:\/\/lucassen.de\/hausverwaltung\/wp-json\/wp\/v2\/pages\/20206996","targetHints":{"allow":["GET"]}}],"collection":[{"href":"https:\/\/lucassen.de\/hausverwaltung\/wp-json\/wp\/v2\/pages"}],"about":[{"href":"https:\/\/lucassen.de\/hausverwaltung\/wp-json\/wp\/v2\/types\/page"}],"author":[{"embeddable":true,"href":"https:\/\/lucassen.de\/hausverwaltung\/wp-json\/wp\/v2\/users\/1"}],"replies":[{"embeddable":true,"href":"https:\/\/lucassen.de\/hausverwaltung\/wp-json\/wp\/v2\/comments?post=20206996"}],"version-history":[{"count":3,"href":"https:\/\/lucassen.de\/hausverwaltung\/wp-json\/wp\/v2\/pages\/20206996\/revisions"}],"predecessor-version":[{"id":20207015,"href":"https:\/\/lucassen.de\/hausverwaltung\/wp-json\/wp\/v2\/pages\/20206996\/revisions\/20207015"}],"up":[{"embeddable":true,"href":"https:\/\/lucassen.de\/hausverwaltung\/wp-json\/wp\/v2\/pages\/20206858"}],"wp:attachment":[{"href":"https:\/\/lucassen.de\/hausverwaltung\/wp-json\/wp\/v2\/media?parent=20206996"}],"curies":[{"name":"wp","href":"https:\/\/api.w.org\/{rel}","templated":true}]}}