{"id":20207448,"date":"2025-09-25T23:02:54","date_gmt":"2025-09-25T21:02:54","guid":{"rendered":"https:\/\/lucassen.de\/hausverwaltung\/?page_id=20207448"},"modified":"2025-09-26T00:00:50","modified_gmt":"2025-09-25T22:00:50","slug":"corporate-design-manual","status":"publish","type":"page","link":"https:\/\/lucassen.de\/hausverwaltung\/informationen\/corporate-design-manual","title":{"rendered":"Corporate Design Handbuch"},"content":{"rendered":"\n<div class=\"wp-block-cover\" style=\"min-height:40vh;aspect-ratio:unset;\"><img loading=\"lazy\" decoding=\"async\" width=\"2048\" height=\"1364\" class=\"wp-block-cover__image-background wp-image-20207484 size-full\" alt=\"\" src=\"https:\/\/lucassen.de\/hausverwaltung\/wp-content\/uploads\/sites\/3\/Corporate-Design.jpg\" data-object-fit=\"cover\" srcset=\"https:\/\/lucassen.de\/hausverwaltung\/wp-content\/uploads\/sites\/3\/Corporate-Design.jpg 2048w, https:\/\/lucassen.de\/hausverwaltung\/wp-content\/uploads\/sites\/3\/Corporate-Design-800x533.jpg 800w, https:\/\/lucassen.de\/hausverwaltung\/wp-content\/uploads\/sites\/3\/Corporate-Design-1600x1066.jpg 1600w, https:\/\/lucassen.de\/hausverwaltung\/wp-content\/uploads\/sites\/3\/Corporate-Design-768x512.jpg 768w, https:\/\/lucassen.de\/hausverwaltung\/wp-content\/uploads\/sites\/3\/Corporate-Design-1536x1023.jpg 1536w\" sizes=\"auto, (max-width: 2048px) 100vw, 2048px\" \/><span aria-hidden=\"true\" class=\"wp-block-cover__background has-background-dim-90 has-background-dim wp-block-cover__gradient-background has-background-gradient\" style=\"background:linear-gradient(140deg,rgb(52,72,94) 0%,rgba(52,72,94,0.89) 51%,rgba(52,72,94,0.41) 100%)\"><\/span><div class=\"wp-block-cover__inner-container is-layout-constrained wp-container-core-cover-is-layout-48c9aa2a wp-block-cover-is-layout-constrained\">\n<div class=\"wp-block-group\"><div class=\"wp-block-group__inner-container is-layout-flow wp-block-group-is-layout-flow\">\n<h1 class=\"wp-block-heading\">Corporate Design Handbuch<\/h1>\n<\/div><\/div>\n<\/div><\/div>\n\n\n\n<div class=\"wp-block-group\"><div class=\"wp-block-group__inner-container is-layout-constrained wp-block-group-is-layout-constrained\">\n<h2 class=\"wp-block-heading\">Einleitung<\/h2>\n\n\n\n<p>Dieses Corporate Design Manual definiert die visuellen Gestaltungsrichtlinien unserer Marke. Es stellt sicher, dass alle Kommunikationsmittel ein einheitliches, professionelles und wiedererkennbares Erscheinungsbild haben.<br>Unsere Marke steht f\u00fcr Vertrauen, Kompetenz und Innovation.<\/p>\n<\/div><\/div>\n\n\n\n<div class=\"wp-block-group\"><div class=\"wp-block-group__inner-container is-layout-constrained wp-block-group-is-layout-constrained\">\n<h2 class=\"wp-block-heading\">Logo<\/h2>\n\n\n\n<p>Das Logo ist das zentrale Wiedererkennungsmerkmal und es darf somit nicht ver\u00e4ndert, verzerrt oder in unpassenden Farben dargestellt werden. Zul\u00e4ssige Varianten sind die Prim\u00e4rversion auf hellem Hintergrund sowie eine Negativversion auf dunklem Hintergrund.<\/p>\n\n\n\n<figure class=\"wp-block-image size-full is-resized\"><img loading=\"lazy\" decoding=\"async\" width=\"277\" height=\"249\" src=\"https:\/\/lucassen.de\/hausverwaltung\/wp-content\/uploads\/sites\/3\/hausverwaltung_logo_2020.png\" alt=\"\" class=\"wp-image-571\" style=\"width:100px\"\/><figcaption class=\"wp-element-caption\"><sup>Logo mit transparentem Hintergrund<\/sup><\/figcaption><\/figure>\n<\/div><\/div>\n\n\n\n<div class=\"wp-block-group\"><div class=\"wp-block-group__inner-container is-layout-constrained wp-block-group-is-layout-constrained\">\n<h2 class=\"wp-block-heading\">Farbwelt<\/h2>\n\n\n\n<p>Die Farbpalette besteht aus den Prim\u00e4rfarben des Logos sowie erg\u00e4nzenden Sekund\u00e4rfarben. Diese unterst\u00fctzen ein flexibles, konsistentes Erscheinungsbild in allen Medien (Digital- und Print-Medien).<\/p>\n\n\n\n<div class=\"wp-block-columns is-layout-flex wp-container-core-columns-is-layout-9d6595d7 wp-block-columns-is-layout-flex\">\n<div class=\"wp-block-column is-layout-flow wp-block-column-is-layout-flow\" style=\"flex-basis:50%\">\n<h3 class=\"wp-block-heading\">Prim\u00e4rfarben<\/h3>\n\n\n\n<figure class=\"wp-block-table alignleft is-style-stripes\"><table><thead><tr><th class=\"has-text-align-left\" data-align=\"left\">Farbe<\/th><th class=\"has-text-align-left\" data-align=\"left\">Hex<\/th><th class=\"has-text-align-left\" data-align=\"left\">RGB<\/th><\/tr><\/thead><tbody><tr><td class=\"has-text-align-left\" data-align=\"left\">Dunkelblau<br>(Midnight Navy)<\/td><td class=\"has-text-align-left\" data-align=\"left\">#334352&nbsp;<\/td><td class=\"has-text-align-left\" data-align=\"left\">RGB (51, 67, 82)<\/td><\/tr><tr><td class=\"has-text-align-left\" data-align=\"left\">Gelb<br>(Stella)<\/td><td class=\"has-text-align-left\" data-align=\"left\">#F5D054<\/td><td class=\"has-text-align-left\" data-align=\"left\">RGB (252, 213, 64)<\/td><\/tr><tr><td class=\"has-text-align-left\" data-align=\"left\">Wei\u00df<br>(White)<\/td><td class=\"has-text-align-left\" data-align=\"left\">#FFFFFF<\/td><td class=\"has-text-align-left\" data-align=\"left\">RGB (255, 255, 255)<\/td><\/tr><\/tbody><\/table><\/figure>\n<\/div>\n\n\n\n<div class=\"wp-block-column is-layout-flow wp-block-column-is-layout-flow\" style=\"flex-basis:50%\">\n<h3 class=\"wp-block-heading\">Sekund\u00e4rfarben<\/h3>\n\n\n\n<figure class=\"wp-block-table alignleft is-style-stripes\"><table><thead><tr><th class=\"has-text-align-left\" data-align=\"left\">Farbe<\/th><th class=\"has-text-align-left\" data-align=\"left\">Hex<\/th><th class=\"has-text-align-left\" data-align=\"left\">RGB<\/th><\/tr><\/thead><tbody><tr><td class=\"has-text-align-left\" data-align=\"left\">Hellgrau<\/td><td class=\"has-text-align-left\" data-align=\"left\">#F5F5F5&nbsp;<\/td><td class=\"has-text-align-left\" data-align=\"left\">RGB (245, 245, 245)<\/td><\/tr><tr><td class=\"has-text-align-left\" data-align=\"left\">Mittelgrau<\/td><td class=\"has-text-align-left\" data-align=\"left\">#999999&nbsp;<\/td><td class=\"has-text-align-left\" data-align=\"left\">RGB (153, 153, 153)<\/td><\/tr><tr><td class=\"has-text-align-left\" data-align=\"left\">T\u00fcrkis<\/td><td class=\"has-text-align-left\" data-align=\"left\">#4DB6AC&nbsp;<\/td><td class=\"has-text-align-left\" data-align=\"left\">RGB (77, 182, 172)<\/td><\/tr><tr><td class=\"has-text-align-left\" data-align=\"left\">Bordeaux<\/td><td class=\"has-text-align-left\" data-align=\"left\">#7B2D26&nbsp;<\/td><td class=\"has-text-align-left\" data-align=\"left\">RGB (123, 45, 38)<\/td><\/tr><\/tbody><\/table><\/figure>\n<\/div>\n<\/div>\n<\/div><\/div>\n\n\n\n<div class=\"wp-block-group\"><div class=\"wp-block-group__inner-container is-layout-constrained wp-block-group-is-layout-constrained\">\n<h2 class=\"wp-block-heading\">Typografie<\/h2>\n\n\n\n<p>Die Typografie folgt einer klaren Hierarchie. F\u00fcr \u00dcberschriften wird eine serifenlose Schrift wie <a href=\"https:\/\/fonts.google.com\/specimen\/Montserrat\" target=\"_blank\" rel=\"noreferrer noopener\">Montserrat<\/a> verwendet. F\u00fcr Flie\u00dftexte eignet sich eine Serifenschrift wie <a href=\"https:\/\/fonts.google.com\/specimen\/Merriweather\" target=\"_blank\" rel=\"noreferrer noopener\">Merriweather<\/a>. Dies gew\u00e4hrleistet gute Lesbarkeit und modernes Erscheinungsbild.<\/p>\n<\/div><\/div>\n\n\n\n<div class=\"wp-block-group\"><div class=\"wp-block-group__inner-container is-layout-constrained wp-block-group-is-layout-constrained\">\n<h2 class=\"wp-block-heading\">Bildsprache &amp; Gestaltungselemente<\/h2>\n\n\n\n<p>Die Bildsprache ist hell, authentisch und klar. Grafische Elemente orientieren sich an den Formen und Farben des Logos. Fotografien sollen Emotionen transportieren und die Werte der Marke widerspiegeln.<\/p>\n<\/div><\/div>\n\n\n\n<div class=\"wp-block-group\"><div class=\"wp-block-group__inner-container is-layout-constrained wp-block-group-is-layout-constrained\">\n<h2 class=\"wp-block-heading\">Raster &amp; Layoutprinzipien<\/h2>\n\n\n\n<p>Das Layout basiert auf einem klaren Raster. Wei\u00dfraum wird gezielt eingesetzt, um Inhalte strukturiert und hochwertig wirken zu lassen. Texte und Bilder werden klar voneinander abgegrenzt.<\/p>\n<\/div><\/div>\n\n\n\n<div class=\"wp-block-group\"><div class=\"wp-block-group__inner-container is-layout-constrained wp-block-group-is-layout-constrained\">\n<h2 class=\"wp-block-heading\">Anwendungen<\/h2>\n\n\n\n<p>Die folgenden Beispiele illustrieren die Anwendung des Corporate Designs auf verschiedenen Medien:<\/p>\n\n\n\n<ul class=\"wp-block-list\">\n<li>Visitenkarte<\/li>\n\n\n\n<li>Briefpapier<\/li>\n\n\n\n<li>Social Media Vorlagen<\/li>\n\n\n\n<li>Poster<\/li>\n<\/ul>\n<\/div><\/div>\n\n\n\n<div class=\"wp-block-group\"><div class=\"wp-block-group__inner-container is-layout-constrained wp-block-group-is-layout-constrained\">\n<h2 class=\"wp-block-heading\">Do\u2019s &amp; Don\u2019ts<\/h2>\n\n\n\n<figure class=\"wp-block-table is-style-stripes\"><table class=\"has-fixed-layout\"><thead><tr><th>Do&#8217;s<\/th><th>Don&#8217;ts<\/th><\/tr><\/thead><tbody><tr><td>Immer die definierten Prim\u00e4r- oder Sekund\u00e4rfarben verwenden<\/td><td>Keine Verzerrung oder Rotation des Logos<\/td><\/tr><tr><td>Logo stets im richtigen Gr\u00f6\u00dfenverh\u00e4ltnis einsetzen<\/td><td>Keine nicht definierten Farben<\/td><\/tr><tr><td>Typografie-Hierarchie konsequent umsetzen<\/td><td>Keine unruhigen Hintergr\u00fcnde hinter dem Logo<\/td><\/tr><\/tbody><\/table><\/figure>\n<\/div><\/div>\n","protected":false},"excerpt":{"rendered":"<p>Einleitung Dieses Corporate Design Manual definiert die visuellen Gestaltungsrichtlinien unserer Marke. Es stellt sicher, dass alle Kommunikationsmittel ein einheitliches, professionelles und wiedererkennbares Erscheinungsbild haben.Unsere Marke steht f\u00fcr Vertrauen, Kompetenz und Innovation. Logo Das Logo ist [&hellip;]<\/p>\n","protected":false},"author":1,"featured_media":0,"parent":20,"menu_order":360,"comment_status":"closed","ping_status":"closed","template":"","meta":{"_acf_changed":false,"footnotes":"[]"},"class_list":["post-20207448","page","type-page","status-publish","hentry"],"yoast_head":"<!-- This site is optimized with the Yoast SEO plugin v27.3 - https:\/\/yoast.com\/product\/yoast-seo-wordpress\/ -->\n<title>Corporate Design Handbuch - Lucassen Hausverwaltung<\/title>\n<meta name=\"robots\" content=\"index, follow, max-snippet:-1, max-image-preview:large, max-video-preview:-1\" \/>\n<link rel=\"canonical\" href=\"https:\/\/lucassen.de\/hausverwaltung\/informationen\/corporate-design-manual\" \/>\n<meta property=\"og:locale\" content=\"de_DE\" \/>\n<meta property=\"og:type\" content=\"article\" \/>\n<meta property=\"og:title\" content=\"Corporate Design Handbuch - Lucassen Hausverwaltung\" \/>\n<meta property=\"og:description\" content=\"Einleitung Dieses Corporate Design Manual definiert die visuellen Gestaltungsrichtlinien unserer Marke. Es stellt sicher, dass alle Kommunikationsmittel ein einheitliches, professionelles und wiedererkennbares Erscheinungsbild haben.Unsere Marke steht f\u00fcr Vertrauen, Kompetenz und Innovation. Logo Das Logo ist [&hellip;]\" \/>\n<meta property=\"og:url\" content=\"https:\/\/lucassen.de\/hausverwaltung\/informationen\/corporate-design-manual\" \/>\n<meta property=\"og:site_name\" content=\"Lucassen Hausverwaltung\" \/>\n<meta property=\"article:modified_time\" content=\"2025-09-25T22:00:50+00:00\" \/>\n<meta property=\"og:image\" content=\"https:\/\/lucassen.de\/hausverwaltung\/wp-content\/uploads\/sites\/3\/Corporate-Design.jpg\" \/>\n\t<meta property=\"og:image:width\" content=\"2048\" \/>\n\t<meta property=\"og:image:height\" content=\"1364\" \/>\n\t<meta property=\"og:image:type\" content=\"image\/jpeg\" \/>\n<meta name=\"twitter:card\" content=\"summary_large_image\" \/>\n<meta name=\"twitter:label1\" content=\"Gesch\u00e4tzte Lesezeit\" \/>\n\t<meta name=\"twitter:data1\" content=\"3\u00a0Minuten\" \/>\n<script type=\"application\/ld+json\" class=\"yoast-schema-graph\">{\"@context\":\"https:\\\/\\\/schema.org\",\"@graph\":[{\"@type\":\"WebPage\",\"@id\":\"https:\\\/\\\/lucassen.de\\\/hausverwaltung\\\/informationen\\\/corporate-design-manual\",\"url\":\"https:\\\/\\\/lucassen.de\\\/hausverwaltung\\\/informationen\\\/corporate-design-manual\",\"name\":\"Corporate Design Handbuch - Lucassen Hausverwaltung\",\"isPartOf\":{\"@id\":\"https:\\\/\\\/lucassen.de\\\/hausverwaltung\\\/#website\"},\"primaryImageOfPage\":{\"@id\":\"https:\\\/\\\/lucassen.de\\\/hausverwaltung\\\/informationen\\\/corporate-design-manual#primaryimage\"},\"image\":{\"@id\":\"https:\\\/\\\/lucassen.de\\\/hausverwaltung\\\/informationen\\\/corporate-design-manual#primaryimage\"},\"thumbnailUrl\":\"https:\\\/\\\/lucassen.de\\\/hausverwaltung\\\/wp-content\\\/uploads\\\/sites\\\/3\\\/Corporate-Design.jpg\",\"datePublished\":\"2025-09-25T21:02:54+00:00\",\"dateModified\":\"2025-09-25T22:00:50+00:00\",\"breadcrumb\":{\"@id\":\"https:\\\/\\\/lucassen.de\\\/hausverwaltung\\\/informationen\\\/corporate-design-manual#breadcrumb\"},\"inLanguage\":\"de\",\"potentialAction\":[{\"@type\":\"ReadAction\",\"target\":[\"https:\\\/\\\/lucassen.de\\\/hausverwaltung\\\/informationen\\\/corporate-design-manual\"]}]},{\"@type\":\"ImageObject\",\"inLanguage\":\"de\",\"@id\":\"https:\\\/\\\/lucassen.de\\\/hausverwaltung\\\/informationen\\\/corporate-design-manual#primaryimage\",\"url\":\"https:\\\/\\\/lucassen.de\\\/hausverwaltung\\\/wp-content\\\/uploads\\\/sites\\\/3\\\/Corporate-Design.jpg\",\"contentUrl\":\"https:\\\/\\\/lucassen.de\\\/hausverwaltung\\\/wp-content\\\/uploads\\\/sites\\\/3\\\/Corporate-Design.jpg\",\"width\":2048,\"height\":1364},{\"@type\":\"BreadcrumbList\",\"@id\":\"https:\\\/\\\/lucassen.de\\\/hausverwaltung\\\/informationen\\\/corporate-design-manual#breadcrumb\",\"itemListElement\":[{\"@type\":\"ListItem\",\"position\":1,\"name\":\"Startseite\",\"item\":\"https:\\\/\\\/lucassen.de\\\/hausverwaltung\\\/\"},{\"@type\":\"ListItem\",\"position\":2,\"name\":\"Informationen\",\"item\":\"https:\\\/\\\/lucassen.de\\\/hausverwaltung\\\/informationen\"},{\"@type\":\"ListItem\",\"position\":3,\"name\":\"Corporate Design Handbuch\"}]},{\"@type\":\"WebSite\",\"@id\":\"https:\\\/\\\/lucassen.de\\\/hausverwaltung\\\/#website\",\"url\":\"https:\\\/\\\/lucassen.de\\\/hausverwaltung\\\/\",\"name\":\"Lucassen Hausverwaltung\",\"description\":\"\",\"publisher\":{\"@id\":\"https:\\\/\\\/lucassen.de\\\/hausverwaltung\\\/#organization\"},\"potentialAction\":[{\"@type\":\"SearchAction\",\"target\":{\"@type\":\"EntryPoint\",\"urlTemplate\":\"https:\\\/\\\/lucassen.de\\\/hausverwaltung\\\/?s={search_term_string}\"},\"query-input\":{\"@type\":\"PropertyValueSpecification\",\"valueRequired\":true,\"valueName\":\"search_term_string\"}}],\"inLanguage\":\"de\"},{\"@type\":\"Organization\",\"@id\":\"https:\\\/\\\/lucassen.de\\\/hausverwaltung\\\/#organization\",\"name\":\"Lucassen Hausverwaltung\",\"url\":\"https:\\\/\\\/lucassen.de\\\/hausverwaltung\\\/\",\"logo\":{\"@type\":\"ImageObject\",\"inLanguage\":\"de\",\"@id\":\"https:\\\/\\\/lucassen.de\\\/hausverwaltung\\\/#\\\/schema\\\/logo\\\/image\\\/\",\"url\":\"https:\\\/\\\/lucassen.de\\\/hausverwaltung\\\/wp-content\\\/uploads\\\/sites\\\/3\\\/hausverwaltung_logo_2020.png\",\"contentUrl\":\"https:\\\/\\\/lucassen.de\\\/hausverwaltung\\\/wp-content\\\/uploads\\\/sites\\\/3\\\/hausverwaltung_logo_2020.png\",\"width\":277,\"height\":249,\"caption\":\"Lucassen Hausverwaltung\"},\"image\":{\"@id\":\"https:\\\/\\\/lucassen.de\\\/hausverwaltung\\\/#\\\/schema\\\/logo\\\/image\\\/\"}}]}<\/script>\n<!-- \/ Yoast SEO plugin. -->","yoast_head_json":{"title":"Corporate Design Handbuch - Lucassen Hausverwaltung","robots":{"index":"index","follow":"follow","max-snippet":"max-snippet:-1","max-image-preview":"max-image-preview:large","max-video-preview":"max-video-preview:-1"},"canonical":"https:\/\/lucassen.de\/hausverwaltung\/informationen\/corporate-design-manual","og_locale":"de_DE","og_type":"article","og_title":"Corporate Design Handbuch - Lucassen Hausverwaltung","og_description":"Einleitung Dieses Corporate Design Manual definiert die visuellen Gestaltungsrichtlinien unserer Marke. Es stellt sicher, dass alle Kommunikationsmittel ein einheitliches, professionelles und wiedererkennbares Erscheinungsbild haben.Unsere Marke steht f\u00fcr Vertrauen, Kompetenz und Innovation. Logo Das Logo ist [&hellip;]","og_url":"https:\/\/lucassen.de\/hausverwaltung\/informationen\/corporate-design-manual","og_site_name":"Lucassen Hausverwaltung","article_modified_time":"2025-09-25T22:00:50+00:00","og_image":[{"width":2048,"height":1364,"url":"https:\/\/lucassen.de\/hausverwaltung\/wp-content\/uploads\/sites\/3\/Corporate-Design.jpg","type":"image\/jpeg"}],"twitter_card":"summary_large_image","twitter_misc":{"Gesch\u00e4tzte Lesezeit":"3\u00a0Minuten"},"schema":{"@context":"https:\/\/schema.org","@graph":[{"@type":"WebPage","@id":"https:\/\/lucassen.de\/hausverwaltung\/informationen\/corporate-design-manual","url":"https:\/\/lucassen.de\/hausverwaltung\/informationen\/corporate-design-manual","name":"Corporate Design Handbuch - Lucassen Hausverwaltung","isPartOf":{"@id":"https:\/\/lucassen.de\/hausverwaltung\/#website"},"primaryImageOfPage":{"@id":"https:\/\/lucassen.de\/hausverwaltung\/informationen\/corporate-design-manual#primaryimage"},"image":{"@id":"https:\/\/lucassen.de\/hausverwaltung\/informationen\/corporate-design-manual#primaryimage"},"thumbnailUrl":"https:\/\/lucassen.de\/hausverwaltung\/wp-content\/uploads\/sites\/3\/Corporate-Design.jpg","datePublished":"2025-09-25T21:02:54+00:00","dateModified":"2025-09-25T22:00:50+00:00","breadcrumb":{"@id":"https:\/\/lucassen.de\/hausverwaltung\/informationen\/corporate-design-manual#breadcrumb"},"inLanguage":"de","potentialAction":[{"@type":"ReadAction","target":["https:\/\/lucassen.de\/hausverwaltung\/informationen\/corporate-design-manual"]}]},{"@type":"ImageObject","inLanguage":"de","@id":"https:\/\/lucassen.de\/hausverwaltung\/informationen\/corporate-design-manual#primaryimage","url":"https:\/\/lucassen.de\/hausverwaltung\/wp-content\/uploads\/sites\/3\/Corporate-Design.jpg","contentUrl":"https:\/\/lucassen.de\/hausverwaltung\/wp-content\/uploads\/sites\/3\/Corporate-Design.jpg","width":2048,"height":1364},{"@type":"BreadcrumbList","@id":"https:\/\/lucassen.de\/hausverwaltung\/informationen\/corporate-design-manual#breadcrumb","itemListElement":[{"@type":"ListItem","position":1,"name":"Startseite","item":"https:\/\/lucassen.de\/hausverwaltung\/"},{"@type":"ListItem","position":2,"name":"Informationen","item":"https:\/\/lucassen.de\/hausverwaltung\/informationen"},{"@type":"ListItem","position":3,"name":"Corporate Design Handbuch"}]},{"@type":"WebSite","@id":"https:\/\/lucassen.de\/hausverwaltung\/#website","url":"https:\/\/lucassen.de\/hausverwaltung\/","name":"Lucassen Hausverwaltung","description":"","publisher":{"@id":"https:\/\/lucassen.de\/hausverwaltung\/#organization"},"potentialAction":[{"@type":"SearchAction","target":{"@type":"EntryPoint","urlTemplate":"https:\/\/lucassen.de\/hausverwaltung\/?s={search_term_string}"},"query-input":{"@type":"PropertyValueSpecification","valueRequired":true,"valueName":"search_term_string"}}],"inLanguage":"de"},{"@type":"Organization","@id":"https:\/\/lucassen.de\/hausverwaltung\/#organization","name":"Lucassen Hausverwaltung","url":"https:\/\/lucassen.de\/hausverwaltung\/","logo":{"@type":"ImageObject","inLanguage":"de","@id":"https:\/\/lucassen.de\/hausverwaltung\/#\/schema\/logo\/image\/","url":"https:\/\/lucassen.de\/hausverwaltung\/wp-content\/uploads\/sites\/3\/hausverwaltung_logo_2020.png","contentUrl":"https:\/\/lucassen.de\/hausverwaltung\/wp-content\/uploads\/sites\/3\/hausverwaltung_logo_2020.png","width":277,"height":249,"caption":"Lucassen Hausverwaltung"},"image":{"@id":"https:\/\/lucassen.de\/hausverwaltung\/#\/schema\/logo\/image\/"}}]}},"acf":[],"_links":{"self":[{"href":"https:\/\/lucassen.de\/hausverwaltung\/wp-json\/wp\/v2\/pages\/20207448","targetHints":{"allow":["GET"]}}],"collection":[{"href":"https:\/\/lucassen.de\/hausverwaltung\/wp-json\/wp\/v2\/pages"}],"about":[{"href":"https:\/\/lucassen.de\/hausverwaltung\/wp-json\/wp\/v2\/types\/page"}],"author":[{"embeddable":true,"href":"https:\/\/lucassen.de\/hausverwaltung\/wp-json\/wp\/v2\/users\/1"}],"replies":[{"embeddable":true,"href":"https:\/\/lucassen.de\/hausverwaltung\/wp-json\/wp\/v2\/comments?post=20207448"}],"version-history":[{"count":28,"href":"https:\/\/lucassen.de\/hausverwaltung\/wp-json\/wp\/v2\/pages\/20207448\/revisions"}],"predecessor-version":[{"id":20207492,"href":"https:\/\/lucassen.de\/hausverwaltung\/wp-json\/wp\/v2\/pages\/20207448\/revisions\/20207492"}],"up":[{"embeddable":true,"href":"https:\/\/lucassen.de\/hausverwaltung\/wp-json\/wp\/v2\/pages\/20"}],"wp:attachment":[{"href":"https:\/\/lucassen.de\/hausverwaltung\/wp-json\/wp\/v2\/media?parent=20207448"}],"curies":[{"name":"wp","href":"https:\/\/api.w.org\/{rel}","templated":true}]}}