{"id":397,"date":"2020-02-02T22:58:35","date_gmt":"2020-02-02T21:58:35","guid":{"rendered":"http:\/\/lhv.nightbird-design.de\/?page_id=397"},"modified":"2025-04-26T01:05:17","modified_gmt":"2025-04-25T23:05:17","slug":"moers","status":"publish","type":"page","link":"https:\/\/lucassen.de\/hausverwaltung\/mietobjekte\/moers","title":{"rendered":"Moers"},"content":{"rendered":"\n<div class=\"wp-block-cover\" style=\"min-height:40vh;aspect-ratio:unset;\" id=\"top\"><img loading=\"lazy\" decoding=\"async\" width=\"2400\" height=\"800\" class=\"wp-block-cover__image-background wp-image-20204825\" alt=\"\" src=\"https:\/\/lucassen.de\/hausverwaltung\/wp-content\/uploads\/sites\/3\/Moers-1.jpg\" data-object-fit=\"cover\" srcset=\"https:\/\/lucassen.de\/hausverwaltung\/wp-content\/uploads\/sites\/3\/Moers-1.jpg 2400w, https:\/\/lucassen.de\/hausverwaltung\/wp-content\/uploads\/sites\/3\/Moers-1-800x267.jpg 800w, https:\/\/lucassen.de\/hausverwaltung\/wp-content\/uploads\/sites\/3\/Moers-1-1600x533.jpg 1600w, https:\/\/lucassen.de\/hausverwaltung\/wp-content\/uploads\/sites\/3\/Moers-1-768x256.jpg 768w, https:\/\/lucassen.de\/hausverwaltung\/wp-content\/uploads\/sites\/3\/Moers-1-1536x512.jpg 1536w, https:\/\/lucassen.de\/hausverwaltung\/wp-content\/uploads\/sites\/3\/Moers-1-2048x683.jpg 2048w\" sizes=\"auto, (max-width: 2400px) 100vw, 2400px\" \/><span aria-hidden=\"true\" class=\"wp-block-cover__background has-background-dim-90 has-background-dim wp-block-cover__gradient-background has-background-gradient\" style=\"background:linear-gradient(140deg,rgb(52,72,94) 0%,rgba(52,72,94,0.89) 51%,rgba(52,72,94,0.41) 100%)\"><\/span><div class=\"wp-block-cover__inner-container is-layout-constrained wp-container-core-cover-is-layout-48c9aa2a wp-block-cover-is-layout-constrained\">\n<div class=\"wp-block-group is-layout-flex wp-block-group-is-layout-flex\">\n<figure class=\"wp-block-image size-full is-resized\"><img loading=\"lazy\" decoding=\"async\" width=\"775\" height=\"940\" src=\"https:\/\/lucassen.de\/hausverwaltung\/wp-content\/uploads\/sites\/3\/image-9.png\" alt=\"\" class=\"wp-image-20202395\" style=\"width:60px\" srcset=\"https:\/\/lucassen.de\/hausverwaltung\/wp-content\/uploads\/sites\/3\/image-9.png 775w, https:\/\/lucassen.de\/hausverwaltung\/wp-content\/uploads\/sites\/3\/image-9-247x300.png 247w, https:\/\/lucassen.de\/hausverwaltung\/wp-content\/uploads\/sites\/3\/image-9-768x932.png 768w\" sizes=\"auto, (max-width: 775px) 100vw, 775px\" \/><\/figure>\n\n\n\n<div style=\"height:100px;width:0px\" aria-hidden=\"true\" class=\"wp-block-spacer wp-container-content-7adb698e\"><\/div>\n\n\n\n<h1 class=\"wp-block-heading\">Unsere Mietobjekte in Moers<\/h1>\n<\/div>\n<\/div><\/div>\n\n\n\n<div id=\"objekte\" class=\"wp-block-group\"><div class=\"wp-block-group__inner-container is-layout-constrained wp-block-group-is-layout-constrained\">\n<div class=\"wp-block-group is-layout-grid wp-container-core-group-is-layout-6be84c55 wp-block-group-is-layout-grid\">\n<div class=\"wp-block-group no-margin\"><div class=\"wp-block-group__inner-container is-layout-constrained wp-block-group-is-layout-constrained\">\n<p class=\"no-margin has-x-large-font-size\">Klever Stra\u00dfe<br>47441 Moers<\/p>\n\n\n\n<p>Wir betreuen 40 Mieteinheiten an der Klever Stra\u00dfe in Moers. Die Wohnungen verteilen sich auf f\u00fcnf zusammenh\u00e4ngende Geb\u00e4ude in einer weitl\u00e4ufigen Gr\u00fcnanlage mit Zufahrtswegen zu zahlreichen <a href=\"https:\/\/lucassen.de\/hausverwaltung\/mietobjekte\/moers\/parkraum\">Stellpl\u00e4tzen<\/a> und <a href=\"https:\/\/lucassen.de\/hausverwaltung\/mietobjekte\/moers\/parkraum\">Garagen<\/a>.<\/p>\n<\/div><\/div>\n\n\n\n<figure class=\"wp-block-image size-full\"><a href=\"https:\/\/lucassen.de\/hausverwaltung\/mietobjekte\/moers\/klever-str-51\"><img loading=\"lazy\" decoding=\"async\" width=\"513\" height=\"385\" src=\"https:\/\/lucassen.de\/hausverwaltung\/wp-content\/uploads\/sites\/3\/klever-strasse-edited-1.jpg\" alt=\"\" class=\"wp-image-20204541\" style=\"aspect-ratio:3\/2;object-fit:cover\"\/><\/a><figcaption class=\"wp-element-caption\"><a href=\"https:\/\/lucassen.de\/hausverwaltung\/mietobjekte\/moers\/klever-str-51\">Klever Str. 51<br>47441 Moers<\/a><\/figcaption><\/figure>\n\n\n\n<figure class=\"wp-block-image size-full\"><a href=\"https:\/\/lucassen.de\/hausverwaltung\/mietobjekte\/moers\/klever-str-53\"><img loading=\"lazy\" decoding=\"async\" width=\"513\" height=\"385\" src=\"https:\/\/lucassen.de\/hausverwaltung\/wp-content\/uploads\/sites\/3\/klever-strasse-edited-1.jpg\" alt=\"\" class=\"wp-image-20204541\" style=\"aspect-ratio:3\/2;object-fit:cover\"\/><\/a><figcaption class=\"wp-element-caption\"><a href=\"https:\/\/lucassen.de\/hausverwaltung\/mietobjekte\/moers\/klever-str-53\">Klever Str. 53<br>47441 Moers<\/a><\/figcaption><\/figure>\n\n\n\n<figure class=\"wp-block-image size-full\"><a href=\"https:\/\/lucassen.de\/hausverwaltung\/mietobjekte\/moers\/klever-str-55\"><img loading=\"lazy\" decoding=\"async\" width=\"513\" height=\"385\" src=\"https:\/\/lucassen.de\/hausverwaltung\/wp-content\/uploads\/sites\/3\/klever-strasse-edited.jpg\" alt=\"\" class=\"wp-image-20204532\" style=\"aspect-ratio:3\/2;object-fit:cover\"\/><\/a><figcaption class=\"wp-element-caption\"><a href=\"https:\/\/lucassen.de\/hausverwaltung\/mietobjekte\/moers\/klever-str-55\">Klever Str. 55<br>47441 Moers<\/a><\/figcaption><\/figure>\n\n\n\n<figure class=\"wp-block-image size-full\"><a href=\"https:\/\/lucassen.de\/hausverwaltung\/mietobjekte\/moers\/klever-str-57\"><img loading=\"lazy\" decoding=\"async\" width=\"513\" height=\"385\" src=\"https:\/\/lucassen.de\/hausverwaltung\/wp-content\/uploads\/sites\/3\/klever-strasse-edited.jpg\" alt=\"\" class=\"wp-image-20204532\" style=\"aspect-ratio:3\/2;object-fit:cover\"\/><\/a><figcaption class=\"wp-element-caption\"><a href=\"https:\/\/lucassen.de\/hausverwaltung\/mietobjekte\/moers\/klever-str-57\">Klever Str. 57<br>47441 Moers<\/a><\/figcaption><\/figure>\n\n\n\n<figure class=\"wp-block-image size-full\"><a href=\"https:\/\/lucassen.de\/hausverwaltung\/mietobjekte\/moers\/klever-str-59\"><img loading=\"lazy\" decoding=\"async\" width=\"513\" height=\"385\" src=\"https:\/\/lucassen.de\/hausverwaltung\/wp-content\/uploads\/sites\/3\/klever-strasse-edited.jpg\" alt=\"\" class=\"wp-image-20204532\" style=\"aspect-ratio:3\/2;object-fit:cover\"\/><\/a><figcaption class=\"wp-element-caption\"><a href=\"https:\/\/lucassen.de\/hausverwaltung\/mietobjekte\/moers\/klever-str-59\">Klever Str. 59<br>47441 Moers<\/a><\/figcaption><\/figure>\n<\/div>\n<\/div><\/div>\n\n\n\n<div id=\"lage\" class=\"wp-block-group has-white-color has-text-color has-background has-link-color wp-elements-e16e3c658998b0d1f9123e62fe6690ff\" style=\"background-color:#34485e\"><div class=\"wp-block-group__inner-container is-layout-constrained wp-block-group-is-layout-constrained\">\n<div class=\"wp-block-columns are-vertically-aligned-center is-layout-flex wp-container-core-columns-is-layout-9d6595d7 wp-block-columns-is-layout-flex\">\n<div class=\"wp-block-column is-vertically-aligned-center is-layout-flow wp-block-column-is-layout-flow\" style=\"flex-basis:30%\">\n<h2 class=\"wp-block-heading\">Lage<\/h2>\n\n\n\n<p>Die Wohngeb\u00e4ude an der Klever Stra\u00dfe liegen zentral in Moers in fu\u00dfl\u00e4ufiger N\u00e4he zur Innenstadt.<\/p>\n<\/div>\n\n\n\n<div class=\"wp-block-column is-vertically-aligned-center is-layout-flow wp-block-column-is-layout-flow\">\n<figure class=\"wp-block-gallery has-nested-images columns-default is-cropped wp-block-gallery-1 is-layout-flex wp-block-gallery-is-layout-flex\">\n<figure data-wp-context=\"{&quot;imageId&quot;:&quot;69e7882b8d403&quot;}\" data-wp-interactive=\"core\/image\" data-wp-key=\"69e7882b8d403\" class=\"wp-block-image size-large is-style-default wp-lightbox-container\"><img loading=\"lazy\" decoding=\"async\" width=\"1024\" height=\"640\" data-wp-class--hide=\"state.isContentHidden\" data-wp-class--show=\"state.isContentVisible\" data-wp-init=\"callbacks.setButtonStyles\" data-wp-on--click=\"actions.showLightbox\" data-wp-on--load=\"callbacks.setButtonStyles\" data-wp-on-window--resize=\"callbacks.setButtonStyles\" data-id=\"20202978\" src=\"https:\/\/lucassen.de\/hausverwaltung\/wp-content\/uploads\/sites\/3\/Flur-Klever-Str.-51-59-1024x640.jpg\" alt=\"\" class=\"wp-image-20202978\" srcset=\"https:\/\/lucassen.de\/hausverwaltung\/wp-content\/uploads\/sites\/3\/Flur-Klever-Str.-51-59-1024x640.jpg 1024w, https:\/\/lucassen.de\/hausverwaltung\/wp-content\/uploads\/sites\/3\/Flur-Klever-Str.-51-59-800x500.jpg 800w, https:\/\/lucassen.de\/hausverwaltung\/wp-content\/uploads\/sites\/3\/Flur-Klever-Str.-51-59-768x480.jpg 768w, https:\/\/lucassen.de\/hausverwaltung\/wp-content\/uploads\/sites\/3\/Flur-Klever-Str.-51-59-300x188.jpg 300w, https:\/\/lucassen.de\/hausverwaltung\/wp-content\/uploads\/sites\/3\/Flur-Klever-Str.-51-59.jpg 1200w\" sizes=\"auto, (max-width: 1024px) 100vw, 1024px\" \/><button\n\t\t\tclass=\"lightbox-trigger\"\n\t\t\ttype=\"button\"\n\t\t\taria-haspopup=\"dialog\"\n\t\t\taria-label=\"Vergr\u00f6\u00dfern\"\n\t\t\tdata-wp-init=\"callbacks.initTriggerButton\"\n\t\t\tdata-wp-on--click=\"actions.showLightbox\"\n\t\t\tdata-wp-style--right=\"state.imageButtonRight\"\n\t\t\tdata-wp-style--top=\"state.imageButtonTop\"\n\t\t>\n\t\t\t<svg xmlns=\"http:\/\/www.w3.org\/2000\/svg\" width=\"12\" height=\"12\" fill=\"none\" viewBox=\"0 0 12 12\">\n\t\t\t\t<path fill=\"#fff\" d=\"M2 0a2 2 0 0 0-2 2v2h1.5V2a.5.5 0 0 1 .5-.5h2V0H2Zm2 10.5H2a.5.5 0 0 1-.5-.5V8H0v2a2 2 0 0 0 2 2h2v-1.5ZM8 12v-1.5h2a.5.5 0 0 0 .5-.5V8H12v2a2 2 0 0 1-2 2H8Zm2-12a2 2 0 0 1 2 2v2h-1.5V2a.5.5 0 0 0-.5-.5H8V0h2Z\" \/>\n\t\t\t<\/svg>\n\t\t<\/button><\/figure>\n\n\n\n<figure data-wp-context=\"{&quot;imageId&quot;:&quot;69e7882b8ded3&quot;}\" data-wp-interactive=\"core\/image\" data-wp-key=\"69e7882b8ded3\" class=\"wp-block-image size-large is-style-default wp-lightbox-container\"><img loading=\"lazy\" decoding=\"async\" width=\"1024\" height=\"641\" data-wp-class--hide=\"state.isContentHidden\" data-wp-class--show=\"state.isContentVisible\" data-wp-init=\"callbacks.setButtonStyles\" data-wp-on--click=\"actions.showLightbox\" data-wp-on--load=\"callbacks.setButtonStyles\" data-wp-on-window--resize=\"callbacks.setButtonStyles\" data-id=\"20202979\" src=\"https:\/\/lucassen.de\/hausverwaltung\/wp-content\/uploads\/sites\/3\/Flur-Satellit-Klever-Str.-51-59-1024x641.jpg\" alt=\"\" class=\"wp-image-20202979\" srcset=\"https:\/\/lucassen.de\/hausverwaltung\/wp-content\/uploads\/sites\/3\/Flur-Satellit-Klever-Str.-51-59-1024x641.jpg 1024w, https:\/\/lucassen.de\/hausverwaltung\/wp-content\/uploads\/sites\/3\/Flur-Satellit-Klever-Str.-51-59-800x501.jpg 800w, https:\/\/lucassen.de\/hausverwaltung\/wp-content\/uploads\/sites\/3\/Flur-Satellit-Klever-Str.-51-59-768x481.jpg 768w, https:\/\/lucassen.de\/hausverwaltung\/wp-content\/uploads\/sites\/3\/Flur-Satellit-Klever-Str.-51-59-300x188.jpg 300w, https:\/\/lucassen.de\/hausverwaltung\/wp-content\/uploads\/sites\/3\/Flur-Satellit-Klever-Str.-51-59.jpg 1200w\" sizes=\"auto, (max-width: 1024px) 100vw, 1024px\" \/><button\n\t\t\tclass=\"lightbox-trigger\"\n\t\t\ttype=\"button\"\n\t\t\taria-haspopup=\"dialog\"\n\t\t\taria-label=\"Vergr\u00f6\u00dfern\"\n\t\t\tdata-wp-init=\"callbacks.initTriggerButton\"\n\t\t\tdata-wp-on--click=\"actions.showLightbox\"\n\t\t\tdata-wp-style--right=\"state.imageButtonRight\"\n\t\t\tdata-wp-style--top=\"state.imageButtonTop\"\n\t\t>\n\t\t\t<svg xmlns=\"http:\/\/www.w3.org\/2000\/svg\" width=\"12\" height=\"12\" fill=\"none\" viewBox=\"0 0 12 12\">\n\t\t\t\t<path fill=\"#fff\" d=\"M2 0a2 2 0 0 0-2 2v2h1.5V2a.5.5 0 0 1 .5-.5h2V0H2Zm2 10.5H2a.5.5 0 0 1-.5-.5V8H0v2a2 2 0 0 0 2 2h2v-1.5ZM8 12v-1.5h2a.5.5 0 0 0 .5-.5V8H12v2a2 2 0 0 1-2 2H8Zm2-12a2 2 0 0 1 2 2v2h-1.5V2a.5.5 0 0 0-.5-.5H8V0h2Z\" \/>\n\t\t\t<\/svg>\n\t\t<\/button><\/figure>\n<\/figure>\n<\/div>\n<\/div>\n<\/div><\/div>\n","protected":false},"excerpt":{"rendered":"<p>Klever Stra\u00dfe47441 Moers Wir betreuen 40 Mieteinheiten an der Klever Stra\u00dfe in Moers. Die Wohnungen verteilen sich auf f\u00fcnf zusammenh\u00e4ngende Geb\u00e4ude in einer weitl\u00e4ufigen Gr\u00fcnanlage mit Zufahrtswegen zu zahlreichen Stellpl\u00e4tzen und Garagen. Lage Die Wohngeb\u00e4ude [&hellip;]<\/p>\n","protected":false},"author":1,"featured_media":0,"parent":42,"menu_order":110,"comment_status":"closed","ping_status":"closed","template":"","meta":{"_acf_changed":false,"footnotes":""},"class_list":["post-397","page","type-page","status-publish","hentry"],"yoast_head":"<!-- This site is optimized with the Yoast SEO plugin v27.3 - https:\/\/yoast.com\/product\/yoast-seo-wordpress\/ -->\n<title>Moers - Lucassen Hausverwaltung<\/title>\n<meta name=\"robots\" content=\"index, follow, max-snippet:-1, max-image-preview:large, max-video-preview:-1\" \/>\n<link rel=\"canonical\" href=\"https:\/\/lucassen.de\/hausverwaltung\/mietobjekte\/moers\" \/>\n<meta property=\"og:locale\" content=\"de_DE\" \/>\n<meta property=\"og:type\" content=\"article\" \/>\n<meta property=\"og:title\" content=\"Moers - Lucassen Hausverwaltung\" \/>\n<meta property=\"og:description\" content=\"Klever Stra\u00dfe47441 Moers Wir betreuen 40 Mieteinheiten an der Klever Stra\u00dfe in Moers. Die Wohnungen verteilen sich auf f\u00fcnf zusammenh\u00e4ngende Geb\u00e4ude in einer weitl\u00e4ufigen Gr\u00fcnanlage mit Zufahrtswegen zu zahlreichen Stellpl\u00e4tzen und Garagen. Lage Die Wohngeb\u00e4ude [&hellip;]\" \/>\n<meta property=\"og:url\" content=\"https:\/\/lucassen.de\/hausverwaltung\/mietobjekte\/moers\" \/>\n<meta property=\"og:site_name\" content=\"Lucassen Hausverwaltung\" \/>\n<meta property=\"article:modified_time\" content=\"2025-04-25T23:05:17+00:00\" \/>\n<meta property=\"og:image\" content=\"https:\/\/lucassen.de\/hausverwaltung\/wp-content\/uploads\/sites\/3\/Moers-1.jpg\" \/>\n\t<meta property=\"og:image:width\" content=\"2400\" \/>\n\t<meta property=\"og:image:height\" content=\"800\" \/>\n\t<meta property=\"og:image:type\" content=\"image\/jpeg\" \/>\n<meta name=\"twitter:card\" content=\"summary_large_image\" \/>\n<meta name=\"twitter:label1\" content=\"Gesch\u00e4tzte Lesezeit\" \/>\n\t<meta name=\"twitter:data1\" content=\"3\u00a0Minuten\" \/>\n<script type=\"application\/ld+json\" class=\"yoast-schema-graph\">{\"@context\":\"https:\\\/\\\/schema.org\",\"@graph\":[{\"@type\":\"WebPage\",\"@id\":\"https:\\\/\\\/lucassen.de\\\/hausverwaltung\\\/mietobjekte\\\/moers\",\"url\":\"https:\\\/\\\/lucassen.de\\\/hausverwaltung\\\/mietobjekte\\\/moers\",\"name\":\"Moers - Lucassen Hausverwaltung\",\"isPartOf\":{\"@id\":\"https:\\\/\\\/lucassen.de\\\/hausverwaltung\\\/#website\"},\"primaryImageOfPage\":{\"@id\":\"https:\\\/\\\/lucassen.de\\\/hausverwaltung\\\/mietobjekte\\\/moers#primaryimage\"},\"image\":{\"@id\":\"https:\\\/\\\/lucassen.de\\\/hausverwaltung\\\/mietobjekte\\\/moers#primaryimage\"},\"thumbnailUrl\":\"https:\\\/\\\/lucassen.de\\\/hausverwaltung\\\/wp-content\\\/uploads\\\/sites\\\/3\\\/Moers-1.jpg\",\"datePublished\":\"2020-02-02T21:58:35+00:00\",\"dateModified\":\"2025-04-25T23:05:17+00:00\",\"breadcrumb\":{\"@id\":\"https:\\\/\\\/lucassen.de\\\/hausverwaltung\\\/mietobjekte\\\/moers#breadcrumb\"},\"inLanguage\":\"de\",\"potentialAction\":[{\"@type\":\"ReadAction\",\"target\":[\"https:\\\/\\\/lucassen.de\\\/hausverwaltung\\\/mietobjekte\\\/moers\"]}]},{\"@type\":\"ImageObject\",\"inLanguage\":\"de\",\"@id\":\"https:\\\/\\\/lucassen.de\\\/hausverwaltung\\\/mietobjekte\\\/moers#primaryimage\",\"url\":\"https:\\\/\\\/lucassen.de\\\/hausverwaltung\\\/wp-content\\\/uploads\\\/sites\\\/3\\\/Moers-1.jpg\",\"contentUrl\":\"https:\\\/\\\/lucassen.de\\\/hausverwaltung\\\/wp-content\\\/uploads\\\/sites\\\/3\\\/Moers-1.jpg\",\"width\":2400,\"height\":800},{\"@type\":\"BreadcrumbList\",\"@id\":\"https:\\\/\\\/lucassen.de\\\/hausverwaltung\\\/mietobjekte\\\/moers#breadcrumb\",\"itemListElement\":[{\"@type\":\"ListItem\",\"position\":1,\"name\":\"Startseite\",\"item\":\"https:\\\/\\\/lucassen.de\\\/hausverwaltung\\\/\"},{\"@type\":\"ListItem\",\"position\":2,\"name\":\"Mietobjekte\",\"item\":\"https:\\\/\\\/lucassen.de\\\/hausverwaltung\\\/mietobjekte\"},{\"@type\":\"ListItem\",\"position\":3,\"name\":\"Moers\"}]},{\"@type\":\"WebSite\",\"@id\":\"https:\\\/\\\/lucassen.de\\\/hausverwaltung\\\/#website\",\"url\":\"https:\\\/\\\/lucassen.de\\\/hausverwaltung\\\/\",\"name\":\"Lucassen Hausverwaltung\",\"description\":\"\",\"publisher\":{\"@id\":\"https:\\\/\\\/lucassen.de\\\/hausverwaltung\\\/#organization\"},\"potentialAction\":[{\"@type\":\"SearchAction\",\"target\":{\"@type\":\"EntryPoint\",\"urlTemplate\":\"https:\\\/\\\/lucassen.de\\\/hausverwaltung\\\/?s={search_term_string}\"},\"query-input\":{\"@type\":\"PropertyValueSpecification\",\"valueRequired\":true,\"valueName\":\"search_term_string\"}}],\"inLanguage\":\"de\"},{\"@type\":\"Organization\",\"@id\":\"https:\\\/\\\/lucassen.de\\\/hausverwaltung\\\/#organization\",\"name\":\"Lucassen Hausverwaltung\",\"url\":\"https:\\\/\\\/lucassen.de\\\/hausverwaltung\\\/\",\"logo\":{\"@type\":\"ImageObject\",\"inLanguage\":\"de\",\"@id\":\"https:\\\/\\\/lucassen.de\\\/hausverwaltung\\\/#\\\/schema\\\/logo\\\/image\\\/\",\"url\":\"https:\\\/\\\/lucassen.de\\\/hausverwaltung\\\/wp-content\\\/uploads\\\/sites\\\/3\\\/hausverwaltung_logo_2020.png\",\"contentUrl\":\"https:\\\/\\\/lucassen.de\\\/hausverwaltung\\\/wp-content\\\/uploads\\\/sites\\\/3\\\/hausverwaltung_logo_2020.png\",\"width\":277,\"height\":249,\"caption\":\"Lucassen Hausverwaltung\"},\"image\":{\"@id\":\"https:\\\/\\\/lucassen.de\\\/hausverwaltung\\\/#\\\/schema\\\/logo\\\/image\\\/\"}}]}<\/script>\n<!-- \/ Yoast SEO plugin. -->","yoast_head_json":{"title":"Moers - Lucassen Hausverwaltung","robots":{"index":"index","follow":"follow","max-snippet":"max-snippet:-1","max-image-preview":"max-image-preview:large","max-video-preview":"max-video-preview:-1"},"canonical":"https:\/\/lucassen.de\/hausverwaltung\/mietobjekte\/moers","og_locale":"de_DE","og_type":"article","og_title":"Moers - Lucassen Hausverwaltung","og_description":"Klever Stra\u00dfe47441 Moers Wir betreuen 40 Mieteinheiten an der Klever Stra\u00dfe in Moers. Die Wohnungen verteilen sich auf f\u00fcnf zusammenh\u00e4ngende Geb\u00e4ude in einer weitl\u00e4ufigen Gr\u00fcnanlage mit Zufahrtswegen zu zahlreichen Stellpl\u00e4tzen und Garagen. Lage Die Wohngeb\u00e4ude [&hellip;]","og_url":"https:\/\/lucassen.de\/hausverwaltung\/mietobjekte\/moers","og_site_name":"Lucassen Hausverwaltung","article_modified_time":"2025-04-25T23:05:17+00:00","og_image":[{"width":2400,"height":800,"url":"https:\/\/lucassen.de\/hausverwaltung\/wp-content\/uploads\/sites\/3\/Moers-1.jpg","type":"image\/jpeg"}],"twitter_card":"summary_large_image","twitter_misc":{"Gesch\u00e4tzte Lesezeit":"3\u00a0Minuten"},"schema":{"@context":"https:\/\/schema.org","@graph":[{"@type":"WebPage","@id":"https:\/\/lucassen.de\/hausverwaltung\/mietobjekte\/moers","url":"https:\/\/lucassen.de\/hausverwaltung\/mietobjekte\/moers","name":"Moers - Lucassen Hausverwaltung","isPartOf":{"@id":"https:\/\/lucassen.de\/hausverwaltung\/#website"},"primaryImageOfPage":{"@id":"https:\/\/lucassen.de\/hausverwaltung\/mietobjekte\/moers#primaryimage"},"image":{"@id":"https:\/\/lucassen.de\/hausverwaltung\/mietobjekte\/moers#primaryimage"},"thumbnailUrl":"https:\/\/lucassen.de\/hausverwaltung\/wp-content\/uploads\/sites\/3\/Moers-1.jpg","datePublished":"2020-02-02T21:58:35+00:00","dateModified":"2025-04-25T23:05:17+00:00","breadcrumb":{"@id":"https:\/\/lucassen.de\/hausverwaltung\/mietobjekte\/moers#breadcrumb"},"inLanguage":"de","potentialAction":[{"@type":"ReadAction","target":["https:\/\/lucassen.de\/hausverwaltung\/mietobjekte\/moers"]}]},{"@type":"ImageObject","inLanguage":"de","@id":"https:\/\/lucassen.de\/hausverwaltung\/mietobjekte\/moers#primaryimage","url":"https:\/\/lucassen.de\/hausverwaltung\/wp-content\/uploads\/sites\/3\/Moers-1.jpg","contentUrl":"https:\/\/lucassen.de\/hausverwaltung\/wp-content\/uploads\/sites\/3\/Moers-1.jpg","width":2400,"height":800},{"@type":"BreadcrumbList","@id":"https:\/\/lucassen.de\/hausverwaltung\/mietobjekte\/moers#breadcrumb","itemListElement":[{"@type":"ListItem","position":1,"name":"Startseite","item":"https:\/\/lucassen.de\/hausverwaltung\/"},{"@type":"ListItem","position":2,"name":"Mietobjekte","item":"https:\/\/lucassen.de\/hausverwaltung\/mietobjekte"},{"@type":"ListItem","position":3,"name":"Moers"}]},{"@type":"WebSite","@id":"https:\/\/lucassen.de\/hausverwaltung\/#website","url":"https:\/\/lucassen.de\/hausverwaltung\/","name":"Lucassen Hausverwaltung","description":"","publisher":{"@id":"https:\/\/lucassen.de\/hausverwaltung\/#organization"},"potentialAction":[{"@type":"SearchAction","target":{"@type":"EntryPoint","urlTemplate":"https:\/\/lucassen.de\/hausverwaltung\/?s={search_term_string}"},"query-input":{"@type":"PropertyValueSpecification","valueRequired":true,"valueName":"search_term_string"}}],"inLanguage":"de"},{"@type":"Organization","@id":"https:\/\/lucassen.de\/hausverwaltung\/#organization","name":"Lucassen Hausverwaltung","url":"https:\/\/lucassen.de\/hausverwaltung\/","logo":{"@type":"ImageObject","inLanguage":"de","@id":"https:\/\/lucassen.de\/hausverwaltung\/#\/schema\/logo\/image\/","url":"https:\/\/lucassen.de\/hausverwaltung\/wp-content\/uploads\/sites\/3\/hausverwaltung_logo_2020.png","contentUrl":"https:\/\/lucassen.de\/hausverwaltung\/wp-content\/uploads\/sites\/3\/hausverwaltung_logo_2020.png","width":277,"height":249,"caption":"Lucassen Hausverwaltung"},"image":{"@id":"https:\/\/lucassen.de\/hausverwaltung\/#\/schema\/logo\/image\/"}}]}},"acf":[],"_links":{"self":[{"href":"https:\/\/lucassen.de\/hausverwaltung\/wp-json\/wp\/v2\/pages\/397","targetHints":{"allow":["GET"]}}],"collection":[{"href":"https:\/\/lucassen.de\/hausverwaltung\/wp-json\/wp\/v2\/pages"}],"about":[{"href":"https:\/\/lucassen.de\/hausverwaltung\/wp-json\/wp\/v2\/types\/page"}],"author":[{"embeddable":true,"href":"https:\/\/lucassen.de\/hausverwaltung\/wp-json\/wp\/v2\/users\/1"}],"replies":[{"embeddable":true,"href":"https:\/\/lucassen.de\/hausverwaltung\/wp-json\/wp\/v2\/comments?post=397"}],"version-history":[{"count":45,"href":"https:\/\/lucassen.de\/hausverwaltung\/wp-json\/wp\/v2\/pages\/397\/revisions"}],"predecessor-version":[{"id":20205673,"href":"https:\/\/lucassen.de\/hausverwaltung\/wp-json\/wp\/v2\/pages\/397\/revisions\/20205673"}],"up":[{"embeddable":true,"href":"https:\/\/lucassen.de\/hausverwaltung\/wp-json\/wp\/v2\/pages\/42"}],"wp:attachment":[{"href":"https:\/\/lucassen.de\/hausverwaltung\/wp-json\/wp\/v2\/media?parent=397"}],"curies":[{"name":"wp","href":"https:\/\/api.w.org\/{rel}","templated":true}]}}