{"id":20202353,"date":"2024-10-26T02:26:42","date_gmt":"2024-10-26T00:26:42","guid":{"rendered":"https:\/\/lucassen.de\/hausverwaltung\/?page_id=20202353"},"modified":"2024-10-26T02:26:42","modified_gmt":"2024-10-26T00:26:42","slug":"krefeld","status":"publish","type":"page","link":"https:\/\/lucassen.de\/kiosk\/notfall-rufnummern\/krefeld\/","title":{"rendered":"Krefeld"},"content":{"rendered":"\n<div class=\"wp-block-cover\" style=\"min-height:40vh;aspect-ratio:unset;\"><span aria-hidden=\"true\" class=\"wp-block-cover__background has-background-dim-90 has-background-dim wp-block-cover__gradient-background has-background-gradient\" style=\"background:linear-gradient(140deg,rgb(52,72,94) 0%,rgba(52,72,94,0.89) 51%,rgba(52,72,94,0.41) 100%)\"><\/span><img decoding=\"async\" class=\"wp-block-cover__image-background wp-image-23\" alt=\"\" src=\"https:\/\/lucassen.de\/hausverwaltung\/wp-content\/uploads\/sites\/3\/iphone-6-in-girls-hands-2210x1473-1.jpg\" data-object-fit=\"cover\" \/><div class=\"wp-block-cover__inner-container is-layout-constrained wp-container-core-cover-is-layout-48c9aa2a wp-block-cover-is-layout-constrained\">\n<div class=\"wp-block-group\"><div class=\"wp-block-group__inner-container is-layout-flow wp-block-group-is-layout-flow\">\n<h1 class=\"wp-block-heading\">Notfall-Rufnummern f\u00fcr Krefeld<\/h1>\n<\/div><\/div>\n<\/div><\/div>\n\n\n\n<div class=\"wp-block-group\"><div class=\"wp-block-group__inner-container is-layout-constrained wp-block-group-is-layout-constrained\">\n<div class=\"wp-block-columns are-vertically-aligned-center is-layout-flex wp-container-core-columns-is-layout-c9b6521d wp-block-columns-is-layout-flex\">\n<div class=\"wp-block-column is-vertically-aligned-center is-layout-flow wp-block-column-is-layout-flow\" style=\"flex-basis:50%\">\n<p>In F\u00e4llen, in denen au\u00dferhalb unserer Gesch\u00e4ftszeiten sofortige Hilfe ben\u00f6tigt wird, z. B. Rohrbruch, Totalausfall der Heizung oder \u00c4hnliches, k\u00f6nnen Sie nat\u00fcrlich selbst direkt den Notdienst der Handwerker anrufen.<\/p>\n\n\n\n<blockquote class=\"wp-block-quote is-layout-flow wp-block-quote-is-layout-flow\">\n<p><em>Die Notdienste d\u00fcrfen nur den Notstand beseitigen.<\/em><br><em>Weitere Arbeiten sind <strong>vorher<\/strong> mit der Hausverwaltung abzusprechen.<\/em><\/p>\n<\/blockquote>\n\n\n\n<p>Die entsprechenden Telefonnummern finden Sie auf der Notfall-Liste in Ihrem Hausflur. Falls es dort keinen Aushang mehr gibt, nutzen Sie bitte folgende Kontakte:<\/p>\n<\/div>\n\n\n\n<div class=\"wp-block-column is-vertically-aligned-center is-layout-flow wp-block-column-is-layout-flow\" style=\"flex-basis:50%\">\n<figure class=\"wp-block-image size-full is-resized\"><img decoding=\"async\" src=\"https:\/\/lucassen.de\/hausverwaltung\/wp-content\/uploads\/sites\/3\/karte-wappen-krefeld-edited.png\" alt=\"\" class=\"wp-image-20204404\" style=\"aspect-ratio:4\/3;object-fit:cover;width:auto;height:300px\" \/><\/figure>\n<\/div>\n<\/div>\n<\/div><\/div>\n\n\n\n<div class=\"wp-block-group\"><div class=\"wp-block-group__inner-container is-layout-constrained wp-block-group-is-layout-constrained\">\n<div class=\"wp-block-columns is-layout-flex wp-container-core-columns-is-layout-9d6595d7 wp-block-columns-is-layout-flex\">\n<div class=\"wp-block-column is-layout-flow wp-block-column-is-layout-flow\" style=\"flex-basis:33.34%\">\n<div class=\"wp-block-group\"><div class=\"wp-block-group__inner-container is-layout-constrained wp-block-group-is-layout-constrained\">\n<p class=\"has-large-font-size\"><strong>Polizei<\/strong><\/p>\n\n\n\n<p><mark class=\"has-inline-color has-vivid-red-color\"><strong><i class=\"fa fa-phone\"><\/i><\/strong><\/mark> <mark class=\"has-inline-color has-vivid-red-color\"><strong>Notruf: <a href=\"tel:+49110\">110<\/a><\/strong><\/mark><\/p>\n\n\n\n<p><strong>Polizeiwache Traar-Verberg<\/strong><br>Kemmerhofstra\u00dfe 321<br>47802 Krefeld (Traar)<br><strong><i class=\"fa fa-phone\"><\/i><\/strong> Telefon: <a href=\"tel:+4921516340\">(02151) 6340<\/a><\/p>\n<\/div><\/div>\n<\/div>\n\n\n\n<div class=\"wp-block-column is-layout-flow wp-block-column-is-layout-flow\" style=\"flex-basis:33.34%\">\n<div class=\"wp-block-group\"><div class=\"wp-block-group__inner-container is-layout-constrained wp-block-group-is-layout-constrained\">\n<p class=\"has-large-font-size\"><strong>Feuerwehr\/Notarzt<\/strong><\/p>\n\n\n\n<p><mark class=\"has-inline-color has-vivid-red-color\"><strong><i class=\"fa fa-phone\"><\/i><\/strong><\/mark> <strong>Notruf: <a href=\"tel:+49112\">112<\/a><\/strong><\/p>\n\n\n\n<p><strong>Feuerwehr Krefeld<\/strong><br>Zur Feuerwache 4<br>47805 Krefeld (Die\u00dfem\/Lehmheide)<br><strong><i class=\"fa fa-phone\"><\/i><\/strong> Telefon: <a href=\"tel:+49215182130\">(02151)  82130<\/a><\/p>\n<\/div><\/div>\n<\/div>\n\n\n\n<div class=\"wp-block-column is-layout-flow wp-block-column-is-layout-flow\" style=\"flex-basis:33.33%\"><\/div>\n<\/div>\n<\/div><\/div>\n\n\n\n<div class=\"wp-block-group\"><div class=\"wp-block-group__inner-container is-layout-constrained wp-block-group-is-layout-constrained\">\n<div class=\"wp-block-group is-layout-grid wp-container-core-group-is-layout-6be84c55 wp-block-group-is-layout-grid\">\n<div class=\"wp-block-group\"><div class=\"wp-block-group__inner-container is-layout-constrained wp-block-group-is-layout-constrained\">\n<p class=\"has-large-font-size\"><strong>Gas\/Wasser<\/strong><\/p>\n\n\n\n<p><mark class=\"has-inline-color has-vivid-red-color\"><strong><i class=\"fa fa-phone\"><\/i><\/strong><\/mark> Notdienst: \u202d<a href=\"tel:+498002425400\">(0800)  2425400<\/a><\/p>\n\n\n\n<p><strong>NGN Netzgesellschaft Niederrhein mbH<\/strong><br>St. T\u00f6niser Str. 126<br>47804 Krefeld (Kempener Feld\/Baakeshof)<\/p>\n<\/div><\/div>\n\n\n\n<div class=\"wp-block-group\"><div class=\"wp-block-group__inner-container is-layout-constrained wp-block-group-is-layout-constrained\">\n<p class=\"has-large-font-size\"><strong>Elektro<\/strong><\/p>\n\n\n\n<p><mark class=\"has-inline-color has-vivid-red-color\"><strong><i class=\"fa fa-phone\"><\/i><\/strong><\/mark> Notdienst: \u202d<a href=\"tel:+492151598371\">(02151)  598371<\/a><\/p>\n\n\n\n<p><strong>Elektro Lingen<\/strong><br>Kreuzbergstr. 111<br>47800 Krefeld\u202c (Bockum)<\/p>\n<\/div><\/div>\n\n\n\n<div class=\"wp-block-group\"><div class=\"wp-block-group__inner-container is-layout-constrained wp-block-group-is-layout-constrained\">\n<p class=\"has-large-font-size\"><strong>Sanit\u00e4r\/Heizung<\/strong><\/p>\n\n\n\n<p><mark class=\"has-inline-color has-vivid-red-color\"><strong><i class=\"fa fa-phone\"><\/i><\/strong><\/mark> Notdienst: \u202d<a href=\"tel:+491747111815\">(0174)  7111815\u202c<\/a><\/p>\n\n\n\n<p><strong>Firma Boguhn<\/strong><br>Lange Str. 74A<br>47228 Duisburg (Rheinhausen)<br><span style=\"font-size: revert\"><i class=\"fa fa-phone\"><\/i> Telefon (B\u00fcro): \u202d<\/span><a href=\"tel:+49206561396\">(02065)  61396\u202c<\/a><\/p>\n<\/div><\/div>\n\n\n\n<div class=\"wp-block-group\"><div class=\"wp-block-group__inner-container is-layout-constrained wp-block-group-is-layout-constrained\">\n<p class=\"has-large-font-size\"><strong>Rohrreinigung<\/strong><\/p>\n\n\n\n<p><mark class=\"has-inline-color has-vivid-red-color\"><strong><i class=\"fa fa-phone\"><\/i><\/strong><\/mark> Notdienst: <a href=\"tel:+4980042663253\">(0800)  42663253<\/a><\/p>\n\n\n\n<p><strong>Hannecke GmbH<\/strong><br>Max-Planck-Ring 30<br>46049 Oberhausen<\/p>\n<\/div><\/div>\n\n\n\n<div class=\"wp-block-group\"><div class=\"wp-block-group__inner-container is-layout-constrained wp-block-group-is-layout-constrained\">\n<p class=\"has-large-font-size\"><strong>Dachdecker<\/strong><\/p>\n\n\n\n<p><mark class=\"has-inline-color has-vivid-red-color\"><strong><i class=\"fa fa-phone\"><\/i><\/strong><\/mark> Notdienst: <a href=\"tel:+4928419553530\">(\u202d02841)  9553530\u202c<\/a><\/p>\n\n\n\n<p><strong>Piche Bedachungen und Zimmerei GmbH<\/strong><br>Elisenstra\u00dfe 63<br>47199 Duisburg (Baerl)<\/p>\n<\/div><\/div>\n\n\n\n<div class=\"wp-block-group\"><div class=\"wp-block-group__inner-container is-layout-constrained wp-block-group-is-layout-constrained\">\n<p class=\"has-large-font-size\"><strong>Schl\u00fcsseldienst<\/strong><\/p>\n\n\n\n<p><mark class=\"has-inline-color has-vivid-red-color\"><strong><i class=\"fa fa-phone\"><\/i><\/strong><\/mark> Notdienst: <a href=\"tel:+49206547813\">(02065)  47813<\/a><\/p>\n\n\n\n<p><strong>Schl\u00fcsseldienst Aljamal<\/strong><br>Kaiserstra\u00dfe 67<br>47229 Duisburg (Friemersheim)<\/p>\n<\/div><\/div>\n<\/div>\n<\/div><\/div>\n\n\n\n<p><\/p>\n","protected":false},"excerpt":{"rendered":"<p>In F\u00e4llen, in denen au\u00dferhalb unserer Gesch\u00e4ftszeiten sofortige Hilfe ben\u00f6tigt wird, z. B. Rohrbruch, Totalausfall der Heizung oder \u00c4hnliches, k\u00f6nnen Sie nat\u00fcrlich selbst direkt den Notdienst der Handwerker anrufen. Die Notdienste d\u00fcrfen nur den Notstand [&hellip;]<\/p>\n","protected":false},"author":1,"featured_media":0,"parent":20202320,"menu_order":430,"comment_status":"closed","ping_status":"closed","template":"","meta":{"footnotes":""},"class_list":["post-20202353","page","type-page","status-publish","hentry"],"yoast_head":"<!-- This site is optimized with the Yoast SEO plugin v27.3 - https:\/\/yoast.com\/product\/yoast-seo-wordpress\/ -->\n<title>Krefeld - Lucassen Kiosk<\/title>\n<meta name=\"robots\" content=\"index, follow, max-snippet:-1, max-image-preview:large, max-video-preview:-1\" \/>\n<link rel=\"canonical\" href=\"https:\/\/lucassen.de\/kiosk\/notfall-rufnummern\/krefeld\/\" \/>\n<meta property=\"og:locale\" content=\"de_DE\" \/>\n<meta property=\"og:type\" content=\"article\" \/>\n<meta property=\"og:title\" content=\"Krefeld - Lucassen Kiosk\" \/>\n<meta property=\"og:description\" content=\"In F\u00e4llen, in denen au\u00dferhalb unserer Gesch\u00e4ftszeiten sofortige Hilfe ben\u00f6tigt wird, z. B. Rohrbruch, Totalausfall der Heizung oder \u00c4hnliches, k\u00f6nnen Sie nat\u00fcrlich selbst direkt den Notdienst der Handwerker anrufen. Die Notdienste d\u00fcrfen nur den Notstand [&hellip;]\" \/>\n<meta property=\"og:url\" content=\"https:\/\/lucassen.de\/kiosk\/notfall-rufnummern\/krefeld\/\" \/>\n<meta property=\"og:site_name\" content=\"Lucassen Kiosk\" \/>\n<meta name=\"twitter:card\" content=\"summary_large_image\" \/>\n<meta name=\"twitter:label1\" content=\"Gesch\u00e4tzte Lesezeit\" \/>\n\t<meta name=\"twitter:data1\" content=\"2\u00a0Minuten\" \/>\n<script type=\"application\/ld+json\" class=\"yoast-schema-graph\">{\"@context\":\"https:\\\/\\\/schema.org\",\"@graph\":[{\"@type\":\"WebPage\",\"@id\":\"https:\\\/\\\/lucassen.de\\\/kiosk\\\/notfall-rufnummern\\\/krefeld\\\/\",\"url\":\"https:\\\/\\\/lucassen.de\\\/kiosk\\\/notfall-rufnummern\\\/krefeld\\\/\",\"name\":\"Krefeld - Lucassen Kiosk\",\"isPartOf\":{\"@id\":\"https:\\\/\\\/lucassen.de\\\/kiosk\\\/#website\"},\"primaryImageOfPage\":{\"@id\":\"https:\\\/\\\/lucassen.de\\\/kiosk\\\/notfall-rufnummern\\\/krefeld\\\/#primaryimage\"},\"image\":{\"@id\":\"https:\\\/\\\/lucassen.de\\\/kiosk\\\/notfall-rufnummern\\\/krefeld\\\/#primaryimage\"},\"thumbnailUrl\":\"https:\\\/\\\/lucassen.de\\\/hausverwaltung\\\/wp-content\\\/uploads\\\/sites\\\/3\\\/iphone-6-in-girls-hands-2210x1473-1.jpg\",\"datePublished\":\"2024-10-26T00:26:42+00:00\",\"breadcrumb\":{\"@id\":\"https:\\\/\\\/lucassen.de\\\/kiosk\\\/notfall-rufnummern\\\/krefeld\\\/#breadcrumb\"},\"inLanguage\":\"de\",\"potentialAction\":[{\"@type\":\"ReadAction\",\"target\":[\"https:\\\/\\\/lucassen.de\\\/kiosk\\\/notfall-rufnummern\\\/krefeld\\\/\"]}]},{\"@type\":\"ImageObject\",\"inLanguage\":\"de\",\"@id\":\"https:\\\/\\\/lucassen.de\\\/kiosk\\\/notfall-rufnummern\\\/krefeld\\\/#primaryimage\",\"url\":\"https:\\\/\\\/lucassen.de\\\/hausverwaltung\\\/wp-content\\\/uploads\\\/sites\\\/3\\\/iphone-6-in-girls-hands-2210x1473-1.jpg\",\"contentUrl\":\"https:\\\/\\\/lucassen.de\\\/hausverwaltung\\\/wp-content\\\/uploads\\\/sites\\\/3\\\/iphone-6-in-girls-hands-2210x1473-1.jpg\"},{\"@type\":\"BreadcrumbList\",\"@id\":\"https:\\\/\\\/lucassen.de\\\/kiosk\\\/notfall-rufnummern\\\/krefeld\\\/#breadcrumb\",\"itemListElement\":[{\"@type\":\"ListItem\",\"position\":1,\"name\":\"Startseite\",\"item\":\"https:\\\/\\\/lucassen.de\\\/kiosk\\\/\"},{\"@type\":\"ListItem\",\"position\":2,\"name\":\"Notfall-Rufnummern\",\"item\":\"https:\\\/\\\/lucassen.de\\\/kiosk\\\/notfall-rufnummern\\\/\"},{\"@type\":\"ListItem\",\"position\":3,\"name\":\"Krefeld\"}]},{\"@type\":\"WebSite\",\"@id\":\"https:\\\/\\\/lucassen.de\\\/kiosk\\\/#website\",\"url\":\"https:\\\/\\\/lucassen.de\\\/kiosk\\\/\",\"name\":\"Lucassen Kiosk\",\"description\":\"\",\"publisher\":{\"@id\":\"https:\\\/\\\/lucassen.de\\\/kiosk\\\/#organization\"},\"potentialAction\":[{\"@type\":\"SearchAction\",\"target\":{\"@type\":\"EntryPoint\",\"urlTemplate\":\"https:\\\/\\\/lucassen.de\\\/kiosk\\\/?s={search_term_string}\"},\"query-input\":{\"@type\":\"PropertyValueSpecification\",\"valueRequired\":true,\"valueName\":\"search_term_string\"}}],\"inLanguage\":\"de\"},{\"@type\":\"Organization\",\"@id\":\"https:\\\/\\\/lucassen.de\\\/kiosk\\\/#organization\",\"name\":\"Lucassen Kiosk\",\"url\":\"https:\\\/\\\/lucassen.de\\\/kiosk\\\/\",\"logo\":{\"@type\":\"ImageObject\",\"inLanguage\":\"de\",\"@id\":\"https:\\\/\\\/lucassen.de\\\/kiosk\\\/#\\\/schema\\\/logo\\\/image\\\/\",\"url\":\"https:\\\/\\\/lucassen.de\\\/kiosk\\\/wp-content\\\/uploads\\\/sites\\\/7\\\/2025\\\/06\\\/cropped-hausverwaltung_logo_2020.png\",\"contentUrl\":\"https:\\\/\\\/lucassen.de\\\/kiosk\\\/wp-content\\\/uploads\\\/sites\\\/7\\\/2025\\\/06\\\/cropped-hausverwaltung_logo_2020.png\",\"width\":277,\"height\":249,\"caption\":\"Lucassen Kiosk\"},\"image\":{\"@id\":\"https:\\\/\\\/lucassen.de\\\/kiosk\\\/#\\\/schema\\\/logo\\\/image\\\/\"}}]}<\/script>\n<!-- \/ Yoast SEO plugin. -->","yoast_head_json":{"title":"Krefeld - Lucassen Kiosk","robots":{"index":"index","follow":"follow","max-snippet":"max-snippet:-1","max-image-preview":"max-image-preview:large","max-video-preview":"max-video-preview:-1"},"canonical":"https:\/\/lucassen.de\/kiosk\/notfall-rufnummern\/krefeld\/","og_locale":"de_DE","og_type":"article","og_title":"Krefeld - Lucassen Kiosk","og_description":"In F\u00e4llen, in denen au\u00dferhalb unserer Gesch\u00e4ftszeiten sofortige Hilfe ben\u00f6tigt wird, z. B. Rohrbruch, Totalausfall der Heizung oder \u00c4hnliches, k\u00f6nnen Sie nat\u00fcrlich selbst direkt den Notdienst der Handwerker anrufen. Die Notdienste d\u00fcrfen nur den Notstand [&hellip;]","og_url":"https:\/\/lucassen.de\/kiosk\/notfall-rufnummern\/krefeld\/","og_site_name":"Lucassen Kiosk","twitter_card":"summary_large_image","twitter_misc":{"Gesch\u00e4tzte Lesezeit":"2\u00a0Minuten"},"schema":{"@context":"https:\/\/schema.org","@graph":[{"@type":"WebPage","@id":"https:\/\/lucassen.de\/kiosk\/notfall-rufnummern\/krefeld\/","url":"https:\/\/lucassen.de\/kiosk\/notfall-rufnummern\/krefeld\/","name":"Krefeld - Lucassen Kiosk","isPartOf":{"@id":"https:\/\/lucassen.de\/kiosk\/#website"},"primaryImageOfPage":{"@id":"https:\/\/lucassen.de\/kiosk\/notfall-rufnummern\/krefeld\/#primaryimage"},"image":{"@id":"https:\/\/lucassen.de\/kiosk\/notfall-rufnummern\/krefeld\/#primaryimage"},"thumbnailUrl":"https:\/\/lucassen.de\/hausverwaltung\/wp-content\/uploads\/sites\/3\/iphone-6-in-girls-hands-2210x1473-1.jpg","datePublished":"2024-10-26T00:26:42+00:00","breadcrumb":{"@id":"https:\/\/lucassen.de\/kiosk\/notfall-rufnummern\/krefeld\/#breadcrumb"},"inLanguage":"de","potentialAction":[{"@type":"ReadAction","target":["https:\/\/lucassen.de\/kiosk\/notfall-rufnummern\/krefeld\/"]}]},{"@type":"ImageObject","inLanguage":"de","@id":"https:\/\/lucassen.de\/kiosk\/notfall-rufnummern\/krefeld\/#primaryimage","url":"https:\/\/lucassen.de\/hausverwaltung\/wp-content\/uploads\/sites\/3\/iphone-6-in-girls-hands-2210x1473-1.jpg","contentUrl":"https:\/\/lucassen.de\/hausverwaltung\/wp-content\/uploads\/sites\/3\/iphone-6-in-girls-hands-2210x1473-1.jpg"},{"@type":"BreadcrumbList","@id":"https:\/\/lucassen.de\/kiosk\/notfall-rufnummern\/krefeld\/#breadcrumb","itemListElement":[{"@type":"ListItem","position":1,"name":"Startseite","item":"https:\/\/lucassen.de\/kiosk\/"},{"@type":"ListItem","position":2,"name":"Notfall-Rufnummern","item":"https:\/\/lucassen.de\/kiosk\/notfall-rufnummern\/"},{"@type":"ListItem","position":3,"name":"Krefeld"}]},{"@type":"WebSite","@id":"https:\/\/lucassen.de\/kiosk\/#website","url":"https:\/\/lucassen.de\/kiosk\/","name":"Lucassen Kiosk","description":"","publisher":{"@id":"https:\/\/lucassen.de\/kiosk\/#organization"},"potentialAction":[{"@type":"SearchAction","target":{"@type":"EntryPoint","urlTemplate":"https:\/\/lucassen.de\/kiosk\/?s={search_term_string}"},"query-input":{"@type":"PropertyValueSpecification","valueRequired":true,"valueName":"search_term_string"}}],"inLanguage":"de"},{"@type":"Organization","@id":"https:\/\/lucassen.de\/kiosk\/#organization","name":"Lucassen Kiosk","url":"https:\/\/lucassen.de\/kiosk\/","logo":{"@type":"ImageObject","inLanguage":"de","@id":"https:\/\/lucassen.de\/kiosk\/#\/schema\/logo\/image\/","url":"https:\/\/lucassen.de\/kiosk\/wp-content\/uploads\/sites\/7\/2025\/06\/cropped-hausverwaltung_logo_2020.png","contentUrl":"https:\/\/lucassen.de\/kiosk\/wp-content\/uploads\/sites\/7\/2025\/06\/cropped-hausverwaltung_logo_2020.png","width":277,"height":249,"caption":"Lucassen Kiosk"},"image":{"@id":"https:\/\/lucassen.de\/kiosk\/#\/schema\/logo\/image\/"}}]}},"_links":{"self":[{"href":"https:\/\/lucassen.de\/kiosk\/wp-json\/wp\/v2\/pages\/20202353","targetHints":{"allow":["GET"]}}],"collection":[{"href":"https:\/\/lucassen.de\/kiosk\/wp-json\/wp\/v2\/pages"}],"about":[{"href":"https:\/\/lucassen.de\/kiosk\/wp-json\/wp\/v2\/types\/page"}],"author":[{"embeddable":true,"href":"https:\/\/lucassen.de\/kiosk\/wp-json\/wp\/v2\/users\/1"}],"replies":[{"embeddable":true,"href":"https:\/\/lucassen.de\/kiosk\/wp-json\/wp\/v2\/comments?post=20202353"}],"version-history":[{"count":0,"href":"https:\/\/lucassen.de\/kiosk\/wp-json\/wp\/v2\/pages\/20202353\/revisions"}],"up":[{"embeddable":true,"href":"https:\/\/lucassen.de\/kiosk\/wp-json\/wp\/v2\/pages\/20202320"}],"wp:attachment":[{"href":"https:\/\/lucassen.de\/kiosk\/wp-json\/wp\/v2\/media?parent=20202353"}],"curies":[{"name":"wp","href":"https:\/\/api.w.org\/{rel}","templated":true}]}}