{"id":20202869,"date":"2024-11-16T15:28:34","date_gmt":"2024-11-16T14:28:34","guid":{"rendered":"https:\/\/lucassen.de\/hausverwaltung\/?page_id=20202869"},"modified":"2024-11-16T15:28:34","modified_gmt":"2024-11-16T14:28:34","slug":"hochemmericher-str-15","status":"publish","type":"page","link":"https:\/\/lucassen.de\/kiosk\/mietobjekte\/rheinhausen\/hochemmericher-str-15\/","title":{"rendered":"Hochemmericher Str. 15"},"content":{"rendered":"\n<div class=\"wp-block-group alignwide\" id=\"top\" style=\"margin-top:0;margin-bottom:0;padding-top:0;padding-right:0;padding-bottom:0;padding-left:0\"><div class=\"wp-block-group__inner-container is-layout-flow wp-block-group-is-layout-flow\">\n<div class=\"wp-block-cover\" style=\"min-height:40vh;aspect-ratio:unset;\"><img decoding=\"async\" class=\"wp-block-cover__image-background wp-image-20204575\" alt=\"\" src=\"https:\/\/lucassen.de\/hausverwaltung\/wp-content\/uploads\/sites\/3\/luftansicht-hochemmericher-strasse-15.jpg\" data-object-fit=\"cover\" \/><span aria-hidden=\"true\" class=\"wp-block-cover__background has-background-dim-90 has-background-dim wp-block-cover__gradient-background has-background-gradient\" style=\"background:linear-gradient(140deg,rgb(52,72,94) 0%,rgba(52,72,94,0.89) 51%,rgba(52,72,94,0.41) 100%)\"><\/span><div class=\"wp-block-cover__inner-container is-layout-constrained wp-container-core-cover-is-layout-48c9aa2a wp-block-cover-is-layout-constrained\">\n<div class=\"wp-block-group\"><div class=\"wp-block-group__inner-container is-layout-flow wp-block-group-is-layout-flow\"><h1 class=\"wp-block-post-title\">Hochemmericher Str. 15<\/h1>\n\n\n<p class=\"has-large-font-size\" style=\"margin-bottom:0\"><strong><em>Mehrfamilienhaus in zentraler Lage in Rheinhausen<\/em><\/strong><\/p>\n\n\n\n<div style=\"height:var(--wp--preset--spacing--30)\" aria-hidden=\"true\" class=\"wp-block-spacer\"><\/div>\n\n\n\n<div class=\"wp-block-buttons is-layout-flex wp-block-buttons-is-layout-flex\">\n<div class=\"wp-block-button is-style-fill\"><a class=\"wp-block-button__link wp-element-button\" href=\"#haus\">mehr erfahren<\/a><\/div>\n<\/div>\n<\/div><\/div>\n<\/div><\/div>\n<\/div><\/div>\n\n\n\n<div id=\"haus\" class=\"wp-block-group\" style=\"padding-top:var(--wp--preset--spacing--60);padding-bottom:var(--wp--preset--spacing--60)\"><div class=\"wp-block-group__inner-container is-layout-constrained wp-container-core-group-is-layout-13b51f4a wp-block-group-is-layout-constrained\">\n<div class=\"wp-block-columns are-vertically-aligned-center is-layout-flex wp-container-core-columns-is-layout-c9b6521d wp-block-columns-is-layout-flex\">\n<div class=\"wp-block-column is-vertically-aligned-center is-layout-flow wp-block-column-is-layout-flow\" style=\"flex-basis:50%\">\n<p class=\"has-x-large-font-size\">Hochemmericher Str. 15<br>47226 Duisburg (Rheinhausen)<\/p>\n\n\n\n<p>Das Geb\u00e4ude verf\u00fcgt \u00fcber drei Wohneinheiten mit einer Wohnfl\u00e4che von 115 Quadratmetern im Erdgeschoss, 100 Quadratmetern im ersten Stock und 75 Quadratmetern im 2. Obergeschoss.<\/p>\n\n\n\n<div class=\"wp-block-buttons is-layout-flex wp-block-buttons-is-layout-flex\" style=\"margin-top:var(--wp--preset--spacing--60)\">\n<div class=\"wp-block-button\"><a class=\"wp-block-button__link wp-element-button\" href=\"#lage\">Lage<\/a><\/div>\n\n\n\n<div class=\"wp-block-button\"><a class=\"wp-block-button__link wp-element-button\" href=\"#wohnungen\">Wohnungen<\/a><\/div>\n\n\n\n<div class=\"wp-block-button\"><a class=\"wp-block-button__link wp-element-button\" href=\"#interesse\">Wohnungsanfrage<\/a><\/div>\n<\/div>\n<\/div>\n\n\n\n<div class=\"wp-block-column is-vertically-aligned-center is-layout-flow wp-block-column-is-layout-flow\" style=\"flex-basis:50%\">\n<figure class=\"wp-block-image size-full is-style-default\"><img decoding=\"async\" src=\"https:\/\/lucassen.de\/hausverwaltung\/wp-content\/uploads\/sites\/3\/hochemmericher-str-15-frontansicht.jpg\" alt=\"\" class=\"wp-image-20204577\" style=\"aspect-ratio:4\/3;object-fit:cover\" \/><\/figure>\n<\/div>\n<\/div>\n<\/div><\/div>\n\n\n\n<div id=\"lage\" class=\"wp-block-group has-white-color has-text-color has-background has-link-color wp-elements-8dd2508c7386910c9ecfeba60cf77285\" style=\"background-color:#34485e;padding-top:var(--wp--preset--spacing--60);padding-bottom:var(--wp--preset--spacing--60)\"><div class=\"wp-block-group__inner-container is-layout-constrained wp-container-core-group-is-layout-13b51f4a wp-block-group-is-layout-constrained\">\n<div class=\"wp-block-columns is-layout-flex wp-container-core-columns-is-layout-bd0aba32 wp-block-columns-is-layout-flex\">\n<div class=\"wp-block-column is-layout-flow wp-block-column-is-layout-flow\" style=\"flex-basis:32%\">\n<h2 class=\"wp-block-heading\">Lage<\/h2>\n\n\n\n<p>Das Geb\u00e4ude liegt im Ortsteil Hochemmerich. In fu\u00dfl\u00e4ufiger N\u00e4he sind Superm\u00e4rkte f\u00fcr den allt\u00e4glichen Bedarf sowie Arztpraxen angesiedelt.<\/p>\n\n\n\n<div class=\"wp-block-buttons is-layout-flex wp-block-buttons-is-layout-flex\" style=\"margin-top:var(--wp--preset--spacing--60)\">\n<div class=\"wp-block-button\"><a class=\"wp-block-button__link wp-element-button\" href=\"https:\/\/www.google.com\/maps\/place\/Hochemmericher+Str.+15,+47226+Duisburg\/@51.4147026,6.7149669,500m\" target=\"_blank\" rel=\"noreferrer noopener\">In Google Maps ansehen<\/a><\/div>\n<\/div>\n<\/div>\n\n\n\n<div class=\"wp-block-column is-vertically-aligned-top is-layout-flow wp-block-column-is-layout-flow\" style=\"flex-basis:38%\">\n<figure class=\"wp-block-table is-style-stripes\"><table><thead><tr><th class=\"has-text-align-left\" data-align=\"left\">In der N\u00e4he<\/th><th><\/th><\/tr><\/thead><tbody><tr><td class=\"has-text-align-left\" data-align=\"left\">Superm\u00e4rkte<\/td><td>Aldi, Netto, Edeka<\/td><\/tr><tr><td class=\"has-text-align-left\" data-align=\"left\">B\u00e4ckereien<\/td><td>Bolten, B\u00fcsch<\/td><\/tr><tr><td class=\"has-text-align-left\" data-align=\"left\">Drogeriem\u00e4rkte<\/td><td>Rossmann, dm<\/td><\/tr><tr><td class=\"has-text-align-left\" data-align=\"left\">Tankstellen<\/td><td>BFT, Jet<\/td><\/tr><tr><td class=\"has-text-align-left\" data-align=\"left\">Krankenh\u00e4user<\/td><td>Johanniter-Krankenhaus<\/td><\/tr><tr><td class=\"has-text-align-left\" data-align=\"left\">Schulen<\/td><td>GGS Krefelder Stra\u00dfe, <br>Heinrich-Heine-Gesamtschule,<br>Krupp-Gymnasium<\/td><\/tr><\/tbody><\/table><\/figure>\n<\/div>\n\n\n\n<div class=\"wp-block-column is-layout-flow wp-block-column-is-layout-flow\" style=\"flex-basis:30%\">\n<figure class=\"wp-block-table is-style-stripes\"><table><thead><tr><th class=\"has-text-align-left\" data-align=\"left\">Entfernungen<\/th><th><\/th><\/tr><\/thead><tbody><tr><td class=\"has-text-align-left\" data-align=\"left\">Fu\u00dfweg zur Innenstadt<\/td><td><strong>10 Minuten<\/strong> <\/td><\/tr><tr><td class=\"has-text-align-left\" data-align=\"left\">Fu\u00dfweg Bushaltestelle<\/td><td><strong>3 Minuten<\/strong><\/td><\/tr><tr><td class=\"has-text-align-left\" data-align=\"left\">Fahrzeit zur Autobahn A40<\/td><td><strong>6 Minuten<\/strong><\/td><\/tr><\/tbody><\/table><\/figure>\n<\/div>\n<\/div>\n<\/div><\/div>\n\n\n\n<div id=\"wohnungen\" class=\"wp-block-group has-accent-6-background-color has-background\" style=\"padding-top:var(--wp--preset--spacing--50);padding-bottom:var(--wp--preset--spacing--50)\"><div class=\"wp-block-group__inner-container is-layout-constrained wp-container-core-group-is-layout-195db4b7 wp-block-group-is-layout-constrained\">\n<h2 class=\"wp-block-heading\">Wohnungen<\/h2>\n\n\n\n<div class=\"wp-block-columns is-layout-flex wp-container-core-columns-is-layout-c643a553 wp-block-columns-is-layout-flex\" style=\"padding-top:0;padding-right:0;padding-bottom:0;padding-left:0\">\n<div class=\"wp-block-column is-vertically-aligned-top is-layout-flow wp-block-column-is-layout-flow\" style=\"flex-basis:50%\">\n<figure class=\"wp-block-table is-style-stripes\"><table><thead><tr><th class=\"has-text-align-left\" data-align=\"left\">Wohnung<\/th><th class=\"has-text-align-right\" data-align=\"right\">Gr\u00f6\u00dfe<\/th><th class=\"has-text-align-center\" data-align=\"center\">Status der Vermietung<\/th><\/tr><\/thead><tbody><tr><td class=\"has-text-align-left\" data-align=\"left\">EG<\/td><td class=\"has-text-align-right\" data-align=\"right\">115,00 m\u00b2<\/td><td class=\"has-text-align-center\" data-align=\"center\"><i class=\"fa-solid fa-person-shelter\" style=\"color: #c80000\"><\/i>&nbsp; <font color=\"#c80000\">vermietet<\/font><\/td><\/tr><tr><td class=\"has-text-align-left\" data-align=\"left\">1. OG<\/td><td class=\"has-text-align-right\" data-align=\"right\">100,00 m\u00b2<\/td><td class=\"has-text-align-center\" data-align=\"center\"><i class=\"fa-solid fa-person-shelter\" style=\"color: #c80000\"><\/i>&nbsp; <font color=\"#c80000\">vermietet<\/font><\/td><\/tr><tr><td class=\"has-text-align-left\" data-align=\"left\">2. OG<\/td><td class=\"has-text-align-right\" data-align=\"right\">75,00 m\u00b2<\/td><td class=\"has-text-align-center\" data-align=\"center\"><i class=\"fa-solid fa-person-shelter\" style=\"color: #c80000\"><\/i>&nbsp; <font color=\"#c80000\">vermietet<\/font><\/td><\/tr><\/tbody><\/table><\/figure>\n<\/div>\n\n\n\n<div class=\"wp-block-column is-vertically-aligned-top is-layout-flow wp-block-column-is-layout-flow\" style=\"flex-basis:50%\"><div class=\"wp-block-image is-style-default\">\n<figure class=\"alignleft size-full is-resized\"><img decoding=\"async\" src=\"https:\/\/lucassen.de\/hausverwaltung\/wp-content\/uploads\/sites\/3\/Wohnungsgrundriss-exemplarisch.png\" alt=\"\" class=\"wp-image-20205895\" style=\"width:auto;height:200px\" \/><\/figure>\n<\/div><\/div>\n<\/div>\n<\/div><\/div>\n\n\n\n<div id=\"interesse\" class=\"wp-block-group has-white-color has-text-color has-background has-link-color wp-elements-21adffe5cc70c1a01750ad52047937e8\" style=\"background-color:#34485e;padding-top:var(--wp--preset--spacing--50);padding-bottom:var(--wp--preset--spacing--50)\"><div class=\"wp-block-group__inner-container is-layout-constrained wp-container-core-group-is-layout-195db4b7 wp-block-group-is-layout-constrained\">\n<div class=\"wp-block-columns are-vertically-aligned-center is-layout-flex wp-container-core-columns-is-layout-c643a553 wp-block-columns-is-layout-flex\" id=\"werte\" style=\"padding-top:0;padding-right:0;padding-bottom:0;padding-left:0\">\n<div class=\"wp-block-column is-vertically-aligned-center is-layout-flow wp-block-column-is-layout-flow\" style=\"flex-basis:50%\">\n<h2 class=\"wp-block-heading\">Interessieren Sie sich f\u00fcr eine Wohnung in diesem Mehrfamilienhaus?<\/h2>\n\n\n\n<p>Sprechen Sie uns an!<\/p>\n\n\n\n<div class=\"wp-block-buttons is-layout-flex wp-block-buttons-is-layout-flex\" style=\"margin-top:var(--wp--preset--spacing--60)\">\n<div class=\"wp-block-button\"><a class=\"wp-block-button__link wp-element-button\" href=\"mailto:hausverwaltung@lucassen.de\">E-Mail<\/a><\/div>\n<\/div>\n<\/div>\n\n\n\n<div class=\"wp-block-column is-vertically-aligned-center is-layout-flow wp-block-column-is-layout-flow\" style=\"flex-basis:50%\">\n<figure class=\"wp-block-image size-full\"><img decoding=\"async\" src=\"https:\/\/lucassen.de\/hausverwaltung\/wp-content\/uploads\/sites\/3\/hochemmericher-strasse-15.png\" alt=\"\" class=\"wp-image-20204572\" style=\"aspect-ratio:4\/3;object-fit:cover\" \/><\/figure>\n<\/div>\n<\/div>\n<\/div><\/div>\n","protected":false},"excerpt":{"rendered":"<p>Hochemmericher Str. 1547226 Duisburg (Rheinhausen) Das Geb\u00e4ude verf\u00fcgt \u00fcber drei Wohneinheiten mit einer Wohnfl\u00e4che von 115 Quadratmetern im Erdgeschoss, 100 Quadratmetern im ersten Stock und 75 Quadratmetern im 2. Obergeschoss. Lage Das Geb\u00e4ude liegt im [&hellip;]<\/p>\n","protected":false},"author":1,"featured_media":0,"parent":399,"menu_order":122,"comment_status":"closed","ping_status":"closed","template":"","meta":{"footnotes":""},"class_list":["post-20202869","page","type-page","status-publish","hentry"],"yoast_head":"<!-- This site is optimized with the Yoast SEO plugin v27.3 - https:\/\/yoast.com\/product\/yoast-seo-wordpress\/ -->\n<title>Hochemmericher Str. 15 - Lucassen Kiosk<\/title>\n<meta name=\"robots\" content=\"index, follow, max-snippet:-1, max-image-preview:large, max-video-preview:-1\" \/>\n<link rel=\"canonical\" href=\"https:\/\/lucassen.de\/kiosk\/mietobjekte\/rheinhausen\/hochemmericher-str-15\/\" \/>\n<meta property=\"og:locale\" content=\"de_DE\" \/>\n<meta property=\"og:type\" content=\"article\" \/>\n<meta property=\"og:title\" content=\"Hochemmericher Str. 15 - Lucassen Kiosk\" \/>\n<meta property=\"og:description\" content=\"Hochemmericher Str. 1547226 Duisburg (Rheinhausen) Das Geb\u00e4ude verf\u00fcgt \u00fcber drei Wohneinheiten mit einer Wohnfl\u00e4che von 115 Quadratmetern im Erdgeschoss, 100 Quadratmetern im ersten Stock und 75 Quadratmetern im 2. Obergeschoss. Lage Das Geb\u00e4ude liegt im [&hellip;]\" \/>\n<meta property=\"og:url\" content=\"https:\/\/lucassen.de\/kiosk\/mietobjekte\/rheinhausen\/hochemmericher-str-15\/\" \/>\n<meta property=\"og:site_name\" content=\"Lucassen Kiosk\" \/>\n<meta name=\"twitter:card\" content=\"summary_large_image\" \/>\n<meta name=\"twitter:label1\" content=\"Gesch\u00e4tzte Lesezeit\" \/>\n\t<meta name=\"twitter:data1\" content=\"2\u00a0Minuten\" \/>\n<script type=\"application\/ld+json\" class=\"yoast-schema-graph\">{\"@context\":\"https:\\\/\\\/schema.org\",\"@graph\":[{\"@type\":\"WebPage\",\"@id\":\"https:\\\/\\\/lucassen.de\\\/kiosk\\\/mietobjekte\\\/rheinhausen\\\/hochemmericher-str-15\\\/\",\"url\":\"https:\\\/\\\/lucassen.de\\\/kiosk\\\/mietobjekte\\\/rheinhausen\\\/hochemmericher-str-15\\\/\",\"name\":\"Hochemmericher Str. 15 - Lucassen Kiosk\",\"isPartOf\":{\"@id\":\"https:\\\/\\\/lucassen.de\\\/kiosk\\\/#website\"},\"primaryImageOfPage\":{\"@id\":\"https:\\\/\\\/lucassen.de\\\/kiosk\\\/mietobjekte\\\/rheinhausen\\\/hochemmericher-str-15\\\/#primaryimage\"},\"image\":{\"@id\":\"https:\\\/\\\/lucassen.de\\\/kiosk\\\/mietobjekte\\\/rheinhausen\\\/hochemmericher-str-15\\\/#primaryimage\"},\"thumbnailUrl\":\"https:\\\/\\\/lucassen.de\\\/hausverwaltung\\\/wp-content\\\/uploads\\\/sites\\\/3\\\/luftansicht-hochemmericher-strasse-15.jpg\",\"datePublished\":\"2024-11-16T14:28:34+00:00\",\"breadcrumb\":{\"@id\":\"https:\\\/\\\/lucassen.de\\\/kiosk\\\/mietobjekte\\\/rheinhausen\\\/hochemmericher-str-15\\\/#breadcrumb\"},\"inLanguage\":\"de\",\"potentialAction\":[{\"@type\":\"ReadAction\",\"target\":[\"https:\\\/\\\/lucassen.de\\\/kiosk\\\/mietobjekte\\\/rheinhausen\\\/hochemmericher-str-15\\\/\"]}]},{\"@type\":\"ImageObject\",\"inLanguage\":\"de\",\"@id\":\"https:\\\/\\\/lucassen.de\\\/kiosk\\\/mietobjekte\\\/rheinhausen\\\/hochemmericher-str-15\\\/#primaryimage\",\"url\":\"https:\\\/\\\/lucassen.de\\\/hausverwaltung\\\/wp-content\\\/uploads\\\/sites\\\/3\\\/luftansicht-hochemmericher-strasse-15.jpg\",\"contentUrl\":\"https:\\\/\\\/lucassen.de\\\/hausverwaltung\\\/wp-content\\\/uploads\\\/sites\\\/3\\\/luftansicht-hochemmericher-strasse-15.jpg\"},{\"@type\":\"BreadcrumbList\",\"@id\":\"https:\\\/\\\/lucassen.de\\\/kiosk\\\/mietobjekte\\\/rheinhausen\\\/hochemmericher-str-15\\\/#breadcrumb\",\"itemListElement\":[{\"@type\":\"ListItem\",\"position\":1,\"name\":\"Startseite\",\"item\":\"https:\\\/\\\/lucassen.de\\\/kiosk\\\/\"},{\"@type\":\"ListItem\",\"position\":2,\"name\":\"Mietobjekte\",\"item\":\"https:\\\/\\\/lucassen.de\\\/kiosk\\\/mietobjekte\\\/\"},{\"@type\":\"ListItem\",\"position\":3,\"name\":\"Rheinhausen\",\"item\":\"https:\\\/\\\/lucassen.de\\\/kiosk\\\/mietobjekte\\\/rheinhausen\\\/\"},{\"@type\":\"ListItem\",\"position\":4,\"name\":\"Hochemmericher Str. 15\"}]},{\"@type\":\"WebSite\",\"@id\":\"https:\\\/\\\/lucassen.de\\\/kiosk\\\/#website\",\"url\":\"https:\\\/\\\/lucassen.de\\\/kiosk\\\/\",\"name\":\"Lucassen Kiosk\",\"description\":\"\",\"publisher\":{\"@id\":\"https:\\\/\\\/lucassen.de\\\/kiosk\\\/#organization\"},\"potentialAction\":[{\"@type\":\"SearchAction\",\"target\":{\"@type\":\"EntryPoint\",\"urlTemplate\":\"https:\\\/\\\/lucassen.de\\\/kiosk\\\/?s={search_term_string}\"},\"query-input\":{\"@type\":\"PropertyValueSpecification\",\"valueRequired\":true,\"valueName\":\"search_term_string\"}}],\"inLanguage\":\"de\"},{\"@type\":\"Organization\",\"@id\":\"https:\\\/\\\/lucassen.de\\\/kiosk\\\/#organization\",\"name\":\"Lucassen Kiosk\",\"url\":\"https:\\\/\\\/lucassen.de\\\/kiosk\\\/\",\"logo\":{\"@type\":\"ImageObject\",\"inLanguage\":\"de\",\"@id\":\"https:\\\/\\\/lucassen.de\\\/kiosk\\\/#\\\/schema\\\/logo\\\/image\\\/\",\"url\":\"https:\\\/\\\/lucassen.de\\\/kiosk\\\/wp-content\\\/uploads\\\/sites\\\/7\\\/2025\\\/06\\\/cropped-hausverwaltung_logo_2020.png\",\"contentUrl\":\"https:\\\/\\\/lucassen.de\\\/kiosk\\\/wp-content\\\/uploads\\\/sites\\\/7\\\/2025\\\/06\\\/cropped-hausverwaltung_logo_2020.png\",\"width\":277,\"height\":249,\"caption\":\"Lucassen Kiosk\"},\"image\":{\"@id\":\"https:\\\/\\\/lucassen.de\\\/kiosk\\\/#\\\/schema\\\/logo\\\/image\\\/\"}}]}<\/script>\n<!-- \/ Yoast SEO plugin. -->","yoast_head_json":{"title":"Hochemmericher Str. 15 - Lucassen Kiosk","robots":{"index":"index","follow":"follow","max-snippet":"max-snippet:-1","max-image-preview":"max-image-preview:large","max-video-preview":"max-video-preview:-1"},"canonical":"https:\/\/lucassen.de\/kiosk\/mietobjekte\/rheinhausen\/hochemmericher-str-15\/","og_locale":"de_DE","og_type":"article","og_title":"Hochemmericher Str. 15 - Lucassen Kiosk","og_description":"Hochemmericher Str. 1547226 Duisburg (Rheinhausen) Das Geb\u00e4ude verf\u00fcgt \u00fcber drei Wohneinheiten mit einer Wohnfl\u00e4che von 115 Quadratmetern im Erdgeschoss, 100 Quadratmetern im ersten Stock und 75 Quadratmetern im 2. Obergeschoss. Lage Das Geb\u00e4ude liegt im [&hellip;]","og_url":"https:\/\/lucassen.de\/kiosk\/mietobjekte\/rheinhausen\/hochemmericher-str-15\/","og_site_name":"Lucassen Kiosk","twitter_card":"summary_large_image","twitter_misc":{"Gesch\u00e4tzte Lesezeit":"2\u00a0Minuten"},"schema":{"@context":"https:\/\/schema.org","@graph":[{"@type":"WebPage","@id":"https:\/\/lucassen.de\/kiosk\/mietobjekte\/rheinhausen\/hochemmericher-str-15\/","url":"https:\/\/lucassen.de\/kiosk\/mietobjekte\/rheinhausen\/hochemmericher-str-15\/","name":"Hochemmericher Str. 15 - Lucassen Kiosk","isPartOf":{"@id":"https:\/\/lucassen.de\/kiosk\/#website"},"primaryImageOfPage":{"@id":"https:\/\/lucassen.de\/kiosk\/mietobjekte\/rheinhausen\/hochemmericher-str-15\/#primaryimage"},"image":{"@id":"https:\/\/lucassen.de\/kiosk\/mietobjekte\/rheinhausen\/hochemmericher-str-15\/#primaryimage"},"thumbnailUrl":"https:\/\/lucassen.de\/hausverwaltung\/wp-content\/uploads\/sites\/3\/luftansicht-hochemmericher-strasse-15.jpg","datePublished":"2024-11-16T14:28:34+00:00","breadcrumb":{"@id":"https:\/\/lucassen.de\/kiosk\/mietobjekte\/rheinhausen\/hochemmericher-str-15\/#breadcrumb"},"inLanguage":"de","potentialAction":[{"@type":"ReadAction","target":["https:\/\/lucassen.de\/kiosk\/mietobjekte\/rheinhausen\/hochemmericher-str-15\/"]}]},{"@type":"ImageObject","inLanguage":"de","@id":"https:\/\/lucassen.de\/kiosk\/mietobjekte\/rheinhausen\/hochemmericher-str-15\/#primaryimage","url":"https:\/\/lucassen.de\/hausverwaltung\/wp-content\/uploads\/sites\/3\/luftansicht-hochemmericher-strasse-15.jpg","contentUrl":"https:\/\/lucassen.de\/hausverwaltung\/wp-content\/uploads\/sites\/3\/luftansicht-hochemmericher-strasse-15.jpg"},{"@type":"BreadcrumbList","@id":"https:\/\/lucassen.de\/kiosk\/mietobjekte\/rheinhausen\/hochemmericher-str-15\/#breadcrumb","itemListElement":[{"@type":"ListItem","position":1,"name":"Startseite","item":"https:\/\/lucassen.de\/kiosk\/"},{"@type":"ListItem","position":2,"name":"Mietobjekte","item":"https:\/\/lucassen.de\/kiosk\/mietobjekte\/"},{"@type":"ListItem","position":3,"name":"Rheinhausen","item":"https:\/\/lucassen.de\/kiosk\/mietobjekte\/rheinhausen\/"},{"@type":"ListItem","position":4,"name":"Hochemmericher Str. 15"}]},{"@type":"WebSite","@id":"https:\/\/lucassen.de\/kiosk\/#website","url":"https:\/\/lucassen.de\/kiosk\/","name":"Lucassen Kiosk","description":"","publisher":{"@id":"https:\/\/lucassen.de\/kiosk\/#organization"},"potentialAction":[{"@type":"SearchAction","target":{"@type":"EntryPoint","urlTemplate":"https:\/\/lucassen.de\/kiosk\/?s={search_term_string}"},"query-input":{"@type":"PropertyValueSpecification","valueRequired":true,"valueName":"search_term_string"}}],"inLanguage":"de"},{"@type":"Organization","@id":"https:\/\/lucassen.de\/kiosk\/#organization","name":"Lucassen Kiosk","url":"https:\/\/lucassen.de\/kiosk\/","logo":{"@type":"ImageObject","inLanguage":"de","@id":"https:\/\/lucassen.de\/kiosk\/#\/schema\/logo\/image\/","url":"https:\/\/lucassen.de\/kiosk\/wp-content\/uploads\/sites\/7\/2025\/06\/cropped-hausverwaltung_logo_2020.png","contentUrl":"https:\/\/lucassen.de\/kiosk\/wp-content\/uploads\/sites\/7\/2025\/06\/cropped-hausverwaltung_logo_2020.png","width":277,"height":249,"caption":"Lucassen Kiosk"},"image":{"@id":"https:\/\/lucassen.de\/kiosk\/#\/schema\/logo\/image\/"}}]}},"_links":{"self":[{"href":"https:\/\/lucassen.de\/kiosk\/wp-json\/wp\/v2\/pages\/20202869","targetHints":{"allow":["GET"]}}],"collection":[{"href":"https:\/\/lucassen.de\/kiosk\/wp-json\/wp\/v2\/pages"}],"about":[{"href":"https:\/\/lucassen.de\/kiosk\/wp-json\/wp\/v2\/types\/page"}],"author":[{"embeddable":true,"href":"https:\/\/lucassen.de\/kiosk\/wp-json\/wp\/v2\/users\/1"}],"replies":[{"embeddable":true,"href":"https:\/\/lucassen.de\/kiosk\/wp-json\/wp\/v2\/comments?post=20202869"}],"version-history":[{"count":0,"href":"https:\/\/lucassen.de\/kiosk\/wp-json\/wp\/v2\/pages\/20202869\/revisions"}],"up":[{"embeddable":true,"href":"https:\/\/lucassen.de\/kiosk\/wp-json\/wp\/v2\/pages\/399"}],"wp:attachment":[{"href":"https:\/\/lucassen.de\/kiosk\/wp-json\/wp\/v2\/media?parent=20202869"}],"curies":[{"name":"wp","href":"https:\/\/api.w.org\/{rel}","templated":true}]}}