{"id":20203683,"date":"2024-11-29T21:32:56","date_gmt":"2024-11-29T20:32:56","guid":{"rendered":"https:\/\/lucassen.de\/hausverwaltung\/?page_id=20203683"},"modified":"2024-11-29T21:32:56","modified_gmt":"2024-11-29T20:32:56","slug":"hochemmericher-str-9","status":"publish","type":"page","link":"https:\/\/lucassen.de\/kiosk\/gewerbe-objekte\/rheinhausen\/hochemmericher-str-9\/","title":{"rendered":"Hochemmericher Str. 9"},"content":{"rendered":"\n<div class=\"wp-block-group alignwide\" id=\"top\" style=\"margin-top:0;margin-bottom:0;padding-top:0;padding-right:0;padding-bottom:0;padding-left:0\"><div class=\"wp-block-group__inner-container is-layout-flow wp-block-group-is-layout-flow\">\n<div class=\"wp-block-cover\" style=\"min-height:40vh;aspect-ratio:unset;\"><span aria-hidden=\"true\" class=\"wp-block-cover__background has-background-dim-90 has-background-dim wp-block-cover__gradient-background has-background-gradient\" style=\"background:linear-gradient(140deg,rgb(52,72,94) 0%,rgba(52,72,94,0.89) 51%,rgba(52,72,94,0.41) 100%)\"><\/span><img decoding=\"async\" class=\"wp-block-cover__image-background wp-image-20204597\" alt=\"\" src=\"https:\/\/lucassen.de\/hausverwaltung\/wp-content\/uploads\/sites\/3\/hochemmericher-strasse-9.jpg\" data-object-fit=\"cover\" \/><div class=\"wp-block-cover__inner-container is-layout-constrained wp-container-core-cover-is-layout-48c9aa2a wp-block-cover-is-layout-constrained\">\n<div class=\"wp-block-group\"><div class=\"wp-block-group__inner-container is-layout-flow wp-block-group-is-layout-flow\"><h1 class=\"wp-block-post-title\">Hochemmericher Str. 9<\/h1>\n\n\n<div class=\"wp-block-buttons is-layout-flex wp-block-buttons-is-layout-flex\">\n<div class=\"wp-block-button is-style-fill\"><a class=\"wp-block-button__link wp-element-button\" href=\"#haus\">mehr erfahren<\/a><\/div>\n<\/div>\n<\/div><\/div>\n<\/div><\/div>\n<\/div><\/div>\n\n\n\n<div id=\"haus\" class=\"wp-block-group\" style=\"padding-top:var(--wp--preset--spacing--60);padding-bottom:var(--wp--preset--spacing--60)\"><div class=\"wp-block-group__inner-container is-layout-constrained wp-container-core-group-is-layout-13b51f4a wp-block-group-is-layout-constrained\">\n<div class=\"wp-block-columns are-vertically-aligned-center is-layout-flex wp-container-core-columns-is-layout-c9b6521d wp-block-columns-is-layout-flex\">\n<div class=\"wp-block-column is-vertically-aligned-center is-layout-flow wp-block-column-is-layout-flow\" style=\"flex-basis:50%\">\n<p class=\"has-x-large-font-size\">Hochemmericher Str. 9<br>47226 Duisburg (Rheinhausen)<\/p>\n\n\n\n<p>Die <strong>Hochemmericher Stra\u00dfe<\/strong> liegt zentral im Stadtteil <a href=\"https:\/\/de.wikipedia.org\/wiki\/Duisburg-Rheinhausen\" target=\"_blank\" rel=\"noreferrer noopener\">Rheinhausen<\/a> in <a href=\"https:\/\/de.wikipedia.org\/wiki\/Duisburg\" target=\"_blank\" rel=\"noreferrer noopener\">Duisburg<\/a>, <a href=\"https:\/\/de.wikipedia.org\/wiki\/Nordrhein-Westfalen\" target=\"_blank\" rel=\"noreferrer noopener\">Nordrhein-Westfalen<\/a>, <a href=\"https:\/\/de.wikipedia.org\/wiki\/Deutschland\" target=\"_blank\" rel=\"noreferrer noopener\">Deutschland<\/a>.<br>Rheinhausen ist ein westlicher Stadtteil Duisburgs und umfasst mehrere kleinere Ortsteile, darunter auch Hochemmerich, das der Stra\u00dfe ihren Namen gibt.<\/p>\n\n\n\n<p>In der N\u00e4he befinden sich Einrichtungen wie Gesch\u00e4fte, Restaurants oder Wohngebiete, da dieser Ortsteil eher st\u00e4dtisch gepr\u00e4gt ist.<\/p>\n<\/div>\n\n\n\n<div class=\"wp-block-column is-vertically-aligned-center is-layout-flow wp-block-column-is-layout-flow\" style=\"flex-basis:50%\">\n<figure class=\"wp-block-image size-full\"><img decoding=\"async\" src=\"https:\/\/lucassen.de\/hausverwaltung\/wp-content\/uploads\/sites\/3\/hochemmericher-strasse-9.jpg\" alt=\"\" class=\"wp-image-20204597\" style=\"aspect-ratio:4\/3;object-fit:cover\" \/><\/figure>\n<\/div>\n<\/div>\n<\/div><\/div>\n\n\n\n<div id=\"paechter\" class=\"wp-block-group has-white-color has-text-color has-background has-link-color wp-elements-3dde37112d638ed268dcf643c2a5a5a8\" style=\"background-color:#34485e\"><div class=\"wp-block-group__inner-container is-layout-constrained wp-block-group-is-layout-constrained\">\n<div class=\"wp-block-columns are-vertically-aligned-center is-layout-flex wp-container-core-columns-is-layout-c9b6521d wp-block-columns-is-layout-flex\">\n<div class=\"wp-block-column is-vertically-aligned-center is-layout-flow wp-block-column-is-layout-flow\" style=\"flex-basis:50%\">\n<figure class=\"wp-block-image size-full\"><img decoding=\"async\" src=\"https:\/\/lucassen.de\/hausverwaltung\/wp-content\/uploads\/sites\/3\/gewerbe-hochemmericher-str-9.jpg\" alt=\"\" class=\"wp-image-750\" style=\"aspect-ratio:4\/3;object-fit:cover\" \/><\/figure>\n<\/div>\n\n\n\n<div class=\"wp-block-column is-vertically-aligned-center is-layout-flow wp-block-column-is-layout-flow\" style=\"flex-basis:50%\">\n<p>Genau an der <strong>Hochemmericher Stra\u00dfe 9<\/strong> verwalten wir Lager- und B\u00fcror\u00e4ume, die auf Grund der zentralen Lage und verkehrsg\u00fcnstigen Anbindung, an das <a href=\"http:\/\/www.handwerx.team\" target=\"_blank\" rel=\"noreferrer noopener\">HandwerX Team<\/a> seit November 2015 vermietet werden konnten.<\/p>\n\n\n\n<p>Das <a href=\"http:\/\/www.handwerx.team\" target=\"_blank\" rel=\"noreferrer noopener\">HandwerX Team<\/a> f\u00fchrt professionell und zuverl\u00e4ssig folgende <a href=\"http:\/\/handwerx.team\/leistungen\/\" target=\"_blank\" rel=\"noreferrer noopener\">Arbeiten<\/a> durch:<\/p>\n\n\n\n<ul class=\"wp-block-list\">\n<li>Renovierungsarbeiten aller Art<\/li>\n\n\n\n<li>Stuckarbeiten<\/li>\n\n\n\n<li>das verlegen von Fliesen<\/li>\n\n\n\n<li>exklusive Wand- und Bodenveredelungen<\/li>\n\n\n\n<li>Fassaden-, Beton-, Plattierungs-, Rohbau-, Abbruch-, und Abdichtungsarbeiten und vieles mehr<\/li>\n<\/ul>\n\n\n\n<p>Auch wir als Hausverwaltung vertrauen seit Jahren auf das <a href=\"https:\/\/lucassen.de\/hausverwaltung\/informationen\/kooperationspartner#HandwerX-Team\">HandwerX<\/a><a href=\"http:\/\/www.handwerx.team\" target=\"_blank\" rel=\"noreferrer noopener\"> Team<\/a>, das zudem eines unserer <a href=\"https:\/\/lucassen.de\/hausverwaltung\/informationen\/kooperationspartner#HandwerX-Team\">Kooperationspartner<\/a> ist und f\u00fcr uns diverse Arbeiten an unseren Miet- und Gewerbeobjekten durchf\u00fchrt.<\/p>\n<\/div>\n<\/div>\n<\/div><\/div>\n\n\n\n<div id=\"anfahrt\" class=\"wp-block-group\"><div class=\"wp-block-group__inner-container is-layout-constrained wp-block-group-is-layout-constrained\">\n<h2 class=\"wp-block-heading\">Anfahrt<\/h2>\n\n\n\n<p>Es gibt verschiedene M\u00f6glichkeiten zur <strong>Hochemmericher Stra\u00dfe 9<\/strong> zu gelangen:<\/p>\n\n\n\n<div style=\"height:var(--wp--preset--spacing--50)\" aria-hidden=\"true\" class=\"wp-block-spacer\"><\/div>\n\n\n\n<div class=\"wp-block-columns is-layout-flex wp-container-core-columns-is-layout-9d6595d7 wp-block-columns-is-layout-flex\">\n<div class=\"wp-block-column is-layout-flow wp-block-column-is-layout-flow\" style=\"flex-basis:33.34%\">\n<h3 class=\"wp-block-heading\">Mit dem Auto oder LKW:<\/h3>\n\n\n\n<p><strong>Von Duisburg-Zentrum <\/strong>kommend nimmt man die A40 in Richtung Venlo und verl\u00e4sst sie an der Ausfahrt Duisburg-Rheinhausen und folgt den Schildern in Richtung Rheinhausen-Hochemmerich. Die <strong>Hochemmericher Stra\u00dfe<\/strong> ist eine Hauptstra\u00dfe, die leicht zu finden ist.<\/p>\n\n\n\n<p><strong>Von Krefeld<\/strong> kommend f\u00e4hrt man \u00fcber die B288 in Richtung Duisburg-Rheinhausen. Nach dem \u00dcberqueren des Rheins (Rheinbr\u00fccke Krefeld-Uerdingen) folge man den Schildern nach Rheinhausen und orientiert sich an der <strong>Hochemmericher Stra\u00dfe<\/strong>.<\/p>\n<\/div>\n\n\n\n<div class=\"wp-block-column is-layout-flow wp-block-column-is-layout-flow\" style=\"flex-basis:33.34%\">\n<h3 class=\"wp-block-heading\">Mit \u00f6ffentlichen Verkehrsmitteln:<\/h3>\n\n\n\n<p><strong>Vom Duisburg Hauptbahnhof<\/strong> kommend nimmt man die Regionalbahn oder die Stra\u00dfenbahn Richtung Rheinhausen. Ab dem Bahnhof Rheinhausen kann man die Buslinien nutzen, die entlang der <strong>Hochemmericher Stra\u00dfe<\/strong> fahren (z. B. Buslinien 922, 923 oder 924) und steigt an der n\u00e4chsten Haltestelle in der N\u00e4he der <strong>Hochemmericher Stra\u00dfe 9<\/strong> aus.<\/p>\n\n\n\n<p><strong>Von Krefeld<\/strong> f\u00e4hrt man mit einer Regionalbahn nach Rheinhausen-Bahnhof und kann von dort aus die Buslinien nutzen, die entlang der <strong>Hochemmericher Stra\u00dfe<\/strong> fahren (z. B. Buslinien 922, 923 oder 924). Man steigt dann an der Haltestelle in der N\u00e4he der <strong>Hochemmericher Stra\u00dfe 9<\/strong> aus.<\/p>\n<\/div>\n\n\n\n<div class=\"wp-block-column is-layout-flow wp-block-column-is-layout-flow\" style=\"flex-basis:33.33%\">\n<h3 class=\"wp-block-heading\">Zu Fu\u00df oder Fahrrad:<\/h3>\n\n\n\n<p>Zu Fu\u00df oder Fahrrad l\u00e4sst sich die <strong>Hochemmericher Stra\u00dfe<\/strong> bequem erreichen. Es gibt gut ausgebaute Wege f\u00fcr Fu\u00dfg\u00e4nger und Radfahrer.<\/p>\n<\/div>\n<\/div>\n<\/div><\/div>\n","protected":false},"excerpt":{"rendered":"<p>Hochemmericher Str. 947226 Duisburg (Rheinhausen) Die Hochemmericher Stra\u00dfe liegt zentral im Stadtteil Rheinhausen in Duisburg, Nordrhein-Westfalen, Deutschland.Rheinhausen ist ein westlicher Stadtteil Duisburgs und umfasst mehrere kleinere Ortsteile, darunter auch Hochemmerich, das der Stra\u00dfe ihren Namen [&hellip;]<\/p>\n","protected":false},"author":1,"featured_media":0,"parent":20204926,"menu_order":212,"comment_status":"closed","ping_status":"closed","template":"","meta":{"footnotes":""},"class_list":["post-20203683","page","type-page","status-publish","hentry"],"yoast_head":"<!-- This site is optimized with the Yoast SEO plugin v27.3 - https:\/\/yoast.com\/product\/yoast-seo-wordpress\/ -->\n<title>Hochemmericher Str. 9 - Lucassen Kiosk<\/title>\n<meta name=\"robots\" content=\"index, follow, max-snippet:-1, max-image-preview:large, max-video-preview:-1\" \/>\n<link rel=\"canonical\" href=\"https:\/\/lucassen.de\/kiosk\/gewerbe-objekte\/rheinhausen\/hochemmericher-str-9\/\" \/>\n<meta property=\"og:locale\" content=\"de_DE\" \/>\n<meta property=\"og:type\" content=\"article\" \/>\n<meta property=\"og:title\" content=\"Hochemmericher Str. 9 - Lucassen Kiosk\" \/>\n<meta property=\"og:description\" content=\"Hochemmericher Str. 947226 Duisburg (Rheinhausen) Die Hochemmericher Stra\u00dfe liegt zentral im Stadtteil Rheinhausen in Duisburg, Nordrhein-Westfalen, Deutschland.Rheinhausen ist ein westlicher Stadtteil Duisburgs und umfasst mehrere kleinere Ortsteile, darunter auch Hochemmerich, das der Stra\u00dfe ihren Namen [&hellip;]\" \/>\n<meta property=\"og:url\" content=\"https:\/\/lucassen.de\/kiosk\/gewerbe-objekte\/rheinhausen\/hochemmericher-str-9\/\" \/>\n<meta property=\"og:site_name\" content=\"Lucassen Kiosk\" \/>\n<meta name=\"twitter:card\" content=\"summary_large_image\" \/>\n<meta name=\"twitter:label1\" content=\"Gesch\u00e4tzte Lesezeit\" \/>\n\t<meta name=\"twitter:data1\" content=\"3\u00a0Minuten\" \/>\n<script type=\"application\/ld+json\" class=\"yoast-schema-graph\">{\"@context\":\"https:\\\/\\\/schema.org\",\"@graph\":[{\"@type\":\"WebPage\",\"@id\":\"https:\\\/\\\/lucassen.de\\\/kiosk\\\/gewerbe-objekte\\\/rheinhausen\\\/hochemmericher-str-9\\\/\",\"url\":\"https:\\\/\\\/lucassen.de\\\/kiosk\\\/gewerbe-objekte\\\/rheinhausen\\\/hochemmericher-str-9\\\/\",\"name\":\"Hochemmericher Str. 9 - Lucassen Kiosk\",\"isPartOf\":{\"@id\":\"https:\\\/\\\/lucassen.de\\\/kiosk\\\/#website\"},\"primaryImageOfPage\":{\"@id\":\"https:\\\/\\\/lucassen.de\\\/kiosk\\\/gewerbe-objekte\\\/rheinhausen\\\/hochemmericher-str-9\\\/#primaryimage\"},\"image\":{\"@id\":\"https:\\\/\\\/lucassen.de\\\/kiosk\\\/gewerbe-objekte\\\/rheinhausen\\\/hochemmericher-str-9\\\/#primaryimage\"},\"thumbnailUrl\":\"https:\\\/\\\/lucassen.de\\\/hausverwaltung\\\/wp-content\\\/uploads\\\/sites\\\/3\\\/hochemmericher-strasse-9.jpg\",\"datePublished\":\"2024-11-29T20:32:56+00:00\",\"breadcrumb\":{\"@id\":\"https:\\\/\\\/lucassen.de\\\/kiosk\\\/gewerbe-objekte\\\/rheinhausen\\\/hochemmericher-str-9\\\/#breadcrumb\"},\"inLanguage\":\"de\",\"potentialAction\":[{\"@type\":\"ReadAction\",\"target\":[\"https:\\\/\\\/lucassen.de\\\/kiosk\\\/gewerbe-objekte\\\/rheinhausen\\\/hochemmericher-str-9\\\/\"]}]},{\"@type\":\"ImageObject\",\"inLanguage\":\"de\",\"@id\":\"https:\\\/\\\/lucassen.de\\\/kiosk\\\/gewerbe-objekte\\\/rheinhausen\\\/hochemmericher-str-9\\\/#primaryimage\",\"url\":\"https:\\\/\\\/lucassen.de\\\/hausverwaltung\\\/wp-content\\\/uploads\\\/sites\\\/3\\\/hochemmericher-strasse-9.jpg\",\"contentUrl\":\"https:\\\/\\\/lucassen.de\\\/hausverwaltung\\\/wp-content\\\/uploads\\\/sites\\\/3\\\/hochemmericher-strasse-9.jpg\"},{\"@type\":\"BreadcrumbList\",\"@id\":\"https:\\\/\\\/lucassen.de\\\/kiosk\\\/gewerbe-objekte\\\/rheinhausen\\\/hochemmericher-str-9\\\/#breadcrumb\",\"itemListElement\":[{\"@type\":\"ListItem\",\"position\":1,\"name\":\"Startseite\",\"item\":\"https:\\\/\\\/lucassen.de\\\/kiosk\\\/\"},{\"@type\":\"ListItem\",\"position\":2,\"name\":\"Hochemmericher Str. 9\"}]},{\"@type\":\"WebSite\",\"@id\":\"https:\\\/\\\/lucassen.de\\\/kiosk\\\/#website\",\"url\":\"https:\\\/\\\/lucassen.de\\\/kiosk\\\/\",\"name\":\"Lucassen Kiosk\",\"description\":\"\",\"publisher\":{\"@id\":\"https:\\\/\\\/lucassen.de\\\/kiosk\\\/#organization\"},\"potentialAction\":[{\"@type\":\"SearchAction\",\"target\":{\"@type\":\"EntryPoint\",\"urlTemplate\":\"https:\\\/\\\/lucassen.de\\\/kiosk\\\/?s={search_term_string}\"},\"query-input\":{\"@type\":\"PropertyValueSpecification\",\"valueRequired\":true,\"valueName\":\"search_term_string\"}}],\"inLanguage\":\"de\"},{\"@type\":\"Organization\",\"@id\":\"https:\\\/\\\/lucassen.de\\\/kiosk\\\/#organization\",\"name\":\"Lucassen Kiosk\",\"url\":\"https:\\\/\\\/lucassen.de\\\/kiosk\\\/\",\"logo\":{\"@type\":\"ImageObject\",\"inLanguage\":\"de\",\"@id\":\"https:\\\/\\\/lucassen.de\\\/kiosk\\\/#\\\/schema\\\/logo\\\/image\\\/\",\"url\":\"https:\\\/\\\/lucassen.de\\\/kiosk\\\/wp-content\\\/uploads\\\/sites\\\/7\\\/2025\\\/06\\\/cropped-hausverwaltung_logo_2020.png\",\"contentUrl\":\"https:\\\/\\\/lucassen.de\\\/kiosk\\\/wp-content\\\/uploads\\\/sites\\\/7\\\/2025\\\/06\\\/cropped-hausverwaltung_logo_2020.png\",\"width\":277,\"height\":249,\"caption\":\"Lucassen Kiosk\"},\"image\":{\"@id\":\"https:\\\/\\\/lucassen.de\\\/kiosk\\\/#\\\/schema\\\/logo\\\/image\\\/\"}}]}<\/script>\n<!-- \/ Yoast SEO plugin. -->","yoast_head_json":{"title":"Hochemmericher Str. 9 - Lucassen Kiosk","robots":{"index":"index","follow":"follow","max-snippet":"max-snippet:-1","max-image-preview":"max-image-preview:large","max-video-preview":"max-video-preview:-1"},"canonical":"https:\/\/lucassen.de\/kiosk\/gewerbe-objekte\/rheinhausen\/hochemmericher-str-9\/","og_locale":"de_DE","og_type":"article","og_title":"Hochemmericher Str. 9 - Lucassen Kiosk","og_description":"Hochemmericher Str. 947226 Duisburg (Rheinhausen) Die Hochemmericher Stra\u00dfe liegt zentral im Stadtteil Rheinhausen in Duisburg, Nordrhein-Westfalen, Deutschland.Rheinhausen ist ein westlicher Stadtteil Duisburgs und umfasst mehrere kleinere Ortsteile, darunter auch Hochemmerich, das der Stra\u00dfe ihren Namen [&hellip;]","og_url":"https:\/\/lucassen.de\/kiosk\/gewerbe-objekte\/rheinhausen\/hochemmericher-str-9\/","og_site_name":"Lucassen Kiosk","twitter_card":"summary_large_image","twitter_misc":{"Gesch\u00e4tzte Lesezeit":"3\u00a0Minuten"},"schema":{"@context":"https:\/\/schema.org","@graph":[{"@type":"WebPage","@id":"https:\/\/lucassen.de\/kiosk\/gewerbe-objekte\/rheinhausen\/hochemmericher-str-9\/","url":"https:\/\/lucassen.de\/kiosk\/gewerbe-objekte\/rheinhausen\/hochemmericher-str-9\/","name":"Hochemmericher Str. 9 - Lucassen Kiosk","isPartOf":{"@id":"https:\/\/lucassen.de\/kiosk\/#website"},"primaryImageOfPage":{"@id":"https:\/\/lucassen.de\/kiosk\/gewerbe-objekte\/rheinhausen\/hochemmericher-str-9\/#primaryimage"},"image":{"@id":"https:\/\/lucassen.de\/kiosk\/gewerbe-objekte\/rheinhausen\/hochemmericher-str-9\/#primaryimage"},"thumbnailUrl":"https:\/\/lucassen.de\/hausverwaltung\/wp-content\/uploads\/sites\/3\/hochemmericher-strasse-9.jpg","datePublished":"2024-11-29T20:32:56+00:00","breadcrumb":{"@id":"https:\/\/lucassen.de\/kiosk\/gewerbe-objekte\/rheinhausen\/hochemmericher-str-9\/#breadcrumb"},"inLanguage":"de","potentialAction":[{"@type":"ReadAction","target":["https:\/\/lucassen.de\/kiosk\/gewerbe-objekte\/rheinhausen\/hochemmericher-str-9\/"]}]},{"@type":"ImageObject","inLanguage":"de","@id":"https:\/\/lucassen.de\/kiosk\/gewerbe-objekte\/rheinhausen\/hochemmericher-str-9\/#primaryimage","url":"https:\/\/lucassen.de\/hausverwaltung\/wp-content\/uploads\/sites\/3\/hochemmericher-strasse-9.jpg","contentUrl":"https:\/\/lucassen.de\/hausverwaltung\/wp-content\/uploads\/sites\/3\/hochemmericher-strasse-9.jpg"},{"@type":"BreadcrumbList","@id":"https:\/\/lucassen.de\/kiosk\/gewerbe-objekte\/rheinhausen\/hochemmericher-str-9\/#breadcrumb","itemListElement":[{"@type":"ListItem","position":1,"name":"Startseite","item":"https:\/\/lucassen.de\/kiosk\/"},{"@type":"ListItem","position":2,"name":"Hochemmericher Str. 9"}]},{"@type":"WebSite","@id":"https:\/\/lucassen.de\/kiosk\/#website","url":"https:\/\/lucassen.de\/kiosk\/","name":"Lucassen Kiosk","description":"","publisher":{"@id":"https:\/\/lucassen.de\/kiosk\/#organization"},"potentialAction":[{"@type":"SearchAction","target":{"@type":"EntryPoint","urlTemplate":"https:\/\/lucassen.de\/kiosk\/?s={search_term_string}"},"query-input":{"@type":"PropertyValueSpecification","valueRequired":true,"valueName":"search_term_string"}}],"inLanguage":"de"},{"@type":"Organization","@id":"https:\/\/lucassen.de\/kiosk\/#organization","name":"Lucassen Kiosk","url":"https:\/\/lucassen.de\/kiosk\/","logo":{"@type":"ImageObject","inLanguage":"de","@id":"https:\/\/lucassen.de\/kiosk\/#\/schema\/logo\/image\/","url":"https:\/\/lucassen.de\/kiosk\/wp-content\/uploads\/sites\/7\/2025\/06\/cropped-hausverwaltung_logo_2020.png","contentUrl":"https:\/\/lucassen.de\/kiosk\/wp-content\/uploads\/sites\/7\/2025\/06\/cropped-hausverwaltung_logo_2020.png","width":277,"height":249,"caption":"Lucassen Kiosk"},"image":{"@id":"https:\/\/lucassen.de\/kiosk\/#\/schema\/logo\/image\/"}}]}},"_links":{"self":[{"href":"https:\/\/lucassen.de\/kiosk\/wp-json\/wp\/v2\/pages\/20203683","targetHints":{"allow":["GET"]}}],"collection":[{"href":"https:\/\/lucassen.de\/kiosk\/wp-json\/wp\/v2\/pages"}],"about":[{"href":"https:\/\/lucassen.de\/kiosk\/wp-json\/wp\/v2\/types\/page"}],"author":[{"embeddable":true,"href":"https:\/\/lucassen.de\/kiosk\/wp-json\/wp\/v2\/users\/1"}],"replies":[{"embeddable":true,"href":"https:\/\/lucassen.de\/kiosk\/wp-json\/wp\/v2\/comments?post=20203683"}],"version-history":[{"count":0,"href":"https:\/\/lucassen.de\/kiosk\/wp-json\/wp\/v2\/pages\/20203683\/revisions"}],"up":[{"embeddable":true,"href":"https:\/\/lucassen.de\/kiosk\/wp-json\/wp\/v2\/pages\/20204926"}],"wp:attachment":[{"href":"https:\/\/lucassen.de\/kiosk\/wp-json\/wp\/v2\/media?parent=20203683"}],"curies":[{"name":"wp","href":"https:\/\/api.w.org\/{rel}","templated":true}]}}