{"id":20203686,"date":"2024-11-29T21:33:58","date_gmt":"2024-11-29T20:33:58","guid":{"rendered":"https:\/\/lucassen.de\/hausverwaltung\/?page_id=20203686"},"modified":"2024-11-29T21:33:58","modified_gmt":"2024-11-29T20:33:58","slug":"im-kirling-3","status":"publish","type":"page","link":"https:\/\/lucassen.de\/kiosk\/gewerbe-objekte\/rheinhausen\/im-kirling-3\/","title":{"rendered":"Im Kirling 3"},"content":{"rendered":"\n<div class=\"wp-block-group alignwide\" id=\"top\" style=\"margin-top:0;margin-bottom:0;padding-top:0;padding-right:0;padding-bottom:0;padding-left:0\"><div class=\"wp-block-group__inner-container is-layout-flow wp-block-group-is-layout-flow\">\n<div class=\"wp-block-cover\" style=\"min-height:40vh;aspect-ratio:unset;\"><span aria-hidden=\"true\" class=\"wp-block-cover__background has-background-dim-90 has-background-dim wp-block-cover__gradient-background has-background-gradient\" style=\"background:linear-gradient(140deg,rgb(52,72,94) 0%,rgba(52,72,94,0.89) 51%,rgba(52,72,94,0.41) 100%)\"><\/span><img decoding=\"async\" class=\"wp-block-cover__image-background wp-image-364\" alt=\"\" src=\"https:\/\/lucassen.de\/hausverwaltung\/wp-content\/uploads\/sites\/3\/im-kirling-3.jpg\" data-object-fit=\"cover\" \/><div class=\"wp-block-cover__inner-container is-layout-constrained wp-container-core-cover-is-layout-48c9aa2a wp-block-cover-is-layout-constrained\">\n<div class=\"wp-block-group\"><div class=\"wp-block-group__inner-container is-layout-flow wp-block-group-is-layout-flow\"><h1 class=\"wp-block-post-title\">Im Kirling 3<\/h1>\n\n\n<div class=\"wp-block-buttons is-layout-flex wp-block-buttons-is-layout-flex\">\n<div class=\"wp-block-button is-style-fill\"><a class=\"wp-block-button__link wp-element-button\" href=\"#haus\">mehr erfahren<\/a><\/div>\n<\/div>\n<\/div><\/div>\n<\/div><\/div>\n<\/div><\/div>\n\n\n\n<div id=\"haus\" class=\"wp-block-group\" style=\"padding-top:var(--wp--preset--spacing--60);padding-bottom:var(--wp--preset--spacing--60)\"><div class=\"wp-block-group__inner-container is-layout-constrained wp-container-core-group-is-layout-13b51f4a wp-block-group-is-layout-constrained\">\n<div class=\"wp-block-columns are-vertically-aligned-center is-layout-flex wp-container-core-columns-is-layout-c9b6521d wp-block-columns-is-layout-flex\">\n<div class=\"wp-block-column is-vertically-aligned-center is-layout-flow wp-block-column-is-layout-flow\" style=\"flex-basis:50%\">\n<p class=\"has-x-large-font-size\">Im Kirling 3<br>47226 Duisburg (Rheinhausen)<\/p>\n\n\n\n<p>Die Stra\u00dfe <strong>Im Kirling<\/strong> liegt im Stadtteil <a href=\"https:\/\/de.wikipedia.org\/wiki\/Duisburg-Rheinhausen\" target=\"_blank\" rel=\"noreferrer noopener\">Rheinhausen<\/a> in <a href=\"https:\/\/de.wikipedia.org\/wiki\/Duisburg\" target=\"_blank\" rel=\"noreferrer noopener\">Duisburg<\/a>, <a href=\"https:\/\/de.wikipedia.org\/wiki\/Nordrhein-Westfalen\" target=\"_blank\" rel=\"noreferrer noopener\">Nordrhein-Westfalen<\/a>, <a href=\"https:\/\/de.wikipedia.org\/wiki\/Deutschland\" target=\"_blank\" rel=\"noreferrer noopener\">Deutschland<\/a>.<br>Rheinhausen ist ein westlicher Stadtteil Duisburgs und umfasst mehrere kleinere Ortsteile, darunter auch <a href=\"https:\/\/de.wikipedia.org\/wiki\/Bergheim_(Duisburg)\" target=\"_blank\" rel=\"noreferrer noopener\">Bergheim <\/a>, in dem die kleinere Wohnstra\u00dfe <strong>Im Kirling<\/strong>, in einem \u00fcberwiegend ruhigen, von Wohnh\u00e4usern gepr\u00e4gten Gebiet, liegt.<\/p>\n\n\n\n<p>In der N\u00e4he befinden sich Einrichtungen wie Gesch\u00e4fte, Restaurants oder Wohngebiete, da dieser Ortsteil eher st\u00e4dtisch gepr\u00e4gt ist.<\/p>\n<\/div>\n\n\n\n<div class=\"wp-block-column is-vertically-aligned-center is-layout-flow wp-block-column-is-layout-flow\" style=\"flex-basis:50%\">\n<figure class=\"wp-block-image size-full\"><img decoding=\"async\" src=\"https:\/\/lucassen.de\/hausverwaltung\/wp-content\/uploads\/sites\/3\/im-kirling-luftansicht-edited.jpg\" alt=\"\" class=\"wp-image-20204602\" style=\"aspect-ratio:4\/3;object-fit:cover\" \/><\/figure>\n<\/div>\n<\/div>\n<\/div><\/div>\n\n\n\n<div id=\"paechter\" class=\"wp-block-group has-white-color has-text-color has-background has-link-color wp-elements-ea8ee3c5ce310f7653b470d994d5f0d5\" style=\"background-color:#34485e\"><div class=\"wp-block-group__inner-container is-layout-constrained wp-block-group-is-layout-constrained\">\n<div class=\"wp-block-columns are-vertically-aligned-center is-layout-flex wp-container-core-columns-is-layout-c9b6521d wp-block-columns-is-layout-flex\">\n<div class=\"wp-block-column is-vertically-aligned-center is-layout-flow wp-block-column-is-layout-flow\" style=\"flex-basis:50%\">\n<figure class=\"wp-block-image size-full\"><img decoding=\"async\" src=\"https:\/\/lucassen.de\/hausverwaltung\/wp-content\/uploads\/sites\/3\/gewerbe-im-kirling-3.jpg\" alt=\"\" class=\"wp-image-748\" style=\"aspect-ratio:4\/3;object-fit:cover\" \/><\/figure>\n<\/div>\n\n\n\n<div class=\"wp-block-column is-vertically-aligned-center is-layout-flow wp-block-column-is-layout-flow\" style=\"flex-basis:50%\">\n<p>Genau <strong>Im Kirling 3<\/strong> verwalten wir gro\u00dffl\u00e4chige Lager- und Gewerber\u00e4ume, die auf Grund der zentralen Lage und verkehrsg\u00fcnstigen Anbindung, an den <a href=\"https:\/\/www.instagram.com\/a.m_autoservicee\/?hl=de\" target=\"_blank\" rel=\"noreferrer noopener\">A&amp;M Reifen-Service + Kfz-Service<\/a> seit Dezember 2007 verpachtet wurden. Der Kfz-Meisterbetrieb und Reifenservice bietet diverse Dienstleistungen rund ums Auto an:<\/p>\n\n\n\n<ul class=\"wp-block-list\">\n<li>Neu- &amp; Gebrauchtreifen<\/li>\n\n\n\n<li>Alufelgen Reparatur<\/li>\n\n\n\n<li>Montage &amp; Auswuchten<\/li>\n\n\n\n<li>Reifen vulkanisieren<\/li>\n\n\n\n<li>Autoaufbereitung<\/li>\n\n\n\n<li>Glanzpolitur<\/li>\n\n\n\n<li>Innen- &amp; Aussenreinigung<\/li>\n\n\n\n<li>Fahrzeughandw\u00e4sche<\/li>\n<\/ul>\n\n\n\n<p>Auch wir als Hausverwaltung vertrauen seit Beginn unserer gesch\u00e4ftlichen Zusammenarbeit auf den <a href=\"https:\/\/www.instagram.com\/a.m_autoservicee\/?hl=de\" target=\"_blank\" rel=\"noreferrer noopener\">A&amp;M Reifen-Service + Kfz-Service<\/a>, der zudem eines unserer langj\u00e4hrigen <a href=\"https:\/\/lucassen.de\/hausverwaltung\/informationen\/kooperationspartner#A&amp;M\">Kooperationspartner<\/a> in Sachen Reifenfachhandel und <a href=\"https:\/\/www.instagram.com\/a.m_autoservicee\/p\/CA-BYWknOM_\/\" target=\"_blank\" rel=\"noreferrer noopener\">Autopflege<\/a> ist.<\/p>\n<\/div>\n<\/div>\n<\/div><\/div>\n\n\n\n<div id=\"anfahrt\" class=\"wp-block-group\"><div class=\"wp-block-group__inner-container is-layout-constrained wp-block-group-is-layout-constrained\">\n<h2 class=\"wp-block-heading\">Anfahrt<\/h2>\n\n\n\n<p>Es gibt verschiedene M\u00f6glichkeiten zur Stra\u00dfe <strong>Im Kirling<\/strong> zu gelangen:<\/p>\n\n\n\n<div style=\"height:var(--wp--preset--spacing--50)\" aria-hidden=\"true\" class=\"wp-block-spacer\"><\/div>\n\n\n\n<div class=\"wp-block-columns is-layout-flex wp-container-core-columns-is-layout-9d6595d7 wp-block-columns-is-layout-flex\">\n<div class=\"wp-block-column is-layout-flow wp-block-column-is-layout-flow\" style=\"flex-basis:33.34%\">\n<h3 class=\"wp-block-heading\">Mit dem Auto oder LKW:<\/h3>\n\n\n\n<p><strong>Von Duisburg-Zentrum <\/strong>kommend nimmt man die A40 in Richtung Venlo und verl\u00e4sst sie an der Ausfahrt Duisburg-Rheinhausen und folgt den Schildern in Richtung Rheinhausen. <strong>Im Kirling<\/strong> ist eine Nebenstra\u00dfe, die von der Hauptstra\u00dfe (<em>Moerser Stra\u00dfe<\/em>) abzweigt und somit leicht zu finden ist.<\/p>\n\n\n\n<p><strong>Von Krefeld<\/strong> kommend f\u00e4hrt man \u00fcber die B288 in Richtung Duisburg-Rheinhausen. Nach dem \u00dcberqueren des Rheins (Rheinbr\u00fccke Krefeld-Uerdingen) folge man den Schildern nach Rheinhausen und orientiert sich an den beiden Hauptstra\u00dfen <em>Friedrich-Ebert-Stra\u00dfe<\/em> und <em>Moerser Stra\u00dfe<\/em>. <strong>Im Kirling<\/strong> ist eine Nebenstra\u00dfe, die von der <em>Moerser Stra\u00dfe<\/em> direkt abzweigt und somit leicht zu finden ist.<\/p>\n<\/div>\n\n\n\n<div class=\"wp-block-column is-layout-flow wp-block-column-is-layout-flow\" style=\"flex-basis:33.34%\">\n<h3 class=\"wp-block-heading\">Mit \u00f6ffentlichen Verkehrsmitteln:<\/h3>\n\n\n\n<p><strong>Vom Duisburg Hauptbahnhof<\/strong> kommend nimmt man die Regionalbahn oder die Stra\u00dfenbahn Richtung Rheinhausen. Ab dem Bahnhof Rheinhausen kann man die Buslinien nutzen, die entlang der <em>Friedrich-Ebert-Stra\u00dfe<\/em> fahren (z. B. Buslinien 922, 923 oder 924) und steigt an der n\u00e4chsten Haltestelle in der N\u00e4he der <em>Moerser Stra\u00dfe<\/em> aus.<\/p>\n\n\n\n<p><strong>Von Krefeld<\/strong> f\u00e4hrt man mit einer Regionalbahn nach Rheinhausen-Bahnhof und kann von dort aus die Buslinien nutzen, die entlang der <em>Friedrich-Ebert-Stra\u00dfe<\/em> fahren (z. B. Buslinien 922, 923 oder 924). Man steigt dann an der Haltestelle in der N\u00e4he der <em>Moerser Stra\u00dfe<\/em> aus.<\/p>\n<\/div>\n\n\n\n<div class=\"wp-block-column is-layout-flow wp-block-column-is-layout-flow\" style=\"flex-basis:33.33%\">\n<h3 class=\"wp-block-heading\">Zu Fu\u00df oder Fahrrad:<\/h3>\n\n\n\n<p>Zu Fu\u00df oder Fahrrad l\u00e4sst sich <strong>Im Kirling<\/strong> bequem erreichen. Es gibt gut ausgebaute Wege f\u00fcr Fu\u00dfg\u00e4nger und Radfahrer.<\/p>\n<\/div>\n<\/div>\n<\/div><\/div>\n","protected":false},"excerpt":{"rendered":"<p>Im Kirling 347226 Duisburg (Rheinhausen) Die Stra\u00dfe Im Kirling liegt im Stadtteil Rheinhausen in Duisburg, Nordrhein-Westfalen, Deutschland.Rheinhausen ist ein westlicher Stadtteil Duisburgs und umfasst mehrere kleinere Ortsteile, darunter auch Bergheim , in dem die kleinere [&hellip;]<\/p>\n","protected":false},"author":1,"featured_media":0,"parent":20204926,"menu_order":213,"comment_status":"closed","ping_status":"closed","template":"","meta":{"footnotes":""},"class_list":["post-20203686","page","type-page","status-publish","hentry"],"yoast_head":"<!-- This site is optimized with the Yoast SEO plugin v27.3 - https:\/\/yoast.com\/product\/yoast-seo-wordpress\/ -->\n<title>Im Kirling 3 - Lucassen Kiosk<\/title>\n<meta name=\"robots\" content=\"index, follow, max-snippet:-1, max-image-preview:large, max-video-preview:-1\" \/>\n<link rel=\"canonical\" href=\"https:\/\/lucassen.de\/kiosk\/gewerbe-objekte\/rheinhausen\/im-kirling-3\/\" \/>\n<meta property=\"og:locale\" content=\"de_DE\" \/>\n<meta property=\"og:type\" content=\"article\" \/>\n<meta property=\"og:title\" content=\"Im Kirling 3 - Lucassen Kiosk\" \/>\n<meta property=\"og:description\" content=\"Im Kirling 347226 Duisburg (Rheinhausen) Die Stra\u00dfe Im Kirling liegt im Stadtteil Rheinhausen in Duisburg, Nordrhein-Westfalen, Deutschland.Rheinhausen ist ein westlicher Stadtteil Duisburgs und umfasst mehrere kleinere Ortsteile, darunter auch Bergheim , in dem die kleinere [&hellip;]\" \/>\n<meta property=\"og:url\" content=\"https:\/\/lucassen.de\/kiosk\/gewerbe-objekte\/rheinhausen\/im-kirling-3\/\" \/>\n<meta property=\"og:site_name\" content=\"Lucassen Kiosk\" \/>\n<meta name=\"twitter:card\" content=\"summary_large_image\" \/>\n<meta name=\"twitter:label1\" content=\"Gesch\u00e4tzte Lesezeit\" \/>\n\t<meta name=\"twitter:data1\" content=\"3\u00a0Minuten\" \/>\n<script type=\"application\/ld+json\" class=\"yoast-schema-graph\">{\"@context\":\"https:\\\/\\\/schema.org\",\"@graph\":[{\"@type\":\"WebPage\",\"@id\":\"https:\\\/\\\/lucassen.de\\\/kiosk\\\/gewerbe-objekte\\\/rheinhausen\\\/im-kirling-3\\\/\",\"url\":\"https:\\\/\\\/lucassen.de\\\/kiosk\\\/gewerbe-objekte\\\/rheinhausen\\\/im-kirling-3\\\/\",\"name\":\"Im Kirling 3 - Lucassen Kiosk\",\"isPartOf\":{\"@id\":\"https:\\\/\\\/lucassen.de\\\/kiosk\\\/#website\"},\"primaryImageOfPage\":{\"@id\":\"https:\\\/\\\/lucassen.de\\\/kiosk\\\/gewerbe-objekte\\\/rheinhausen\\\/im-kirling-3\\\/#primaryimage\"},\"image\":{\"@id\":\"https:\\\/\\\/lucassen.de\\\/kiosk\\\/gewerbe-objekte\\\/rheinhausen\\\/im-kirling-3\\\/#primaryimage\"},\"thumbnailUrl\":\"https:\\\/\\\/lucassen.de\\\/hausverwaltung\\\/wp-content\\\/uploads\\\/sites\\\/3\\\/im-kirling-3.jpg\",\"datePublished\":\"2024-11-29T20:33:58+00:00\",\"breadcrumb\":{\"@id\":\"https:\\\/\\\/lucassen.de\\\/kiosk\\\/gewerbe-objekte\\\/rheinhausen\\\/im-kirling-3\\\/#breadcrumb\"},\"inLanguage\":\"de\",\"potentialAction\":[{\"@type\":\"ReadAction\",\"target\":[\"https:\\\/\\\/lucassen.de\\\/kiosk\\\/gewerbe-objekte\\\/rheinhausen\\\/im-kirling-3\\\/\"]}]},{\"@type\":\"ImageObject\",\"inLanguage\":\"de\",\"@id\":\"https:\\\/\\\/lucassen.de\\\/kiosk\\\/gewerbe-objekte\\\/rheinhausen\\\/im-kirling-3\\\/#primaryimage\",\"url\":\"https:\\\/\\\/lucassen.de\\\/hausverwaltung\\\/wp-content\\\/uploads\\\/sites\\\/3\\\/im-kirling-3.jpg\",\"contentUrl\":\"https:\\\/\\\/lucassen.de\\\/hausverwaltung\\\/wp-content\\\/uploads\\\/sites\\\/3\\\/im-kirling-3.jpg\"},{\"@type\":\"BreadcrumbList\",\"@id\":\"https:\\\/\\\/lucassen.de\\\/kiosk\\\/gewerbe-objekte\\\/rheinhausen\\\/im-kirling-3\\\/#breadcrumb\",\"itemListElement\":[{\"@type\":\"ListItem\",\"position\":1,\"name\":\"Startseite\",\"item\":\"https:\\\/\\\/lucassen.de\\\/kiosk\\\/\"},{\"@type\":\"ListItem\",\"position\":2,\"name\":\"Im Kirling 3\"}]},{\"@type\":\"WebSite\",\"@id\":\"https:\\\/\\\/lucassen.de\\\/kiosk\\\/#website\",\"url\":\"https:\\\/\\\/lucassen.de\\\/kiosk\\\/\",\"name\":\"Lucassen Kiosk\",\"description\":\"\",\"publisher\":{\"@id\":\"https:\\\/\\\/lucassen.de\\\/kiosk\\\/#organization\"},\"potentialAction\":[{\"@type\":\"SearchAction\",\"target\":{\"@type\":\"EntryPoint\",\"urlTemplate\":\"https:\\\/\\\/lucassen.de\\\/kiosk\\\/?s={search_term_string}\"},\"query-input\":{\"@type\":\"PropertyValueSpecification\",\"valueRequired\":true,\"valueName\":\"search_term_string\"}}],\"inLanguage\":\"de\"},{\"@type\":\"Organization\",\"@id\":\"https:\\\/\\\/lucassen.de\\\/kiosk\\\/#organization\",\"name\":\"Lucassen Kiosk\",\"url\":\"https:\\\/\\\/lucassen.de\\\/kiosk\\\/\",\"logo\":{\"@type\":\"ImageObject\",\"inLanguage\":\"de\",\"@id\":\"https:\\\/\\\/lucassen.de\\\/kiosk\\\/#\\\/schema\\\/logo\\\/image\\\/\",\"url\":\"https:\\\/\\\/lucassen.de\\\/kiosk\\\/wp-content\\\/uploads\\\/sites\\\/7\\\/2025\\\/06\\\/cropped-hausverwaltung_logo_2020.png\",\"contentUrl\":\"https:\\\/\\\/lucassen.de\\\/kiosk\\\/wp-content\\\/uploads\\\/sites\\\/7\\\/2025\\\/06\\\/cropped-hausverwaltung_logo_2020.png\",\"width\":277,\"height\":249,\"caption\":\"Lucassen Kiosk\"},\"image\":{\"@id\":\"https:\\\/\\\/lucassen.de\\\/kiosk\\\/#\\\/schema\\\/logo\\\/image\\\/\"}}]}<\/script>\n<!-- \/ Yoast SEO plugin. -->","yoast_head_json":{"title":"Im Kirling 3 - Lucassen Kiosk","robots":{"index":"index","follow":"follow","max-snippet":"max-snippet:-1","max-image-preview":"max-image-preview:large","max-video-preview":"max-video-preview:-1"},"canonical":"https:\/\/lucassen.de\/kiosk\/gewerbe-objekte\/rheinhausen\/im-kirling-3\/","og_locale":"de_DE","og_type":"article","og_title":"Im Kirling 3 - Lucassen Kiosk","og_description":"Im Kirling 347226 Duisburg (Rheinhausen) Die Stra\u00dfe Im Kirling liegt im Stadtteil Rheinhausen in Duisburg, Nordrhein-Westfalen, Deutschland.Rheinhausen ist ein westlicher Stadtteil Duisburgs und umfasst mehrere kleinere Ortsteile, darunter auch Bergheim , in dem die kleinere [&hellip;]","og_url":"https:\/\/lucassen.de\/kiosk\/gewerbe-objekte\/rheinhausen\/im-kirling-3\/","og_site_name":"Lucassen Kiosk","twitter_card":"summary_large_image","twitter_misc":{"Gesch\u00e4tzte Lesezeit":"3\u00a0Minuten"},"schema":{"@context":"https:\/\/schema.org","@graph":[{"@type":"WebPage","@id":"https:\/\/lucassen.de\/kiosk\/gewerbe-objekte\/rheinhausen\/im-kirling-3\/","url":"https:\/\/lucassen.de\/kiosk\/gewerbe-objekte\/rheinhausen\/im-kirling-3\/","name":"Im Kirling 3 - Lucassen Kiosk","isPartOf":{"@id":"https:\/\/lucassen.de\/kiosk\/#website"},"primaryImageOfPage":{"@id":"https:\/\/lucassen.de\/kiosk\/gewerbe-objekte\/rheinhausen\/im-kirling-3\/#primaryimage"},"image":{"@id":"https:\/\/lucassen.de\/kiosk\/gewerbe-objekte\/rheinhausen\/im-kirling-3\/#primaryimage"},"thumbnailUrl":"https:\/\/lucassen.de\/hausverwaltung\/wp-content\/uploads\/sites\/3\/im-kirling-3.jpg","datePublished":"2024-11-29T20:33:58+00:00","breadcrumb":{"@id":"https:\/\/lucassen.de\/kiosk\/gewerbe-objekte\/rheinhausen\/im-kirling-3\/#breadcrumb"},"inLanguage":"de","potentialAction":[{"@type":"ReadAction","target":["https:\/\/lucassen.de\/kiosk\/gewerbe-objekte\/rheinhausen\/im-kirling-3\/"]}]},{"@type":"ImageObject","inLanguage":"de","@id":"https:\/\/lucassen.de\/kiosk\/gewerbe-objekte\/rheinhausen\/im-kirling-3\/#primaryimage","url":"https:\/\/lucassen.de\/hausverwaltung\/wp-content\/uploads\/sites\/3\/im-kirling-3.jpg","contentUrl":"https:\/\/lucassen.de\/hausverwaltung\/wp-content\/uploads\/sites\/3\/im-kirling-3.jpg"},{"@type":"BreadcrumbList","@id":"https:\/\/lucassen.de\/kiosk\/gewerbe-objekte\/rheinhausen\/im-kirling-3\/#breadcrumb","itemListElement":[{"@type":"ListItem","position":1,"name":"Startseite","item":"https:\/\/lucassen.de\/kiosk\/"},{"@type":"ListItem","position":2,"name":"Im Kirling 3"}]},{"@type":"WebSite","@id":"https:\/\/lucassen.de\/kiosk\/#website","url":"https:\/\/lucassen.de\/kiosk\/","name":"Lucassen Kiosk","description":"","publisher":{"@id":"https:\/\/lucassen.de\/kiosk\/#organization"},"potentialAction":[{"@type":"SearchAction","target":{"@type":"EntryPoint","urlTemplate":"https:\/\/lucassen.de\/kiosk\/?s={search_term_string}"},"query-input":{"@type":"PropertyValueSpecification","valueRequired":true,"valueName":"search_term_string"}}],"inLanguage":"de"},{"@type":"Organization","@id":"https:\/\/lucassen.de\/kiosk\/#organization","name":"Lucassen Kiosk","url":"https:\/\/lucassen.de\/kiosk\/","logo":{"@type":"ImageObject","inLanguage":"de","@id":"https:\/\/lucassen.de\/kiosk\/#\/schema\/logo\/image\/","url":"https:\/\/lucassen.de\/kiosk\/wp-content\/uploads\/sites\/7\/2025\/06\/cropped-hausverwaltung_logo_2020.png","contentUrl":"https:\/\/lucassen.de\/kiosk\/wp-content\/uploads\/sites\/7\/2025\/06\/cropped-hausverwaltung_logo_2020.png","width":277,"height":249,"caption":"Lucassen Kiosk"},"image":{"@id":"https:\/\/lucassen.de\/kiosk\/#\/schema\/logo\/image\/"}}]}},"_links":{"self":[{"href":"https:\/\/lucassen.de\/kiosk\/wp-json\/wp\/v2\/pages\/20203686","targetHints":{"allow":["GET"]}}],"collection":[{"href":"https:\/\/lucassen.de\/kiosk\/wp-json\/wp\/v2\/pages"}],"about":[{"href":"https:\/\/lucassen.de\/kiosk\/wp-json\/wp\/v2\/types\/page"}],"author":[{"embeddable":true,"href":"https:\/\/lucassen.de\/kiosk\/wp-json\/wp\/v2\/users\/1"}],"replies":[{"embeddable":true,"href":"https:\/\/lucassen.de\/kiosk\/wp-json\/wp\/v2\/comments?post=20203686"}],"version-history":[{"count":0,"href":"https:\/\/lucassen.de\/kiosk\/wp-json\/wp\/v2\/pages\/20203686\/revisions"}],"up":[{"embeddable":true,"href":"https:\/\/lucassen.de\/kiosk\/wp-json\/wp\/v2\/pages\/20204926"}],"wp:attachment":[{"href":"https:\/\/lucassen.de\/kiosk\/wp-json\/wp\/v2\/media?parent=20203686"}],"curies":[{"name":"wp","href":"https:\/\/api.w.org\/{rel}","templated":true}]}}