{"id":20205137,"date":"2025-03-28T14:12:07","date_gmt":"2025-03-28T13:12:07","guid":{"rendered":"https:\/\/lucassen.de\/hausverwaltung\/?page_id=20205137"},"modified":"2025-03-28T14:12:07","modified_gmt":"2025-03-28T13:12:07","slug":"parkraum","status":"publish","type":"page","link":"https:\/\/lucassen.de\/kiosk\/mietobjekte\/moers\/parkraum\/","title":{"rendered":"Parkraum"},"content":{"rendered":"\n<div class=\"wp-block-cover\" style=\"min-height:40vh;aspect-ratio:unset;\" id=\"top\"><span aria-hidden=\"true\" class=\"wp-block-cover__background has-background-dim-90 has-background-dim wp-block-cover__gradient-background has-background-gradient\" style=\"background:linear-gradient(140deg,rgb(52,72,94) 0%,rgba(52,72,94,0.89) 51%,rgba(52,72,94,0.41) 100%)\"><\/span><img decoding=\"async\" class=\"wp-block-cover__image-background wp-image-20204825\" alt=\"\" src=\"https:\/\/lucassen.de\/hausverwaltung\/wp-content\/uploads\/sites\/3\/Moers-1.jpg\" data-object-fit=\"cover\" \/><div class=\"wp-block-cover__inner-container is-layout-constrained wp-container-core-cover-is-layout-48c9aa2a wp-block-cover-is-layout-constrained\">\n<div class=\"wp-block-group is-layout-flex wp-block-group-is-layout-flex\">\n<figure class=\"wp-block-image size-full is-resized\"><img decoding=\"async\" src=\"https:\/\/lucassen.de\/hausverwaltung\/wp-content\/uploads\/sites\/3\/image-9.png\" alt=\"\" class=\"wp-image-20202395\" style=\"width:60px\" \/><\/figure>\n\n\n\n<div style=\"height:100px;width:0px\" aria-hidden=\"true\" class=\"wp-block-spacer wp-container-content-7adb698e\"><\/div>\n\n\n\n<h1 class=\"wp-block-heading\">Unser Parkraum in Moers<\/h1>\n<\/div>\n<\/div><\/div>\n\n\n\n<div id=\"objekte\" class=\"wp-block-group\"><div class=\"wp-block-group__inner-container is-layout-constrained wp-block-group-is-layout-constrained\">\n<div class=\"wp-block-group is-layout-grid wp-container-core-group-is-layout-baef362d wp-block-group-is-layout-grid\">\n<div class=\"wp-block-group no-margin\"><div class=\"wp-block-group__inner-container is-layout-constrained wp-block-group-is-layout-constrained\">\n<p class=\"no-margin has-x-large-font-size\">Klever Stra\u00dfe 51-59<br>47441 Moers<\/p>\n\n\n\n<p>Wir betreuen 28 Stellpl\u00e4tze und 13 Garagen an der Klever Stra\u00dfe 51-59 in Moers, die vorrangig an unsere Mietenden der direkt angrenzenden Wohnobjekte vermietet werden. Hierbei handelt es sich nicht um einen \u00f6ffentlichen Parkraum, der von jedermann genutzt werden kann, sondern um Parkraum, der durch uns dediziert vermietet wird.<\/p>\n\n\n\n<p><em>\u201eEin freier Stellplatz ist hier so selten wie ein Lottogewinn \u2013 und genauso hei\u00df begehrt.\u201c<\/em><br><sup>O-Ton eines Mieters<\/sup><\/p>\n<\/div><\/div>\n\n\n\n<div class=\"wp-block-group\"><div class=\"wp-block-group__inner-container is-layout-constrained wp-block-group-is-layout-constrained\">\n<figure class=\"wp-block-gallery has-nested-images columns-default is-cropped wp-block-gallery-1 is-layout-flex wp-block-gallery-is-layout-flex\">\n<figure class=\"wp-block-image size-full is-style-default wp-container-content-69bc4bdf\"><img decoding=\"async\" data-id=\"20205212\" src=\"https:\/\/lucassen.de\/hausverwaltung\/wp-content\/uploads\/sites\/3\/parkraum-moers.png\" alt=\"\" class=\"wp-image-20205212\" style=\"object-fit:cover\" \/><\/figure>\n<\/figure>\n\n\n\n<p class=\"has-text-align-right\"><sup>Parkraum Klever Stra\u00dfe 51-59<\/sup><\/p>\n<\/div><\/div>\n<\/div>\n<\/div><\/div>\n\n\n\n<div id=\"lage\" class=\"wp-block-group has-white-color has-text-color has-background has-link-color wp-elements-5c1f295d011acccdc7a7307d14190408\" style=\"background-color:#34485e\"><div class=\"wp-block-group__inner-container is-layout-constrained wp-block-group-is-layout-constrained\">\n<div class=\"wp-block-columns are-vertically-aligned-center is-layout-flex wp-container-core-columns-is-layout-9d6595d7 wp-block-columns-is-layout-flex\">\n<div class=\"wp-block-column is-vertically-aligned-center is-layout-flow wp-block-column-is-layout-flow\" style=\"flex-basis:30%\">\n<h2 class=\"wp-block-heading\">Lage<\/h2>\n\n\n\n<p>Die Stellpl\u00e4tze und Garagen liegen zentral in Moers in direkter N\u00e4he zu den Wohnobjekten Klever Stra\u00dfe 51-59. Eine preisg\u00fcnstige <a href=\"https:\/\/www.jet.de\/tankstellen\/moers\/klever-str-61\" target=\"_blank\" rel=\"noreferrer noopener\">JET Tankstelle<\/a> liegt direkt an der Einfahrt zum Parkraum.<\/p>\n<\/div>\n\n\n\n<div class=\"wp-block-column is-vertically-aligned-center is-layout-flow wp-block-column-is-layout-flow\">\n<figure class=\"wp-block-gallery has-nested-images columns-default is-cropped wp-block-gallery-2 is-layout-flex wp-block-gallery-is-layout-flex\">\n<figure data-wp-context=\"{&quot;imageId&quot;:&quot;69e4d7cbad844&quot;}\" data-wp-interactive=\"core\/image\" data-wp-key=\"69e4d7cbad844\" class=\"wp-block-image size-large is-style-default wp-lightbox-container\"><img decoding=\"async\" data-wp-class--hide=\"state.isContentHidden\" data-wp-class--show=\"state.isContentVisible\" data-wp-init=\"callbacks.setButtonStyles\" data-wp-on--click=\"actions.showLightbox\" data-wp-on--load=\"callbacks.setButtonStyles\" data-wp-on-window--resize=\"callbacks.setButtonStyles\" data-id=\"20202978\" src=\"https:\/\/lucassen.de\/hausverwaltung\/wp-content\/uploads\/sites\/3\/Flur-Klever-Str.-51-59-1024x640.jpg\" alt=\"\" class=\"wp-image-20202978\" \/><button\n\t\t\tclass=\"lightbox-trigger\"\n\t\t\ttype=\"button\"\n\t\t\taria-haspopup=\"dialog\"\n\t\t\taria-label=\"Vergr\u00f6\u00dfern\"\n\t\t\tdata-wp-init=\"callbacks.initTriggerButton\"\n\t\t\tdata-wp-on--click=\"actions.showLightbox\"\n\t\t\tdata-wp-style--right=\"state.imageButtonRight\"\n\t\t\tdata-wp-style--top=\"state.imageButtonTop\"\n\t\t>\n\t\t\t<svg xmlns=\"http:\/\/www.w3.org\/2000\/svg\" width=\"12\" height=\"12\" fill=\"none\" viewBox=\"0 0 12 12\">\n\t\t\t\t<path fill=\"#fff\" d=\"M2 0a2 2 0 0 0-2 2v2h1.5V2a.5.5 0 0 1 .5-.5h2V0H2Zm2 10.5H2a.5.5 0 0 1-.5-.5V8H0v2a2 2 0 0 0 2 2h2v-1.5ZM8 12v-1.5h2a.5.5 0 0 0 .5-.5V8H12v2a2 2 0 0 1-2 2H8Zm2-12a2 2 0 0 1 2 2v2h-1.5V2a.5.5 0 0 0-.5-.5H8V0h2Z\" \/>\n\t\t\t<\/svg>\n\t\t<\/button><\/figure>\n\n\n\n<figure data-wp-context=\"{&quot;imageId&quot;:&quot;69e4d7cbadeba&quot;}\" data-wp-interactive=\"core\/image\" data-wp-key=\"69e4d7cbadeba\" class=\"wp-block-image size-large is-style-default wp-lightbox-container\"><img decoding=\"async\" data-wp-class--hide=\"state.isContentHidden\" data-wp-class--show=\"state.isContentVisible\" data-wp-init=\"callbacks.setButtonStyles\" data-wp-on--click=\"actions.showLightbox\" data-wp-on--load=\"callbacks.setButtonStyles\" data-wp-on-window--resize=\"callbacks.setButtonStyles\" data-id=\"20202979\" src=\"https:\/\/lucassen.de\/hausverwaltung\/wp-content\/uploads\/sites\/3\/Flur-Satellit-Klever-Str.-51-59-1024x641.jpg\" alt=\"\" class=\"wp-image-20202979\" \/><button\n\t\t\tclass=\"lightbox-trigger\"\n\t\t\ttype=\"button\"\n\t\t\taria-haspopup=\"dialog\"\n\t\t\taria-label=\"Vergr\u00f6\u00dfern\"\n\t\t\tdata-wp-init=\"callbacks.initTriggerButton\"\n\t\t\tdata-wp-on--click=\"actions.showLightbox\"\n\t\t\tdata-wp-style--right=\"state.imageButtonRight\"\n\t\t\tdata-wp-style--top=\"state.imageButtonTop\"\n\t\t>\n\t\t\t<svg xmlns=\"http:\/\/www.w3.org\/2000\/svg\" width=\"12\" height=\"12\" fill=\"none\" viewBox=\"0 0 12 12\">\n\t\t\t\t<path fill=\"#fff\" d=\"M2 0a2 2 0 0 0-2 2v2h1.5V2a.5.5 0 0 1 .5-.5h2V0H2Zm2 10.5H2a.5.5 0 0 1-.5-.5V8H0v2a2 2 0 0 0 2 2h2v-1.5ZM8 12v-1.5h2a.5.5 0 0 0 .5-.5V8H12v2a2 2 0 0 1-2 2H8Zm2-12a2 2 0 0 1 2 2v2h-1.5V2a.5.5 0 0 0-.5-.5H8V0h2Z\" \/>\n\t\t\t<\/svg>\n\t\t<\/button><\/figure>\n<\/figure>\n<\/div>\n<\/div>\n<\/div><\/div>\n\n\n\n<div id=\"interesse\" class=\"wp-block-group has-accent-6-background-color has-background\" style=\"padding-top:var(--wp--preset--spacing--50);padding-bottom:var(--wp--preset--spacing--50)\"><div class=\"wp-block-group__inner-container is-layout-constrained wp-container-core-group-is-layout-195db4b7 wp-block-group-is-layout-constrained\">\n<div class=\"wp-block-columns are-vertically-aligned-center is-layout-flex wp-container-core-columns-is-layout-c643a553 wp-block-columns-is-layout-flex\" id=\"werte\" style=\"padding-top:0;padding-right:0;padding-bottom:0;padding-left:0\">\n<div class=\"wp-block-column is-vertically-aligned-center is-layout-flow wp-block-column-is-layout-flow\" style=\"flex-basis:50%\">\n<h2 class=\"wp-block-heading\">Interessieren Sie sich f\u00fcr einen Stellplatz oder eine Garage an der Klever Stra\u00dfe 51-59?<\/h2>\n\n\n\n<p>Sprechen Sie uns an!<\/p>\n\n\n\n<div class=\"wp-block-buttons is-layout-flex wp-block-buttons-is-layout-flex\" style=\"margin-top:var(--wp--preset--spacing--60)\">\n<div class=\"wp-block-button\"><a class=\"wp-block-button__link wp-element-button\" href=\"mailto:hausverwaltung@lucassen.de\">E-Mail<\/a><\/div>\n<\/div>\n<\/div>\n\n\n\n<div class=\"wp-block-column is-vertically-aligned-center is-layout-flow wp-block-column-is-layout-flow\" style=\"flex-basis:50%\"><div class=\"wp-block-image is-style-default\">\n<figure class=\"alignright size-full\"><img decoding=\"async\" src=\"https:\/\/lucassen.de\/hausverwaltung\/wp-content\/uploads\/sites\/3\/Parkraum-Klever-Strasse.jpg\" alt=\"Parkraum Klever Stra\u00dfe\" class=\"wp-image-20205177\" style=\"aspect-ratio:4\/3;object-fit:cover\" \/><\/figure>\n<\/div><\/div>\n<\/div>\n<\/div><\/div>\n","protected":false},"excerpt":{"rendered":"<p>Klever Stra\u00dfe 51-5947441 Moers Wir betreuen 28 Stellpl\u00e4tze und 13 Garagen an der Klever Stra\u00dfe 51-59 in Moers, die vorrangig an unsere Mietenden der direkt angrenzenden Wohnobjekte vermietet werden. Hierbei handelt es sich nicht um [&hellip;]<\/p>\n","protected":false},"author":1,"featured_media":0,"parent":397,"menu_order":119,"comment_status":"closed","ping_status":"closed","template":"","meta":{"footnotes":""},"class_list":["post-20205137","page","type-page","status-publish","hentry"],"yoast_head":"<!-- This site is optimized with the Yoast SEO plugin v27.3 - https:\/\/yoast.com\/product\/yoast-seo-wordpress\/ -->\n<title>Parkraum - Lucassen Kiosk<\/title>\n<meta name=\"robots\" content=\"index, follow, max-snippet:-1, max-image-preview:large, max-video-preview:-1\" \/>\n<link rel=\"canonical\" href=\"https:\/\/lucassen.de\/kiosk\/mietobjekte\/moers\/parkraum\/\" \/>\n<meta property=\"og:locale\" content=\"de_DE\" \/>\n<meta property=\"og:type\" content=\"article\" \/>\n<meta property=\"og:title\" content=\"Parkraum - Lucassen Kiosk\" \/>\n<meta property=\"og:description\" content=\"Klever Stra\u00dfe 51-5947441 Moers Wir betreuen 28 Stellpl\u00e4tze und 13 Garagen an der Klever Stra\u00dfe 51-59 in Moers, die vorrangig an unsere Mietenden der direkt angrenzenden Wohnobjekte vermietet werden. Hierbei handelt es sich nicht um [&hellip;]\" \/>\n<meta property=\"og:url\" content=\"https:\/\/lucassen.de\/kiosk\/mietobjekte\/moers\/parkraum\/\" \/>\n<meta property=\"og:site_name\" content=\"Lucassen Kiosk\" \/>\n<meta name=\"twitter:card\" content=\"summary_large_image\" \/>\n<meta name=\"twitter:label1\" content=\"Gesch\u00e4tzte Lesezeit\" \/>\n\t<meta name=\"twitter:data1\" content=\"2\u00a0Minuten\" \/>\n<script type=\"application\/ld+json\" class=\"yoast-schema-graph\">{\"@context\":\"https:\\\/\\\/schema.org\",\"@graph\":[{\"@type\":\"WebPage\",\"@id\":\"https:\\\/\\\/lucassen.de\\\/kiosk\\\/mietobjekte\\\/moers\\\/parkraum\\\/\",\"url\":\"https:\\\/\\\/lucassen.de\\\/kiosk\\\/mietobjekte\\\/moers\\\/parkraum\\\/\",\"name\":\"Parkraum - Lucassen Kiosk\",\"isPartOf\":{\"@id\":\"https:\\\/\\\/lucassen.de\\\/kiosk\\\/#website\"},\"primaryImageOfPage\":{\"@id\":\"https:\\\/\\\/lucassen.de\\\/kiosk\\\/mietobjekte\\\/moers\\\/parkraum\\\/#primaryimage\"},\"image\":{\"@id\":\"https:\\\/\\\/lucassen.de\\\/kiosk\\\/mietobjekte\\\/moers\\\/parkraum\\\/#primaryimage\"},\"thumbnailUrl\":\"https:\\\/\\\/lucassen.de\\\/hausverwaltung\\\/wp-content\\\/uploads\\\/sites\\\/3\\\/Moers-1.jpg\",\"datePublished\":\"2025-03-28T13:12:07+00:00\",\"breadcrumb\":{\"@id\":\"https:\\\/\\\/lucassen.de\\\/kiosk\\\/mietobjekte\\\/moers\\\/parkraum\\\/#breadcrumb\"},\"inLanguage\":\"de\",\"potentialAction\":[{\"@type\":\"ReadAction\",\"target\":[\"https:\\\/\\\/lucassen.de\\\/kiosk\\\/mietobjekte\\\/moers\\\/parkraum\\\/\"]}]},{\"@type\":\"ImageObject\",\"inLanguage\":\"de\",\"@id\":\"https:\\\/\\\/lucassen.de\\\/kiosk\\\/mietobjekte\\\/moers\\\/parkraum\\\/#primaryimage\",\"url\":\"https:\\\/\\\/lucassen.de\\\/hausverwaltung\\\/wp-content\\\/uploads\\\/sites\\\/3\\\/Moers-1.jpg\",\"contentUrl\":\"https:\\\/\\\/lucassen.de\\\/hausverwaltung\\\/wp-content\\\/uploads\\\/sites\\\/3\\\/Moers-1.jpg\"},{\"@type\":\"BreadcrumbList\",\"@id\":\"https:\\\/\\\/lucassen.de\\\/kiosk\\\/mietobjekte\\\/moers\\\/parkraum\\\/#breadcrumb\",\"itemListElement\":[{\"@type\":\"ListItem\",\"position\":1,\"name\":\"Startseite\",\"item\":\"https:\\\/\\\/lucassen.de\\\/kiosk\\\/\"},{\"@type\":\"ListItem\",\"position\":2,\"name\":\"Mietobjekte\",\"item\":\"https:\\\/\\\/lucassen.de\\\/kiosk\\\/mietobjekte\\\/\"},{\"@type\":\"ListItem\",\"position\":3,\"name\":\"Moers\",\"item\":\"https:\\\/\\\/lucassen.de\\\/kiosk\\\/mietobjekte\\\/moers\\\/\"},{\"@type\":\"ListItem\",\"position\":4,\"name\":\"Parkraum\"}]},{\"@type\":\"WebSite\",\"@id\":\"https:\\\/\\\/lucassen.de\\\/kiosk\\\/#website\",\"url\":\"https:\\\/\\\/lucassen.de\\\/kiosk\\\/\",\"name\":\"Lucassen Kiosk\",\"description\":\"\",\"publisher\":{\"@id\":\"https:\\\/\\\/lucassen.de\\\/kiosk\\\/#organization\"},\"potentialAction\":[{\"@type\":\"SearchAction\",\"target\":{\"@type\":\"EntryPoint\",\"urlTemplate\":\"https:\\\/\\\/lucassen.de\\\/kiosk\\\/?s={search_term_string}\"},\"query-input\":{\"@type\":\"PropertyValueSpecification\",\"valueRequired\":true,\"valueName\":\"search_term_string\"}}],\"inLanguage\":\"de\"},{\"@type\":\"Organization\",\"@id\":\"https:\\\/\\\/lucassen.de\\\/kiosk\\\/#organization\",\"name\":\"Lucassen Kiosk\",\"url\":\"https:\\\/\\\/lucassen.de\\\/kiosk\\\/\",\"logo\":{\"@type\":\"ImageObject\",\"inLanguage\":\"de\",\"@id\":\"https:\\\/\\\/lucassen.de\\\/kiosk\\\/#\\\/schema\\\/logo\\\/image\\\/\",\"url\":\"https:\\\/\\\/lucassen.de\\\/kiosk\\\/wp-content\\\/uploads\\\/sites\\\/7\\\/2025\\\/06\\\/cropped-hausverwaltung_logo_2020.png\",\"contentUrl\":\"https:\\\/\\\/lucassen.de\\\/kiosk\\\/wp-content\\\/uploads\\\/sites\\\/7\\\/2025\\\/06\\\/cropped-hausverwaltung_logo_2020.png\",\"width\":277,\"height\":249,\"caption\":\"Lucassen Kiosk\"},\"image\":{\"@id\":\"https:\\\/\\\/lucassen.de\\\/kiosk\\\/#\\\/schema\\\/logo\\\/image\\\/\"}}]}<\/script>\n<!-- \/ Yoast SEO plugin. -->","yoast_head_json":{"title":"Parkraum - Lucassen Kiosk","robots":{"index":"index","follow":"follow","max-snippet":"max-snippet:-1","max-image-preview":"max-image-preview:large","max-video-preview":"max-video-preview:-1"},"canonical":"https:\/\/lucassen.de\/kiosk\/mietobjekte\/moers\/parkraum\/","og_locale":"de_DE","og_type":"article","og_title":"Parkraum - Lucassen Kiosk","og_description":"Klever Stra\u00dfe 51-5947441 Moers Wir betreuen 28 Stellpl\u00e4tze und 13 Garagen an der Klever Stra\u00dfe 51-59 in Moers, die vorrangig an unsere Mietenden der direkt angrenzenden Wohnobjekte vermietet werden. Hierbei handelt es sich nicht um [&hellip;]","og_url":"https:\/\/lucassen.de\/kiosk\/mietobjekte\/moers\/parkraum\/","og_site_name":"Lucassen Kiosk","twitter_card":"summary_large_image","twitter_misc":{"Gesch\u00e4tzte Lesezeit":"2\u00a0Minuten"},"schema":{"@context":"https:\/\/schema.org","@graph":[{"@type":"WebPage","@id":"https:\/\/lucassen.de\/kiosk\/mietobjekte\/moers\/parkraum\/","url":"https:\/\/lucassen.de\/kiosk\/mietobjekte\/moers\/parkraum\/","name":"Parkraum - Lucassen Kiosk","isPartOf":{"@id":"https:\/\/lucassen.de\/kiosk\/#website"},"primaryImageOfPage":{"@id":"https:\/\/lucassen.de\/kiosk\/mietobjekte\/moers\/parkraum\/#primaryimage"},"image":{"@id":"https:\/\/lucassen.de\/kiosk\/mietobjekte\/moers\/parkraum\/#primaryimage"},"thumbnailUrl":"https:\/\/lucassen.de\/hausverwaltung\/wp-content\/uploads\/sites\/3\/Moers-1.jpg","datePublished":"2025-03-28T13:12:07+00:00","breadcrumb":{"@id":"https:\/\/lucassen.de\/kiosk\/mietobjekte\/moers\/parkraum\/#breadcrumb"},"inLanguage":"de","potentialAction":[{"@type":"ReadAction","target":["https:\/\/lucassen.de\/kiosk\/mietobjekte\/moers\/parkraum\/"]}]},{"@type":"ImageObject","inLanguage":"de","@id":"https:\/\/lucassen.de\/kiosk\/mietobjekte\/moers\/parkraum\/#primaryimage","url":"https:\/\/lucassen.de\/hausverwaltung\/wp-content\/uploads\/sites\/3\/Moers-1.jpg","contentUrl":"https:\/\/lucassen.de\/hausverwaltung\/wp-content\/uploads\/sites\/3\/Moers-1.jpg"},{"@type":"BreadcrumbList","@id":"https:\/\/lucassen.de\/kiosk\/mietobjekte\/moers\/parkraum\/#breadcrumb","itemListElement":[{"@type":"ListItem","position":1,"name":"Startseite","item":"https:\/\/lucassen.de\/kiosk\/"},{"@type":"ListItem","position":2,"name":"Mietobjekte","item":"https:\/\/lucassen.de\/kiosk\/mietobjekte\/"},{"@type":"ListItem","position":3,"name":"Moers","item":"https:\/\/lucassen.de\/kiosk\/mietobjekte\/moers\/"},{"@type":"ListItem","position":4,"name":"Parkraum"}]},{"@type":"WebSite","@id":"https:\/\/lucassen.de\/kiosk\/#website","url":"https:\/\/lucassen.de\/kiosk\/","name":"Lucassen Kiosk","description":"","publisher":{"@id":"https:\/\/lucassen.de\/kiosk\/#organization"},"potentialAction":[{"@type":"SearchAction","target":{"@type":"EntryPoint","urlTemplate":"https:\/\/lucassen.de\/kiosk\/?s={search_term_string}"},"query-input":{"@type":"PropertyValueSpecification","valueRequired":true,"valueName":"search_term_string"}}],"inLanguage":"de"},{"@type":"Organization","@id":"https:\/\/lucassen.de\/kiosk\/#organization","name":"Lucassen Kiosk","url":"https:\/\/lucassen.de\/kiosk\/","logo":{"@type":"ImageObject","inLanguage":"de","@id":"https:\/\/lucassen.de\/kiosk\/#\/schema\/logo\/image\/","url":"https:\/\/lucassen.de\/kiosk\/wp-content\/uploads\/sites\/7\/2025\/06\/cropped-hausverwaltung_logo_2020.png","contentUrl":"https:\/\/lucassen.de\/kiosk\/wp-content\/uploads\/sites\/7\/2025\/06\/cropped-hausverwaltung_logo_2020.png","width":277,"height":249,"caption":"Lucassen Kiosk"},"image":{"@id":"https:\/\/lucassen.de\/kiosk\/#\/schema\/logo\/image\/"}}]}},"_links":{"self":[{"href":"https:\/\/lucassen.de\/kiosk\/wp-json\/wp\/v2\/pages\/20205137","targetHints":{"allow":["GET"]}}],"collection":[{"href":"https:\/\/lucassen.de\/kiosk\/wp-json\/wp\/v2\/pages"}],"about":[{"href":"https:\/\/lucassen.de\/kiosk\/wp-json\/wp\/v2\/types\/page"}],"author":[{"embeddable":true,"href":"https:\/\/lucassen.de\/kiosk\/wp-json\/wp\/v2\/users\/1"}],"replies":[{"embeddable":true,"href":"https:\/\/lucassen.de\/kiosk\/wp-json\/wp\/v2\/comments?post=20205137"}],"version-history":[{"count":0,"href":"https:\/\/lucassen.de\/kiosk\/wp-json\/wp\/v2\/pages\/20205137\/revisions"}],"up":[{"embeddable":true,"href":"https:\/\/lucassen.de\/kiosk\/wp-json\/wp\/v2\/pages\/397"}],"wp:attachment":[{"href":"https:\/\/lucassen.de\/kiosk\/wp-json\/wp\/v2\/media?parent=20205137"}],"curies":[{"name":"wp","href":"https:\/\/api.w.org\/{rel}","templated":true}]}}