{"id":20206865,"date":"2025-09-10T11:47:45","date_gmt":"2025-09-10T09:47:45","guid":{"rendered":"https:\/\/lucassen.de\/kiosk\/?page_id=20206865"},"modified":"2025-09-10T12:06:47","modified_gmt":"2025-09-10T10:06:47","slug":"moers","status":"publish","type":"page","link":"https:\/\/lucassen.de\/kiosk\/wetter\/moers\/","title":{"rendered":"Moers"},"content":{"rendered":"\n<div class=\"wp-block-cover\" style=\"min-height:586px;aspect-ratio:unset;\"><img loading=\"lazy\" decoding=\"async\" width=\"1920\" height=\"1280\" class=\"wp-block-cover__image-background wp-image-20206496 size-full\" alt=\"\" src=\"https:\/\/lucassen.de\/kiosk\/wp-content\/uploads\/sites\/7\/2025\/06\/clouds-3837043_1920.jpg\" data-object-fit=\"cover\" srcset=\"https:\/\/lucassen.de\/kiosk\/wp-content\/uploads\/sites\/7\/2025\/06\/clouds-3837043_1920.jpg 1920w, https:\/\/lucassen.de\/kiosk\/wp-content\/uploads\/sites\/7\/2025\/06\/clouds-3837043_1920-300x200.jpg 300w, https:\/\/lucassen.de\/kiosk\/wp-content\/uploads\/sites\/7\/2025\/06\/clouds-3837043_1920-1024x683.jpg 1024w, https:\/\/lucassen.de\/kiosk\/wp-content\/uploads\/sites\/7\/2025\/06\/clouds-3837043_1920-768x512.jpg 768w, https:\/\/lucassen.de\/kiosk\/wp-content\/uploads\/sites\/7\/2025\/06\/clouds-3837043_1920-1536x1024.jpg 1536w\" sizes=\"auto, (max-width: 1920px) 100vw, 1920px\" \/><span aria-hidden=\"true\" class=\"wp-block-cover__background has-background-dim-90 has-background-dim wp-block-cover__gradient-background has-background-gradient\" style=\"background:linear-gradient(140deg,rgb(52,72,94) 0%,rgba(52,72,94,0.89) 51%,rgba(52,72,94,0.41) 100%)\"><\/span><div class=\"wp-block-cover__inner-container is-layout-constrained wp-container-core-cover-is-layout-48c9aa2a wp-block-cover-is-layout-constrained\">\n<div style=\"height:20px\" aria-hidden=\"true\" class=\"wp-block-spacer\"><\/div>\n\n\n\n<div class=\"wp-block-cb-carousel cb-single-slide\" data-slick=\"{&quot;slidesToShow&quot;:1,&quot;slidesToScroll&quot;:1,&quot;speed&quot;:300,&quot;arrows&quot;:true,&quot;dots&quot;:true,&quot;autoplay&quot;:true,&quot;autoplaySpeed&quot;:30000,&quot;infinite&quot;:true,&quot;rtl&quot;:false,&quot;responsive&quot;:[{&quot;breakpoint&quot;:769,&quot;settings&quot;:{&quot;slidesToShow&quot;:1,&quot;slidesToScroll&quot;:1}}]}\" id=\"wetter\">\n<div class=\"wp-block-cb-slide\">\n<iframe title=\"Ventus Weather Map Shortcode 53.199 6.632489\" loading=\"lazy\" style=\"width: 100%; height: 490px; border-radius: 10px; box-sizing: border-box;\" src=\"https:\/\/embed.windy.com\/embed2.html?lat=53.199&lon=6.632489&zoom=10&overlay=radar&marker=true&pressure=true&detailLat=53.199&detailLon=6.632489&metricWind=km\/h&metricTemp=\u00b0C&detail=true&calendar=24&product=ecmwf&level=surface&menu=&message=true&type=map&location=coordinates&radarRange=-1\" frameborder=\"0\"><\/iframe>\n<\/div>\n\n\n\n<div class=\"wp-block-cb-slide\">\n<iframe title=\"Ventus Weather Map Shortcode 53.199 6.632489\" loading=\"lazy\" style=\"width: 100%; height: 490px; border-radius: 10px; box-sizing: border-box;\" src=\"https:\/\/embed.windy.com\/embed2.html?lat=53.199&lon=6.632489&zoom=10&overlay=wind&marker=true&pressure=true&detailLat=53.199&detailLon=6.632489&metricWind=km\/h&metricTemp=\u00b0C&detail=true&calendar=24&product=ecmwf&level=surface&menu=&message=true&type=map&location=coordinates&radarRange=-1\" frameborder=\"0\"><\/iframe>\n<\/div>\n\n\n\n<div class=\"wp-block-cb-slide\">\n<iframe title=\"Ventus Weather Map Shortcode 53.199 6.632489\" loading=\"lazy\" style=\"width: 100%; height: 490px; border-radius: 10px; box-sizing: border-box;\" src=\"https:\/\/embed.windy.com\/embed2.html?lat=53.199&lon=6.632489&zoom=10&overlay=rain&marker=true&pressure=true&detailLat=53.199&detailLon=6.632489&metricWind=km\/h&metricTemp=\u00b0C&detail=true&calendar=24&product=ecmwf&level=surface&menu=&message=true&type=map&location=coordinates&radarRange=-1\" frameborder=\"0\"><\/iframe>\n<\/div>\n\n\n\n<div class=\"wp-block-cb-slide\">\n<iframe title=\"Ventus Weather Map Shortcode 53.199 6.632489\" loading=\"lazy\" style=\"width: 100%; height: 490px; border-radius: 10px; box-sizing: border-box;\" src=\"https:\/\/embed.windy.com\/embed2.html?lat=53.199&lon=6.632489&zoom=10&overlay=temp&marker=true&pressure=true&detailLat=53.199&detailLon=6.632489&metricWind=km\/h&metricTemp=\u00b0C&detail=true&calendar=24&product=ecmwf&level=surface&menu=&message=true&type=map&location=coordinates&radarRange=-1\" frameborder=\"0\"><\/iframe>\n<\/div>\n\n\n\n<div class=\"wp-block-cb-slide\">\n<iframe title=\"Ventus Weather Map Shortcode 53.199 6.632489\" loading=\"lazy\" style=\"width: 100%; height: 490px; border-radius: 10px; box-sizing: border-box;\" src=\"https:\/\/embed.windy.com\/embed2.html?lat=53.199&lon=6.632489&zoom=10&overlay=clouds&marker=true&pressure=true&detailLat=53.199&detailLon=6.632489&metricWind=km\/h&metricTemp=\u00b0C&detail=true&calendar=24&product=ecmwf&level=surface&menu=&message=true&type=map&location=coordinates&radarRange=-1\" frameborder=\"0\"><\/iframe>\n<\/div>\n\n\n\n<div class=\"wp-block-cb-slide\">\n<div class=\"wp-block-columns is-not-stacked-on-mobile is-layout-flex wp-container-core-columns-is-layout-9d6595d7 wp-block-columns-is-layout-flex\">\n<div class=\"wp-block-column is-layout-flow wp-block-column-is-layout-flow\" style=\"flex-basis:5%\"><\/div>\n\n\n\n<div class=\"wp-block-column is-layout-flow wp-block-column-is-layout-flow\" style=\"flex-basis:30%\">\n<figure class=\"wp-block-image size-large\"><img loading=\"lazy\" decoding=\"async\" width=\"844\" height=\"1024\" src=\"https:\/\/lucassen.de\/kiosk\/wp-content\/uploads\/sites\/7\/2025\/09\/Moers-844x1024.png\" alt=\"\" class=\"wp-image-20206867\" srcset=\"https:\/\/lucassen.de\/kiosk\/wp-content\/uploads\/sites\/7\/2025\/09\/Moers-844x1024.png 844w, https:\/\/lucassen.de\/kiosk\/wp-content\/uploads\/sites\/7\/2025\/09\/Moers-247x300.png 247w, https:\/\/lucassen.de\/kiosk\/wp-content\/uploads\/sites\/7\/2025\/09\/Moers-768x932.png 768w, https:\/\/lucassen.de\/kiosk\/wp-content\/uploads\/sites\/7\/2025\/09\/Moers-1266x1536.png 1266w, https:\/\/lucassen.de\/kiosk\/wp-content\/uploads\/sites\/7\/2025\/09\/Moers-1688x2048.png 1688w, https:\/\/lucassen.de\/kiosk\/wp-content\/uploads\/sites\/7\/2025\/09\/Moers.png 1920w\" sizes=\"auto, (max-width: 844px) 100vw, 844px\" \/><\/figure>\n<\/div>\n\n\n\n<div class=\"wp-block-column is-layout-flow wp-block-column-is-layout-flow\" style=\"flex-basis:60%\">\n<h2 class=\"wp-block-heading has-x-large-font-size\">Moers<\/h2>\n\n\n\n<p class=\"has-large-font-size\">(fr\u00fcher auch Meurs, M\u00f6rs) liegt am unteren Niederrhein am westlichen Rande des Ruhrgebiets in NRW und ist mit 68&nbsp;km\u00b2 die gr\u00f6\u00dfte Stadt des Kreises Wesel im Regierungsbezirk D\u00fcsseldorf.<\/p>\n\n\n\n<p class=\"has-large-font-size\">R\u00e4umlich ist das Stadtgebiet in drei Stadtteile (Moers-Mitte, Kapellen, Rheinkamp) gegliedert, die wiederum aus weiteren 22 Ortsteilen, amtlich als Wohnpl\u00e4tze bezeichnet, bestehen.<\/p>\n<\/div>\n\n\n\n<div class=\"wp-block-column is-layout-flow wp-block-column-is-layout-flow\" style=\"flex-basis:5%\"><\/div>\n<\/div>\n<\/div>\n<\/div>\n<\/div><\/div>\n","protected":false},"excerpt":{"rendered":"","protected":false},"author":1,"featured_media":0,"parent":20206491,"menu_order":320,"comment_status":"closed","ping_status":"closed","template":"","meta":{"footnotes":""},"class_list":["post-20206865","page","type-page","status-publish","hentry"],"yoast_head":"<!-- This site is optimized with the Yoast SEO plugin v27.3 - https:\/\/yoast.com\/product\/yoast-seo-wordpress\/ -->\n<title>Moers - Lucassen Kiosk<\/title>\n<meta name=\"robots\" content=\"index, follow, max-snippet:-1, max-image-preview:large, max-video-preview:-1\" \/>\n<link rel=\"canonical\" href=\"https:\/\/lucassen.de\/kiosk\/wetter\/moers\/\" \/>\n<meta property=\"og:locale\" content=\"de_DE\" \/>\n<meta property=\"og:type\" content=\"article\" \/>\n<meta property=\"og:title\" content=\"Moers - Lucassen Kiosk\" \/>\n<meta property=\"og:url\" content=\"https:\/\/lucassen.de\/kiosk\/wetter\/moers\/\" \/>\n<meta property=\"og:site_name\" content=\"Lucassen Kiosk\" \/>\n<meta property=\"article:modified_time\" content=\"2025-09-10T10:06:47+00:00\" \/>\n<meta property=\"og:image\" content=\"https:\/\/lucassen.de\/kiosk\/wp-content\/uploads\/sites\/7\/2025\/06\/clouds-3837043_1920.jpg\" \/>\n\t<meta property=\"og:image:width\" content=\"1920\" \/>\n\t<meta property=\"og:image:height\" content=\"1280\" \/>\n\t<meta property=\"og:image:type\" content=\"image\/jpeg\" \/>\n<meta name=\"twitter:card\" content=\"summary_large_image\" \/>\n<meta name=\"twitter:label1\" content=\"Gesch\u00e4tzte Lesezeit\" \/>\n\t<meta name=\"twitter:data1\" content=\"2\u00a0Minuten\" \/>\n<script type=\"application\/ld+json\" class=\"yoast-schema-graph\">{\"@context\":\"https:\\\/\\\/schema.org\",\"@graph\":[{\"@type\":\"WebPage\",\"@id\":\"https:\\\/\\\/lucassen.de\\\/kiosk\\\/wetter\\\/moers\\\/\",\"url\":\"https:\\\/\\\/lucassen.de\\\/kiosk\\\/wetter\\\/moers\\\/\",\"name\":\"Moers - Lucassen Kiosk\",\"isPartOf\":{\"@id\":\"https:\\\/\\\/lucassen.de\\\/kiosk\\\/#website\"},\"primaryImageOfPage\":{\"@id\":\"https:\\\/\\\/lucassen.de\\\/kiosk\\\/wetter\\\/moers\\\/#primaryimage\"},\"image\":{\"@id\":\"https:\\\/\\\/lucassen.de\\\/kiosk\\\/wetter\\\/moers\\\/#primaryimage\"},\"thumbnailUrl\":\"https:\\\/\\\/lucassen.de\\\/kiosk\\\/wp-content\\\/uploads\\\/sites\\\/7\\\/2025\\\/06\\\/clouds-3837043_1920.jpg\",\"datePublished\":\"2025-09-10T09:47:45+00:00\",\"dateModified\":\"2025-09-10T10:06:47+00:00\",\"breadcrumb\":{\"@id\":\"https:\\\/\\\/lucassen.de\\\/kiosk\\\/wetter\\\/moers\\\/#breadcrumb\"},\"inLanguage\":\"de\",\"potentialAction\":[{\"@type\":\"ReadAction\",\"target\":[\"https:\\\/\\\/lucassen.de\\\/kiosk\\\/wetter\\\/moers\\\/\"]}]},{\"@type\":\"ImageObject\",\"inLanguage\":\"de\",\"@id\":\"https:\\\/\\\/lucassen.de\\\/kiosk\\\/wetter\\\/moers\\\/#primaryimage\",\"url\":\"https:\\\/\\\/lucassen.de\\\/kiosk\\\/wp-content\\\/uploads\\\/sites\\\/7\\\/2025\\\/06\\\/clouds-3837043_1920.jpg\",\"contentUrl\":\"https:\\\/\\\/lucassen.de\\\/kiosk\\\/wp-content\\\/uploads\\\/sites\\\/7\\\/2025\\\/06\\\/clouds-3837043_1920.jpg\",\"width\":1920,\"height\":1280,\"caption\":\"Wolken Hintergrund\"},{\"@type\":\"BreadcrumbList\",\"@id\":\"https:\\\/\\\/lucassen.de\\\/kiosk\\\/wetter\\\/moers\\\/#breadcrumb\",\"itemListElement\":[{\"@type\":\"ListItem\",\"position\":1,\"name\":\"Startseite\",\"item\":\"https:\\\/\\\/lucassen.de\\\/kiosk\\\/\"},{\"@type\":\"ListItem\",\"position\":2,\"name\":\"Wetter\",\"item\":\"https:\\\/\\\/lucassen.de\\\/kiosk\\\/wetter\\\/\"},{\"@type\":\"ListItem\",\"position\":3,\"name\":\"Moers\"}]},{\"@type\":\"WebSite\",\"@id\":\"https:\\\/\\\/lucassen.de\\\/kiosk\\\/#website\",\"url\":\"https:\\\/\\\/lucassen.de\\\/kiosk\\\/\",\"name\":\"Lucassen Kiosk\",\"description\":\"\",\"publisher\":{\"@id\":\"https:\\\/\\\/lucassen.de\\\/kiosk\\\/#organization\"},\"potentialAction\":[{\"@type\":\"SearchAction\",\"target\":{\"@type\":\"EntryPoint\",\"urlTemplate\":\"https:\\\/\\\/lucassen.de\\\/kiosk\\\/?s={search_term_string}\"},\"query-input\":{\"@type\":\"PropertyValueSpecification\",\"valueRequired\":true,\"valueName\":\"search_term_string\"}}],\"inLanguage\":\"de\"},{\"@type\":\"Organization\",\"@id\":\"https:\\\/\\\/lucassen.de\\\/kiosk\\\/#organization\",\"name\":\"Lucassen Kiosk\",\"url\":\"https:\\\/\\\/lucassen.de\\\/kiosk\\\/\",\"logo\":{\"@type\":\"ImageObject\",\"inLanguage\":\"de\",\"@id\":\"https:\\\/\\\/lucassen.de\\\/kiosk\\\/#\\\/schema\\\/logo\\\/image\\\/\",\"url\":\"https:\\\/\\\/lucassen.de\\\/kiosk\\\/wp-content\\\/uploads\\\/sites\\\/7\\\/2025\\\/06\\\/cropped-hausverwaltung_logo_2020.png\",\"contentUrl\":\"https:\\\/\\\/lucassen.de\\\/kiosk\\\/wp-content\\\/uploads\\\/sites\\\/7\\\/2025\\\/06\\\/cropped-hausverwaltung_logo_2020.png\",\"width\":277,\"height\":249,\"caption\":\"Lucassen Kiosk\"},\"image\":{\"@id\":\"https:\\\/\\\/lucassen.de\\\/kiosk\\\/#\\\/schema\\\/logo\\\/image\\\/\"}}]}<\/script>\n<!-- \/ Yoast SEO plugin. -->","yoast_head_json":{"title":"Moers - Lucassen Kiosk","robots":{"index":"index","follow":"follow","max-snippet":"max-snippet:-1","max-image-preview":"max-image-preview:large","max-video-preview":"max-video-preview:-1"},"canonical":"https:\/\/lucassen.de\/kiosk\/wetter\/moers\/","og_locale":"de_DE","og_type":"article","og_title":"Moers - Lucassen Kiosk","og_url":"https:\/\/lucassen.de\/kiosk\/wetter\/moers\/","og_site_name":"Lucassen Kiosk","article_modified_time":"2025-09-10T10:06:47+00:00","og_image":[{"width":1920,"height":1280,"url":"https:\/\/lucassen.de\/kiosk\/wp-content\/uploads\/sites\/7\/2025\/06\/clouds-3837043_1920.jpg","type":"image\/jpeg"}],"twitter_card":"summary_large_image","twitter_misc":{"Gesch\u00e4tzte Lesezeit":"2\u00a0Minuten"},"schema":{"@context":"https:\/\/schema.org","@graph":[{"@type":"WebPage","@id":"https:\/\/lucassen.de\/kiosk\/wetter\/moers\/","url":"https:\/\/lucassen.de\/kiosk\/wetter\/moers\/","name":"Moers - Lucassen Kiosk","isPartOf":{"@id":"https:\/\/lucassen.de\/kiosk\/#website"},"primaryImageOfPage":{"@id":"https:\/\/lucassen.de\/kiosk\/wetter\/moers\/#primaryimage"},"image":{"@id":"https:\/\/lucassen.de\/kiosk\/wetter\/moers\/#primaryimage"},"thumbnailUrl":"https:\/\/lucassen.de\/kiosk\/wp-content\/uploads\/sites\/7\/2025\/06\/clouds-3837043_1920.jpg","datePublished":"2025-09-10T09:47:45+00:00","dateModified":"2025-09-10T10:06:47+00:00","breadcrumb":{"@id":"https:\/\/lucassen.de\/kiosk\/wetter\/moers\/#breadcrumb"},"inLanguage":"de","potentialAction":[{"@type":"ReadAction","target":["https:\/\/lucassen.de\/kiosk\/wetter\/moers\/"]}]},{"@type":"ImageObject","inLanguage":"de","@id":"https:\/\/lucassen.de\/kiosk\/wetter\/moers\/#primaryimage","url":"https:\/\/lucassen.de\/kiosk\/wp-content\/uploads\/sites\/7\/2025\/06\/clouds-3837043_1920.jpg","contentUrl":"https:\/\/lucassen.de\/kiosk\/wp-content\/uploads\/sites\/7\/2025\/06\/clouds-3837043_1920.jpg","width":1920,"height":1280,"caption":"Wolken Hintergrund"},{"@type":"BreadcrumbList","@id":"https:\/\/lucassen.de\/kiosk\/wetter\/moers\/#breadcrumb","itemListElement":[{"@type":"ListItem","position":1,"name":"Startseite","item":"https:\/\/lucassen.de\/kiosk\/"},{"@type":"ListItem","position":2,"name":"Wetter","item":"https:\/\/lucassen.de\/kiosk\/wetter\/"},{"@type":"ListItem","position":3,"name":"Moers"}]},{"@type":"WebSite","@id":"https:\/\/lucassen.de\/kiosk\/#website","url":"https:\/\/lucassen.de\/kiosk\/","name":"Lucassen Kiosk","description":"","publisher":{"@id":"https:\/\/lucassen.de\/kiosk\/#organization"},"potentialAction":[{"@type":"SearchAction","target":{"@type":"EntryPoint","urlTemplate":"https:\/\/lucassen.de\/kiosk\/?s={search_term_string}"},"query-input":{"@type":"PropertyValueSpecification","valueRequired":true,"valueName":"search_term_string"}}],"inLanguage":"de"},{"@type":"Organization","@id":"https:\/\/lucassen.de\/kiosk\/#organization","name":"Lucassen Kiosk","url":"https:\/\/lucassen.de\/kiosk\/","logo":{"@type":"ImageObject","inLanguage":"de","@id":"https:\/\/lucassen.de\/kiosk\/#\/schema\/logo\/image\/","url":"https:\/\/lucassen.de\/kiosk\/wp-content\/uploads\/sites\/7\/2025\/06\/cropped-hausverwaltung_logo_2020.png","contentUrl":"https:\/\/lucassen.de\/kiosk\/wp-content\/uploads\/sites\/7\/2025\/06\/cropped-hausverwaltung_logo_2020.png","width":277,"height":249,"caption":"Lucassen Kiosk"},"image":{"@id":"https:\/\/lucassen.de\/kiosk\/#\/schema\/logo\/image\/"}}]}},"_links":{"self":[{"href":"https:\/\/lucassen.de\/kiosk\/wp-json\/wp\/v2\/pages\/20206865","targetHints":{"allow":["GET"]}}],"collection":[{"href":"https:\/\/lucassen.de\/kiosk\/wp-json\/wp\/v2\/pages"}],"about":[{"href":"https:\/\/lucassen.de\/kiosk\/wp-json\/wp\/v2\/types\/page"}],"author":[{"embeddable":true,"href":"https:\/\/lucassen.de\/kiosk\/wp-json\/wp\/v2\/users\/1"}],"replies":[{"embeddable":true,"href":"https:\/\/lucassen.de\/kiosk\/wp-json\/wp\/v2\/comments?post=20206865"}],"version-history":[{"count":3,"href":"https:\/\/lucassen.de\/kiosk\/wp-json\/wp\/v2\/pages\/20206865\/revisions"}],"predecessor-version":[{"id":20206876,"href":"https:\/\/lucassen.de\/kiosk\/wp-json\/wp\/v2\/pages\/20206865\/revisions\/20206876"}],"up":[{"embeddable":true,"href":"https:\/\/lucassen.de\/kiosk\/wp-json\/wp\/v2\/pages\/20206491"}],"wp:attachment":[{"href":"https:\/\/lucassen.de\/kiosk\/wp-json\/wp\/v2\/media?parent=20206865"}],"curies":[{"name":"wp","href":"https:\/\/api.w.org\/{rel}","templated":true}]}}